{"id":3420,"date":"2017-10-12T15:46:04","date_gmt":"2017-10-12T12:46:04","guid":{"rendered":"http:\/\/www.bbt.lv\/?page_id=3420\/"},"modified":"2024-05-20T14:07:48","modified_gmt":"2024-05-20T11:07:48","slug":"home","status":"publish","type":"page","link":"https:\/\/www.bbt.lv\/en\/","title":{"rendered":"Baltijas Biroju Tehnolo\u0123ijas"},"content":{"rendered":"<p>Lorem ipsum dolor sit amet, consectetur adipisicing elit, sed do eiusmodLorem ipsum dolor sit amet, consectetur adipisicing elit, sed do eiusmod tempor incididunt ut labore et dolore magna aliqua. Ut enim ad minim veniam, quis nostrud exercitation ullamco laboris nisi ut aliquip ex ea commodo consequat. Duis aute irure dolor in reprehenderit in voluptate velit esse cillum dolore eu fugiat nulla pariatur. Excepteur sint occaecat cupidatat non proident, sunt in culpa qui officia deserunt mollit anim id est laborum.<\/p>\n","protected":false},"excerpt":{"rendered":"<p>Lorem ipsum dolor sit amet, consectetur adipisicing elit, sed do eiusmodLorem ipsum dolor sit amet, consectetur adipisicing elit, sed do&#8230;<\/p>\n","protected":false},"author":2,"featured_media":29097,"parent":0,"menu_order":22,"comment_status":"closed","ping_status":"closed","template":"template-homepage.php","meta":{"_acf_changed":false,"footnotes":""},"acf":[],"yoast_head":"<!-- This site is optimized with the Yoast SEO plugin v23.5 - https:\/\/yoast.com\/wordpress\/plugins\/seo\/ -->\n<title>Baltijas Biroju Tehnolo\u0123ijas &#8226; BBT Interakt\u012bvie un audiovizu\u0101lie risin\u0101jumi<\/title>\n<meta name=\"description\" content=\"Izstr\u0101d\u0101jam un nodro\u0161in\u0101m audiovizu\u0101los, interakt\u012bvos un videokonferen\u010du risin\u0101jumus.skol\u0101s, birojos. Veicam apm\u0101c\u012bbu un pied\u0101v\u0101jam garantijas servisu,\" \/>\n<meta name=\"robots\" content=\"index, follow, max-snippet:-1, max-image-preview:large, max-video-preview:-1\" \/>\n<link rel=\"canonical\" href=\"https:\/\/www.bbt.lv\/en\/\" \/>\n<meta property=\"og:locale\" content=\"en_US\" \/>\n<meta property=\"og:type\" content=\"article\" \/>\n<meta property=\"og:title\" content=\"Baltijas Biroju Tehnolo\u0123ijas &#8226; BBT Interakt\u012bvie un audiovizu\u0101lie risin\u0101jumi\" \/>\n<meta property=\"og:description\" content=\"Izstr\u0101d\u0101jam un nodro\u0161in\u0101m audiovizu\u0101los, interakt\u012bvos un videokonferen\u010du risin\u0101jumus.skol\u0101s, birojos. Veicam apm\u0101c\u012bbu un pied\u0101v\u0101jam garantijas servisu,\" \/>\n<meta property=\"og:url\" content=\"https:\/\/www.bbt.lv\/en\/\" \/>\n<meta property=\"og:site_name\" content=\"BBT\" \/>\n<meta property=\"article:publisher\" content=\"https:\/\/www.facebook.com\/lvbbt\/\" \/>\n<meta property=\"article:modified_time\" content=\"2024-05-20T11:07:48+00:00\" \/>\n<meta property=\"og:image\" content=\"https:\/\/www.bbt.lv\/wp-content\/uploads\/2019\/09\/bbt22w.png\" \/>\n\t<meta property=\"og:image:width\" content=\"350\" \/>\n\t<meta property=\"og:image:height\" content=\"350\" \/>\n\t<meta property=\"og:image:type\" content=\"image\/png\" \/>\n<meta name=\"twitter:card\" content=\"summary_large_image\" \/>\n<meta name=\"twitter:label1\" content=\"Est. reading time\" \/>\n\t<meta name=\"twitter:data1\" content=\"1 minute\" \/>\n<script type=\"application\/ld+json\" class=\"yoast-schema-graph\">{\"@context\":\"https:\/\/schema.org\",\"@graph\":[{\"@type\":\"WebPage\",\"@id\":\"https:\/\/www.bbt.lv\/en\/\",\"url\":\"https:\/\/www.bbt.lv\/en\/\",\"name\":\"Baltijas Biroju Tehnolo\u0123ijas &#8226; BBT Interakt\u012bvie un audiovizu\u0101lie risin\u0101jumi\",\"isPartOf\":{\"@id\":\"https:\/\/www.bbt.lv\/en\/#website\"},\"primaryImageOfPage\":{\"@id\":\"https:\/\/www.bbt.lv\/en\/#primaryimage\"},\"image\":{\"@id\":\"https:\/\/www.bbt.lv\/en\/#primaryimage\"},\"thumbnailUrl\":\"https:\/\/www.bbt.lv\/wp-content\/uploads\/2019\/09\/bbt22w.png\",\"datePublished\":\"2017-10-12T12:46:04+00:00\",\"dateModified\":\"2024-05-20T11:07:48+00:00\",\"description\":\"Izstr\u0101d\u0101jam un nodro\u0161in\u0101m audiovizu\u0101los, interakt\u012bvos un videokonferen\u010du risin\u0101jumus.skol\u0101s, birojos. Veicam apm\u0101c\u012bbu un pied\u0101v\u0101jam garantijas servisu,\",\"breadcrumb\":{\"@id\":\"https:\/\/www.bbt.lv\/en\/#breadcrumb\"},\"inLanguage\":\"en-US\",\"potentialAction\":[{\"@type\":\"ReadAction\",\"target\":[\"https:\/\/www.bbt.lv\/en\/\"]}]},{\"@type\":\"ImageObject\",\"inLanguage\":\"en-US\",\"@id\":\"https:\/\/www.bbt.lv\/en\/#primaryimage\",\"url\":\"https:\/\/www.bbt.lv\/wp-content\/uploads\/2019\/09\/bbt22w.png\",\"contentUrl\":\"https:\/\/www.bbt.lv\/wp-content\/uploads\/2019\/09\/bbt22w.png\",\"width\":350,\"height\":350,\"caption\":\"Baltijas Biroju Tehnolo\u0123ijas logo\"},{\"@type\":\"BreadcrumbList\",\"@id\":\"https:\/\/www.bbt.lv\/en\/#breadcrumb\",\"itemListElement\":[{\"@type\":\"ListItem\",\"position\":1,\"name\":\"Home\",\"item\":\"https:\/\/www.bbt.lv\/en\/\"},{\"@type\":\"ListItem\",\"position\":2,\"name\":\"Baltijas Biroju Tehnolo\u0123ijas\"}]},{\"@type\":\"WebSite\",\"@id\":\"https:\/\/www.bbt.lv\/en\/#website\",\"url\":\"https:\/\/www.bbt.lv\/en\/\",\"name\":\"BBT\",\"description\":\"Baltijas Biroju tehnolo\u0123ijas\",\"publisher\":{\"@id\":\"https:\/\/www.bbt.lv\/en\/#organization\"},\"alternateName\":\"bbt.lv\",\"potentialAction\":[{\"@type\":\"SearchAction\",\"target\":{\"@type\":\"EntryPoint\",\"urlTemplate\":\"https:\/\/www.bbt.lv\/en\/?s={search_term_string}\"},\"query-input\":{\"@type\":\"PropertyValueSpecification\",\"valueRequired\":true,\"valueName\":\"search_term_string\"}}],\"inLanguage\":\"en-US\"},{\"@type\":\"Organization\",\"@id\":\"https:\/\/www.bbt.lv\/en\/#organization\",\"name\":\"Baltijas Biroju Tehnolo\u0123ijas\",\"url\":\"https:\/\/www.bbt.lv\/en\/\",\"logo\":{\"@type\":\"ImageObject\",\"inLanguage\":\"en-US\",\"@id\":\"https:\/\/www.bbt.lv\/en\/#\/schema\/logo\/image\/\",\"url\":\"https:\/\/www.bbt.lv\/wp-content\/uploads\/2019\/03\/BBT-logo-full-rgb.png\",\"contentUrl\":\"https:\/\/www.bbt.lv\/wp-content\/uploads\/2019\/03\/BBT-logo-full-rgb.png\",\"width\":802,\"height\":205,\"caption\":\"Baltijas Biroju Tehnolo\u0123ijas\"},\"image\":{\"@id\":\"https:\/\/www.bbt.lv\/en\/#\/schema\/logo\/image\/\"},\"sameAs\":[\"https:\/\/www.facebook.com\/lvbbt\/\",\"https:\/\/www.instagram.com\/bbt_lv\/\",\"https:\/\/www.linkedin.com\/company\/baltijas-biroju-tehnologijas-sia-bbt-\/\",\"https:\/\/www.youtube.com\/channel\/UCwNElYO6MpFUzK-v8ZSf4nw\"]}]}<\/script>\n<!-- \/ Yoast SEO plugin. -->","yoast_head_json":{"title":"Baltijas Biroju Tehnolo\u0123ijas &#8226; BBT Interakt\u012bvie un audiovizu\u0101lie risin\u0101jumi","description":"Izstr\u0101d\u0101jam un nodro\u0161in\u0101m audiovizu\u0101los, interakt\u012bvos un videokonferen\u010du risin\u0101jumus.skol\u0101s, birojos. Veicam apm\u0101c\u012bbu un pied\u0101v\u0101jam garantijas servisu,","robots":{"index":"index","follow":"follow","max-snippet":"max-snippet:-1","max-image-preview":"max-image-preview:large","max-video-preview":"max-video-preview:-1"},"canonical":"https:\/\/www.bbt.lv\/en\/","og_locale":"en_US","og_type":"article","og_title":"Baltijas Biroju Tehnolo\u0123ijas &#8226; BBT Interakt\u012bvie un audiovizu\u0101lie risin\u0101jumi","og_description":"Izstr\u0101d\u0101jam un nodro\u0161in\u0101m audiovizu\u0101los, interakt\u012bvos un videokonferen\u010du risin\u0101jumus.skol\u0101s, birojos. Veicam apm\u0101c\u012bbu un pied\u0101v\u0101jam garantijas servisu,","og_url":"https:\/\/www.bbt.lv\/en\/","og_site_name":"BBT","article_publisher":"https:\/\/www.facebook.com\/lvbbt\/","article_modified_time":"2024-05-20T11:07:48+00:00","og_image":[{"width":350,"height":350,"url":"https:\/\/www.bbt.lv\/wp-content\/uploads\/2019\/09\/bbt22w.png","type":"image\/png"}],"twitter_card":"summary_large_image","twitter_misc":{"Est. reading time":"1 minute"},"schema":{"@context":"https:\/\/schema.org","@graph":[{"@type":"WebPage","@id":"https:\/\/www.bbt.lv\/en\/","url":"https:\/\/www.bbt.lv\/en\/","name":"Baltijas Biroju Tehnolo\u0123ijas &#8226; BBT Interakt\u012bvie un audiovizu\u0101lie risin\u0101jumi","isPartOf":{"@id":"https:\/\/www.bbt.lv\/en\/#website"},"primaryImageOfPage":{"@id":"https:\/\/www.bbt.lv\/en\/#primaryimage"},"image":{"@id":"https:\/\/www.bbt.lv\/en\/#primaryimage"},"thumbnailUrl":"https:\/\/www.bbt.lv\/wp-content\/uploads\/2019\/09\/bbt22w.png","datePublished":"2017-10-12T12:46:04+00:00","dateModified":"2024-05-20T11:07:48+00:00","description":"Izstr\u0101d\u0101jam un nodro\u0161in\u0101m audiovizu\u0101los, interakt\u012bvos un videokonferen\u010du risin\u0101jumus.skol\u0101s, birojos. Veicam apm\u0101c\u012bbu un pied\u0101v\u0101jam garantijas servisu,","breadcrumb":{"@id":"https:\/\/www.bbt.lv\/en\/#breadcrumb"},"inLanguage":"en-US","potentialAction":[{"@type":"ReadAction","target":["https:\/\/www.bbt.lv\/en\/"]}]},{"@type":"ImageObject","inLanguage":"en-US","@id":"https:\/\/www.bbt.lv\/en\/#primaryimage","url":"https:\/\/www.bbt.lv\/wp-content\/uploads\/2019\/09\/bbt22w.png","contentUrl":"https:\/\/www.bbt.lv\/wp-content\/uploads\/2019\/09\/bbt22w.png","width":350,"height":350,"caption":"Baltijas Biroju Tehnolo\u0123ijas logo"},{"@type":"BreadcrumbList","@id":"https:\/\/www.bbt.lv\/en\/#breadcrumb","itemListElement":[{"@type":"ListItem","position":1,"name":"Home","item":"https:\/\/www.bbt.lv\/en\/"},{"@type":"ListItem","position":2,"name":"Baltijas Biroju Tehnolo\u0123ijas"}]},{"@type":"WebSite","@id":"https:\/\/www.bbt.lv\/en\/#website","url":"https:\/\/www.bbt.lv\/en\/","name":"BBT","description":"Baltijas Biroju tehnolo\u0123ijas","publisher":{"@id":"https:\/\/www.bbt.lv\/en\/#organization"},"alternateName":"bbt.lv","potentialAction":[{"@type":"SearchAction","target":{"@type":"EntryPoint","urlTemplate":"https:\/\/www.bbt.lv\/en\/?s={search_term_string}"},"query-input":{"@type":"PropertyValueSpecification","valueRequired":true,"valueName":"search_term_string"}}],"inLanguage":"en-US"},{"@type":"Organization","@id":"https:\/\/www.bbt.lv\/en\/#organization","name":"Baltijas Biroju Tehnolo\u0123ijas","url":"https:\/\/www.bbt.lv\/en\/","logo":{"@type":"ImageObject","inLanguage":"en-US","@id":"https:\/\/www.bbt.lv\/en\/#\/schema\/logo\/image\/","url":"https:\/\/www.bbt.lv\/wp-content\/uploads\/2019\/03\/BBT-logo-full-rgb.png","contentUrl":"https:\/\/www.bbt.lv\/wp-content\/uploads\/2019\/03\/BBT-logo-full-rgb.png","width":802,"height":205,"caption":"Baltijas Biroju Tehnolo\u0123ijas"},"image":{"@id":"https:\/\/www.bbt.lv\/en\/#\/schema\/logo\/image\/"},"sameAs":["https:\/\/www.facebook.com\/lvbbt\/","https:\/\/www.instagram.com\/bbt_lv\/","https:\/\/www.linkedin.com\/company\/baltijas-biroju-tehnologijas-sia-bbt-\/","https:\/\/www.youtube.com\/channel\/UCwNElYO6MpFUzK-v8ZSf4nw"]}]}},"_links":{"self":[{"href":"https:\/\/www.bbt.lv\/en\/wp-json\/wp\/v2\/pages\/3420"}],"collection":[{"href":"https:\/\/www.bbt.lv\/en\/wp-json\/wp\/v2\/pages"}],"about":[{"href":"https:\/\/www.bbt.lv\/en\/wp-json\/wp\/v2\/types\/page"}],"author":[{"embeddable":true,"href":"https:\/\/www.bbt.lv\/en\/wp-json\/wp\/v2\/users\/2"}],"replies":[{"embeddable":true,"href":"https:\/\/www.bbt.lv\/en\/wp-json\/wp\/v2\/comments?post=3420"}],"version-history":[{"count":5,"href":"https:\/\/www.bbt.lv\/en\/wp-json\/wp\/v2\/pages\/3420\/revisions"}],"predecessor-version":[{"id":45947,"href":"https:\/\/www.bbt.lv\/en\/wp-json\/wp\/v2\/pages\/3420\/revisions\/45947"}],"wp:featuredmedia":[{"embeddable":true,"href":"https:\/\/www.bbt.lv\/en\/wp-json\/wp\/v2\/media\/29097"}],"wp:attachment":[{"href":"https:\/\/www.bbt.lv\/en\/wp-json\/wp\/v2\/media?parent=3420"}],"curies":[{"name":"wp","href":"https:\/\/api.w.org\/{rel}","templated":true}]}}