{"id":25805,"date":"2019-02-13T03:05:16","date_gmt":"2019-02-13T01:05:16","guid":{"rendered":"http:\/\/www.bbt.lv\/produktu-katalogs\/uncategorized\/displejs-nec-multisync-un462va\/"},"modified":"2026-04-16T10:53:33","modified_gmt":"2026-04-16T07:53:33","slug":"displejs-nec-multisync-un462va","status":"publish","type":"product","link":"https:\/\/www.bbt.lv\/en\/produktu-katalogs\/large-screen-displays-en\/videowall-displays\/displejs-nec-multisync-un462va\/","title":{"rendered":"Display NEC MultiSync UN462VA"},"content":{"rendered":"<section id=\"overview\">\n<div class=\"row\">\n<div class=\"column medium-6\">\n<h3>Description<\/h3>\n<p><b>Turn every wall into an opportunity<\/b><\/p>\n<p>The slim NEC Multisync<sup>\u00ae<\/sup> UN462VA turns any wall into an opportunity to reliably display information like passenger information, restaurant menus, or corporate agendas. And it does so for less the price, while never sacrificing performance. These displays were made with busy spaces in mind \u2013 airports, train stations, casual dining restaurants and even mission-critical spots like control rooms \u2013 and optimised to project static and moving content. Designed with 500 cd\/m\u00b2 of brightness, these screens are easy to read under common light conditions. Installation and operation is a breeze. It comes equipped with powerful calibration capabilities, so the initial video wall setup requires minimal effort, while the long-term colour and brightness will maintain a striking homogeneity. The screen&#8217;s frameless design forms a flat digital canvas that allows it to blend in and create one continuous image across multiple screens.<\/p>\n<\/div>\n<div class=\"column medium-6\">\n<h3>Benefits<\/h3>\n<ul>\n<li><b>Easy to install<\/b> \u2013 it\u2019s simple to get your display up and running with its out-of-the-box calibrated picture pre-sets, managing colour settings and uniformity controlled by the SpectraView Engine \u2014 not to mention its simple, software-free calibration capabilities.<\/li>\n<li><b>Accelerate your video wall configuration <\/b> \u2013 set up your wall in no time with the display\u2019s powerful configuration capabilities, which include Auto ID\/IP, Auto Tile Matrix, and Tile-\/Frame Compensation. Enjoy flawless playback across your entire video wall.<\/li>\n<li><b>Long-lasting continuous pictures <\/b> \u2013 align your display with powerful calibration capabilities. Use the white copy function, colour drift correction, uniformity control, self-calibration and validation to create a continuous surface across multiple screens that gives the appearance of one, seamless wall.<\/li>\n<li><b>Reliable image reproduction <\/b> \u2013 best suited for static image reproduction with reliable accuracy in mission critical applications. Our PVA panel technology makes sure you have the best viewing experience with excellent contrast and black level.<\/li>\n<li><b>Enhanced imaging performance <\/b> \u2013 advanced settings of all relevant visual parameters allow full control of brightness, colour, gamma and uniformity via the Spectraview Engine for precise, natural images.<\/li>\n<li><b>Future Ready with Open Modular Intelligence Expansion <\/b> \u2013 upgrade the power of your display at any time by seamlessly integrating one of NEC\u2019s options for OPS Slot-in PCs, Raspberry Pi compute modules or signal interfaces for content feed and computing.<\/li>\n<li><b>Safe and secure displays <\/b> \u2013 each display is EMC class-B certified and ideally suited for critical emission environments that require safer standards than other displays do.<\/li>\n<\/ul>\n<\/div>\n<\/div>\n<\/section>\n","protected":false},"excerpt":{"rendered":"<p>Tehnolo\u0123ija VA. Iz\u0161\u0137irtsp\u0113ja 1920&#215;1080. Spilgtums 500 cd \/m2 . Pretatsp\u012bduma stikls 25%.OPS slots.CM slots.Beazel 3,5mm. Izmanto\u0161ana 24\/7<\/p>\n","protected":false},"featured_media":25819,"template":"","meta":{"_acf_changed":false},"product_cat":[6743],"product_tag":[],"acf":[],"yoast_head":"<!-- This site is optimized with the Yoast SEO plugin v23.5 - https:\/\/yoast.com\/wordpress\/plugins\/seo\/ -->\n<title>Display NEC MultiSync UN462VA &#8226; BBT<\/title>\n<meta name=\"robots\" content=\"index, follow, max-snippet:-1, max-image-preview:large, max-video-preview:-1\" \/>\n<link rel=\"canonical\" href=\"https:\/\/www.bbt.lv\/en\/produktu-katalogs\/large-screen-displays-en\/videowall-displays\/displejs-nec-multisync-un462va\/\" \/>\n<meta property=\"og:locale\" content=\"en_US\" \/>\n<meta property=\"og:type\" content=\"article\" \/>\n<meta property=\"og:title\" content=\"Display NEC MultiSync UN462VA &#8226; BBT\" \/>\n<meta property=\"og:description\" content=\"Tehnolo\u0123ija VA. Iz\u0161\u0137irtsp\u0113ja 1920x1080. Spilgtums 500 cd \/m2 . Pretatsp\u012bduma stikls 25%.OPS slots.CM slots.Beazel 3,5mm. Izmanto\u0161ana 24\/7\" \/>\n<meta property=\"og:url\" content=\"https:\/\/www.bbt.lv\/en\/produktu-katalogs\/large-screen-displays-en\/videowall-displays\/displejs-nec-multisync-un462va\/\" \/>\n<meta property=\"og:site_name\" content=\"BBT\" \/>\n<meta property=\"article:publisher\" content=\"https:\/\/www.facebook.com\/lvbbt\/\" \/>\n<meta property=\"article:modified_time\" content=\"2026-04-16T07:53:33+00:00\" \/>\n<meta property=\"og:image\" content=\"https:\/\/www.bbt.lv\/wp-content\/uploads\/Store\/Displeji\/UN462AVA\/NEC_UN462A_Rt_content-logo.jpg\" \/>\n\t<meta property=\"og:image:width\" content=\"1600\" \/>\n\t<meta property=\"og:image:height\" content=\"1250\" \/>\n\t<meta property=\"og:image:type\" content=\"image\/jpeg\" \/>\n<meta name=\"twitter:card\" content=\"summary_large_image\" \/>\n<meta name=\"twitter:label1\" content=\"Est. reading time\" \/>\n\t<meta name=\"twitter:data1\" content=\"2 minutes\" \/>\n<script type=\"application\/ld+json\" class=\"yoast-schema-graph\">{\"@context\":\"https:\/\/schema.org\",\"@graph\":[{\"@type\":\"WebPage\",\"@id\":\"https:\/\/www.bbt.lv\/en\/produktu-katalogs\/large-screen-displays-en\/videowall-displays\/displejs-nec-multisync-un462va\/\",\"url\":\"https:\/\/www.bbt.lv\/en\/produktu-katalogs\/large-screen-displays-en\/videowall-displays\/displejs-nec-multisync-un462va\/\",\"name\":\"Display NEC MultiSync UN462VA &#8226; BBT\",\"isPartOf\":{\"@id\":\"https:\/\/www.bbt.lv\/en\/#website\"},\"primaryImageOfPage\":{\"@id\":\"https:\/\/www.bbt.lv\/en\/produktu-katalogs\/large-screen-displays-en\/videowall-displays\/displejs-nec-multisync-un462va\/#primaryimage\"},\"image\":{\"@id\":\"https:\/\/www.bbt.lv\/en\/produktu-katalogs\/large-screen-displays-en\/videowall-displays\/displejs-nec-multisync-un462va\/#primaryimage\"},\"thumbnailUrl\":\"https:\/\/www.bbt.lv\/wp-content\/uploads\/Store\/Displeji\/UN462AVA\/NEC_UN462A_Rt_content-logo.jpg\",\"datePublished\":\"2019-02-13T01:05:16+00:00\",\"dateModified\":\"2026-04-16T07:53:33+00:00\",\"breadcrumb\":{\"@id\":\"https:\/\/www.bbt.lv\/en\/produktu-katalogs\/large-screen-displays-en\/videowall-displays\/displejs-nec-multisync-un462va\/#breadcrumb\"},\"inLanguage\":\"en-US\",\"potentialAction\":[{\"@type\":\"ReadAction\",\"target\":[\"https:\/\/www.bbt.lv\/en\/produktu-katalogs\/large-screen-displays-en\/videowall-displays\/displejs-nec-multisync-un462va\/\"]}]},{\"@type\":\"ImageObject\",\"inLanguage\":\"en-US\",\"@id\":\"https:\/\/www.bbt.lv\/en\/produktu-katalogs\/large-screen-displays-en\/videowall-displays\/displejs-nec-multisync-un462va\/#primaryimage\",\"url\":\"https:\/\/www.bbt.lv\/wp-content\/uploads\/Store\/Displeji\/UN462AVA\/NEC_UN462A_Rt_content-logo.jpg\",\"contentUrl\":\"https:\/\/www.bbt.lv\/wp-content\/uploads\/Store\/Displeji\/UN462AVA\/NEC_UN462A_Rt_content-logo.jpg\",\"width\":1600,\"height\":1250},{\"@type\":\"BreadcrumbList\",\"@id\":\"https:\/\/www.bbt.lv\/en\/produktu-katalogs\/large-screen-displays-en\/videowall-displays\/displejs-nec-multisync-un462va\/#breadcrumb\",\"itemListElement\":[{\"@type\":\"ListItem\",\"position\":1,\"name\":\"Home\",\"item\":\"https:\/\/www.bbt.lv\/en\/\"},{\"@type\":\"ListItem\",\"position\":2,\"name\":\"Catalogue\",\"item\":\"https:\/\/www.bbt.lv\/en\/catalogue\/\"},{\"@type\":\"ListItem\",\"position\":3,\"name\":\"Display NEC MultiSync UN462VA\"}]},{\"@type\":\"WebSite\",\"@id\":\"https:\/\/www.bbt.lv\/en\/#website\",\"url\":\"https:\/\/www.bbt.lv\/en\/\",\"name\":\"BBT\",\"description\":\"Baltijas Biroju tehnolo\u0123ijas\",\"publisher\":{\"@id\":\"https:\/\/www.bbt.lv\/en\/#organization\"},\"alternateName\":\"bbt.lv\",\"potentialAction\":[{\"@type\":\"SearchAction\",\"target\":{\"@type\":\"EntryPoint\",\"urlTemplate\":\"https:\/\/www.bbt.lv\/en\/?s={search_term_string}\"},\"query-input\":{\"@type\":\"PropertyValueSpecification\",\"valueRequired\":true,\"valueName\":\"search_term_string\"}}],\"inLanguage\":\"en-US\"},{\"@type\":\"Organization\",\"@id\":\"https:\/\/www.bbt.lv\/en\/#organization\",\"name\":\"Baltijas Biroju Tehnolo\u0123ijas\",\"url\":\"https:\/\/www.bbt.lv\/en\/\",\"logo\":{\"@type\":\"ImageObject\",\"inLanguage\":\"en-US\",\"@id\":\"https:\/\/www.bbt.lv\/en\/#\/schema\/logo\/image\/\",\"url\":\"https:\/\/www.bbt.lv\/wp-content\/uploads\/2019\/03\/BBT-logo-full-rgb.png\",\"contentUrl\":\"https:\/\/www.bbt.lv\/wp-content\/uploads\/2019\/03\/BBT-logo-full-rgb.png\",\"width\":802,\"height\":205,\"caption\":\"Baltijas Biroju Tehnolo\u0123ijas\"},\"image\":{\"@id\":\"https:\/\/www.bbt.lv\/en\/#\/schema\/logo\/image\/\"},\"sameAs\":[\"https:\/\/www.facebook.com\/lvbbt\/\",\"https:\/\/www.instagram.com\/bbt_lv\/\",\"https:\/\/www.linkedin.com\/company\/baltijas-biroju-tehnologijas-sia-bbt-\/\",\"https:\/\/www.youtube.com\/channel\/UCwNElYO6MpFUzK-v8ZSf4nw\"]}]}<\/script>\n<!-- \/ Yoast SEO plugin. -->","yoast_head_json":{"title":"Display NEC MultiSync UN462VA &#8226; BBT","robots":{"index":"index","follow":"follow","max-snippet":"max-snippet:-1","max-image-preview":"max-image-preview:large","max-video-preview":"max-video-preview:-1"},"canonical":"https:\/\/www.bbt.lv\/en\/produktu-katalogs\/large-screen-displays-en\/videowall-displays\/displejs-nec-multisync-un462va\/","og_locale":"en_US","og_type":"article","og_title":"Display NEC MultiSync UN462VA &#8226; BBT","og_description":"Tehnolo\u0123ija VA. Iz\u0161\u0137irtsp\u0113ja 1920x1080. Spilgtums 500 cd \/m2 . Pretatsp\u012bduma stikls 25%.OPS slots.CM slots.Beazel 3,5mm. Izmanto\u0161ana 24\/7","og_url":"https:\/\/www.bbt.lv\/en\/produktu-katalogs\/large-screen-displays-en\/videowall-displays\/displejs-nec-multisync-un462va\/","og_site_name":"BBT","article_publisher":"https:\/\/www.facebook.com\/lvbbt\/","article_modified_time":"2026-04-16T07:53:33+00:00","og_image":[{"width":1600,"height":1250,"url":"https:\/\/www.bbt.lv\/wp-content\/uploads\/Store\/Displeji\/UN462AVA\/NEC_UN462A_Rt_content-logo.jpg","type":"image\/jpeg"}],"twitter_card":"summary_large_image","twitter_misc":{"Est. reading time":"2 minutes"},"schema":{"@context":"https:\/\/schema.org","@graph":[{"@type":"WebPage","@id":"https:\/\/www.bbt.lv\/en\/produktu-katalogs\/large-screen-displays-en\/videowall-displays\/displejs-nec-multisync-un462va\/","url":"https:\/\/www.bbt.lv\/en\/produktu-katalogs\/large-screen-displays-en\/videowall-displays\/displejs-nec-multisync-un462va\/","name":"Display NEC MultiSync UN462VA &#8226; BBT","isPartOf":{"@id":"https:\/\/www.bbt.lv\/en\/#website"},"primaryImageOfPage":{"@id":"https:\/\/www.bbt.lv\/en\/produktu-katalogs\/large-screen-displays-en\/videowall-displays\/displejs-nec-multisync-un462va\/#primaryimage"},"image":{"@id":"https:\/\/www.bbt.lv\/en\/produktu-katalogs\/large-screen-displays-en\/videowall-displays\/displejs-nec-multisync-un462va\/#primaryimage"},"thumbnailUrl":"https:\/\/www.bbt.lv\/wp-content\/uploads\/Store\/Displeji\/UN462AVA\/NEC_UN462A_Rt_content-logo.jpg","datePublished":"2019-02-13T01:05:16+00:00","dateModified":"2026-04-16T07:53:33+00:00","breadcrumb":{"@id":"https:\/\/www.bbt.lv\/en\/produktu-katalogs\/large-screen-displays-en\/videowall-displays\/displejs-nec-multisync-un462va\/#breadcrumb"},"inLanguage":"en-US","potentialAction":[{"@type":"ReadAction","target":["https:\/\/www.bbt.lv\/en\/produktu-katalogs\/large-screen-displays-en\/videowall-displays\/displejs-nec-multisync-un462va\/"]}]},{"@type":"ImageObject","inLanguage":"en-US","@id":"https:\/\/www.bbt.lv\/en\/produktu-katalogs\/large-screen-displays-en\/videowall-displays\/displejs-nec-multisync-un462va\/#primaryimage","url":"https:\/\/www.bbt.lv\/wp-content\/uploads\/Store\/Displeji\/UN462AVA\/NEC_UN462A_Rt_content-logo.jpg","contentUrl":"https:\/\/www.bbt.lv\/wp-content\/uploads\/Store\/Displeji\/UN462AVA\/NEC_UN462A_Rt_content-logo.jpg","width":1600,"height":1250},{"@type":"BreadcrumbList","@id":"https:\/\/www.bbt.lv\/en\/produktu-katalogs\/large-screen-displays-en\/videowall-displays\/displejs-nec-multisync-un462va\/#breadcrumb","itemListElement":[{"@type":"ListItem","position":1,"name":"Home","item":"https:\/\/www.bbt.lv\/en\/"},{"@type":"ListItem","position":2,"name":"Catalogue","item":"https:\/\/www.bbt.lv\/en\/catalogue\/"},{"@type":"ListItem","position":3,"name":"Display NEC MultiSync UN462VA"}]},{"@type":"WebSite","@id":"https:\/\/www.bbt.lv\/en\/#website","url":"https:\/\/www.bbt.lv\/en\/","name":"BBT","description":"Baltijas Biroju tehnolo\u0123ijas","publisher":{"@id":"https:\/\/www.bbt.lv\/en\/#organization"},"alternateName":"bbt.lv","potentialAction":[{"@type":"SearchAction","target":{"@type":"EntryPoint","urlTemplate":"https:\/\/www.bbt.lv\/en\/?s={search_term_string}"},"query-input":{"@type":"PropertyValueSpecification","valueRequired":true,"valueName":"search_term_string"}}],"inLanguage":"en-US"},{"@type":"Organization","@id":"https:\/\/www.bbt.lv\/en\/#organization","name":"Baltijas Biroju Tehnolo\u0123ijas","url":"https:\/\/www.bbt.lv\/en\/","logo":{"@type":"ImageObject","inLanguage":"en-US","@id":"https:\/\/www.bbt.lv\/en\/#\/schema\/logo\/image\/","url":"https:\/\/www.bbt.lv\/wp-content\/uploads\/2019\/03\/BBT-logo-full-rgb.png","contentUrl":"https:\/\/www.bbt.lv\/wp-content\/uploads\/2019\/03\/BBT-logo-full-rgb.png","width":802,"height":205,"caption":"Baltijas Biroju Tehnolo\u0123ijas"},"image":{"@id":"https:\/\/www.bbt.lv\/en\/#\/schema\/logo\/image\/"},"sameAs":["https:\/\/www.facebook.com\/lvbbt\/","https:\/\/www.instagram.com\/bbt_lv\/","https:\/\/www.linkedin.com\/company\/baltijas-biroju-tehnologijas-sia-bbt-\/","https:\/\/www.youtube.com\/channel\/UCwNElYO6MpFUzK-v8ZSf4nw"]}]}},"_links":{"self":[{"href":"https:\/\/www.bbt.lv\/en\/wp-json\/wp\/v2\/product\/25805"}],"collection":[{"href":"https:\/\/www.bbt.lv\/en\/wp-json\/wp\/v2\/product"}],"about":[{"href":"https:\/\/www.bbt.lv\/en\/wp-json\/wp\/v2\/types\/product"}],"wp:featuredmedia":[{"embeddable":true,"href":"https:\/\/www.bbt.lv\/en\/wp-json\/wp\/v2\/media\/25819"}],"wp:attachment":[{"href":"https:\/\/www.bbt.lv\/en\/wp-json\/wp\/v2\/media?parent=25805"}],"wp:term":[{"taxonomy":"product_cat","embeddable":true,"href":"https:\/\/www.bbt.lv\/en\/wp-json\/wp\/v2\/product_cat?post=25805"},{"taxonomy":"product_tag","embeddable":true,"href":"https:\/\/www.bbt.lv\/en\/wp-json\/wp\/v2\/product_tag?post=25805"}],"curies":[{"name":"wp","href":"https:\/\/api.w.org\/{rel}","templated":true}]}}