{"id":27587,"date":"2017-10-25T08:32:23","date_gmt":"2017-10-25T05:32:23","guid":{"rendered":"http:\/\/www.bbt.lv\/produktu-katalogs\/uncategorized\/multisync-x555unv\/"},"modified":"2026-04-16T05:15:33","modified_gmt":"2026-04-16T02:15:33","slug":"multisync-x555unv","status":"publish","type":"product","link":"https:\/\/www.bbt.lv\/en\/produktu-katalogs\/large-screen-displays-en\/videowall-displays\/multisync-x555unv\/","title":{"rendered":"Display NEC MultiSync X555UNV"},"content":{"rendered":"<section id=\"overview\">\n<div class=\"row\">\n<div class=\"column medium-6\">\n<h3>Description<\/h3>\n<p><b>Video walls from NEC: get the WOW factor!<\/b><\/p>\n<p>NEC\u2019s video wall solutions ensure the big impressions you desire. Effortless readability with precise colour reproduction and high contrast ratios will catch attention. An advanced set of intelligent features make the displays easy to install and operate, and drastically reduced maintenance times are supported.<\/p>\n<p>Create and display your dynamic images with uniform brightness and colour rendition. With the ultra slim bezels and exact synchronization across the individual screens amazing results are achieved in high bright conditions and in continuous operation. NEC stands for quality and service. Excellent reliability leads to minimum downtimes and with an integrated remote management system maintenance is reduced significantly in both cost and effort. To ensure long term peace of mind, NEC offers a 5 year warranty extension. You care about your business &#8211; we care about the rest!<\/p>\n<p>MultiSync <sup>\u00ae<\/sup> X555UNV is the perfect choice for flexible video walls in corporate applications, retail environments, quick service restaurants and all other public spaces. Get the attention you desire! With the WOW factor from NEC!<\/p>\n<\/div>\n<div class=\"column medium-6\">\n<h3>Benefits<\/h3>\n<ul>\n<li><b>Reduced Installation and Operating Costs <\/b> \u2013 highly energy efficient LED backlit display ensures low power consumption, longer backlight lifetime and lighter design for easy transportation, mounting and integration.<\/li>\n<li><b>Native UHD Daisy Chaining through DisplayPort 1.2 Multistreaming <\/b> \u2013 enables the user to create UHD videowalls with either a single UHD image or 4 different Full HD sources.<\/li>\n<li><b>Auto Tile Matrix<\/b> \u2013 for a complete auto set up for videowalls. Save time and cost by configuring one display in order to complete the set up for the entire wall.<\/li>\n<li><b>Frame Comp<\/b> \u2013 supports a seamless appearance and shows the content without any interruption, creating one stunning image by synchronising the content across the wall.<\/li>\n<li><b>Reliable colour reproduction <\/b> \u2013 due to 10-bit colour performance, extreme viewing angles and hardware calibratable LUT, viewers benefit from consistently accurate image rendering.<\/li>\n<li><b>Unique NEC heat management<\/b> \u2013 enables the user to monitor and control the heat inside the display with user controllable fans. Heat management is crucial for larger walls and mission critical installations to secure reliability and longevity.<\/li>\n<li><b>DICOM support<\/b> \u2013 for medical applications.<\/li>\n<li><b>Free Download of Multi-Display Management Software <\/b> \u2013 with NaViSet Administrator 2 you can manage all your connected display devices from a centralised location.<\/li>\n<\/ul>\n<\/div>\n<\/div>\n<\/section>\n","protected":false},"excerpt":{"rendered":"<p>Tehnolo\u0123ija S-PVA. Iz\u0161\u0137irtsp\u0113ja 1920&#215;1080. Spilgtums 500 cd \/m2 . Pret atsp\u012bduma stikls 25%.OPS slots.CM slots.Beazel 5,6mm. Izmanto\u0161ana 24\/7<\/p>\n","protected":false},"featured_media":27598,"template":"","meta":{"_acf_changed":false},"product_cat":[6743],"product_tag":[],"acf":[],"yoast_head":"<!-- This site is optimized with the Yoast SEO plugin v23.5 - https:\/\/yoast.com\/wordpress\/plugins\/seo\/ -->\n<title>Display NEC MultiSync X555UNV &#8226; BBT<\/title>\n<meta name=\"robots\" content=\"index, follow, max-snippet:-1, max-image-preview:large, max-video-preview:-1\" \/>\n<link rel=\"canonical\" href=\"https:\/\/www.bbt.lv\/en\/produktu-katalogs\/large-screen-displays-en\/videowall-displays\/multisync-x555unv\/\" \/>\n<meta property=\"og:locale\" content=\"en_US\" \/>\n<meta property=\"og:type\" content=\"article\" \/>\n<meta property=\"og:title\" content=\"Display NEC MultiSync X555UNV &#8226; BBT\" \/>\n<meta property=\"og:description\" content=\"Tehnolo\u0123ija S-PVA. Iz\u0161\u0137irtsp\u0113ja 1920x1080. Spilgtums 500 cd \/m2 . Pret atsp\u012bduma stikls 25%.OPS slots.CM slots.Beazel 5,6mm. Izmanto\u0161ana 24\/7\" \/>\n<meta property=\"og:url\" content=\"https:\/\/www.bbt.lv\/en\/produktu-katalogs\/large-screen-displays-en\/videowall-displays\/multisync-x555unv\/\" \/>\n<meta property=\"og:site_name\" content=\"BBT\" \/>\n<meta property=\"article:publisher\" content=\"https:\/\/www.facebook.com\/lvbbt\/\" \/>\n<meta property=\"article:modified_time\" content=\"2026-04-16T02:15:33+00:00\" \/>\n<meta property=\"og:image\" content=\"https:\/\/www.bbt.lv\/wp-content\/uploads\/Store\/Displeji\/X555UNV\/NEC_X555UNV_HO_EU_RGB_300_contentcity_NL-column.jpg\" \/>\n\t<meta property=\"og:image:width\" content=\"1600\" \/>\n\t<meta property=\"og:image:height\" content=\"1200\" \/>\n\t<meta property=\"og:image:type\" content=\"image\/jpeg\" \/>\n<meta name=\"twitter:card\" content=\"summary_large_image\" \/>\n<meta name=\"twitter:label1\" content=\"Est. reading time\" \/>\n\t<meta name=\"twitter:data1\" content=\"2 minutes\" \/>\n<script type=\"application\/ld+json\" class=\"yoast-schema-graph\">{\"@context\":\"https:\/\/schema.org\",\"@graph\":[{\"@type\":\"WebPage\",\"@id\":\"https:\/\/www.bbt.lv\/en\/produktu-katalogs\/large-screen-displays-en\/videowall-displays\/multisync-x555unv\/\",\"url\":\"https:\/\/www.bbt.lv\/en\/produktu-katalogs\/large-screen-displays-en\/videowall-displays\/multisync-x555unv\/\",\"name\":\"Display NEC MultiSync X555UNV &#8226; BBT\",\"isPartOf\":{\"@id\":\"https:\/\/www.bbt.lv\/en\/#website\"},\"primaryImageOfPage\":{\"@id\":\"https:\/\/www.bbt.lv\/en\/produktu-katalogs\/large-screen-displays-en\/videowall-displays\/multisync-x555unv\/#primaryimage\"},\"image\":{\"@id\":\"https:\/\/www.bbt.lv\/en\/produktu-katalogs\/large-screen-displays-en\/videowall-displays\/multisync-x555unv\/#primaryimage\"},\"thumbnailUrl\":\"https:\/\/www.bbt.lv\/wp-content\/uploads\/Store\/Displeji\/X555UNV\/NEC_X555UNV_HO_EU_RGB_300_contentcity_NL-column.jpg\",\"datePublished\":\"2017-10-25T05:32:23+00:00\",\"dateModified\":\"2026-04-16T02:15:33+00:00\",\"breadcrumb\":{\"@id\":\"https:\/\/www.bbt.lv\/en\/produktu-katalogs\/large-screen-displays-en\/videowall-displays\/multisync-x555unv\/#breadcrumb\"},\"inLanguage\":\"en-US\",\"potentialAction\":[{\"@type\":\"ReadAction\",\"target\":[\"https:\/\/www.bbt.lv\/en\/produktu-katalogs\/large-screen-displays-en\/videowall-displays\/multisync-x555unv\/\"]}]},{\"@type\":\"ImageObject\",\"inLanguage\":\"en-US\",\"@id\":\"https:\/\/www.bbt.lv\/en\/produktu-katalogs\/large-screen-displays-en\/videowall-displays\/multisync-x555unv\/#primaryimage\",\"url\":\"https:\/\/www.bbt.lv\/wp-content\/uploads\/Store\/Displeji\/X555UNV\/NEC_X555UNV_HO_EU_RGB_300_contentcity_NL-column.jpg\",\"contentUrl\":\"https:\/\/www.bbt.lv\/wp-content\/uploads\/Store\/Displeji\/X555UNV\/NEC_X555UNV_HO_EU_RGB_300_contentcity_NL-column.jpg\",\"width\":1600,\"height\":1200},{\"@type\":\"BreadcrumbList\",\"@id\":\"https:\/\/www.bbt.lv\/en\/produktu-katalogs\/large-screen-displays-en\/videowall-displays\/multisync-x555unv\/#breadcrumb\",\"itemListElement\":[{\"@type\":\"ListItem\",\"position\":1,\"name\":\"Home\",\"item\":\"https:\/\/www.bbt.lv\/en\/\"},{\"@type\":\"ListItem\",\"position\":2,\"name\":\"Catalogue\",\"item\":\"https:\/\/www.bbt.lv\/en\/catalogue\/\"},{\"@type\":\"ListItem\",\"position\":3,\"name\":\"Display NEC MultiSync X555UNV\"}]},{\"@type\":\"WebSite\",\"@id\":\"https:\/\/www.bbt.lv\/en\/#website\",\"url\":\"https:\/\/www.bbt.lv\/en\/\",\"name\":\"BBT\",\"description\":\"Baltijas Biroju tehnolo\u0123ijas\",\"publisher\":{\"@id\":\"https:\/\/www.bbt.lv\/en\/#organization\"},\"alternateName\":\"bbt.lv\",\"potentialAction\":[{\"@type\":\"SearchAction\",\"target\":{\"@type\":\"EntryPoint\",\"urlTemplate\":\"https:\/\/www.bbt.lv\/en\/?s={search_term_string}\"},\"query-input\":{\"@type\":\"PropertyValueSpecification\",\"valueRequired\":true,\"valueName\":\"search_term_string\"}}],\"inLanguage\":\"en-US\"},{\"@type\":\"Organization\",\"@id\":\"https:\/\/www.bbt.lv\/en\/#organization\",\"name\":\"Baltijas Biroju Tehnolo\u0123ijas\",\"url\":\"https:\/\/www.bbt.lv\/en\/\",\"logo\":{\"@type\":\"ImageObject\",\"inLanguage\":\"en-US\",\"@id\":\"https:\/\/www.bbt.lv\/en\/#\/schema\/logo\/image\/\",\"url\":\"https:\/\/www.bbt.lv\/wp-content\/uploads\/2019\/03\/BBT-logo-full-rgb.png\",\"contentUrl\":\"https:\/\/www.bbt.lv\/wp-content\/uploads\/2019\/03\/BBT-logo-full-rgb.png\",\"width\":802,\"height\":205,\"caption\":\"Baltijas Biroju Tehnolo\u0123ijas\"},\"image\":{\"@id\":\"https:\/\/www.bbt.lv\/en\/#\/schema\/logo\/image\/\"},\"sameAs\":[\"https:\/\/www.facebook.com\/lvbbt\/\",\"https:\/\/www.instagram.com\/bbt_lv\/\",\"https:\/\/www.linkedin.com\/company\/baltijas-biroju-tehnologijas-sia-bbt-\/\",\"https:\/\/www.youtube.com\/channel\/UCwNElYO6MpFUzK-v8ZSf4nw\"]}]}<\/script>\n<!-- \/ Yoast SEO plugin. -->","yoast_head_json":{"title":"Display NEC MultiSync X555UNV &#8226; BBT","robots":{"index":"index","follow":"follow","max-snippet":"max-snippet:-1","max-image-preview":"max-image-preview:large","max-video-preview":"max-video-preview:-1"},"canonical":"https:\/\/www.bbt.lv\/en\/produktu-katalogs\/large-screen-displays-en\/videowall-displays\/multisync-x555unv\/","og_locale":"en_US","og_type":"article","og_title":"Display NEC MultiSync X555UNV &#8226; BBT","og_description":"Tehnolo\u0123ija S-PVA. Iz\u0161\u0137irtsp\u0113ja 1920x1080. Spilgtums 500 cd \/m2 . Pret atsp\u012bduma stikls 25%.OPS slots.CM slots.Beazel 5,6mm. Izmanto\u0161ana 24\/7","og_url":"https:\/\/www.bbt.lv\/en\/produktu-katalogs\/large-screen-displays-en\/videowall-displays\/multisync-x555unv\/","og_site_name":"BBT","article_publisher":"https:\/\/www.facebook.com\/lvbbt\/","article_modified_time":"2026-04-16T02:15:33+00:00","og_image":[{"width":1600,"height":1200,"url":"https:\/\/www.bbt.lv\/wp-content\/uploads\/Store\/Displeji\/X555UNV\/NEC_X555UNV_HO_EU_RGB_300_contentcity_NL-column.jpg","type":"image\/jpeg"}],"twitter_card":"summary_large_image","twitter_misc":{"Est. reading time":"2 minutes"},"schema":{"@context":"https:\/\/schema.org","@graph":[{"@type":"WebPage","@id":"https:\/\/www.bbt.lv\/en\/produktu-katalogs\/large-screen-displays-en\/videowall-displays\/multisync-x555unv\/","url":"https:\/\/www.bbt.lv\/en\/produktu-katalogs\/large-screen-displays-en\/videowall-displays\/multisync-x555unv\/","name":"Display NEC MultiSync X555UNV &#8226; BBT","isPartOf":{"@id":"https:\/\/www.bbt.lv\/en\/#website"},"primaryImageOfPage":{"@id":"https:\/\/www.bbt.lv\/en\/produktu-katalogs\/large-screen-displays-en\/videowall-displays\/multisync-x555unv\/#primaryimage"},"image":{"@id":"https:\/\/www.bbt.lv\/en\/produktu-katalogs\/large-screen-displays-en\/videowall-displays\/multisync-x555unv\/#primaryimage"},"thumbnailUrl":"https:\/\/www.bbt.lv\/wp-content\/uploads\/Store\/Displeji\/X555UNV\/NEC_X555UNV_HO_EU_RGB_300_contentcity_NL-column.jpg","datePublished":"2017-10-25T05:32:23+00:00","dateModified":"2026-04-16T02:15:33+00:00","breadcrumb":{"@id":"https:\/\/www.bbt.lv\/en\/produktu-katalogs\/large-screen-displays-en\/videowall-displays\/multisync-x555unv\/#breadcrumb"},"inLanguage":"en-US","potentialAction":[{"@type":"ReadAction","target":["https:\/\/www.bbt.lv\/en\/produktu-katalogs\/large-screen-displays-en\/videowall-displays\/multisync-x555unv\/"]}]},{"@type":"ImageObject","inLanguage":"en-US","@id":"https:\/\/www.bbt.lv\/en\/produktu-katalogs\/large-screen-displays-en\/videowall-displays\/multisync-x555unv\/#primaryimage","url":"https:\/\/www.bbt.lv\/wp-content\/uploads\/Store\/Displeji\/X555UNV\/NEC_X555UNV_HO_EU_RGB_300_contentcity_NL-column.jpg","contentUrl":"https:\/\/www.bbt.lv\/wp-content\/uploads\/Store\/Displeji\/X555UNV\/NEC_X555UNV_HO_EU_RGB_300_contentcity_NL-column.jpg","width":1600,"height":1200},{"@type":"BreadcrumbList","@id":"https:\/\/www.bbt.lv\/en\/produktu-katalogs\/large-screen-displays-en\/videowall-displays\/multisync-x555unv\/#breadcrumb","itemListElement":[{"@type":"ListItem","position":1,"name":"Home","item":"https:\/\/www.bbt.lv\/en\/"},{"@type":"ListItem","position":2,"name":"Catalogue","item":"https:\/\/www.bbt.lv\/en\/catalogue\/"},{"@type":"ListItem","position":3,"name":"Display NEC MultiSync X555UNV"}]},{"@type":"WebSite","@id":"https:\/\/www.bbt.lv\/en\/#website","url":"https:\/\/www.bbt.lv\/en\/","name":"BBT","description":"Baltijas Biroju tehnolo\u0123ijas","publisher":{"@id":"https:\/\/www.bbt.lv\/en\/#organization"},"alternateName":"bbt.lv","potentialAction":[{"@type":"SearchAction","target":{"@type":"EntryPoint","urlTemplate":"https:\/\/www.bbt.lv\/en\/?s={search_term_string}"},"query-input":{"@type":"PropertyValueSpecification","valueRequired":true,"valueName":"search_term_string"}}],"inLanguage":"en-US"},{"@type":"Organization","@id":"https:\/\/www.bbt.lv\/en\/#organization","name":"Baltijas Biroju Tehnolo\u0123ijas","url":"https:\/\/www.bbt.lv\/en\/","logo":{"@type":"ImageObject","inLanguage":"en-US","@id":"https:\/\/www.bbt.lv\/en\/#\/schema\/logo\/image\/","url":"https:\/\/www.bbt.lv\/wp-content\/uploads\/2019\/03\/BBT-logo-full-rgb.png","contentUrl":"https:\/\/www.bbt.lv\/wp-content\/uploads\/2019\/03\/BBT-logo-full-rgb.png","width":802,"height":205,"caption":"Baltijas Biroju Tehnolo\u0123ijas"},"image":{"@id":"https:\/\/www.bbt.lv\/en\/#\/schema\/logo\/image\/"},"sameAs":["https:\/\/www.facebook.com\/lvbbt\/","https:\/\/www.instagram.com\/bbt_lv\/","https:\/\/www.linkedin.com\/company\/baltijas-biroju-tehnologijas-sia-bbt-\/","https:\/\/www.youtube.com\/channel\/UCwNElYO6MpFUzK-v8ZSf4nw"]}]}},"_links":{"self":[{"href":"https:\/\/www.bbt.lv\/en\/wp-json\/wp\/v2\/product\/27587"}],"collection":[{"href":"https:\/\/www.bbt.lv\/en\/wp-json\/wp\/v2\/product"}],"about":[{"href":"https:\/\/www.bbt.lv\/en\/wp-json\/wp\/v2\/types\/product"}],"wp:featuredmedia":[{"embeddable":true,"href":"https:\/\/www.bbt.lv\/en\/wp-json\/wp\/v2\/media\/27598"}],"wp:attachment":[{"href":"https:\/\/www.bbt.lv\/en\/wp-json\/wp\/v2\/media?parent=27587"}],"wp:term":[{"taxonomy":"product_cat","embeddable":true,"href":"https:\/\/www.bbt.lv\/en\/wp-json\/wp\/v2\/product_cat?post=27587"},{"taxonomy":"product_tag","embeddable":true,"href":"https:\/\/www.bbt.lv\/en\/wp-json\/wp\/v2\/product_tag?post=27587"}],"curies":[{"name":"wp","href":"https:\/\/api.w.org\/{rel}","templated":true}]}}