{"id":30048,"date":"2020-03-25T13:45:54","date_gmt":"2020-03-25T11:45:54","guid":{"rendered":"https:\/\/www.bbt.lv\/produktu-katalogs\/uncategorized\/pieslegumvietu-vadiba-un-kontrole\/"},"modified":"2026-05-13T20:32:40","modified_gmt":"2026-05-13T17:32:40","slug":"pieslegumvietu-vadiba-un-kontrole","status":"publish","type":"product","link":"https:\/\/www.bbt.lv\/en\/produktu-katalogs\/installation-materials\/pieslegumi-un-vadiba-en\/pieslegumvietu-vadiba-un-kontrole\/","title":{"rendered":"Piesl\u0113gumvietu vad\u012bba un kontrole"},"content":{"rendered":"<p>\u0160\u012bs iek\u0101rtas tiek izmantotas, lai sasl\u0113gtu telp\u0101 eso\u0161\u0101s ier\u012bces (ekr\u0101ni, projektori, displeji) un var\u0113tu izv\u0113l\u0113ties k\u0101du saturu kur r\u0101d\u012bt (piem\u0113ram, no viena datora uz displeju, no otra uz projektoru utt.) Ja projektora ekr\u0101ns ir elektrisks un iesp\u0113jama vad\u012bba, tad ar\u012b to iesp\u0113jams piesl\u0113gt\u00a0<span style=\"text-decoration: underline\">un pacelt \/ nolaist, izmantojt vienotu<\/span> vad\u012bbas bloku.<br \/>\nSatura att\u0113lo\u0161anai tiek izmantoti p\u0101rsl\u0113gi un sadal\u012bt\u0101ji (switch un splitter), kas \u013cauj vienu att\u0113lu r\u0101d\u012bt uz vair\u0101kiem ekr\u0101niem, vienam ekr\u0101nam izmantot vair\u0101kus avotus, k\u0101 ar\u012b to visu kombin\u0101t.<\/p>\n","protected":false},"excerpt":{"rendered":"<p>\u0160\u012bs iek\u0101rtas tiek izmantotas, lai sasl\u0113gtu telp\u0101 eso\u0161\u0101s ier\u012bces (ekr\u0101ni, projektori, displeji) un var\u0113tu izv\u0113l\u0113ties k\u0101du saturu kur r\u0101d\u012bt (piem\u0113ram,&#8230;<\/p>\n","protected":false},"featured_media":30022,"template":"","meta":{"_acf_changed":false},"product_cat":[8876],"product_tag":[],"acf":[],"yoast_head":"<!-- This site is optimized with the Yoast SEO plugin v23.5 - https:\/\/yoast.com\/wordpress\/plugins\/seo\/ -->\n<title>Piesl\u0113gumvietu vad\u012bba un kontrole &#8226; BBT<\/title>\n<meta name=\"robots\" content=\"index, follow, max-snippet:-1, max-image-preview:large, max-video-preview:-1\" \/>\n<link rel=\"canonical\" href=\"https:\/\/www.bbt.lv\/en\/produktu-katalogs\/installation-materials\/pieslegumi-un-vadiba-en\/pieslegumvietu-vadiba-un-kontrole\/\" \/>\n<meta property=\"og:locale\" content=\"en_US\" \/>\n<meta property=\"og:type\" content=\"article\" \/>\n<meta property=\"og:title\" content=\"Piesl\u0113gumvietu vad\u012bba un kontrole &#8226; BBT\" \/>\n<meta property=\"og:description\" content=\"\u0160\u012bs iek\u0101rtas tiek izmantotas, lai sasl\u0113gtu telp\u0101 eso\u0161\u0101s ier\u012bces (ekr\u0101ni, projektori, displeji) un var\u0113tu izv\u0113l\u0113ties k\u0101du saturu kur r\u0101d\u012bt (piem\u0113ram,...\" \/>\n<meta property=\"og:url\" content=\"https:\/\/www.bbt.lv\/en\/produktu-katalogs\/installation-materials\/pieslegumi-un-vadiba-en\/pieslegumvietu-vadiba-un-kontrole\/\" \/>\n<meta property=\"og:site_name\" content=\"BBT\" \/>\n<meta property=\"article:publisher\" content=\"https:\/\/www.facebook.com\/lvbbt\/\" \/>\n<meta property=\"article:modified_time\" content=\"2026-05-13T17:32:40+00:00\" \/>\n<meta property=\"og:image\" content=\"https:\/\/www.bbt.lv\/wp-content\/uploads\/Store\/instalacijas_materiali\/kramer-k-pod302-74-front-pi-1-scaled.jpg\" \/>\n\t<meta property=\"og:image:width\" content=\"2560\" \/>\n\t<meta property=\"og:image:height\" content=\"1132\" \/>\n\t<meta property=\"og:image:type\" content=\"image\/jpeg\" \/>\n<meta name=\"twitter:card\" content=\"summary_large_image\" \/>\n<meta name=\"twitter:label1\" content=\"Est. reading time\" \/>\n\t<meta name=\"twitter:data1\" content=\"1 minute\" \/>\n<script type=\"application\/ld+json\" class=\"yoast-schema-graph\">{\"@context\":\"https:\/\/schema.org\",\"@graph\":[{\"@type\":\"WebPage\",\"@id\":\"https:\/\/www.bbt.lv\/en\/produktu-katalogs\/installation-materials\/pieslegumi-un-vadiba-en\/pieslegumvietu-vadiba-un-kontrole\/\",\"url\":\"https:\/\/www.bbt.lv\/en\/produktu-katalogs\/installation-materials\/pieslegumi-un-vadiba-en\/pieslegumvietu-vadiba-un-kontrole\/\",\"name\":\"Piesl\u0113gumvietu vad\u012bba un kontrole &#8226; BBT\",\"isPartOf\":{\"@id\":\"https:\/\/www.bbt.lv\/en\/#website\"},\"primaryImageOfPage\":{\"@id\":\"https:\/\/www.bbt.lv\/en\/produktu-katalogs\/installation-materials\/pieslegumi-un-vadiba-en\/pieslegumvietu-vadiba-un-kontrole\/#primaryimage\"},\"image\":{\"@id\":\"https:\/\/www.bbt.lv\/en\/produktu-katalogs\/installation-materials\/pieslegumi-un-vadiba-en\/pieslegumvietu-vadiba-un-kontrole\/#primaryimage\"},\"thumbnailUrl\":\"https:\/\/www.bbt.lv\/wp-content\/uploads\/Store\/instalacijas_materiali\/kramer-k-pod302-74-front-pi-1-scaled.jpg\",\"datePublished\":\"2020-03-25T11:45:54+00:00\",\"dateModified\":\"2026-05-13T17:32:40+00:00\",\"breadcrumb\":{\"@id\":\"https:\/\/www.bbt.lv\/en\/produktu-katalogs\/installation-materials\/pieslegumi-un-vadiba-en\/pieslegumvietu-vadiba-un-kontrole\/#breadcrumb\"},\"inLanguage\":\"en-US\",\"potentialAction\":[{\"@type\":\"ReadAction\",\"target\":[\"https:\/\/www.bbt.lv\/en\/produktu-katalogs\/installation-materials\/pieslegumi-un-vadiba-en\/pieslegumvietu-vadiba-un-kontrole\/\"]}]},{\"@type\":\"ImageObject\",\"inLanguage\":\"en-US\",\"@id\":\"https:\/\/www.bbt.lv\/en\/produktu-katalogs\/installation-materials\/pieslegumi-un-vadiba-en\/pieslegumvietu-vadiba-un-kontrole\/#primaryimage\",\"url\":\"https:\/\/www.bbt.lv\/wp-content\/uploads\/Store\/instalacijas_materiali\/kramer-k-pod302-74-front-pi-1-scaled.jpg\",\"contentUrl\":\"https:\/\/www.bbt.lv\/wp-content\/uploads\/Store\/instalacijas_materiali\/kramer-k-pod302-74-front-pi-1-scaled.jpg\",\"width\":2560,\"height\":1132,\"caption\":\"instalacijas_materiali - kramer-k-pod302-74-front-pi-1.jpg\"},{\"@type\":\"BreadcrumbList\",\"@id\":\"https:\/\/www.bbt.lv\/en\/produktu-katalogs\/installation-materials\/pieslegumi-un-vadiba-en\/pieslegumvietu-vadiba-un-kontrole\/#breadcrumb\",\"itemListElement\":[{\"@type\":\"ListItem\",\"position\":1,\"name\":\"Home\",\"item\":\"https:\/\/www.bbt.lv\/en\/\"},{\"@type\":\"ListItem\",\"position\":2,\"name\":\"Catalogue\",\"item\":\"https:\/\/www.bbt.lv\/en\/catalogue\/\"},{\"@type\":\"ListItem\",\"position\":3,\"name\":\"Piesl\u0113gumvietu vad\u012bba un kontrole\"}]},{\"@type\":\"WebSite\",\"@id\":\"https:\/\/www.bbt.lv\/en\/#website\",\"url\":\"https:\/\/www.bbt.lv\/en\/\",\"name\":\"BBT\",\"description\":\"Baltijas Biroju tehnolo\u0123ijas\",\"publisher\":{\"@id\":\"https:\/\/www.bbt.lv\/en\/#organization\"},\"alternateName\":\"bbt.lv\",\"potentialAction\":[{\"@type\":\"SearchAction\",\"target\":{\"@type\":\"EntryPoint\",\"urlTemplate\":\"https:\/\/www.bbt.lv\/en\/?s={search_term_string}\"},\"query-input\":{\"@type\":\"PropertyValueSpecification\",\"valueRequired\":true,\"valueName\":\"search_term_string\"}}],\"inLanguage\":\"en-US\"},{\"@type\":\"Organization\",\"@id\":\"https:\/\/www.bbt.lv\/en\/#organization\",\"name\":\"Baltijas Biroju Tehnolo\u0123ijas\",\"url\":\"https:\/\/www.bbt.lv\/en\/\",\"logo\":{\"@type\":\"ImageObject\",\"inLanguage\":\"en-US\",\"@id\":\"https:\/\/www.bbt.lv\/en\/#\/schema\/logo\/image\/\",\"url\":\"https:\/\/www.bbt.lv\/wp-content\/uploads\/2019\/03\/BBT-logo-full-rgb.png\",\"contentUrl\":\"https:\/\/www.bbt.lv\/wp-content\/uploads\/2019\/03\/BBT-logo-full-rgb.png\",\"width\":802,\"height\":205,\"caption\":\"Baltijas Biroju Tehnolo\u0123ijas\"},\"image\":{\"@id\":\"https:\/\/www.bbt.lv\/en\/#\/schema\/logo\/image\/\"},\"sameAs\":[\"https:\/\/www.facebook.com\/lvbbt\/\",\"https:\/\/www.instagram.com\/bbt_lv\/\",\"https:\/\/www.linkedin.com\/company\/baltijas-biroju-tehnologijas-sia-bbt-\/\",\"https:\/\/www.youtube.com\/channel\/UCwNElYO6MpFUzK-v8ZSf4nw\"]}]}<\/script>\n<!-- \/ Yoast SEO plugin. -->","yoast_head_json":{"title":"Piesl\u0113gumvietu vad\u012bba un kontrole &#8226; BBT","robots":{"index":"index","follow":"follow","max-snippet":"max-snippet:-1","max-image-preview":"max-image-preview:large","max-video-preview":"max-video-preview:-1"},"canonical":"https:\/\/www.bbt.lv\/en\/produktu-katalogs\/installation-materials\/pieslegumi-un-vadiba-en\/pieslegumvietu-vadiba-un-kontrole\/","og_locale":"en_US","og_type":"article","og_title":"Piesl\u0113gumvietu vad\u012bba un kontrole &#8226; BBT","og_description":"\u0160\u012bs iek\u0101rtas tiek izmantotas, lai sasl\u0113gtu telp\u0101 eso\u0161\u0101s ier\u012bces (ekr\u0101ni, projektori, displeji) un var\u0113tu izv\u0113l\u0113ties k\u0101du saturu kur r\u0101d\u012bt (piem\u0113ram,...","og_url":"https:\/\/www.bbt.lv\/en\/produktu-katalogs\/installation-materials\/pieslegumi-un-vadiba-en\/pieslegumvietu-vadiba-un-kontrole\/","og_site_name":"BBT","article_publisher":"https:\/\/www.facebook.com\/lvbbt\/","article_modified_time":"2026-05-13T17:32:40+00:00","og_image":[{"width":2560,"height":1132,"url":"https:\/\/www.bbt.lv\/wp-content\/uploads\/Store\/instalacijas_materiali\/kramer-k-pod302-74-front-pi-1-scaled.jpg","type":"image\/jpeg"}],"twitter_card":"summary_large_image","twitter_misc":{"Est. reading time":"1 minute"},"schema":{"@context":"https:\/\/schema.org","@graph":[{"@type":"WebPage","@id":"https:\/\/www.bbt.lv\/en\/produktu-katalogs\/installation-materials\/pieslegumi-un-vadiba-en\/pieslegumvietu-vadiba-un-kontrole\/","url":"https:\/\/www.bbt.lv\/en\/produktu-katalogs\/installation-materials\/pieslegumi-un-vadiba-en\/pieslegumvietu-vadiba-un-kontrole\/","name":"Piesl\u0113gumvietu vad\u012bba un kontrole &#8226; BBT","isPartOf":{"@id":"https:\/\/www.bbt.lv\/en\/#website"},"primaryImageOfPage":{"@id":"https:\/\/www.bbt.lv\/en\/produktu-katalogs\/installation-materials\/pieslegumi-un-vadiba-en\/pieslegumvietu-vadiba-un-kontrole\/#primaryimage"},"image":{"@id":"https:\/\/www.bbt.lv\/en\/produktu-katalogs\/installation-materials\/pieslegumi-un-vadiba-en\/pieslegumvietu-vadiba-un-kontrole\/#primaryimage"},"thumbnailUrl":"https:\/\/www.bbt.lv\/wp-content\/uploads\/Store\/instalacijas_materiali\/kramer-k-pod302-74-front-pi-1-scaled.jpg","datePublished":"2020-03-25T11:45:54+00:00","dateModified":"2026-05-13T17:32:40+00:00","breadcrumb":{"@id":"https:\/\/www.bbt.lv\/en\/produktu-katalogs\/installation-materials\/pieslegumi-un-vadiba-en\/pieslegumvietu-vadiba-un-kontrole\/#breadcrumb"},"inLanguage":"en-US","potentialAction":[{"@type":"ReadAction","target":["https:\/\/www.bbt.lv\/en\/produktu-katalogs\/installation-materials\/pieslegumi-un-vadiba-en\/pieslegumvietu-vadiba-un-kontrole\/"]}]},{"@type":"ImageObject","inLanguage":"en-US","@id":"https:\/\/www.bbt.lv\/en\/produktu-katalogs\/installation-materials\/pieslegumi-un-vadiba-en\/pieslegumvietu-vadiba-un-kontrole\/#primaryimage","url":"https:\/\/www.bbt.lv\/wp-content\/uploads\/Store\/instalacijas_materiali\/kramer-k-pod302-74-front-pi-1-scaled.jpg","contentUrl":"https:\/\/www.bbt.lv\/wp-content\/uploads\/Store\/instalacijas_materiali\/kramer-k-pod302-74-front-pi-1-scaled.jpg","width":2560,"height":1132,"caption":"instalacijas_materiali - kramer-k-pod302-74-front-pi-1.jpg"},{"@type":"BreadcrumbList","@id":"https:\/\/www.bbt.lv\/en\/produktu-katalogs\/installation-materials\/pieslegumi-un-vadiba-en\/pieslegumvietu-vadiba-un-kontrole\/#breadcrumb","itemListElement":[{"@type":"ListItem","position":1,"name":"Home","item":"https:\/\/www.bbt.lv\/en\/"},{"@type":"ListItem","position":2,"name":"Catalogue","item":"https:\/\/www.bbt.lv\/en\/catalogue\/"},{"@type":"ListItem","position":3,"name":"Piesl\u0113gumvietu vad\u012bba un kontrole"}]},{"@type":"WebSite","@id":"https:\/\/www.bbt.lv\/en\/#website","url":"https:\/\/www.bbt.lv\/en\/","name":"BBT","description":"Baltijas Biroju tehnolo\u0123ijas","publisher":{"@id":"https:\/\/www.bbt.lv\/en\/#organization"},"alternateName":"bbt.lv","potentialAction":[{"@type":"SearchAction","target":{"@type":"EntryPoint","urlTemplate":"https:\/\/www.bbt.lv\/en\/?s={search_term_string}"},"query-input":{"@type":"PropertyValueSpecification","valueRequired":true,"valueName":"search_term_string"}}],"inLanguage":"en-US"},{"@type":"Organization","@id":"https:\/\/www.bbt.lv\/en\/#organization","name":"Baltijas Biroju Tehnolo\u0123ijas","url":"https:\/\/www.bbt.lv\/en\/","logo":{"@type":"ImageObject","inLanguage":"en-US","@id":"https:\/\/www.bbt.lv\/en\/#\/schema\/logo\/image\/","url":"https:\/\/www.bbt.lv\/wp-content\/uploads\/2019\/03\/BBT-logo-full-rgb.png","contentUrl":"https:\/\/www.bbt.lv\/wp-content\/uploads\/2019\/03\/BBT-logo-full-rgb.png","width":802,"height":205,"caption":"Baltijas Biroju Tehnolo\u0123ijas"},"image":{"@id":"https:\/\/www.bbt.lv\/en\/#\/schema\/logo\/image\/"},"sameAs":["https:\/\/www.facebook.com\/lvbbt\/","https:\/\/www.instagram.com\/bbt_lv\/","https:\/\/www.linkedin.com\/company\/baltijas-biroju-tehnologijas-sia-bbt-\/","https:\/\/www.youtube.com\/channel\/UCwNElYO6MpFUzK-v8ZSf4nw"]}]}},"_links":{"self":[{"href":"https:\/\/www.bbt.lv\/en\/wp-json\/wp\/v2\/product\/30048"}],"collection":[{"href":"https:\/\/www.bbt.lv\/en\/wp-json\/wp\/v2\/product"}],"about":[{"href":"https:\/\/www.bbt.lv\/en\/wp-json\/wp\/v2\/types\/product"}],"wp:featuredmedia":[{"embeddable":true,"href":"https:\/\/www.bbt.lv\/en\/wp-json\/wp\/v2\/media\/30022"}],"wp:attachment":[{"href":"https:\/\/www.bbt.lv\/en\/wp-json\/wp\/v2\/media?parent=30048"}],"wp:term":[{"taxonomy":"product_cat","embeddable":true,"href":"https:\/\/www.bbt.lv\/en\/wp-json\/wp\/v2\/product_cat?post=30048"},{"taxonomy":"product_tag","embeddable":true,"href":"https:\/\/www.bbt.lv\/en\/wp-json\/wp\/v2\/product_tag?post=30048"}],"curies":[{"name":"wp","href":"https:\/\/api.w.org\/{rel}","templated":true}]}}