{"id":30404,"date":"2020-05-13T00:04:02","date_gmt":"2020-05-12T21:04:02","guid":{"rendered":"https:\/\/www.bbt.lv\/produktu-katalogs\/uncategorized\/kamera-lumens-vc-bc601p\/"},"modified":"2026-04-16T23:17:44","modified_gmt":"2026-04-16T20:17:44","slug":"kamera-lumens-vc-bc601p","status":"publish","type":"product","link":"https:\/\/www.bbt.lv\/en\/produktu-katalogs\/videoconferencing-equipment\/videokonferencu-aprikojums-videokonferencu-aprikojums-en\/kamera-lumens-vc-bc601p\/","title":{"rendered":"Kamera Lumens VC-BC601P"},"content":{"rendered":"<p>\u2022 1080p 60fps<br \/>\n\u2022 30x Optical Zoom, 68 degrees Horizontal Viewing Angle<br \/>\n\u2022 HDMI, 3G-SDI and Ethernet video outputs<br \/>\n\u2022 Triple stream video, support H.265 \/ H.264 format<br \/>\n\u2022 Support RTSP \/ RTMP \/ RTMPS \/ MPEG-TS \/ SRT streaming protocol<br \/>\n\u2022 Supports PoE (Power over Ethernet)<br \/>\n\u2022 Support Line\/MIC Audio Input<\/p>\n<h4>Supports 1080p 60fps resolution with 30X optical zoom<\/h4>\n<p>The VC-BC601P 1080p box camera provides 30x optical zoom with high color reproduction, high-definition signals, and crystal-clear image quality.<\/p>\n<h4>Support Multiple Signal Interface<\/h4>\n<p>The VC-BC601P supports multiple interfaces including Ethernet, HDMI2.0 and 3G-SDI for image outputs, which allows transmitting uncompressed digital video signal without any delay.<\/p>\n<h4>Triple stream video, support H.265 \/ H.264 video format<\/h4>\n<p>With triple stream technology, the VC-BC601P provides H.265 \/ H.264 multiple streams that tailored for your network environment.<\/p>\n","protected":false},"excerpt":{"rendered":"<p>Profesion\u0101la PTZ kamera, FHD @ 60fps, HDMI\/LAN\/3G-SDI, H.264 un H265 straum\u0113\u0161ana, POE baro\u0161ana<\/p>\n","protected":false},"featured_media":30340,"template":"","meta":{"_acf_changed":false},"product_cat":[9026],"product_tag":[],"acf":[],"yoast_head":"<!-- This site is optimized with the Yoast SEO plugin v23.5 - https:\/\/yoast.com\/wordpress\/plugins\/seo\/ -->\n<title>Kamera Lumens VC-BC601P &#8226; BBT<\/title>\n<meta name=\"robots\" content=\"index, follow, max-snippet:-1, max-image-preview:large, max-video-preview:-1\" \/>\n<link rel=\"canonical\" href=\"https:\/\/www.bbt.lv\/en\/produktu-katalogs\/videoconferencing-equipment\/videokonferencu-aprikojums-videokonferencu-aprikojums-en\/kamera-lumens-vc-bc601p\/\" \/>\n<meta property=\"og:locale\" content=\"en_US\" \/>\n<meta property=\"og:type\" content=\"article\" \/>\n<meta property=\"og:title\" content=\"Kamera Lumens VC-BC601P &#8226; BBT\" \/>\n<meta property=\"og:description\" content=\"Profesion\u0101la PTZ kamera, FHD @ 60fps, HDMI\/LAN\/3G-SDI, H.264 un H265 straum\u0113\u0161ana, POE baro\u0161ana\" \/>\n<meta property=\"og:url\" content=\"https:\/\/www.bbt.lv\/en\/produktu-katalogs\/videoconferencing-equipment\/videokonferencu-aprikojums-videokonferencu-aprikojums-en\/kamera-lumens-vc-bc601p\/\" \/>\n<meta property=\"og:site_name\" content=\"BBT\" \/>\n<meta property=\"article:publisher\" content=\"https:\/\/www.facebook.com\/lvbbt\/\" \/>\n<meta property=\"article:modified_time\" content=\"2026-04-16T20:17:44+00:00\" \/>\n<meta property=\"og:image\" content=\"https:\/\/www.bbt.lv\/wp-content\/uploads\/Store\/PTZ\/VC-BC601P\/VC-BC601P-5-year-warranty_2-460.png\" \/>\n\t<meta property=\"og:image:width\" content=\"460\" \/>\n\t<meta property=\"og:image:height\" content=\"345\" \/>\n\t<meta property=\"og:image:type\" content=\"image\/png\" \/>\n<meta name=\"twitter:card\" content=\"summary_large_image\" \/>\n<meta name=\"twitter:label1\" content=\"Est. reading time\" \/>\n\t<meta name=\"twitter:data1\" content=\"1 minute\" \/>\n<script type=\"application\/ld+json\" class=\"yoast-schema-graph\">{\"@context\":\"https:\/\/schema.org\",\"@graph\":[{\"@type\":\"WebPage\",\"@id\":\"https:\/\/www.bbt.lv\/en\/produktu-katalogs\/videoconferencing-equipment\/videokonferencu-aprikojums-videokonferencu-aprikojums-en\/kamera-lumens-vc-bc601p\/\",\"url\":\"https:\/\/www.bbt.lv\/en\/produktu-katalogs\/videoconferencing-equipment\/videokonferencu-aprikojums-videokonferencu-aprikojums-en\/kamera-lumens-vc-bc601p\/\",\"name\":\"Kamera Lumens VC-BC601P &#8226; BBT\",\"isPartOf\":{\"@id\":\"https:\/\/www.bbt.lv\/en\/#website\"},\"primaryImageOfPage\":{\"@id\":\"https:\/\/www.bbt.lv\/en\/produktu-katalogs\/videoconferencing-equipment\/videokonferencu-aprikojums-videokonferencu-aprikojums-en\/kamera-lumens-vc-bc601p\/#primaryimage\"},\"image\":{\"@id\":\"https:\/\/www.bbt.lv\/en\/produktu-katalogs\/videoconferencing-equipment\/videokonferencu-aprikojums-videokonferencu-aprikojums-en\/kamera-lumens-vc-bc601p\/#primaryimage\"},\"thumbnailUrl\":\"https:\/\/www.bbt.lv\/wp-content\/uploads\/Store\/PTZ\/VC-BC601P\/VC-BC601P-5-year-warranty_2-460.png\",\"datePublished\":\"2020-05-12T21:04:02+00:00\",\"dateModified\":\"2026-04-16T20:17:44+00:00\",\"breadcrumb\":{\"@id\":\"https:\/\/www.bbt.lv\/en\/produktu-katalogs\/videoconferencing-equipment\/videokonferencu-aprikojums-videokonferencu-aprikojums-en\/kamera-lumens-vc-bc601p\/#breadcrumb\"},\"inLanguage\":\"en-US\",\"potentialAction\":[{\"@type\":\"ReadAction\",\"target\":[\"https:\/\/www.bbt.lv\/en\/produktu-katalogs\/videoconferencing-equipment\/videokonferencu-aprikojums-videokonferencu-aprikojums-en\/kamera-lumens-vc-bc601p\/\"]}]},{\"@type\":\"ImageObject\",\"inLanguage\":\"en-US\",\"@id\":\"https:\/\/www.bbt.lv\/en\/produktu-katalogs\/videoconferencing-equipment\/videokonferencu-aprikojums-videokonferencu-aprikojums-en\/kamera-lumens-vc-bc601p\/#primaryimage\",\"url\":\"https:\/\/www.bbt.lv\/wp-content\/uploads\/Store\/PTZ\/VC-BC601P\/VC-BC601P-5-year-warranty_2-460.png\",\"contentUrl\":\"https:\/\/www.bbt.lv\/wp-content\/uploads\/Store\/PTZ\/VC-BC601P\/VC-BC601P-5-year-warranty_2-460.png\",\"width\":460,\"height\":345,\"caption\":\"VC-BC601P - VC-BC601P-5-year-warranty_2-460.png\"},{\"@type\":\"BreadcrumbList\",\"@id\":\"https:\/\/www.bbt.lv\/en\/produktu-katalogs\/videoconferencing-equipment\/videokonferencu-aprikojums-videokonferencu-aprikojums-en\/kamera-lumens-vc-bc601p\/#breadcrumb\",\"itemListElement\":[{\"@type\":\"ListItem\",\"position\":1,\"name\":\"Home\",\"item\":\"https:\/\/www.bbt.lv\/en\/\"},{\"@type\":\"ListItem\",\"position\":2,\"name\":\"Catalogue\",\"item\":\"https:\/\/www.bbt.lv\/en\/catalogue\/\"},{\"@type\":\"ListItem\",\"position\":3,\"name\":\"Kamera Lumens VC-BC601P\"}]},{\"@type\":\"WebSite\",\"@id\":\"https:\/\/www.bbt.lv\/en\/#website\",\"url\":\"https:\/\/www.bbt.lv\/en\/\",\"name\":\"BBT\",\"description\":\"Baltijas Biroju tehnolo\u0123ijas\",\"publisher\":{\"@id\":\"https:\/\/www.bbt.lv\/en\/#organization\"},\"alternateName\":\"bbt.lv\",\"potentialAction\":[{\"@type\":\"SearchAction\",\"target\":{\"@type\":\"EntryPoint\",\"urlTemplate\":\"https:\/\/www.bbt.lv\/en\/?s={search_term_string}\"},\"query-input\":{\"@type\":\"PropertyValueSpecification\",\"valueRequired\":true,\"valueName\":\"search_term_string\"}}],\"inLanguage\":\"en-US\"},{\"@type\":\"Organization\",\"@id\":\"https:\/\/www.bbt.lv\/en\/#organization\",\"name\":\"Baltijas Biroju Tehnolo\u0123ijas\",\"url\":\"https:\/\/www.bbt.lv\/en\/\",\"logo\":{\"@type\":\"ImageObject\",\"inLanguage\":\"en-US\",\"@id\":\"https:\/\/www.bbt.lv\/en\/#\/schema\/logo\/image\/\",\"url\":\"https:\/\/www.bbt.lv\/wp-content\/uploads\/2019\/03\/BBT-logo-full-rgb.png\",\"contentUrl\":\"https:\/\/www.bbt.lv\/wp-content\/uploads\/2019\/03\/BBT-logo-full-rgb.png\",\"width\":802,\"height\":205,\"caption\":\"Baltijas Biroju Tehnolo\u0123ijas\"},\"image\":{\"@id\":\"https:\/\/www.bbt.lv\/en\/#\/schema\/logo\/image\/\"},\"sameAs\":[\"https:\/\/www.facebook.com\/lvbbt\/\",\"https:\/\/www.instagram.com\/bbt_lv\/\",\"https:\/\/www.linkedin.com\/company\/baltijas-biroju-tehnologijas-sia-bbt-\/\",\"https:\/\/www.youtube.com\/channel\/UCwNElYO6MpFUzK-v8ZSf4nw\"]}]}<\/script>\n<!-- \/ Yoast SEO plugin. -->","yoast_head_json":{"title":"Kamera Lumens VC-BC601P &#8226; BBT","robots":{"index":"index","follow":"follow","max-snippet":"max-snippet:-1","max-image-preview":"max-image-preview:large","max-video-preview":"max-video-preview:-1"},"canonical":"https:\/\/www.bbt.lv\/en\/produktu-katalogs\/videoconferencing-equipment\/videokonferencu-aprikojums-videokonferencu-aprikojums-en\/kamera-lumens-vc-bc601p\/","og_locale":"en_US","og_type":"article","og_title":"Kamera Lumens VC-BC601P &#8226; BBT","og_description":"Profesion\u0101la PTZ kamera, FHD @ 60fps, HDMI\/LAN\/3G-SDI, H.264 un H265 straum\u0113\u0161ana, POE baro\u0161ana","og_url":"https:\/\/www.bbt.lv\/en\/produktu-katalogs\/videoconferencing-equipment\/videokonferencu-aprikojums-videokonferencu-aprikojums-en\/kamera-lumens-vc-bc601p\/","og_site_name":"BBT","article_publisher":"https:\/\/www.facebook.com\/lvbbt\/","article_modified_time":"2026-04-16T20:17:44+00:00","og_image":[{"width":460,"height":345,"url":"https:\/\/www.bbt.lv\/wp-content\/uploads\/Store\/PTZ\/VC-BC601P\/VC-BC601P-5-year-warranty_2-460.png","type":"image\/png"}],"twitter_card":"summary_large_image","twitter_misc":{"Est. reading time":"1 minute"},"schema":{"@context":"https:\/\/schema.org","@graph":[{"@type":"WebPage","@id":"https:\/\/www.bbt.lv\/en\/produktu-katalogs\/videoconferencing-equipment\/videokonferencu-aprikojums-videokonferencu-aprikojums-en\/kamera-lumens-vc-bc601p\/","url":"https:\/\/www.bbt.lv\/en\/produktu-katalogs\/videoconferencing-equipment\/videokonferencu-aprikojums-videokonferencu-aprikojums-en\/kamera-lumens-vc-bc601p\/","name":"Kamera Lumens VC-BC601P &#8226; BBT","isPartOf":{"@id":"https:\/\/www.bbt.lv\/en\/#website"},"primaryImageOfPage":{"@id":"https:\/\/www.bbt.lv\/en\/produktu-katalogs\/videoconferencing-equipment\/videokonferencu-aprikojums-videokonferencu-aprikojums-en\/kamera-lumens-vc-bc601p\/#primaryimage"},"image":{"@id":"https:\/\/www.bbt.lv\/en\/produktu-katalogs\/videoconferencing-equipment\/videokonferencu-aprikojums-videokonferencu-aprikojums-en\/kamera-lumens-vc-bc601p\/#primaryimage"},"thumbnailUrl":"https:\/\/www.bbt.lv\/wp-content\/uploads\/Store\/PTZ\/VC-BC601P\/VC-BC601P-5-year-warranty_2-460.png","datePublished":"2020-05-12T21:04:02+00:00","dateModified":"2026-04-16T20:17:44+00:00","breadcrumb":{"@id":"https:\/\/www.bbt.lv\/en\/produktu-katalogs\/videoconferencing-equipment\/videokonferencu-aprikojums-videokonferencu-aprikojums-en\/kamera-lumens-vc-bc601p\/#breadcrumb"},"inLanguage":"en-US","potentialAction":[{"@type":"ReadAction","target":["https:\/\/www.bbt.lv\/en\/produktu-katalogs\/videoconferencing-equipment\/videokonferencu-aprikojums-videokonferencu-aprikojums-en\/kamera-lumens-vc-bc601p\/"]}]},{"@type":"ImageObject","inLanguage":"en-US","@id":"https:\/\/www.bbt.lv\/en\/produktu-katalogs\/videoconferencing-equipment\/videokonferencu-aprikojums-videokonferencu-aprikojums-en\/kamera-lumens-vc-bc601p\/#primaryimage","url":"https:\/\/www.bbt.lv\/wp-content\/uploads\/Store\/PTZ\/VC-BC601P\/VC-BC601P-5-year-warranty_2-460.png","contentUrl":"https:\/\/www.bbt.lv\/wp-content\/uploads\/Store\/PTZ\/VC-BC601P\/VC-BC601P-5-year-warranty_2-460.png","width":460,"height":345,"caption":"VC-BC601P - VC-BC601P-5-year-warranty_2-460.png"},{"@type":"BreadcrumbList","@id":"https:\/\/www.bbt.lv\/en\/produktu-katalogs\/videoconferencing-equipment\/videokonferencu-aprikojums-videokonferencu-aprikojums-en\/kamera-lumens-vc-bc601p\/#breadcrumb","itemListElement":[{"@type":"ListItem","position":1,"name":"Home","item":"https:\/\/www.bbt.lv\/en\/"},{"@type":"ListItem","position":2,"name":"Catalogue","item":"https:\/\/www.bbt.lv\/en\/catalogue\/"},{"@type":"ListItem","position":3,"name":"Kamera Lumens VC-BC601P"}]},{"@type":"WebSite","@id":"https:\/\/www.bbt.lv\/en\/#website","url":"https:\/\/www.bbt.lv\/en\/","name":"BBT","description":"Baltijas Biroju tehnolo\u0123ijas","publisher":{"@id":"https:\/\/www.bbt.lv\/en\/#organization"},"alternateName":"bbt.lv","potentialAction":[{"@type":"SearchAction","target":{"@type":"EntryPoint","urlTemplate":"https:\/\/www.bbt.lv\/en\/?s={search_term_string}"},"query-input":{"@type":"PropertyValueSpecification","valueRequired":true,"valueName":"search_term_string"}}],"inLanguage":"en-US"},{"@type":"Organization","@id":"https:\/\/www.bbt.lv\/en\/#organization","name":"Baltijas Biroju Tehnolo\u0123ijas","url":"https:\/\/www.bbt.lv\/en\/","logo":{"@type":"ImageObject","inLanguage":"en-US","@id":"https:\/\/www.bbt.lv\/en\/#\/schema\/logo\/image\/","url":"https:\/\/www.bbt.lv\/wp-content\/uploads\/2019\/03\/BBT-logo-full-rgb.png","contentUrl":"https:\/\/www.bbt.lv\/wp-content\/uploads\/2019\/03\/BBT-logo-full-rgb.png","width":802,"height":205,"caption":"Baltijas Biroju Tehnolo\u0123ijas"},"image":{"@id":"https:\/\/www.bbt.lv\/en\/#\/schema\/logo\/image\/"},"sameAs":["https:\/\/www.facebook.com\/lvbbt\/","https:\/\/www.instagram.com\/bbt_lv\/","https:\/\/www.linkedin.com\/company\/baltijas-biroju-tehnologijas-sia-bbt-\/","https:\/\/www.youtube.com\/channel\/UCwNElYO6MpFUzK-v8ZSf4nw"]}]}},"_links":{"self":[{"href":"https:\/\/www.bbt.lv\/en\/wp-json\/wp\/v2\/product\/30404"}],"collection":[{"href":"https:\/\/www.bbt.lv\/en\/wp-json\/wp\/v2\/product"}],"about":[{"href":"https:\/\/www.bbt.lv\/en\/wp-json\/wp\/v2\/types\/product"}],"wp:featuredmedia":[{"embeddable":true,"href":"https:\/\/www.bbt.lv\/en\/wp-json\/wp\/v2\/media\/30340"}],"wp:attachment":[{"href":"https:\/\/www.bbt.lv\/en\/wp-json\/wp\/v2\/media?parent=30404"}],"wp:term":[{"taxonomy":"product_cat","embeddable":true,"href":"https:\/\/www.bbt.lv\/en\/wp-json\/wp\/v2\/product_cat?post=30404"},{"taxonomy":"product_tag","embeddable":true,"href":"https:\/\/www.bbt.lv\/en\/wp-json\/wp\/v2\/product_tag?post=30404"}],"curies":[{"name":"wp","href":"https:\/\/api.w.org\/{rel}","templated":true}]}}