{"id":37847,"date":"2021-04-13T20:22:03","date_gmt":"2021-04-13T17:22:03","guid":{"rendered":"https:\/\/www.bbt.lv\/produktu-katalogs\/uncategorized\/lego-education-spike-prime-vadibas-bloks\/"},"modified":"2026-04-15T21:21:31","modified_gmt":"2026-04-15T18:21:31","slug":"lego-education-spike-prime-vadibas-bloks","status":"publish","type":"product","link":"https:\/\/www.bbt.lv\/en\/produktu-katalogs\/lego-en\/lego-skolam-papildinajumi-en\/lego-education-spike-prime-vadibas-bloks\/","title":{"rendered":"LEGO\u00ae Education SPIKE&#x2122; Prime vad\u012bbas bloks"},"content":{"rendered":"<div class=\"translateTextResult flex-fill h4 font-weight-normal\">\n<p id=\"mt-result-58\" class=\"mt-translation\"><span class=\"sentence sentence-58-0\"><span class=\"phrase phrase-58-0-1-2-3-4-5-6-7-8-9-10-11-12-13-14-15-16-17-18-19-20-21-22-23-24-25-26-27-28-29-30-31-32-33-34-35-36-37-38-39-40-41-42-43-44-45-46-47-48-49-50-51-52-53-54-55-56-57-58-59-60-61-62-63-64-65-66-67-68-69-70-0-1-2-3-4-5-6-7-8-9-10-11-12-13-14-15-16-17-18-19-20-21-22-23-24-25-26-27-28-29-30-31-32-33-34-35-36-37-38-39-40-41-42-43-44-45-46-47-48-49-50-51-52-53-54-55-56-57\"><span class=\"word word-58-0-0 word-58-1-0\">LEGO<\/span> <span class=\"word word-58-2-1 sibling-58-2-6\">\u00ae<\/span> <span class=\"word word-58-3-2\">Technic<\/span> <span class=\"word word-58-4-3\">&#x2122;<\/span> <span class=\"word word-58-5-4\">vad\u012bbas bloks<\/span> <span class=\"word word-58-2-6 sibling-58-2-1\">ir<\/span> <span class=\"word word-58-8-7 word-58-9-7\">moderna<\/span><span class=\"word word-58-18-8\">,<\/span> <span class=\"word word-58-10-9\">bet<\/span> <span class=\"word word-58-11-10\">vienk\u0101r\u0161i<\/span> <span class=\"word word-58-12-11 word-58-13-11 word-58-14-11 word-58-15-11\">lietojama<\/span> <span class=\"word word-58-16-12\">\u0137ie\u0123e\u013ca<\/span> <span class=\"word word-58-17-13\">veida<\/span> <span class=\"word word-58-19-14\">ier\u012bce<\/span> <span class=\"word word-58-20-15\">ar<\/span> <span class=\"word word-58-21-16 word-58-29-16\">6<\/span> <span class=\"word word-58-22-17\">ievades<\/span><span class=\"word word-58-23-18\">\/<\/span><span class=\"word word-58-24-19\">izvades<\/span> <span class=\"word word-58-25-20\">portiem<\/span> <span class=\"word word-58-28-21\">da\u017e\u0101du<\/span> <span class=\"word word-58-31-22\">sensoru<\/span> <span class=\"word word-58-30-23 word-58-32-23\">un<\/span> <span class=\"word word-58-33-24\">motoru<\/span> <span class=\"word word-58-27-25\">savieno\u0161anai<\/span><span class=\"word word-58-34-26\">,<\/span> <span class=\"word word-58-26-27 word-58-35-27 word-58-36-27\">piel\u0101gojamu<\/span> <span class=\"word word-58-37-28\">5<\/span> <span class=\"word word-58-38-29\">x<\/span> <span class=\"word word-58-39-30\">5<\/span> <span class=\"word word-58-40-31\">gaismas<\/span> <span class=\"word word-58-41-32\">matricu<\/span><span class=\"word word-58-42-33 word-58-52-33\">,<\/span> <span class=\"word word-58-43-34\">Bluetooth<\/span> <span class=\"word word-58-44-35\">savienojumu<\/span><span class=\"word word-58-45-36\">,<\/span> <span class=\"word word-58-46-37\">ska\u013cruni<\/span><span class=\"word word-58-47-38\">,<\/span> <span class=\"word word-58-48-39\">6<\/span> <span class=\"word word-58-49-40 word-58-50-40\">asu<\/span> <span class=\"word word-58-51-41\">\u017eirosensoru<\/span><span class=\"word word-58-57-42 sibling-58-57-51\">,<\/span> <span class=\"word word-58-53-43 sibling-58-53-44\">atk\u0101rtoti<\/span> <span class=\"word word-58-53-44 sibling-58-53-43\">l\u0101d\u0113jamu<\/span> <span class=\"word word-58-54-45 sibling-58-54-46\">litija<\/span> <span class=\"word word-58-54-46 sibling-58-54-45\">jonu<\/span> <span class=\"word word-58-55-47 word-58-63-47 word-58-64-47\">akumulatoru<\/span> <span class=\"word word-58-56-48\">un<\/span> mikro<span class=\"word word-58-69-49\">USB<\/span> <span class=\"word word-58-62-50\">portu<\/span> <span class=\"word word-58-57-51 sibling-58-57-42\">savienojam\u012bbai<\/span> <span class=\"word word-58-58-52 word-58-65-52\">ar<\/span> <span class=\"word word-58-66-53\">sader\u012bgiem<\/span> <span class=\"word word-58-67-54\">datoriem<\/span> <span class=\"word word-58-68-55\">un<\/span> <span class=\"word word-58-60-56 word-58-61-56\">plan\u0161etdatoriem<\/span><span class=\"word word-58-59-57 word-58-70-57\">.<\/span><\/span><\/span> <span class=\"sentence sentence-58-1\"><span class=\"phrase phrase-58-71-72-73-74-75-76-77-78-79-80-81-82-83-84-85-86-87-88-89-90-91-92-93-94-95-96-58-59-60-61-62-63-64-65-66-67-68-69-70-71-72-73-74-75-76-77-78-79-80-81-82\"><span class=\"word word-58-71-58 word-58-72-58\">Vad\u012bbas bloku<\/span> <span class=\"word word-58-74-60 word-58-76-60\">var<\/span> <span class=\"word word-58-77-61\">lietot <\/span><span class=\"word word-58-75-62\">ar\u012b<\/span> <span class=\"word word-58-78-63\">kop\u0101<\/span> <span class=\"word word-58-79-64\">ar<\/span> <span class=\"word word-58-80-65\">LEGO<\/span> <span class=\"word word-58-81-66\">Technic<\/span> <span class=\"word word-58-82-67\">un<\/span> <span class=\"word word-58-83-68\">System<\/span> <span class=\"word word-58-84-69\">elementiem<\/span><span class=\"word word-58-85-70 sibling-58-85-71\">,<\/span> <span class=\"word word-58-85-71 sibling-58-85-70\">lai<\/span> <span class=\"word word-58-86-72\">rad\u012btu<\/span> <span class=\"word word-58-87-73\">jaunus<\/span> <span class=\"word word-58-88-74\">robotus<\/span><span class=\"word word-58-89-75\">,<\/span> <span class=\"word word-58-90-76\">dinamiskas<\/span> <span class=\"word word-58-91-77\">ier\u012bces<\/span> <span class=\"word word-58-92-78\">un<\/span> <span class=\"word word-58-93-79\">citus<\/span> <span class=\"word word-58-94-80\">interakt\u012bvus<\/span> <span class=\"word word-58-95-81\">mode\u013cus<\/span><span class=\"word word-58-96-82\">.<\/span><\/span><\/span><\/p>\n<\/div>\n","protected":false},"excerpt":{"rendered":"<p>LEGO \u00ae Technic &#x2122; vad\u012bbas bloks ir moderna, bet vienk\u0101r\u0161i lietojama \u0137ie\u0123e\u013ca veida ier\u012bce ar 6 ievades\/izvades portiem da\u017e\u0101du sensoru&#8230;<\/p>\n","protected":false},"featured_media":37747,"template":"","meta":{"_acf_changed":false},"product_cat":[10176],"product_tag":[9574,8854,10170,10173],"acf":[],"yoast_head":"<!-- This site is optimized with the Yoast SEO plugin v23.5 - https:\/\/yoast.com\/wordpress\/plugins\/seo\/ -->\n<title>LEGO\u00ae Education SPIKE&#x2122; Prime vad\u012bbas bloks &#8226; BBT<\/title>\n<meta name=\"robots\" content=\"index, follow, max-snippet:-1, max-image-preview:large, max-video-preview:-1\" \/>\n<link rel=\"canonical\" href=\"https:\/\/www.bbt.lv\/en\/produktu-katalogs\/lego-en\/lego-skolam-papildinajumi-en\/lego-education-spike-prime-vadibas-bloks\/\" \/>\n<meta property=\"og:locale\" content=\"en_US\" \/>\n<meta property=\"og:type\" content=\"article\" \/>\n<meta property=\"og:title\" content=\"LEGO\u00ae Education SPIKE&#x2122; Prime vad\u012bbas bloks &#8226; BBT\" \/>\n<meta property=\"og:description\" content=\"LEGO \u00ae Technic &#x2122; vad\u012bbas bloks ir moderna, bet vienk\u0101r\u0161i lietojama \u0137ie\u0123e\u013ca veida ier\u012bce ar 6 ievades\/izvades portiem da\u017e\u0101du sensoru...\" \/>\n<meta property=\"og:url\" content=\"https:\/\/www.bbt.lv\/en\/produktu-katalogs\/lego-en\/lego-skolam-papildinajumi-en\/lego-education-spike-prime-vadibas-bloks\/\" \/>\n<meta property=\"og:site_name\" content=\"BBT\" \/>\n<meta property=\"article:publisher\" content=\"https:\/\/www.facebook.com\/lvbbt\/\" \/>\n<meta property=\"article:modified_time\" content=\"2026-04-15T18:21:31+00:00\" \/>\n<meta property=\"og:image\" content=\"https:\/\/www.bbt.lv\/wp-content\/uploads\/Store\/Lego-piederumi\/45601-Spike-Prime-Large-Hub\/45601-Spike-Prime-Large-Hub.jpg\" \/>\n\t<meta property=\"og:image:width\" content=\"486\" \/>\n\t<meta property=\"og:image:height\" content=\"716\" \/>\n\t<meta property=\"og:image:type\" content=\"image\/jpeg\" \/>\n<meta name=\"twitter:card\" content=\"summary_large_image\" \/>\n<meta name=\"twitter:label1\" content=\"Est. reading time\" \/>\n\t<meta name=\"twitter:data1\" content=\"1 minute\" \/>\n<script type=\"application\/ld+json\" class=\"yoast-schema-graph\">{\"@context\":\"https:\/\/schema.org\",\"@graph\":[{\"@type\":\"WebPage\",\"@id\":\"https:\/\/www.bbt.lv\/en\/produktu-katalogs\/lego-en\/lego-skolam-papildinajumi-en\/lego-education-spike-prime-vadibas-bloks\/\",\"url\":\"https:\/\/www.bbt.lv\/en\/produktu-katalogs\/lego-en\/lego-skolam-papildinajumi-en\/lego-education-spike-prime-vadibas-bloks\/\",\"name\":\"LEGO\u00ae Education SPIKE&#x2122; Prime vad\u012bbas bloks &#8226; BBT\",\"isPartOf\":{\"@id\":\"https:\/\/www.bbt.lv\/en\/#website\"},\"primaryImageOfPage\":{\"@id\":\"https:\/\/www.bbt.lv\/en\/produktu-katalogs\/lego-en\/lego-skolam-papildinajumi-en\/lego-education-spike-prime-vadibas-bloks\/#primaryimage\"},\"image\":{\"@id\":\"https:\/\/www.bbt.lv\/en\/produktu-katalogs\/lego-en\/lego-skolam-papildinajumi-en\/lego-education-spike-prime-vadibas-bloks\/#primaryimage\"},\"thumbnailUrl\":\"https:\/\/www.bbt.lv\/wp-content\/uploads\/Store\/Lego-piederumi\/45601-Spike-Prime-Large-Hub\/45601-Spike-Prime-Large-Hub.jpg\",\"datePublished\":\"2021-04-13T17:22:03+00:00\",\"dateModified\":\"2026-04-15T18:21:31+00:00\",\"breadcrumb\":{\"@id\":\"https:\/\/www.bbt.lv\/en\/produktu-katalogs\/lego-en\/lego-skolam-papildinajumi-en\/lego-education-spike-prime-vadibas-bloks\/#breadcrumb\"},\"inLanguage\":\"en-US\",\"potentialAction\":[{\"@type\":\"ReadAction\",\"target\":[\"https:\/\/www.bbt.lv\/en\/produktu-katalogs\/lego-en\/lego-skolam-papildinajumi-en\/lego-education-spike-prime-vadibas-bloks\/\"]}]},{\"@type\":\"ImageObject\",\"inLanguage\":\"en-US\",\"@id\":\"https:\/\/www.bbt.lv\/en\/produktu-katalogs\/lego-en\/lego-skolam-papildinajumi-en\/lego-education-spike-prime-vadibas-bloks\/#primaryimage\",\"url\":\"https:\/\/www.bbt.lv\/wp-content\/uploads\/Store\/Lego-piederumi\/45601-Spike-Prime-Large-Hub\/45601-Spike-Prime-Large-Hub.jpg\",\"contentUrl\":\"https:\/\/www.bbt.lv\/wp-content\/uploads\/Store\/Lego-piederumi\/45601-Spike-Prime-Large-Hub\/45601-Spike-Prime-Large-Hub.jpg\",\"width\":486,\"height\":716},{\"@type\":\"BreadcrumbList\",\"@id\":\"https:\/\/www.bbt.lv\/en\/produktu-katalogs\/lego-en\/lego-skolam-papildinajumi-en\/lego-education-spike-prime-vadibas-bloks\/#breadcrumb\",\"itemListElement\":[{\"@type\":\"ListItem\",\"position\":1,\"name\":\"Home\",\"item\":\"https:\/\/www.bbt.lv\/en\/\"},{\"@type\":\"ListItem\",\"position\":2,\"name\":\"Catalogue\",\"item\":\"https:\/\/www.bbt.lv\/en\/catalogue\/\"},{\"@type\":\"ListItem\",\"position\":3,\"name\":\"LEGO\u00ae Education SPIKE&#x2122; Prime vad\u012bbas bloks\"}]},{\"@type\":\"WebSite\",\"@id\":\"https:\/\/www.bbt.lv\/en\/#website\",\"url\":\"https:\/\/www.bbt.lv\/en\/\",\"name\":\"BBT\",\"description\":\"Baltijas Biroju tehnolo\u0123ijas\",\"publisher\":{\"@id\":\"https:\/\/www.bbt.lv\/en\/#organization\"},\"alternateName\":\"bbt.lv\",\"potentialAction\":[{\"@type\":\"SearchAction\",\"target\":{\"@type\":\"EntryPoint\",\"urlTemplate\":\"https:\/\/www.bbt.lv\/en\/?s={search_term_string}\"},\"query-input\":{\"@type\":\"PropertyValueSpecification\",\"valueRequired\":true,\"valueName\":\"search_term_string\"}}],\"inLanguage\":\"en-US\"},{\"@type\":\"Organization\",\"@id\":\"https:\/\/www.bbt.lv\/en\/#organization\",\"name\":\"Baltijas Biroju Tehnolo\u0123ijas\",\"url\":\"https:\/\/www.bbt.lv\/en\/\",\"logo\":{\"@type\":\"ImageObject\",\"inLanguage\":\"en-US\",\"@id\":\"https:\/\/www.bbt.lv\/en\/#\/schema\/logo\/image\/\",\"url\":\"https:\/\/www.bbt.lv\/wp-content\/uploads\/2019\/03\/BBT-logo-full-rgb.png\",\"contentUrl\":\"https:\/\/www.bbt.lv\/wp-content\/uploads\/2019\/03\/BBT-logo-full-rgb.png\",\"width\":802,\"height\":205,\"caption\":\"Baltijas Biroju Tehnolo\u0123ijas\"},\"image\":{\"@id\":\"https:\/\/www.bbt.lv\/en\/#\/schema\/logo\/image\/\"},\"sameAs\":[\"https:\/\/www.facebook.com\/lvbbt\/\",\"https:\/\/www.instagram.com\/bbt_lv\/\",\"https:\/\/www.linkedin.com\/company\/baltijas-biroju-tehnologijas-sia-bbt-\/\",\"https:\/\/www.youtube.com\/channel\/UCwNElYO6MpFUzK-v8ZSf4nw\"]}]}<\/script>\n<!-- \/ Yoast SEO plugin. -->","yoast_head_json":{"title":"LEGO\u00ae Education SPIKE&#x2122; Prime vad\u012bbas bloks &#8226; BBT","robots":{"index":"index","follow":"follow","max-snippet":"max-snippet:-1","max-image-preview":"max-image-preview:large","max-video-preview":"max-video-preview:-1"},"canonical":"https:\/\/www.bbt.lv\/en\/produktu-katalogs\/lego-en\/lego-skolam-papildinajumi-en\/lego-education-spike-prime-vadibas-bloks\/","og_locale":"en_US","og_type":"article","og_title":"LEGO\u00ae Education SPIKE&#x2122; Prime vad\u012bbas bloks &#8226; BBT","og_description":"LEGO \u00ae Technic &#x2122; vad\u012bbas bloks ir moderna, bet vienk\u0101r\u0161i lietojama \u0137ie\u0123e\u013ca veida ier\u012bce ar 6 ievades\/izvades portiem da\u017e\u0101du sensoru...","og_url":"https:\/\/www.bbt.lv\/en\/produktu-katalogs\/lego-en\/lego-skolam-papildinajumi-en\/lego-education-spike-prime-vadibas-bloks\/","og_site_name":"BBT","article_publisher":"https:\/\/www.facebook.com\/lvbbt\/","article_modified_time":"2026-04-15T18:21:31+00:00","og_image":[{"width":486,"height":716,"url":"https:\/\/www.bbt.lv\/wp-content\/uploads\/Store\/Lego-piederumi\/45601-Spike-Prime-Large-Hub\/45601-Spike-Prime-Large-Hub.jpg","type":"image\/jpeg"}],"twitter_card":"summary_large_image","twitter_misc":{"Est. reading time":"1 minute"},"schema":{"@context":"https:\/\/schema.org","@graph":[{"@type":"WebPage","@id":"https:\/\/www.bbt.lv\/en\/produktu-katalogs\/lego-en\/lego-skolam-papildinajumi-en\/lego-education-spike-prime-vadibas-bloks\/","url":"https:\/\/www.bbt.lv\/en\/produktu-katalogs\/lego-en\/lego-skolam-papildinajumi-en\/lego-education-spike-prime-vadibas-bloks\/","name":"LEGO\u00ae Education SPIKE&#x2122; Prime vad\u012bbas bloks &#8226; BBT","isPartOf":{"@id":"https:\/\/www.bbt.lv\/en\/#website"},"primaryImageOfPage":{"@id":"https:\/\/www.bbt.lv\/en\/produktu-katalogs\/lego-en\/lego-skolam-papildinajumi-en\/lego-education-spike-prime-vadibas-bloks\/#primaryimage"},"image":{"@id":"https:\/\/www.bbt.lv\/en\/produktu-katalogs\/lego-en\/lego-skolam-papildinajumi-en\/lego-education-spike-prime-vadibas-bloks\/#primaryimage"},"thumbnailUrl":"https:\/\/www.bbt.lv\/wp-content\/uploads\/Store\/Lego-piederumi\/45601-Spike-Prime-Large-Hub\/45601-Spike-Prime-Large-Hub.jpg","datePublished":"2021-04-13T17:22:03+00:00","dateModified":"2026-04-15T18:21:31+00:00","breadcrumb":{"@id":"https:\/\/www.bbt.lv\/en\/produktu-katalogs\/lego-en\/lego-skolam-papildinajumi-en\/lego-education-spike-prime-vadibas-bloks\/#breadcrumb"},"inLanguage":"en-US","potentialAction":[{"@type":"ReadAction","target":["https:\/\/www.bbt.lv\/en\/produktu-katalogs\/lego-en\/lego-skolam-papildinajumi-en\/lego-education-spike-prime-vadibas-bloks\/"]}]},{"@type":"ImageObject","inLanguage":"en-US","@id":"https:\/\/www.bbt.lv\/en\/produktu-katalogs\/lego-en\/lego-skolam-papildinajumi-en\/lego-education-spike-prime-vadibas-bloks\/#primaryimage","url":"https:\/\/www.bbt.lv\/wp-content\/uploads\/Store\/Lego-piederumi\/45601-Spike-Prime-Large-Hub\/45601-Spike-Prime-Large-Hub.jpg","contentUrl":"https:\/\/www.bbt.lv\/wp-content\/uploads\/Store\/Lego-piederumi\/45601-Spike-Prime-Large-Hub\/45601-Spike-Prime-Large-Hub.jpg","width":486,"height":716},{"@type":"BreadcrumbList","@id":"https:\/\/www.bbt.lv\/en\/produktu-katalogs\/lego-en\/lego-skolam-papildinajumi-en\/lego-education-spike-prime-vadibas-bloks\/#breadcrumb","itemListElement":[{"@type":"ListItem","position":1,"name":"Home","item":"https:\/\/www.bbt.lv\/en\/"},{"@type":"ListItem","position":2,"name":"Catalogue","item":"https:\/\/www.bbt.lv\/en\/catalogue\/"},{"@type":"ListItem","position":3,"name":"LEGO\u00ae Education SPIKE&#x2122; Prime vad\u012bbas bloks"}]},{"@type":"WebSite","@id":"https:\/\/www.bbt.lv\/en\/#website","url":"https:\/\/www.bbt.lv\/en\/","name":"BBT","description":"Baltijas Biroju tehnolo\u0123ijas","publisher":{"@id":"https:\/\/www.bbt.lv\/en\/#organization"},"alternateName":"bbt.lv","potentialAction":[{"@type":"SearchAction","target":{"@type":"EntryPoint","urlTemplate":"https:\/\/www.bbt.lv\/en\/?s={search_term_string}"},"query-input":{"@type":"PropertyValueSpecification","valueRequired":true,"valueName":"search_term_string"}}],"inLanguage":"en-US"},{"@type":"Organization","@id":"https:\/\/www.bbt.lv\/en\/#organization","name":"Baltijas Biroju Tehnolo\u0123ijas","url":"https:\/\/www.bbt.lv\/en\/","logo":{"@type":"ImageObject","inLanguage":"en-US","@id":"https:\/\/www.bbt.lv\/en\/#\/schema\/logo\/image\/","url":"https:\/\/www.bbt.lv\/wp-content\/uploads\/2019\/03\/BBT-logo-full-rgb.png","contentUrl":"https:\/\/www.bbt.lv\/wp-content\/uploads\/2019\/03\/BBT-logo-full-rgb.png","width":802,"height":205,"caption":"Baltijas Biroju Tehnolo\u0123ijas"},"image":{"@id":"https:\/\/www.bbt.lv\/en\/#\/schema\/logo\/image\/"},"sameAs":["https:\/\/www.facebook.com\/lvbbt\/","https:\/\/www.instagram.com\/bbt_lv\/","https:\/\/www.linkedin.com\/company\/baltijas-biroju-tehnologijas-sia-bbt-\/","https:\/\/www.youtube.com\/channel\/UCwNElYO6MpFUzK-v8ZSf4nw"]}]}},"_links":{"self":[{"href":"https:\/\/www.bbt.lv\/en\/wp-json\/wp\/v2\/product\/37847"}],"collection":[{"href":"https:\/\/www.bbt.lv\/en\/wp-json\/wp\/v2\/product"}],"about":[{"href":"https:\/\/www.bbt.lv\/en\/wp-json\/wp\/v2\/types\/product"}],"wp:featuredmedia":[{"embeddable":true,"href":"https:\/\/www.bbt.lv\/en\/wp-json\/wp\/v2\/media\/37747"}],"wp:attachment":[{"href":"https:\/\/www.bbt.lv\/en\/wp-json\/wp\/v2\/media?parent=37847"}],"wp:term":[{"taxonomy":"product_cat","embeddable":true,"href":"https:\/\/www.bbt.lv\/en\/wp-json\/wp\/v2\/product_cat?post=37847"},{"taxonomy":"product_tag","embeddable":true,"href":"https:\/\/www.bbt.lv\/en\/wp-json\/wp\/v2\/product_tag?post=37847"}],"curies":[{"name":"wp","href":"https:\/\/api.w.org\/{rel}","templated":true}]}}