{"id":38084,"date":"2021-04-21T21:50:42","date_gmt":"2021-04-21T18:50:42","guid":{"rendered":"https:\/\/www.bbt.lv\/produktu-katalogs\/uncategorized\/lego-education-bricq-motion-essential-komplekts\/"},"modified":"2026-04-15T06:19:35","modified_gmt":"2026-04-15T03:19:35","slug":"lego-education-bricq-motion-essential-komplekts","status":"publish","type":"product","link":"https:\/\/www.bbt.lv\/en\/produktu-katalogs\/lego-en\/lego-education-en\/lego-education-bricq-motion-essential-komplekts\/","title":{"rendered":"LEGO\u00ae Education BricQ Motion Essential Set konstruktors. Ieteicamais vecums: 6+ gadi"},"content":{"rendered":"<p>Ieteicamais vecums 6+ gadi<\/p>\n<p>523 deta\u013cas<\/p>\n<p>LEGO \u00ae Education BricQ Motion ir jaun\u0101kais pied\u0101v\u0101jums STEAM \u00a0risin\u0101jumos, kas veicin\u0101s skol\u0113nu \u00a0rado\u0161umu, sadarb\u012bbu un probl\u0113mu risin\u0101\u0161anas prasmes re\u0101laj\u0101 pasaul\u0113, balstoties ieg\u016btaj\u0101 pieredz\u0113.<\/p>\n<p><strong>Eksakto<\/strong> <strong>zin\u0101t\u0146u<\/strong> <strong>apguve tagad ir padar\u012bta \u0113rt\u0101ka<\/strong><br \/>\nAr BricQ Motion skol\u0113ni \u00a0eksperiment\u0113 ar sp\u0113kiem, kust\u012bb\u0101m un mijiedarb\u012bbu, ko nodro\u0161ina \u012bpa\u0161i LEGO elementi, piem\u0113ram, zobrati, sviras, asis un tr\u012b\u0161i<\/p>\n<p><strong>Iesaisto\u0161as,<\/strong> <strong>ar<\/strong> <strong>sportu<\/strong> <strong>saist\u012btas<\/strong> <strong>m\u0101c\u012bbas<\/strong><br \/>\nVisi nodarb\u012bbu pl\u0101ni un maketi programm\u0101 BricQ Motion ir saist\u012bti ar sportu, padarot m\u0101c\u012b\u0161anos sadz\u012bviski saisto\u0161u un b\u016btisku.<\/p>\n<p><strong>Nodarb\u012bbas ir piel\u0101gotas NGSS<br \/>\n<\/strong>BRICQ Motion \u00a0nodarb\u012bbas ir piel\u0101gotas Next Generation Science Standards (NGSS) pamatskolai, nodro\u0161inot skol\u0113niem visp\u0101r\u0113ju izpratni par dabaszin\u0101tn\u0113m.<\/p>\n<p><strong>Klas\u0113 ,<\/strong> <strong>m\u0101j\u0101s<\/strong> <strong>vai<\/strong> <strong>kur<\/strong> <strong>citur<\/strong><br \/>\nBRICQ Mode padara m\u0101c\u012bbas elast\u012bgas \u2013 pasniedz\u0113ji var apvienot klases komplektus ar skol\u0113nu individu\u0101lo apm\u0101c\u012bbu komplektiem, lai nodro\u0161in\u0101tu iesaisti un nep\u0101rtraukt\u012bbu, neatkar\u012bgi no t\u0101, kur notiek m\u0101c\u012b\u0161an\u0101s.<\/p>\n<p><strong>Nav nepiecie\u0161ama IT tehnika<\/strong><\/p>\n<p>BRICQ Motion nav nepiecie\u0161ama papildus tehnika (dators, plan\u0161ete vai telefons), lai ar to darbotos. Visa darb\u012bba ir balst\u012bta uz da\u013cu savstarp\u0113jo mijiedarb\u012bbu un fizikas pamatprincipiem.<\/p>\n","protected":false},"excerpt":{"rendered":"<p>Ieteicamais vecums 6+ gadi 523 deta\u013cas LEGO \u00ae Education BricQ Motion ir jaun\u0101kais pied\u0101v\u0101jums STEAM \u00a0risin\u0101jumos, kas veicin\u0101s skol\u0113nu \u00a0rado\u0161umu,&#8230;<\/p>\n","protected":false},"featured_media":37984,"template":"","meta":{"_acf_changed":false},"product_cat":[6543],"product_tag":[10215,9574,8854,10170],"acf":[],"yoast_head":"<!-- This site is optimized with the Yoast SEO plugin v23.5 - https:\/\/yoast.com\/wordpress\/plugins\/seo\/ -->\n<title>LEGO\u00ae Education BricQ Motion Essential Set konstruktors. Ieteicamais vecums: 6+ gadi &#8226; BBT<\/title>\n<meta name=\"robots\" content=\"index, follow, max-snippet:-1, max-image-preview:large, max-video-preview:-1\" \/>\n<link rel=\"canonical\" href=\"https:\/\/www.bbt.lv\/en\/produktu-katalogs\/lego-en\/lego-education-en\/lego-education-bricq-motion-essential-komplekts\/\" \/>\n<meta property=\"og:locale\" content=\"en_US\" \/>\n<meta property=\"og:type\" content=\"article\" \/>\n<meta property=\"og:title\" content=\"LEGO\u00ae Education BricQ Motion Essential Set konstruktors. Ieteicamais vecums: 6+ gadi &#8226; BBT\" \/>\n<meta property=\"og:description\" content=\"Ieteicamais vecums 6+ gadi 523 deta\u013cas LEGO \u00ae Education BricQ Motion ir jaun\u0101kais pied\u0101v\u0101jums STEAM \u00a0risin\u0101jumos, kas veicin\u0101s skol\u0113nu \u00a0rado\u0161umu,...\" \/>\n<meta property=\"og:url\" content=\"https:\/\/www.bbt.lv\/en\/produktu-katalogs\/lego-en\/lego-education-en\/lego-education-bricq-motion-essential-komplekts\/\" \/>\n<meta property=\"og:site_name\" content=\"BBT\" \/>\n<meta property=\"article:publisher\" content=\"https:\/\/www.facebook.com\/lvbbt\/\" \/>\n<meta property=\"article:modified_time\" content=\"2026-04-15T03:19:35+00:00\" \/>\n<meta property=\"og:image\" content=\"https:\/\/www.bbt.lv\/wp-content\/uploads\/Store\/Lego\/45401-BricQ-Motion-Essential\/45401-BricQ-Motion-Essential-30.jpg\" \/>\n\t<meta property=\"og:image:width\" content=\"1200\" \/>\n\t<meta property=\"og:image:height\" content=\"1200\" \/>\n\t<meta property=\"og:image:type\" content=\"image\/jpeg\" \/>\n<meta name=\"twitter:card\" content=\"summary_large_image\" \/>\n<meta name=\"twitter:label1\" content=\"Est. reading time\" \/>\n\t<meta name=\"twitter:data1\" content=\"2 minutes\" \/>\n<script type=\"application\/ld+json\" class=\"yoast-schema-graph\">{\"@context\":\"https:\/\/schema.org\",\"@graph\":[{\"@type\":\"WebPage\",\"@id\":\"https:\/\/www.bbt.lv\/en\/produktu-katalogs\/lego-en\/lego-education-en\/lego-education-bricq-motion-essential-komplekts\/\",\"url\":\"https:\/\/www.bbt.lv\/en\/produktu-katalogs\/lego-en\/lego-education-en\/lego-education-bricq-motion-essential-komplekts\/\",\"name\":\"LEGO\u00ae Education BricQ Motion Essential Set konstruktors. Ieteicamais vecums: 6+ gadi &#8226; BBT\",\"isPartOf\":{\"@id\":\"https:\/\/www.bbt.lv\/en\/#website\"},\"primaryImageOfPage\":{\"@id\":\"https:\/\/www.bbt.lv\/en\/produktu-katalogs\/lego-en\/lego-education-en\/lego-education-bricq-motion-essential-komplekts\/#primaryimage\"},\"image\":{\"@id\":\"https:\/\/www.bbt.lv\/en\/produktu-katalogs\/lego-en\/lego-education-en\/lego-education-bricq-motion-essential-komplekts\/#primaryimage\"},\"thumbnailUrl\":\"https:\/\/www.bbt.lv\/wp-content\/uploads\/Store\/Lego\/45401-BricQ-Motion-Essential\/45401-BricQ-Motion-Essential-30.jpg\",\"datePublished\":\"2021-04-21T18:50:42+00:00\",\"dateModified\":\"2026-04-15T03:19:35+00:00\",\"breadcrumb\":{\"@id\":\"https:\/\/www.bbt.lv\/en\/produktu-katalogs\/lego-en\/lego-education-en\/lego-education-bricq-motion-essential-komplekts\/#breadcrumb\"},\"inLanguage\":\"en-US\",\"potentialAction\":[{\"@type\":\"ReadAction\",\"target\":[\"https:\/\/www.bbt.lv\/en\/produktu-katalogs\/lego-en\/lego-education-en\/lego-education-bricq-motion-essential-komplekts\/\"]}]},{\"@type\":\"ImageObject\",\"inLanguage\":\"en-US\",\"@id\":\"https:\/\/www.bbt.lv\/en\/produktu-katalogs\/lego-en\/lego-education-en\/lego-education-bricq-motion-essential-komplekts\/#primaryimage\",\"url\":\"https:\/\/www.bbt.lv\/wp-content\/uploads\/Store\/Lego\/45401-BricQ-Motion-Essential\/45401-BricQ-Motion-Essential-30.jpg\",\"contentUrl\":\"https:\/\/www.bbt.lv\/wp-content\/uploads\/Store\/Lego\/45401-BricQ-Motion-Essential\/45401-BricQ-Motion-Essential-30.jpg\",\"width\":1200,\"height\":1200},{\"@type\":\"BreadcrumbList\",\"@id\":\"https:\/\/www.bbt.lv\/en\/produktu-katalogs\/lego-en\/lego-education-en\/lego-education-bricq-motion-essential-komplekts\/#breadcrumb\",\"itemListElement\":[{\"@type\":\"ListItem\",\"position\":1,\"name\":\"Home\",\"item\":\"https:\/\/www.bbt.lv\/en\/\"},{\"@type\":\"ListItem\",\"position\":2,\"name\":\"Catalogue\",\"item\":\"https:\/\/www.bbt.lv\/en\/catalogue\/\"},{\"@type\":\"ListItem\",\"position\":3,\"name\":\"LEGO\u00ae Education BricQ Motion Essential Set konstruktors. Ieteicamais vecums: 6+ gadi\"}]},{\"@type\":\"WebSite\",\"@id\":\"https:\/\/www.bbt.lv\/en\/#website\",\"url\":\"https:\/\/www.bbt.lv\/en\/\",\"name\":\"BBT\",\"description\":\"Baltijas Biroju tehnolo\u0123ijas\",\"publisher\":{\"@id\":\"https:\/\/www.bbt.lv\/en\/#organization\"},\"alternateName\":\"bbt.lv\",\"potentialAction\":[{\"@type\":\"SearchAction\",\"target\":{\"@type\":\"EntryPoint\",\"urlTemplate\":\"https:\/\/www.bbt.lv\/en\/?s={search_term_string}\"},\"query-input\":{\"@type\":\"PropertyValueSpecification\",\"valueRequired\":true,\"valueName\":\"search_term_string\"}}],\"inLanguage\":\"en-US\"},{\"@type\":\"Organization\",\"@id\":\"https:\/\/www.bbt.lv\/en\/#organization\",\"name\":\"Baltijas Biroju Tehnolo\u0123ijas\",\"url\":\"https:\/\/www.bbt.lv\/en\/\",\"logo\":{\"@type\":\"ImageObject\",\"inLanguage\":\"en-US\",\"@id\":\"https:\/\/www.bbt.lv\/en\/#\/schema\/logo\/image\/\",\"url\":\"https:\/\/www.bbt.lv\/wp-content\/uploads\/2019\/03\/BBT-logo-full-rgb.png\",\"contentUrl\":\"https:\/\/www.bbt.lv\/wp-content\/uploads\/2019\/03\/BBT-logo-full-rgb.png\",\"width\":802,\"height\":205,\"caption\":\"Baltijas Biroju Tehnolo\u0123ijas\"},\"image\":{\"@id\":\"https:\/\/www.bbt.lv\/en\/#\/schema\/logo\/image\/\"},\"sameAs\":[\"https:\/\/www.facebook.com\/lvbbt\/\",\"https:\/\/www.instagram.com\/bbt_lv\/\",\"https:\/\/www.linkedin.com\/company\/baltijas-biroju-tehnologijas-sia-bbt-\/\",\"https:\/\/www.youtube.com\/channel\/UCwNElYO6MpFUzK-v8ZSf4nw\"]}]}<\/script>\n<!-- \/ Yoast SEO plugin. -->","yoast_head_json":{"title":"LEGO\u00ae Education BricQ Motion Essential Set konstruktors. Ieteicamais vecums: 6+ gadi &#8226; BBT","robots":{"index":"index","follow":"follow","max-snippet":"max-snippet:-1","max-image-preview":"max-image-preview:large","max-video-preview":"max-video-preview:-1"},"canonical":"https:\/\/www.bbt.lv\/en\/produktu-katalogs\/lego-en\/lego-education-en\/lego-education-bricq-motion-essential-komplekts\/","og_locale":"en_US","og_type":"article","og_title":"LEGO\u00ae Education BricQ Motion Essential Set konstruktors. Ieteicamais vecums: 6+ gadi &#8226; BBT","og_description":"Ieteicamais vecums 6+ gadi 523 deta\u013cas LEGO \u00ae Education BricQ Motion ir jaun\u0101kais pied\u0101v\u0101jums STEAM \u00a0risin\u0101jumos, kas veicin\u0101s skol\u0113nu \u00a0rado\u0161umu,...","og_url":"https:\/\/www.bbt.lv\/en\/produktu-katalogs\/lego-en\/lego-education-en\/lego-education-bricq-motion-essential-komplekts\/","og_site_name":"BBT","article_publisher":"https:\/\/www.facebook.com\/lvbbt\/","article_modified_time":"2026-04-15T03:19:35+00:00","og_image":[{"width":1200,"height":1200,"url":"https:\/\/www.bbt.lv\/wp-content\/uploads\/Store\/Lego\/45401-BricQ-Motion-Essential\/45401-BricQ-Motion-Essential-30.jpg","type":"image\/jpeg"}],"twitter_card":"summary_large_image","twitter_misc":{"Est. reading time":"2 minutes"},"schema":{"@context":"https:\/\/schema.org","@graph":[{"@type":"WebPage","@id":"https:\/\/www.bbt.lv\/en\/produktu-katalogs\/lego-en\/lego-education-en\/lego-education-bricq-motion-essential-komplekts\/","url":"https:\/\/www.bbt.lv\/en\/produktu-katalogs\/lego-en\/lego-education-en\/lego-education-bricq-motion-essential-komplekts\/","name":"LEGO\u00ae Education BricQ Motion Essential Set konstruktors. Ieteicamais vecums: 6+ gadi &#8226; BBT","isPartOf":{"@id":"https:\/\/www.bbt.lv\/en\/#website"},"primaryImageOfPage":{"@id":"https:\/\/www.bbt.lv\/en\/produktu-katalogs\/lego-en\/lego-education-en\/lego-education-bricq-motion-essential-komplekts\/#primaryimage"},"image":{"@id":"https:\/\/www.bbt.lv\/en\/produktu-katalogs\/lego-en\/lego-education-en\/lego-education-bricq-motion-essential-komplekts\/#primaryimage"},"thumbnailUrl":"https:\/\/www.bbt.lv\/wp-content\/uploads\/Store\/Lego\/45401-BricQ-Motion-Essential\/45401-BricQ-Motion-Essential-30.jpg","datePublished":"2021-04-21T18:50:42+00:00","dateModified":"2026-04-15T03:19:35+00:00","breadcrumb":{"@id":"https:\/\/www.bbt.lv\/en\/produktu-katalogs\/lego-en\/lego-education-en\/lego-education-bricq-motion-essential-komplekts\/#breadcrumb"},"inLanguage":"en-US","potentialAction":[{"@type":"ReadAction","target":["https:\/\/www.bbt.lv\/en\/produktu-katalogs\/lego-en\/lego-education-en\/lego-education-bricq-motion-essential-komplekts\/"]}]},{"@type":"ImageObject","inLanguage":"en-US","@id":"https:\/\/www.bbt.lv\/en\/produktu-katalogs\/lego-en\/lego-education-en\/lego-education-bricq-motion-essential-komplekts\/#primaryimage","url":"https:\/\/www.bbt.lv\/wp-content\/uploads\/Store\/Lego\/45401-BricQ-Motion-Essential\/45401-BricQ-Motion-Essential-30.jpg","contentUrl":"https:\/\/www.bbt.lv\/wp-content\/uploads\/Store\/Lego\/45401-BricQ-Motion-Essential\/45401-BricQ-Motion-Essential-30.jpg","width":1200,"height":1200},{"@type":"BreadcrumbList","@id":"https:\/\/www.bbt.lv\/en\/produktu-katalogs\/lego-en\/lego-education-en\/lego-education-bricq-motion-essential-komplekts\/#breadcrumb","itemListElement":[{"@type":"ListItem","position":1,"name":"Home","item":"https:\/\/www.bbt.lv\/en\/"},{"@type":"ListItem","position":2,"name":"Catalogue","item":"https:\/\/www.bbt.lv\/en\/catalogue\/"},{"@type":"ListItem","position":3,"name":"LEGO\u00ae Education BricQ Motion Essential Set konstruktors. Ieteicamais vecums: 6+ gadi"}]},{"@type":"WebSite","@id":"https:\/\/www.bbt.lv\/en\/#website","url":"https:\/\/www.bbt.lv\/en\/","name":"BBT","description":"Baltijas Biroju tehnolo\u0123ijas","publisher":{"@id":"https:\/\/www.bbt.lv\/en\/#organization"},"alternateName":"bbt.lv","potentialAction":[{"@type":"SearchAction","target":{"@type":"EntryPoint","urlTemplate":"https:\/\/www.bbt.lv\/en\/?s={search_term_string}"},"query-input":{"@type":"PropertyValueSpecification","valueRequired":true,"valueName":"search_term_string"}}],"inLanguage":"en-US"},{"@type":"Organization","@id":"https:\/\/www.bbt.lv\/en\/#organization","name":"Baltijas Biroju Tehnolo\u0123ijas","url":"https:\/\/www.bbt.lv\/en\/","logo":{"@type":"ImageObject","inLanguage":"en-US","@id":"https:\/\/www.bbt.lv\/en\/#\/schema\/logo\/image\/","url":"https:\/\/www.bbt.lv\/wp-content\/uploads\/2019\/03\/BBT-logo-full-rgb.png","contentUrl":"https:\/\/www.bbt.lv\/wp-content\/uploads\/2019\/03\/BBT-logo-full-rgb.png","width":802,"height":205,"caption":"Baltijas Biroju Tehnolo\u0123ijas"},"image":{"@id":"https:\/\/www.bbt.lv\/en\/#\/schema\/logo\/image\/"},"sameAs":["https:\/\/www.facebook.com\/lvbbt\/","https:\/\/www.instagram.com\/bbt_lv\/","https:\/\/www.linkedin.com\/company\/baltijas-biroju-tehnologijas-sia-bbt-\/","https:\/\/www.youtube.com\/channel\/UCwNElYO6MpFUzK-v8ZSf4nw"]}]}},"_links":{"self":[{"href":"https:\/\/www.bbt.lv\/en\/wp-json\/wp\/v2\/product\/38084"}],"collection":[{"href":"https:\/\/www.bbt.lv\/en\/wp-json\/wp\/v2\/product"}],"about":[{"href":"https:\/\/www.bbt.lv\/en\/wp-json\/wp\/v2\/types\/product"}],"wp:featuredmedia":[{"embeddable":true,"href":"https:\/\/www.bbt.lv\/en\/wp-json\/wp\/v2\/media\/37984"}],"wp:attachment":[{"href":"https:\/\/www.bbt.lv\/en\/wp-json\/wp\/v2\/media?parent=38084"}],"wp:term":[{"taxonomy":"product_cat","embeddable":true,"href":"https:\/\/www.bbt.lv\/en\/wp-json\/wp\/v2\/product_cat?post=38084"},{"taxonomy":"product_tag","embeddable":true,"href":"https:\/\/www.bbt.lv\/en\/wp-json\/wp\/v2\/product_tag?post=38084"}],"curies":[{"name":"wp","href":"https:\/\/api.w.org\/{rel}","templated":true}]}}