{"id":42795,"date":"2017-10-25T08:32:15","date_gmt":"2017-10-25T05:32:15","guid":{"rendered":"https:\/\/www.bbt.lv\/produktu-katalogs\/uncategorized\/dc193-2\/"},"modified":"2026-04-13T14:01:10","modified_gmt":"2026-04-13T11:01:10","slug":"dc193-2","status":"publish","type":"product","link":"https:\/\/www.bbt.lv\/en\/produktu-katalogs\/uncategorized-lv-en\/dc193-2\/","title":{"rendered":"Dokumentu kamera Lumens DC193"},"content":{"rendered":"<p>Iz\u0161\u0137irtsp\u0113ja 1080p<br \/>\nOptisk\u0101 t\u0101lummai\u0146a 20x (10x optical, 2x sensor zoom)<br \/>\nMeh\u0101nisk\u0101 t\u0101lummai\u0146a 10x<br \/>\nDigit\u0101l\u0101 t\u0101lummai\u0146a 12x<\/p>\n<p>Att\u0113la uz\u0146em\u0161ana 30fps<\/p>\n<p>Iz\u0161kirtsp\u0113ja 3 Megapikse\u013ci<\/p>\n<p>Ieejas- 1xUSB; 1xVGA; 1xHDMI<\/p>\n<p>Izejas: 1xVGA; 1xHDMI; 1xC-video; RS232;<\/p>\n<p>Audio Ieb\u016bv\u0113ts mikrofons<\/p>\n<p>2xLED lampas<\/p>\n<p>Ieb\u016bv\u0113ta atmi\u0146a 240 at\u0113liem USB(A) atmi\u0146as kartes ligzda<\/p>\n<p>Garantija 5 gadi<\/p>\n","protected":false},"excerpt":{"rendered":"<p>Iz\u0161\u0137irtsp\u0113ja 1080p Optisk\u0101 t\u0101lummai\u0146a 20x (10x optical, 2x sensor zoom) Meh\u0101nisk\u0101 t\u0101lummai\u0146a 10x Digit\u0101l\u0101 t\u0101lummai\u0146a 12x Att\u0113la uz\u0146em\u0161ana 30fps Iz\u0161kirtsp\u0113ja&#8230;<\/p>\n","protected":false},"featured_media":0,"template":"","meta":{"_acf_changed":false},"product_cat":[6475],"product_tag":[],"acf":[],"yoast_head":"<!-- This site is optimized with the Yoast SEO plugin v23.5 - https:\/\/yoast.com\/wordpress\/plugins\/seo\/ -->\n<title>Dokumentu kamera Lumens DC193 &#8226; BBT<\/title>\n<meta name=\"robots\" content=\"index, follow, max-snippet:-1, max-image-preview:large, max-video-preview:-1\" \/>\n<link rel=\"canonical\" href=\"https:\/\/www.bbt.lv\/en\/produktu-katalogs\/uncategorized-lv-en\/dc193-2\/\" \/>\n<meta property=\"og:locale\" content=\"en_US\" \/>\n<meta property=\"og:type\" content=\"article\" \/>\n<meta property=\"og:title\" content=\"Dokumentu kamera Lumens DC193 &#8226; BBT\" \/>\n<meta property=\"og:description\" content=\"Iz\u0161\u0137irtsp\u0113ja 1080p Optisk\u0101 t\u0101lummai\u0146a 20x (10x optical, 2x sensor zoom) Meh\u0101nisk\u0101 t\u0101lummai\u0146a 10x Digit\u0101l\u0101 t\u0101lummai\u0146a 12x Att\u0113la uz\u0146em\u0161ana 30fps Iz\u0161kirtsp\u0113ja...\" \/>\n<meta property=\"og:url\" content=\"https:\/\/www.bbt.lv\/en\/produktu-katalogs\/uncategorized-lv-en\/dc193-2\/\" \/>\n<meta property=\"og:site_name\" content=\"BBT\" \/>\n<meta property=\"article:publisher\" content=\"https:\/\/www.facebook.com\/lvbbt\/\" \/>\n<meta property=\"article:modified_time\" content=\"2026-04-13T11:01:10+00:00\" \/>\n<meta name=\"twitter:card\" content=\"summary_large_image\" \/>\n<script type=\"application\/ld+json\" class=\"yoast-schema-graph\">{\"@context\":\"https:\/\/schema.org\",\"@graph\":[{\"@type\":\"WebPage\",\"@id\":\"https:\/\/www.bbt.lv\/en\/produktu-katalogs\/uncategorized-lv-en\/dc193-2\/\",\"url\":\"https:\/\/www.bbt.lv\/en\/produktu-katalogs\/uncategorized-lv-en\/dc193-2\/\",\"name\":\"Dokumentu kamera Lumens DC193 &#8226; BBT\",\"isPartOf\":{\"@id\":\"https:\/\/www.bbt.lv\/en\/#website\"},\"datePublished\":\"2017-10-25T05:32:15+00:00\",\"dateModified\":\"2026-04-13T11:01:10+00:00\",\"breadcrumb\":{\"@id\":\"https:\/\/www.bbt.lv\/en\/produktu-katalogs\/uncategorized-lv-en\/dc193-2\/#breadcrumb\"},\"inLanguage\":\"en-US\",\"potentialAction\":[{\"@type\":\"ReadAction\",\"target\":[\"https:\/\/www.bbt.lv\/en\/produktu-katalogs\/uncategorized-lv-en\/dc193-2\/\"]}]},{\"@type\":\"BreadcrumbList\",\"@id\":\"https:\/\/www.bbt.lv\/en\/produktu-katalogs\/uncategorized-lv-en\/dc193-2\/#breadcrumb\",\"itemListElement\":[{\"@type\":\"ListItem\",\"position\":1,\"name\":\"Home\",\"item\":\"https:\/\/www.bbt.lv\/en\/\"},{\"@type\":\"ListItem\",\"position\":2,\"name\":\"Catalogue\",\"item\":\"https:\/\/www.bbt.lv\/en\/catalogue\/\"},{\"@type\":\"ListItem\",\"position\":3,\"name\":\"Dokumentu kamera Lumens DC193\"}]},{\"@type\":\"WebSite\",\"@id\":\"https:\/\/www.bbt.lv\/en\/#website\",\"url\":\"https:\/\/www.bbt.lv\/en\/\",\"name\":\"BBT\",\"description\":\"Baltijas Biroju tehnolo\u0123ijas\",\"publisher\":{\"@id\":\"https:\/\/www.bbt.lv\/en\/#organization\"},\"alternateName\":\"bbt.lv\",\"potentialAction\":[{\"@type\":\"SearchAction\",\"target\":{\"@type\":\"EntryPoint\",\"urlTemplate\":\"https:\/\/www.bbt.lv\/en\/?s={search_term_string}\"},\"query-input\":{\"@type\":\"PropertyValueSpecification\",\"valueRequired\":true,\"valueName\":\"search_term_string\"}}],\"inLanguage\":\"en-US\"},{\"@type\":\"Organization\",\"@id\":\"https:\/\/www.bbt.lv\/en\/#organization\",\"name\":\"Baltijas Biroju Tehnolo\u0123ijas\",\"url\":\"https:\/\/www.bbt.lv\/en\/\",\"logo\":{\"@type\":\"ImageObject\",\"inLanguage\":\"en-US\",\"@id\":\"https:\/\/www.bbt.lv\/en\/#\/schema\/logo\/image\/\",\"url\":\"https:\/\/www.bbt.lv\/wp-content\/uploads\/2019\/03\/BBT-logo-full-rgb.png\",\"contentUrl\":\"https:\/\/www.bbt.lv\/wp-content\/uploads\/2019\/03\/BBT-logo-full-rgb.png\",\"width\":802,\"height\":205,\"caption\":\"Baltijas Biroju Tehnolo\u0123ijas\"},\"image\":{\"@id\":\"https:\/\/www.bbt.lv\/en\/#\/schema\/logo\/image\/\"},\"sameAs\":[\"https:\/\/www.facebook.com\/lvbbt\/\",\"https:\/\/www.instagram.com\/bbt_lv\/\",\"https:\/\/www.linkedin.com\/company\/baltijas-biroju-tehnologijas-sia-bbt-\/\",\"https:\/\/www.youtube.com\/channel\/UCwNElYO6MpFUzK-v8ZSf4nw\"]}]}<\/script>\n<!-- \/ Yoast SEO plugin. -->","yoast_head_json":{"title":"Dokumentu kamera Lumens DC193 &#8226; BBT","robots":{"index":"index","follow":"follow","max-snippet":"max-snippet:-1","max-image-preview":"max-image-preview:large","max-video-preview":"max-video-preview:-1"},"canonical":"https:\/\/www.bbt.lv\/en\/produktu-katalogs\/uncategorized-lv-en\/dc193-2\/","og_locale":"en_US","og_type":"article","og_title":"Dokumentu kamera Lumens DC193 &#8226; BBT","og_description":"Iz\u0161\u0137irtsp\u0113ja 1080p Optisk\u0101 t\u0101lummai\u0146a 20x (10x optical, 2x sensor zoom) Meh\u0101nisk\u0101 t\u0101lummai\u0146a 10x Digit\u0101l\u0101 t\u0101lummai\u0146a 12x Att\u0113la uz\u0146em\u0161ana 30fps Iz\u0161kirtsp\u0113ja...","og_url":"https:\/\/www.bbt.lv\/en\/produktu-katalogs\/uncategorized-lv-en\/dc193-2\/","og_site_name":"BBT","article_publisher":"https:\/\/www.facebook.com\/lvbbt\/","article_modified_time":"2026-04-13T11:01:10+00:00","twitter_card":"summary_large_image","schema":{"@context":"https:\/\/schema.org","@graph":[{"@type":"WebPage","@id":"https:\/\/www.bbt.lv\/en\/produktu-katalogs\/uncategorized-lv-en\/dc193-2\/","url":"https:\/\/www.bbt.lv\/en\/produktu-katalogs\/uncategorized-lv-en\/dc193-2\/","name":"Dokumentu kamera Lumens DC193 &#8226; BBT","isPartOf":{"@id":"https:\/\/www.bbt.lv\/en\/#website"},"datePublished":"2017-10-25T05:32:15+00:00","dateModified":"2026-04-13T11:01:10+00:00","breadcrumb":{"@id":"https:\/\/www.bbt.lv\/en\/produktu-katalogs\/uncategorized-lv-en\/dc193-2\/#breadcrumb"},"inLanguage":"en-US","potentialAction":[{"@type":"ReadAction","target":["https:\/\/www.bbt.lv\/en\/produktu-katalogs\/uncategorized-lv-en\/dc193-2\/"]}]},{"@type":"BreadcrumbList","@id":"https:\/\/www.bbt.lv\/en\/produktu-katalogs\/uncategorized-lv-en\/dc193-2\/#breadcrumb","itemListElement":[{"@type":"ListItem","position":1,"name":"Home","item":"https:\/\/www.bbt.lv\/en\/"},{"@type":"ListItem","position":2,"name":"Catalogue","item":"https:\/\/www.bbt.lv\/en\/catalogue\/"},{"@type":"ListItem","position":3,"name":"Dokumentu kamera Lumens DC193"}]},{"@type":"WebSite","@id":"https:\/\/www.bbt.lv\/en\/#website","url":"https:\/\/www.bbt.lv\/en\/","name":"BBT","description":"Baltijas Biroju tehnolo\u0123ijas","publisher":{"@id":"https:\/\/www.bbt.lv\/en\/#organization"},"alternateName":"bbt.lv","potentialAction":[{"@type":"SearchAction","target":{"@type":"EntryPoint","urlTemplate":"https:\/\/www.bbt.lv\/en\/?s={search_term_string}"},"query-input":{"@type":"PropertyValueSpecification","valueRequired":true,"valueName":"search_term_string"}}],"inLanguage":"en-US"},{"@type":"Organization","@id":"https:\/\/www.bbt.lv\/en\/#organization","name":"Baltijas Biroju Tehnolo\u0123ijas","url":"https:\/\/www.bbt.lv\/en\/","logo":{"@type":"ImageObject","inLanguage":"en-US","@id":"https:\/\/www.bbt.lv\/en\/#\/schema\/logo\/image\/","url":"https:\/\/www.bbt.lv\/wp-content\/uploads\/2019\/03\/BBT-logo-full-rgb.png","contentUrl":"https:\/\/www.bbt.lv\/wp-content\/uploads\/2019\/03\/BBT-logo-full-rgb.png","width":802,"height":205,"caption":"Baltijas Biroju Tehnolo\u0123ijas"},"image":{"@id":"https:\/\/www.bbt.lv\/en\/#\/schema\/logo\/image\/"},"sameAs":["https:\/\/www.facebook.com\/lvbbt\/","https:\/\/www.instagram.com\/bbt_lv\/","https:\/\/www.linkedin.com\/company\/baltijas-biroju-tehnologijas-sia-bbt-\/","https:\/\/www.youtube.com\/channel\/UCwNElYO6MpFUzK-v8ZSf4nw"]}]}},"_links":{"self":[{"href":"https:\/\/www.bbt.lv\/en\/wp-json\/wp\/v2\/product\/42795"}],"collection":[{"href":"https:\/\/www.bbt.lv\/en\/wp-json\/wp\/v2\/product"}],"about":[{"href":"https:\/\/www.bbt.lv\/en\/wp-json\/wp\/v2\/types\/product"}],"wp:attachment":[{"href":"https:\/\/www.bbt.lv\/en\/wp-json\/wp\/v2\/media?parent=42795"}],"wp:term":[{"taxonomy":"product_cat","embeddable":true,"href":"https:\/\/www.bbt.lv\/en\/wp-json\/wp\/v2\/product_cat?post=42795"},{"taxonomy":"product_tag","embeddable":true,"href":"https:\/\/www.bbt.lv\/en\/wp-json\/wp\/v2\/product_tag?post=42795"}],"curies":[{"name":"wp","href":"https:\/\/api.w.org\/{rel}","templated":true}]}}