{"id":44158,"date":"2018-10-05T04:05:11","date_gmt":"2018-10-05T01:05:11","guid":{"rendered":"https:\/\/www.bbt.lv\/produktu-katalogs\/uncategorized\/displejs-nec-multisync-c981q-3\/"},"modified":"2026-04-05T23:16:36","modified_gmt":"2026-04-05T20:16:36","slug":"displejs-nec-multisync-c981q-3","status":"publish","type":"product","link":"https:\/\/www.bbt.lv\/en\/produktu-katalogs\/uncategorized-lv-en\/displejs-nec-multisync-c981q-3\/","title":{"rendered":"Displejs NEC MultiSync C981Q"},"content":{"rendered":"<section id=\"overview\">\n<div class=\"row\">\n<div class=\"column medium-6\">\n<h3>Description<\/h3>\n<p><b>Stunning visibility for presentations and digital signage<\/b><\/p>\n<p>Enhance your meeting and conferencing performance with stunning UHD resolution. Get high-end quality and reliability at a low total cost of ownership with long life-times.<\/p>\n<p>Professional haze levels ensure great visibility without distracting reflections &#8211; along with brightness of up to 350 cd\/m\u00b2, the NEC MultiSync C Series meets the demands of today\u2019s meeting environments. Slim bezels and a modern appearance complement state of the art architecture to integrate perfectly into interior designs. With embedded office functionalities, start up ad-hoc meetings without the hassle of setting up the display environment first. Wake-up on connection is just one of many features which make meetings more efficient.<\/p>\n<p>With the NEC MultiSync C981Q, presenters will feel confident during meetings of up to\u00a015 participants whilst retailers and hospitality facilities can boost sales through digital signage.<\/p>\n<\/div>\n<div class=\"column medium-6\">\n<h3>Benefits<\/h3>\n<ul>\n<li><b>Future Ready with Open Modular Intelligence Expansion <\/b> \u2013 upgrade the power of your display at any time by seamlessly integrating one of NEC\u2019s options for OPS Slot-in PCs, Raspberry Pi compute modules or signal interfaces for content feed and computing.<\/li>\n<li><b>Modern and slim design<\/b> \u2013 robust yet elegant allowing for an unobtrusive integration into any application and environment.<\/li>\n<li><b>Mission-critical 24\/7 ready operation <\/b> \u2013 the meticulous selection of industrial-grade components and careful design focused on demanding usage scenarios accompany an impressive and continuous viewer experience.<\/li>\n<li><b>Ease of use and operation<\/b> \u2013 Smart installation, operation and maintenance functionality ensures accurate performance over the entire lifetime of the display saving time, effort and resources.<\/li>\n<li><b>Future-proof signal connectivity and processing<\/b> \u2013 numerous native UHD resolution inputs with 60Hz refresh rate including DisplayPort, HDMI and an option slot for OPS Slot-in PCs, plus automatic upscaling to UHD for other signals, provide \u201cpixel-free viewing\u201c on a large scale.<\/li>\n<li><b>Cost Saving Device Management<\/b> \u2013 save effort whilst managing all connected NEC devices from a centralised location by using the NaViSet Administrator 2 software tool.<\/li>\n<\/ul>\n<\/div>\n<\/div>\n<\/section>\n","protected":false},"excerpt":{"rendered":"<p>46&#8243; Tehnolo\u0123ija AMVA3. Iz\u0161kirtsp\u0113ja 1920&#215;1080. Spilgtums 500 cd\/m2 . Enegoefektivit\u0101te A, . OPS slots.Izmanto\u0161ana 24\/7<\/p>\n","protected":false},"featured_media":0,"template":"","meta":{"_acf_changed":false},"product_cat":[6475],"product_tag":[],"acf":[],"yoast_head":"<!-- This site is optimized with the Yoast SEO plugin v23.5 - https:\/\/yoast.com\/wordpress\/plugins\/seo\/ -->\n<title>Displejs NEC MultiSync C981Q &#8226; BBT<\/title>\n<meta name=\"robots\" content=\"index, follow, max-snippet:-1, max-image-preview:large, max-video-preview:-1\" \/>\n<link rel=\"canonical\" href=\"https:\/\/www.bbt.lv\/en\/produktu-katalogs\/uncategorized-lv-en\/displejs-nec-multisync-c981q-3\/\" \/>\n<meta property=\"og:locale\" content=\"en_US\" \/>\n<meta property=\"og:type\" content=\"article\" \/>\n<meta property=\"og:title\" content=\"Displejs NEC MultiSync C981Q &#8226; BBT\" \/>\n<meta property=\"og:description\" content=\"46&quot; Tehnolo\u0123ija AMVA3. Iz\u0161kirtsp\u0113ja 1920x1080. Spilgtums 500 cd\/m2 . Enegoefektivit\u0101te A, . OPS slots.Izmanto\u0161ana 24\/7\" \/>\n<meta property=\"og:url\" content=\"https:\/\/www.bbt.lv\/en\/produktu-katalogs\/uncategorized-lv-en\/displejs-nec-multisync-c981q-3\/\" \/>\n<meta property=\"og:site_name\" content=\"BBT\" \/>\n<meta property=\"article:publisher\" content=\"https:\/\/www.facebook.com\/lvbbt\/\" \/>\n<meta property=\"article:modified_time\" content=\"2026-04-05T20:16:36+00:00\" \/>\n<meta name=\"twitter:card\" content=\"summary_large_image\" \/>\n<meta name=\"twitter:label1\" content=\"Est. reading time\" \/>\n\t<meta name=\"twitter:data1\" content=\"2 minutes\" \/>\n<script type=\"application\/ld+json\" class=\"yoast-schema-graph\">{\"@context\":\"https:\/\/schema.org\",\"@graph\":[{\"@type\":\"WebPage\",\"@id\":\"https:\/\/www.bbt.lv\/en\/produktu-katalogs\/uncategorized-lv-en\/displejs-nec-multisync-c981q-3\/\",\"url\":\"https:\/\/www.bbt.lv\/en\/produktu-katalogs\/uncategorized-lv-en\/displejs-nec-multisync-c981q-3\/\",\"name\":\"Displejs NEC MultiSync C981Q &#8226; BBT\",\"isPartOf\":{\"@id\":\"https:\/\/www.bbt.lv\/en\/#website\"},\"datePublished\":\"2018-10-05T01:05:11+00:00\",\"dateModified\":\"2026-04-05T20:16:36+00:00\",\"breadcrumb\":{\"@id\":\"https:\/\/www.bbt.lv\/en\/produktu-katalogs\/uncategorized-lv-en\/displejs-nec-multisync-c981q-3\/#breadcrumb\"},\"inLanguage\":\"en-US\",\"potentialAction\":[{\"@type\":\"ReadAction\",\"target\":[\"https:\/\/www.bbt.lv\/en\/produktu-katalogs\/uncategorized-lv-en\/displejs-nec-multisync-c981q-3\/\"]}]},{\"@type\":\"BreadcrumbList\",\"@id\":\"https:\/\/www.bbt.lv\/en\/produktu-katalogs\/uncategorized-lv-en\/displejs-nec-multisync-c981q-3\/#breadcrumb\",\"itemListElement\":[{\"@type\":\"ListItem\",\"position\":1,\"name\":\"Home\",\"item\":\"https:\/\/www.bbt.lv\/en\/\"},{\"@type\":\"ListItem\",\"position\":2,\"name\":\"Catalogue\",\"item\":\"https:\/\/www.bbt.lv\/en\/catalogue\/\"},{\"@type\":\"ListItem\",\"position\":3,\"name\":\"Displejs NEC MultiSync C981Q\"}]},{\"@type\":\"WebSite\",\"@id\":\"https:\/\/www.bbt.lv\/en\/#website\",\"url\":\"https:\/\/www.bbt.lv\/en\/\",\"name\":\"BBT\",\"description\":\"Baltijas Biroju tehnolo\u0123ijas\",\"publisher\":{\"@id\":\"https:\/\/www.bbt.lv\/en\/#organization\"},\"alternateName\":\"bbt.lv\",\"potentialAction\":[{\"@type\":\"SearchAction\",\"target\":{\"@type\":\"EntryPoint\",\"urlTemplate\":\"https:\/\/www.bbt.lv\/en\/?s={search_term_string}\"},\"query-input\":{\"@type\":\"PropertyValueSpecification\",\"valueRequired\":true,\"valueName\":\"search_term_string\"}}],\"inLanguage\":\"en-US\"},{\"@type\":\"Organization\",\"@id\":\"https:\/\/www.bbt.lv\/en\/#organization\",\"name\":\"Baltijas Biroju Tehnolo\u0123ijas\",\"url\":\"https:\/\/www.bbt.lv\/en\/\",\"logo\":{\"@type\":\"ImageObject\",\"inLanguage\":\"en-US\",\"@id\":\"https:\/\/www.bbt.lv\/en\/#\/schema\/logo\/image\/\",\"url\":\"https:\/\/www.bbt.lv\/wp-content\/uploads\/2019\/03\/BBT-logo-full-rgb.png\",\"contentUrl\":\"https:\/\/www.bbt.lv\/wp-content\/uploads\/2019\/03\/BBT-logo-full-rgb.png\",\"width\":802,\"height\":205,\"caption\":\"Baltijas Biroju Tehnolo\u0123ijas\"},\"image\":{\"@id\":\"https:\/\/www.bbt.lv\/en\/#\/schema\/logo\/image\/\"},\"sameAs\":[\"https:\/\/www.facebook.com\/lvbbt\/\",\"https:\/\/www.instagram.com\/bbt_lv\/\",\"https:\/\/www.linkedin.com\/company\/baltijas-biroju-tehnologijas-sia-bbt-\/\",\"https:\/\/www.youtube.com\/channel\/UCwNElYO6MpFUzK-v8ZSf4nw\"]}]}<\/script>\n<!-- \/ Yoast SEO plugin. -->","yoast_head_json":{"title":"Displejs NEC MultiSync C981Q &#8226; BBT","robots":{"index":"index","follow":"follow","max-snippet":"max-snippet:-1","max-image-preview":"max-image-preview:large","max-video-preview":"max-video-preview:-1"},"canonical":"https:\/\/www.bbt.lv\/en\/produktu-katalogs\/uncategorized-lv-en\/displejs-nec-multisync-c981q-3\/","og_locale":"en_US","og_type":"article","og_title":"Displejs NEC MultiSync C981Q &#8226; BBT","og_description":"46\" Tehnolo\u0123ija AMVA3. Iz\u0161kirtsp\u0113ja 1920x1080. Spilgtums 500 cd\/m2 . Enegoefektivit\u0101te A, . OPS slots.Izmanto\u0161ana 24\/7","og_url":"https:\/\/www.bbt.lv\/en\/produktu-katalogs\/uncategorized-lv-en\/displejs-nec-multisync-c981q-3\/","og_site_name":"BBT","article_publisher":"https:\/\/www.facebook.com\/lvbbt\/","article_modified_time":"2026-04-05T20:16:36+00:00","twitter_card":"summary_large_image","twitter_misc":{"Est. reading time":"2 minutes"},"schema":{"@context":"https:\/\/schema.org","@graph":[{"@type":"WebPage","@id":"https:\/\/www.bbt.lv\/en\/produktu-katalogs\/uncategorized-lv-en\/displejs-nec-multisync-c981q-3\/","url":"https:\/\/www.bbt.lv\/en\/produktu-katalogs\/uncategorized-lv-en\/displejs-nec-multisync-c981q-3\/","name":"Displejs NEC MultiSync C981Q &#8226; BBT","isPartOf":{"@id":"https:\/\/www.bbt.lv\/en\/#website"},"datePublished":"2018-10-05T01:05:11+00:00","dateModified":"2026-04-05T20:16:36+00:00","breadcrumb":{"@id":"https:\/\/www.bbt.lv\/en\/produktu-katalogs\/uncategorized-lv-en\/displejs-nec-multisync-c981q-3\/#breadcrumb"},"inLanguage":"en-US","potentialAction":[{"@type":"ReadAction","target":["https:\/\/www.bbt.lv\/en\/produktu-katalogs\/uncategorized-lv-en\/displejs-nec-multisync-c981q-3\/"]}]},{"@type":"BreadcrumbList","@id":"https:\/\/www.bbt.lv\/en\/produktu-katalogs\/uncategorized-lv-en\/displejs-nec-multisync-c981q-3\/#breadcrumb","itemListElement":[{"@type":"ListItem","position":1,"name":"Home","item":"https:\/\/www.bbt.lv\/en\/"},{"@type":"ListItem","position":2,"name":"Catalogue","item":"https:\/\/www.bbt.lv\/en\/catalogue\/"},{"@type":"ListItem","position":3,"name":"Displejs NEC MultiSync C981Q"}]},{"@type":"WebSite","@id":"https:\/\/www.bbt.lv\/en\/#website","url":"https:\/\/www.bbt.lv\/en\/","name":"BBT","description":"Baltijas Biroju tehnolo\u0123ijas","publisher":{"@id":"https:\/\/www.bbt.lv\/en\/#organization"},"alternateName":"bbt.lv","potentialAction":[{"@type":"SearchAction","target":{"@type":"EntryPoint","urlTemplate":"https:\/\/www.bbt.lv\/en\/?s={search_term_string}"},"query-input":{"@type":"PropertyValueSpecification","valueRequired":true,"valueName":"search_term_string"}}],"inLanguage":"en-US"},{"@type":"Organization","@id":"https:\/\/www.bbt.lv\/en\/#organization","name":"Baltijas Biroju Tehnolo\u0123ijas","url":"https:\/\/www.bbt.lv\/en\/","logo":{"@type":"ImageObject","inLanguage":"en-US","@id":"https:\/\/www.bbt.lv\/en\/#\/schema\/logo\/image\/","url":"https:\/\/www.bbt.lv\/wp-content\/uploads\/2019\/03\/BBT-logo-full-rgb.png","contentUrl":"https:\/\/www.bbt.lv\/wp-content\/uploads\/2019\/03\/BBT-logo-full-rgb.png","width":802,"height":205,"caption":"Baltijas Biroju Tehnolo\u0123ijas"},"image":{"@id":"https:\/\/www.bbt.lv\/en\/#\/schema\/logo\/image\/"},"sameAs":["https:\/\/www.facebook.com\/lvbbt\/","https:\/\/www.instagram.com\/bbt_lv\/","https:\/\/www.linkedin.com\/company\/baltijas-biroju-tehnologijas-sia-bbt-\/","https:\/\/www.youtube.com\/channel\/UCwNElYO6MpFUzK-v8ZSf4nw"]}]}},"_links":{"self":[{"href":"https:\/\/www.bbt.lv\/en\/wp-json\/wp\/v2\/product\/44158"}],"collection":[{"href":"https:\/\/www.bbt.lv\/en\/wp-json\/wp\/v2\/product"}],"about":[{"href":"https:\/\/www.bbt.lv\/en\/wp-json\/wp\/v2\/types\/product"}],"wp:attachment":[{"href":"https:\/\/www.bbt.lv\/en\/wp-json\/wp\/v2\/media?parent=44158"}],"wp:term":[{"taxonomy":"product_cat","embeddable":true,"href":"https:\/\/www.bbt.lv\/en\/wp-json\/wp\/v2\/product_cat?post=44158"},{"taxonomy":"product_tag","embeddable":true,"href":"https:\/\/www.bbt.lv\/en\/wp-json\/wp\/v2\/product_tag?post=44158"}],"curies":[{"name":"wp","href":"https:\/\/api.w.org\/{rel}","templated":true}]}}