{"id":45041,"date":"2023-10-17T16:06:11","date_gmt":"2023-10-17T13:06:11","guid":{"rendered":"https:\/\/www.bbt.lv\/produktu-katalogs\/uncategorized\/lego-education-spike-prime-papildkomplekts-2\/"},"modified":"2026-04-13T15:03:48","modified_gmt":"2026-04-13T12:03:48","slug":"lego-education-spike-prime-papildkomplekts-2","status":"publish","type":"product","link":"https:\/\/www.bbt.lv\/en\/produktu-katalogs\/lego-en\/lego-education-en\/lego-education-spike-prime-papildkomplekts-2\/","title":{"rendered":"LEGO\u00ae Education SPIKE&#x2122; Prime Expansion Set papildkomplekta konstruktors. Ieteicamais vecums 10+ gadi"},"content":{"rendered":"<p>Ieteicamais vecums 10+ gadi<\/p>\n<p>603 deta\u013cas<\/p>\n<p>Iedvesmojiet savus vidusskolas skol\u0113nus izp\u0113t\u012bt sare\u017e\u0123\u012bt\u0101kus darbus un turpin\u0101t veicin\u0101t vi\u0146u interesi par STEAM m\u0101c\u012b\u0161anos, izmantojot LEGO\u00ae Education SPIKE&#x2122; Prime Expansion Set (45681). Ar vair\u0101k nek\u0101 600 LEGO elementiem tas ir apvienots ar\u012b ar SPIKE Prime komplektu (45678) un bezmaksas SPIKE lietotni, lai \u013cautu skol\u0113niem un skolot\u0101jiem iesaist\u012bties aizraujo\u0161aj\u0101 robotikas sacens\u012bbu pasaul\u0113.<\/p>\n<p>LEGO\u00ae Technic&#x2122; un sist\u0113mas elementi jaun\u0101 kr\u0101su palet\u0113, tostarp 2 lieli rite\u0146i, zobrati, pamatapl\u0101ksne modu\u013ciem, lielais motors un kr\u0101su sensors.<br \/>\nMaker Plate \u013cauj \u0101tri un vienk\u0101r\u0161i integr\u0113t j\u016bsu izv\u0113l\u0113tos elementus.<br \/>\nApvieno ar LEGO\u00ae Education SPIKE&#x2122; Prime komplektu (45678) un bezmaksas lietotni SPIKE, lai sniegtu vair\u0101k nek\u0101 10\u00a0stundu m\u0101c\u012bb\u0101m, kas balst\u012btas uz m\u0101c\u012bbu programmu, sacens\u012bb\u0101m.<br \/>\nIetver visaptvero\u0161us tie\u0161saistes stundu pl\u0101nus un skolot\u0101ju atbalstu.<\/p>\n","protected":false},"excerpt":{"rendered":"<p><span data-sheets-root=\"1\" data-sheets-value=\"{&quot;1&quot;:2,&quot;2&quot;:&quot;\u200f\u200f\u200e \u200eJ\u0101pas\u016bta, pieg\u0101de vid\u0113ji 10 darba dienas.&quot;}\" data-sheets-userformat=\"{&quot;2&quot;:4482,&quot;4&quot;:{&quot;1&quot;:2,&quot;2&quot;:16777215},&quot;10&quot;:2,&quot;11&quot;:0,&quot;15&quot;:&quot;arial,sans,sans-serif&quot;}\">\u200f\u200f\u200e<\/span><\/p>\n","protected":false},"featured_media":45035,"template":"","meta":{"_acf_changed":false},"product_cat":[6543],"product_tag":[],"acf":[],"yoast_head":"<!-- This site is optimized with the Yoast SEO plugin v23.5 - https:\/\/yoast.com\/wordpress\/plugins\/seo\/ -->\n<title>LEGO\u00ae Education SPIKE&#x2122; Prime Expansion Set papildkomplekta konstruktors. Ieteicamais vecums 10+ gadi &#8226; BBT<\/title>\n<meta name=\"robots\" content=\"index, follow, max-snippet:-1, max-image-preview:large, max-video-preview:-1\" \/>\n<link rel=\"canonical\" href=\"https:\/\/www.bbt.lv\/en\/produktu-katalogs\/lego-en\/lego-education-en\/lego-education-spike-prime-papildkomplekts-2\/\" \/>\n<meta property=\"og:locale\" content=\"en_US\" \/>\n<meta property=\"og:type\" content=\"article\" \/>\n<meta property=\"og:title\" content=\"LEGO\u00ae Education SPIKE&#x2122; Prime Expansion Set papildkomplekta konstruktors. Ieteicamais vecums 10+ gadi &#8226; BBT\" \/>\n<meta property=\"og:description\" content=\"\u200f\u200f\u200e\" \/>\n<meta property=\"og:url\" content=\"https:\/\/www.bbt.lv\/en\/produktu-katalogs\/lego-en\/lego-education-en\/lego-education-spike-prime-papildkomplekts-2\/\" \/>\n<meta property=\"og:site_name\" content=\"BBT\" \/>\n<meta property=\"article:publisher\" content=\"https:\/\/www.facebook.com\/lvbbt\/\" \/>\n<meta property=\"article:modified_time\" content=\"2026-04-13T12:03:48+00:00\" \/>\n<meta property=\"og:image\" content=\"https:\/\/www.bbt.lv\/wp-content\/uploads\/Store\/Lego\/45681-Spike-Prime-expansion-set\/Lego-46681-1.jpg\" \/>\n\t<meta property=\"og:image:width\" content=\"1159\" \/>\n\t<meta property=\"og:image:height\" content=\"873\" \/>\n\t<meta property=\"og:image:type\" content=\"image\/jpeg\" \/>\n<meta name=\"twitter:card\" content=\"summary_large_image\" \/>\n<meta name=\"twitter:label1\" content=\"Est. reading time\" \/>\n\t<meta name=\"twitter:data1\" content=\"1 minute\" \/>\n<script type=\"application\/ld+json\" class=\"yoast-schema-graph\">{\"@context\":\"https:\/\/schema.org\",\"@graph\":[{\"@type\":\"WebPage\",\"@id\":\"https:\/\/www.bbt.lv\/en\/produktu-katalogs\/lego-en\/lego-education-en\/lego-education-spike-prime-papildkomplekts-2\/\",\"url\":\"https:\/\/www.bbt.lv\/en\/produktu-katalogs\/lego-en\/lego-education-en\/lego-education-spike-prime-papildkomplekts-2\/\",\"name\":\"LEGO\u00ae Education SPIKE&#x2122; Prime Expansion Set papildkomplekta konstruktors. Ieteicamais vecums 10+ gadi &#8226; BBT\",\"isPartOf\":{\"@id\":\"https:\/\/www.bbt.lv\/en\/#website\"},\"primaryImageOfPage\":{\"@id\":\"https:\/\/www.bbt.lv\/en\/produktu-katalogs\/lego-en\/lego-education-en\/lego-education-spike-prime-papildkomplekts-2\/#primaryimage\"},\"image\":{\"@id\":\"https:\/\/www.bbt.lv\/en\/produktu-katalogs\/lego-en\/lego-education-en\/lego-education-spike-prime-papildkomplekts-2\/#primaryimage\"},\"thumbnailUrl\":\"https:\/\/www.bbt.lv\/wp-content\/uploads\/Store\/Lego\/45681-Spike-Prime-expansion-set\/Lego-46681-1.jpg\",\"datePublished\":\"2023-10-17T13:06:11+00:00\",\"dateModified\":\"2026-04-13T12:03:48+00:00\",\"breadcrumb\":{\"@id\":\"https:\/\/www.bbt.lv\/en\/produktu-katalogs\/lego-en\/lego-education-en\/lego-education-spike-prime-papildkomplekts-2\/#breadcrumb\"},\"inLanguage\":\"en-US\",\"potentialAction\":[{\"@type\":\"ReadAction\",\"target\":[\"https:\/\/www.bbt.lv\/en\/produktu-katalogs\/lego-en\/lego-education-en\/lego-education-spike-prime-papildkomplekts-2\/\"]}]},{\"@type\":\"ImageObject\",\"inLanguage\":\"en-US\",\"@id\":\"https:\/\/www.bbt.lv\/en\/produktu-katalogs\/lego-en\/lego-education-en\/lego-education-spike-prime-papildkomplekts-2\/#primaryimage\",\"url\":\"https:\/\/www.bbt.lv\/wp-content\/uploads\/Store\/Lego\/45681-Spike-Prime-expansion-set\/Lego-46681-1.jpg\",\"contentUrl\":\"https:\/\/www.bbt.lv\/wp-content\/uploads\/Store\/Lego\/45681-Spike-Prime-expansion-set\/Lego-46681-1.jpg\",\"width\":1159,\"height\":873},{\"@type\":\"BreadcrumbList\",\"@id\":\"https:\/\/www.bbt.lv\/en\/produktu-katalogs\/lego-en\/lego-education-en\/lego-education-spike-prime-papildkomplekts-2\/#breadcrumb\",\"itemListElement\":[{\"@type\":\"ListItem\",\"position\":1,\"name\":\"Home\",\"item\":\"https:\/\/www.bbt.lv\/en\/\"},{\"@type\":\"ListItem\",\"position\":2,\"name\":\"Catalogue\",\"item\":\"https:\/\/www.bbt.lv\/en\/catalogue\/\"},{\"@type\":\"ListItem\",\"position\":3,\"name\":\"LEGO\u00ae Education SPIKE&#x2122; Prime Expansion Set papildkomplekta konstruktors. Ieteicamais vecums 10+ gadi\"}]},{\"@type\":\"WebSite\",\"@id\":\"https:\/\/www.bbt.lv\/en\/#website\",\"url\":\"https:\/\/www.bbt.lv\/en\/\",\"name\":\"BBT\",\"description\":\"Baltijas Biroju tehnolo\u0123ijas\",\"publisher\":{\"@id\":\"https:\/\/www.bbt.lv\/en\/#organization\"},\"alternateName\":\"bbt.lv\",\"potentialAction\":[{\"@type\":\"SearchAction\",\"target\":{\"@type\":\"EntryPoint\",\"urlTemplate\":\"https:\/\/www.bbt.lv\/en\/?s={search_term_string}\"},\"query-input\":{\"@type\":\"PropertyValueSpecification\",\"valueRequired\":true,\"valueName\":\"search_term_string\"}}],\"inLanguage\":\"en-US\"},{\"@type\":\"Organization\",\"@id\":\"https:\/\/www.bbt.lv\/en\/#organization\",\"name\":\"Baltijas Biroju Tehnolo\u0123ijas\",\"url\":\"https:\/\/www.bbt.lv\/en\/\",\"logo\":{\"@type\":\"ImageObject\",\"inLanguage\":\"en-US\",\"@id\":\"https:\/\/www.bbt.lv\/en\/#\/schema\/logo\/image\/\",\"url\":\"https:\/\/www.bbt.lv\/wp-content\/uploads\/2019\/03\/BBT-logo-full-rgb.png\",\"contentUrl\":\"https:\/\/www.bbt.lv\/wp-content\/uploads\/2019\/03\/BBT-logo-full-rgb.png\",\"width\":802,\"height\":205,\"caption\":\"Baltijas Biroju Tehnolo\u0123ijas\"},\"image\":{\"@id\":\"https:\/\/www.bbt.lv\/en\/#\/schema\/logo\/image\/\"},\"sameAs\":[\"https:\/\/www.facebook.com\/lvbbt\/\",\"https:\/\/www.instagram.com\/bbt_lv\/\",\"https:\/\/www.linkedin.com\/company\/baltijas-biroju-tehnologijas-sia-bbt-\/\",\"https:\/\/www.youtube.com\/channel\/UCwNElYO6MpFUzK-v8ZSf4nw\"]}]}<\/script>\n<!-- \/ Yoast SEO plugin. -->","yoast_head_json":{"title":"LEGO\u00ae Education SPIKE&#x2122; Prime Expansion Set papildkomplekta konstruktors. Ieteicamais vecums 10+ gadi &#8226; BBT","robots":{"index":"index","follow":"follow","max-snippet":"max-snippet:-1","max-image-preview":"max-image-preview:large","max-video-preview":"max-video-preview:-1"},"canonical":"https:\/\/www.bbt.lv\/en\/produktu-katalogs\/lego-en\/lego-education-en\/lego-education-spike-prime-papildkomplekts-2\/","og_locale":"en_US","og_type":"article","og_title":"LEGO\u00ae Education SPIKE&#x2122; Prime Expansion Set papildkomplekta konstruktors. Ieteicamais vecums 10+ gadi &#8226; BBT","og_description":"\u200f\u200f\u200e","og_url":"https:\/\/www.bbt.lv\/en\/produktu-katalogs\/lego-en\/lego-education-en\/lego-education-spike-prime-papildkomplekts-2\/","og_site_name":"BBT","article_publisher":"https:\/\/www.facebook.com\/lvbbt\/","article_modified_time":"2026-04-13T12:03:48+00:00","og_image":[{"width":1159,"height":873,"url":"https:\/\/www.bbt.lv\/wp-content\/uploads\/Store\/Lego\/45681-Spike-Prime-expansion-set\/Lego-46681-1.jpg","type":"image\/jpeg"}],"twitter_card":"summary_large_image","twitter_misc":{"Est. reading time":"1 minute"},"schema":{"@context":"https:\/\/schema.org","@graph":[{"@type":"WebPage","@id":"https:\/\/www.bbt.lv\/en\/produktu-katalogs\/lego-en\/lego-education-en\/lego-education-spike-prime-papildkomplekts-2\/","url":"https:\/\/www.bbt.lv\/en\/produktu-katalogs\/lego-en\/lego-education-en\/lego-education-spike-prime-papildkomplekts-2\/","name":"LEGO\u00ae Education SPIKE&#x2122; Prime Expansion Set papildkomplekta konstruktors. Ieteicamais vecums 10+ gadi &#8226; BBT","isPartOf":{"@id":"https:\/\/www.bbt.lv\/en\/#website"},"primaryImageOfPage":{"@id":"https:\/\/www.bbt.lv\/en\/produktu-katalogs\/lego-en\/lego-education-en\/lego-education-spike-prime-papildkomplekts-2\/#primaryimage"},"image":{"@id":"https:\/\/www.bbt.lv\/en\/produktu-katalogs\/lego-en\/lego-education-en\/lego-education-spike-prime-papildkomplekts-2\/#primaryimage"},"thumbnailUrl":"https:\/\/www.bbt.lv\/wp-content\/uploads\/Store\/Lego\/45681-Spike-Prime-expansion-set\/Lego-46681-1.jpg","datePublished":"2023-10-17T13:06:11+00:00","dateModified":"2026-04-13T12:03:48+00:00","breadcrumb":{"@id":"https:\/\/www.bbt.lv\/en\/produktu-katalogs\/lego-en\/lego-education-en\/lego-education-spike-prime-papildkomplekts-2\/#breadcrumb"},"inLanguage":"en-US","potentialAction":[{"@type":"ReadAction","target":["https:\/\/www.bbt.lv\/en\/produktu-katalogs\/lego-en\/lego-education-en\/lego-education-spike-prime-papildkomplekts-2\/"]}]},{"@type":"ImageObject","inLanguage":"en-US","@id":"https:\/\/www.bbt.lv\/en\/produktu-katalogs\/lego-en\/lego-education-en\/lego-education-spike-prime-papildkomplekts-2\/#primaryimage","url":"https:\/\/www.bbt.lv\/wp-content\/uploads\/Store\/Lego\/45681-Spike-Prime-expansion-set\/Lego-46681-1.jpg","contentUrl":"https:\/\/www.bbt.lv\/wp-content\/uploads\/Store\/Lego\/45681-Spike-Prime-expansion-set\/Lego-46681-1.jpg","width":1159,"height":873},{"@type":"BreadcrumbList","@id":"https:\/\/www.bbt.lv\/en\/produktu-katalogs\/lego-en\/lego-education-en\/lego-education-spike-prime-papildkomplekts-2\/#breadcrumb","itemListElement":[{"@type":"ListItem","position":1,"name":"Home","item":"https:\/\/www.bbt.lv\/en\/"},{"@type":"ListItem","position":2,"name":"Catalogue","item":"https:\/\/www.bbt.lv\/en\/catalogue\/"},{"@type":"ListItem","position":3,"name":"LEGO\u00ae Education SPIKE&#x2122; Prime Expansion Set papildkomplekta konstruktors. Ieteicamais vecums 10+ gadi"}]},{"@type":"WebSite","@id":"https:\/\/www.bbt.lv\/en\/#website","url":"https:\/\/www.bbt.lv\/en\/","name":"BBT","description":"Baltijas Biroju tehnolo\u0123ijas","publisher":{"@id":"https:\/\/www.bbt.lv\/en\/#organization"},"alternateName":"bbt.lv","potentialAction":[{"@type":"SearchAction","target":{"@type":"EntryPoint","urlTemplate":"https:\/\/www.bbt.lv\/en\/?s={search_term_string}"},"query-input":{"@type":"PropertyValueSpecification","valueRequired":true,"valueName":"search_term_string"}}],"inLanguage":"en-US"},{"@type":"Organization","@id":"https:\/\/www.bbt.lv\/en\/#organization","name":"Baltijas Biroju Tehnolo\u0123ijas","url":"https:\/\/www.bbt.lv\/en\/","logo":{"@type":"ImageObject","inLanguage":"en-US","@id":"https:\/\/www.bbt.lv\/en\/#\/schema\/logo\/image\/","url":"https:\/\/www.bbt.lv\/wp-content\/uploads\/2019\/03\/BBT-logo-full-rgb.png","contentUrl":"https:\/\/www.bbt.lv\/wp-content\/uploads\/2019\/03\/BBT-logo-full-rgb.png","width":802,"height":205,"caption":"Baltijas Biroju Tehnolo\u0123ijas"},"image":{"@id":"https:\/\/www.bbt.lv\/en\/#\/schema\/logo\/image\/"},"sameAs":["https:\/\/www.facebook.com\/lvbbt\/","https:\/\/www.instagram.com\/bbt_lv\/","https:\/\/www.linkedin.com\/company\/baltijas-biroju-tehnologijas-sia-bbt-\/","https:\/\/www.youtube.com\/channel\/UCwNElYO6MpFUzK-v8ZSf4nw"]}]}},"_links":{"self":[{"href":"https:\/\/www.bbt.lv\/en\/wp-json\/wp\/v2\/product\/45041"}],"collection":[{"href":"https:\/\/www.bbt.lv\/en\/wp-json\/wp\/v2\/product"}],"about":[{"href":"https:\/\/www.bbt.lv\/en\/wp-json\/wp\/v2\/types\/product"}],"wp:featuredmedia":[{"embeddable":true,"href":"https:\/\/www.bbt.lv\/en\/wp-json\/wp\/v2\/media\/45035"}],"wp:attachment":[{"href":"https:\/\/www.bbt.lv\/en\/wp-json\/wp\/v2\/media?parent=45041"}],"wp:term":[{"taxonomy":"product_cat","embeddable":true,"href":"https:\/\/www.bbt.lv\/en\/wp-json\/wp\/v2\/product_cat?post=45041"},{"taxonomy":"product_tag","embeddable":true,"href":"https:\/\/www.bbt.lv\/en\/wp-json\/wp\/v2\/product_tag?post=45041"}],"curies":[{"name":"wp","href":"https:\/\/api.w.org\/{rel}","templated":true}]}}