{"id":45914,"date":"2024-05-12T23:30:35","date_gmt":"2024-05-12T20:30:35","guid":{"rendered":"https:\/\/www.bbt.lv\/produktu-katalogs\/uncategorized\/nec-projektors-pa1004ulmelns\/"},"modified":"2026-05-02T07:59:11","modified_gmt":"2026-05-02T04:59:11","slug":"nec-projektors-pa1004ulmelns","status":"publish","type":"product","link":"https:\/\/www.bbt.lv\/en\/produktu-katalogs\/projectors\/high-brightness-projectors\/nec-projektors-pa1004ulmelns\/","title":{"rendered":"NEC projektors PA1004UL(melns)"},"content":{"rendered":"<section id=\"overview\" class=\"row\">\n<div class=\"columns medium-6\">\n<h3>Description<\/h3>\n<p><b>A new class of silent projection<\/b><\/p>\n<p>Now even larger spaces can benefit from NEC\u2019s innovation in super-silent technology with the 10,000 lumens PA1004UL laser projector, ensuring all attention is focused on the stunning image delivery.<\/p>\n<p>Featuring unprecedented White Point performance, factory pre-calibrated for the perfect white, 12-bit colour signal processing and wide colour space, the audience will experience extraordinarily vivid colour saturation and contrast levels.<\/p>\n<p>The enhanced sealed optical engine allows a filter-free design, IP5X rated against dust ingress &#8211; no possibility of dust contaminating the LCD panels for long-term picture stability and brilliant colour brightness. What\u2019s more, with our filterless LCD projector design and no lamp replacement, service costs are dramatically reduced for a low cost of ownership and up to 20,000 hours life-time.<\/p>\n<p>Fully compatible with previous generation lamp-based PA Series mechanical lenses, NEC customers can easily make the transition to benefit from the latest laser technology. The PA1004UL is a professional installation projector featuring advanced installation capabilities as demanded by higher education, leisure and museum applications.<\/p>\n<\/div>\n<div class=\"columns medium-6\">\n<h3>Benefits<\/h3>\n<ul>\n<li><b>No lamp replacement<\/b> \u2013 up to 20,000 h maintenance free operation possible due to Laser Light Source.<\/li>\n<li><b>No filter service required<\/b> \u2013 a completely sealed optical laser LCD engine allows a filter-free design. Brilliant colour brightness is maintained and servicing costs need no longer feature in your budget.<\/li>\n<li><b>Super Silent operation<\/b> \u2013 patented sealed light engine incorporating innovative fan design not only protects against dust ingress but dramatically reduces noise.<\/li>\n<li><b>Impress with vivid colour &amp; contrast<\/b> \u2013 brilliant white and wide colour space with high dynamic contrast supporting HDR10 standard via HDMI interface.<\/li>\n<li><b>Incredible visualisation capabilities<\/b> \u2013 impressive free tilt and portrait installation capability, unique geometric adjustment, picture in picture, tiling, 3D support and camera based blending\/stacking up to 4K.<\/li>\n<\/ul>\n<\/div>\n<\/section>\n","protected":false},"excerpt":{"rendered":"<p>Tehnolo\u0123ija 2-chip DLP, iz\u0161\u0137irtsp\u0113ja 1920 x 1200 (WUXGA), kontrasts 3000000:1, gaismas jauda 10000 AL<\/p>\n","protected":false},"featured_media":45906,"template":"","meta":{"_acf_changed":false},"product_cat":[8280],"product_tag":[10261,9613,8458],"acf":[],"yoast_head":"<!-- This site is optimized with the Yoast SEO plugin v23.5 - https:\/\/yoast.com\/wordpress\/plugins\/seo\/ -->\n<title>NEC projektors PA1004UL(melns) &#8226; BBT<\/title>\n<meta name=\"robots\" content=\"index, follow, max-snippet:-1, max-image-preview:large, max-video-preview:-1\" \/>\n<link rel=\"canonical\" href=\"https:\/\/www.bbt.lv\/en\/produktu-katalogs\/projectors\/high-brightness-projectors\/nec-projektors-pa1004ulmelns\/\" \/>\n<meta property=\"og:locale\" content=\"en_US\" \/>\n<meta property=\"og:type\" content=\"article\" \/>\n<meta property=\"og:title\" content=\"NEC projektors PA1004UL(melns) &#8226; BBT\" \/>\n<meta property=\"og:description\" content=\"Tehnolo\u0123ija 2-chip DLP, iz\u0161\u0137irtsp\u0113ja 1920 x 1200 (WUXGA), kontrasts 3000000:1, gaismas jauda 10000 AL\" \/>\n<meta property=\"og:url\" content=\"https:\/\/www.bbt.lv\/en\/produktu-katalogs\/projectors\/high-brightness-projectors\/nec-projektors-pa1004ulmelns\/\" \/>\n<meta property=\"og:site_name\" content=\"BBT\" \/>\n<meta property=\"article:publisher\" content=\"https:\/\/www.facebook.com\/lvbbt\/\" \/>\n<meta property=\"article:modified_time\" content=\"2026-05-02T04:59:11+00:00\" \/>\n<meta property=\"og:image\" content=\"https:\/\/www.bbt.lv\/wp-content\/uploads\/Store\/Projektori\/PA1004UL\/PA804UL_PA1004UL-Black_upperslant_web.jpg\" \/>\n\t<meta property=\"og:image:width\" content=\"1600\" \/>\n\t<meta property=\"og:image:height\" content=\"1200\" \/>\n\t<meta property=\"og:image:type\" content=\"image\/jpeg\" \/>\n<meta name=\"twitter:card\" content=\"summary_large_image\" \/>\n<meta name=\"twitter:label1\" content=\"Est. reading time\" \/>\n\t<meta name=\"twitter:data1\" content=\"2 minutes\" \/>\n<script type=\"application\/ld+json\" class=\"yoast-schema-graph\">{\"@context\":\"https:\/\/schema.org\",\"@graph\":[{\"@type\":\"WebPage\",\"@id\":\"https:\/\/www.bbt.lv\/en\/produktu-katalogs\/projectors\/high-brightness-projectors\/nec-projektors-pa1004ulmelns\/\",\"url\":\"https:\/\/www.bbt.lv\/en\/produktu-katalogs\/projectors\/high-brightness-projectors\/nec-projektors-pa1004ulmelns\/\",\"name\":\"NEC projektors PA1004UL(melns) &#8226; BBT\",\"isPartOf\":{\"@id\":\"https:\/\/www.bbt.lv\/en\/#website\"},\"primaryImageOfPage\":{\"@id\":\"https:\/\/www.bbt.lv\/en\/produktu-katalogs\/projectors\/high-brightness-projectors\/nec-projektors-pa1004ulmelns\/#primaryimage\"},\"image\":{\"@id\":\"https:\/\/www.bbt.lv\/en\/produktu-katalogs\/projectors\/high-brightness-projectors\/nec-projektors-pa1004ulmelns\/#primaryimage\"},\"thumbnailUrl\":\"https:\/\/www.bbt.lv\/wp-content\/uploads\/Store\/Projektori\/PA1004UL\/PA804UL_PA1004UL-Black_upperslant_web.jpg\",\"datePublished\":\"2024-05-12T20:30:35+00:00\",\"dateModified\":\"2026-05-02T04:59:11+00:00\",\"breadcrumb\":{\"@id\":\"https:\/\/www.bbt.lv\/en\/produktu-katalogs\/projectors\/high-brightness-projectors\/nec-projektors-pa1004ulmelns\/#breadcrumb\"},\"inLanguage\":\"en-US\",\"potentialAction\":[{\"@type\":\"ReadAction\",\"target\":[\"https:\/\/www.bbt.lv\/en\/produktu-katalogs\/projectors\/high-brightness-projectors\/nec-projektors-pa1004ulmelns\/\"]}]},{\"@type\":\"ImageObject\",\"inLanguage\":\"en-US\",\"@id\":\"https:\/\/www.bbt.lv\/en\/produktu-katalogs\/projectors\/high-brightness-projectors\/nec-projektors-pa1004ulmelns\/#primaryimage\",\"url\":\"https:\/\/www.bbt.lv\/wp-content\/uploads\/Store\/Projektori\/PA1004UL\/PA804UL_PA1004UL-Black_upperslant_web.jpg\",\"contentUrl\":\"https:\/\/www.bbt.lv\/wp-content\/uploads\/Store\/Projektori\/PA1004UL\/PA804UL_PA1004UL-Black_upperslant_web.jpg\",\"width\":1600,\"height\":1200},{\"@type\":\"BreadcrumbList\",\"@id\":\"https:\/\/www.bbt.lv\/en\/produktu-katalogs\/projectors\/high-brightness-projectors\/nec-projektors-pa1004ulmelns\/#breadcrumb\",\"itemListElement\":[{\"@type\":\"ListItem\",\"position\":1,\"name\":\"Home\",\"item\":\"https:\/\/www.bbt.lv\/en\/\"},{\"@type\":\"ListItem\",\"position\":2,\"name\":\"Catalogue\",\"item\":\"https:\/\/www.bbt.lv\/en\/catalogue\/\"},{\"@type\":\"ListItem\",\"position\":3,\"name\":\"NEC projektors PA1004UL(melns)\"}]},{\"@type\":\"WebSite\",\"@id\":\"https:\/\/www.bbt.lv\/en\/#website\",\"url\":\"https:\/\/www.bbt.lv\/en\/\",\"name\":\"BBT\",\"description\":\"Baltijas Biroju tehnolo\u0123ijas\",\"publisher\":{\"@id\":\"https:\/\/www.bbt.lv\/en\/#organization\"},\"alternateName\":\"bbt.lv\",\"potentialAction\":[{\"@type\":\"SearchAction\",\"target\":{\"@type\":\"EntryPoint\",\"urlTemplate\":\"https:\/\/www.bbt.lv\/en\/?s={search_term_string}\"},\"query-input\":{\"@type\":\"PropertyValueSpecification\",\"valueRequired\":true,\"valueName\":\"search_term_string\"}}],\"inLanguage\":\"en-US\"},{\"@type\":\"Organization\",\"@id\":\"https:\/\/www.bbt.lv\/en\/#organization\",\"name\":\"Baltijas Biroju Tehnolo\u0123ijas\",\"url\":\"https:\/\/www.bbt.lv\/en\/\",\"logo\":{\"@type\":\"ImageObject\",\"inLanguage\":\"en-US\",\"@id\":\"https:\/\/www.bbt.lv\/en\/#\/schema\/logo\/image\/\",\"url\":\"https:\/\/www.bbt.lv\/wp-content\/uploads\/2019\/03\/BBT-logo-full-rgb.png\",\"contentUrl\":\"https:\/\/www.bbt.lv\/wp-content\/uploads\/2019\/03\/BBT-logo-full-rgb.png\",\"width\":802,\"height\":205,\"caption\":\"Baltijas Biroju Tehnolo\u0123ijas\"},\"image\":{\"@id\":\"https:\/\/www.bbt.lv\/en\/#\/schema\/logo\/image\/\"},\"sameAs\":[\"https:\/\/www.facebook.com\/lvbbt\/\",\"https:\/\/www.instagram.com\/bbt_lv\/\",\"https:\/\/www.linkedin.com\/company\/baltijas-biroju-tehnologijas-sia-bbt-\/\",\"https:\/\/www.youtube.com\/channel\/UCwNElYO6MpFUzK-v8ZSf4nw\"]}]}<\/script>\n<!-- \/ Yoast SEO plugin. -->","yoast_head_json":{"title":"NEC projektors PA1004UL(melns) &#8226; BBT","robots":{"index":"index","follow":"follow","max-snippet":"max-snippet:-1","max-image-preview":"max-image-preview:large","max-video-preview":"max-video-preview:-1"},"canonical":"https:\/\/www.bbt.lv\/en\/produktu-katalogs\/projectors\/high-brightness-projectors\/nec-projektors-pa1004ulmelns\/","og_locale":"en_US","og_type":"article","og_title":"NEC projektors PA1004UL(melns) &#8226; BBT","og_description":"Tehnolo\u0123ija 2-chip DLP, iz\u0161\u0137irtsp\u0113ja 1920 x 1200 (WUXGA), kontrasts 3000000:1, gaismas jauda 10000 AL","og_url":"https:\/\/www.bbt.lv\/en\/produktu-katalogs\/projectors\/high-brightness-projectors\/nec-projektors-pa1004ulmelns\/","og_site_name":"BBT","article_publisher":"https:\/\/www.facebook.com\/lvbbt\/","article_modified_time":"2026-05-02T04:59:11+00:00","og_image":[{"width":1600,"height":1200,"url":"https:\/\/www.bbt.lv\/wp-content\/uploads\/Store\/Projektori\/PA1004UL\/PA804UL_PA1004UL-Black_upperslant_web.jpg","type":"image\/jpeg"}],"twitter_card":"summary_large_image","twitter_misc":{"Est. reading time":"2 minutes"},"schema":{"@context":"https:\/\/schema.org","@graph":[{"@type":"WebPage","@id":"https:\/\/www.bbt.lv\/en\/produktu-katalogs\/projectors\/high-brightness-projectors\/nec-projektors-pa1004ulmelns\/","url":"https:\/\/www.bbt.lv\/en\/produktu-katalogs\/projectors\/high-brightness-projectors\/nec-projektors-pa1004ulmelns\/","name":"NEC projektors PA1004UL(melns) &#8226; BBT","isPartOf":{"@id":"https:\/\/www.bbt.lv\/en\/#website"},"primaryImageOfPage":{"@id":"https:\/\/www.bbt.lv\/en\/produktu-katalogs\/projectors\/high-brightness-projectors\/nec-projektors-pa1004ulmelns\/#primaryimage"},"image":{"@id":"https:\/\/www.bbt.lv\/en\/produktu-katalogs\/projectors\/high-brightness-projectors\/nec-projektors-pa1004ulmelns\/#primaryimage"},"thumbnailUrl":"https:\/\/www.bbt.lv\/wp-content\/uploads\/Store\/Projektori\/PA1004UL\/PA804UL_PA1004UL-Black_upperslant_web.jpg","datePublished":"2024-05-12T20:30:35+00:00","dateModified":"2026-05-02T04:59:11+00:00","breadcrumb":{"@id":"https:\/\/www.bbt.lv\/en\/produktu-katalogs\/projectors\/high-brightness-projectors\/nec-projektors-pa1004ulmelns\/#breadcrumb"},"inLanguage":"en-US","potentialAction":[{"@type":"ReadAction","target":["https:\/\/www.bbt.lv\/en\/produktu-katalogs\/projectors\/high-brightness-projectors\/nec-projektors-pa1004ulmelns\/"]}]},{"@type":"ImageObject","inLanguage":"en-US","@id":"https:\/\/www.bbt.lv\/en\/produktu-katalogs\/projectors\/high-brightness-projectors\/nec-projektors-pa1004ulmelns\/#primaryimage","url":"https:\/\/www.bbt.lv\/wp-content\/uploads\/Store\/Projektori\/PA1004UL\/PA804UL_PA1004UL-Black_upperslant_web.jpg","contentUrl":"https:\/\/www.bbt.lv\/wp-content\/uploads\/Store\/Projektori\/PA1004UL\/PA804UL_PA1004UL-Black_upperslant_web.jpg","width":1600,"height":1200},{"@type":"BreadcrumbList","@id":"https:\/\/www.bbt.lv\/en\/produktu-katalogs\/projectors\/high-brightness-projectors\/nec-projektors-pa1004ulmelns\/#breadcrumb","itemListElement":[{"@type":"ListItem","position":1,"name":"Home","item":"https:\/\/www.bbt.lv\/en\/"},{"@type":"ListItem","position":2,"name":"Catalogue","item":"https:\/\/www.bbt.lv\/en\/catalogue\/"},{"@type":"ListItem","position":3,"name":"NEC projektors PA1004UL(melns)"}]},{"@type":"WebSite","@id":"https:\/\/www.bbt.lv\/en\/#website","url":"https:\/\/www.bbt.lv\/en\/","name":"BBT","description":"Baltijas Biroju tehnolo\u0123ijas","publisher":{"@id":"https:\/\/www.bbt.lv\/en\/#organization"},"alternateName":"bbt.lv","potentialAction":[{"@type":"SearchAction","target":{"@type":"EntryPoint","urlTemplate":"https:\/\/www.bbt.lv\/en\/?s={search_term_string}"},"query-input":{"@type":"PropertyValueSpecification","valueRequired":true,"valueName":"search_term_string"}}],"inLanguage":"en-US"},{"@type":"Organization","@id":"https:\/\/www.bbt.lv\/en\/#organization","name":"Baltijas Biroju Tehnolo\u0123ijas","url":"https:\/\/www.bbt.lv\/en\/","logo":{"@type":"ImageObject","inLanguage":"en-US","@id":"https:\/\/www.bbt.lv\/en\/#\/schema\/logo\/image\/","url":"https:\/\/www.bbt.lv\/wp-content\/uploads\/2019\/03\/BBT-logo-full-rgb.png","contentUrl":"https:\/\/www.bbt.lv\/wp-content\/uploads\/2019\/03\/BBT-logo-full-rgb.png","width":802,"height":205,"caption":"Baltijas Biroju Tehnolo\u0123ijas"},"image":{"@id":"https:\/\/www.bbt.lv\/en\/#\/schema\/logo\/image\/"},"sameAs":["https:\/\/www.facebook.com\/lvbbt\/","https:\/\/www.instagram.com\/bbt_lv\/","https:\/\/www.linkedin.com\/company\/baltijas-biroju-tehnologijas-sia-bbt-\/","https:\/\/www.youtube.com\/channel\/UCwNElYO6MpFUzK-v8ZSf4nw"]}]}},"_links":{"self":[{"href":"https:\/\/www.bbt.lv\/en\/wp-json\/wp\/v2\/product\/45914"}],"collection":[{"href":"https:\/\/www.bbt.lv\/en\/wp-json\/wp\/v2\/product"}],"about":[{"href":"https:\/\/www.bbt.lv\/en\/wp-json\/wp\/v2\/types\/product"}],"wp:featuredmedia":[{"embeddable":true,"href":"https:\/\/www.bbt.lv\/en\/wp-json\/wp\/v2\/media\/45906"}],"wp:attachment":[{"href":"https:\/\/www.bbt.lv\/en\/wp-json\/wp\/v2\/media?parent=45914"}],"wp:term":[{"taxonomy":"product_cat","embeddable":true,"href":"https:\/\/www.bbt.lv\/en\/wp-json\/wp\/v2\/product_cat?post=45914"},{"taxonomy":"product_tag","embeddable":true,"href":"https:\/\/www.bbt.lv\/en\/wp-json\/wp\/v2\/product_tag?post=45914"}],"curies":[{"name":"wp","href":"https:\/\/api.w.org\/{rel}","templated":true}]}}