{"id":46002,"date":"2024-05-20T16:30:04","date_gmt":"2024-05-20T13:30:04","guid":{"rendered":"https:\/\/www.bbt.lv\/produktu-katalogs\/uncategorized\/projektors-epson-eb-l210sw\/"},"modified":"2026-04-12T19:52:22","modified_gmt":"2026-04-12T16:52:22","slug":"projektors-epson-eb-l210sw","status":"publish","type":"product","link":"https:\/\/www.bbt.lv\/en\/produktu-katalogs\/projectors\/short-throw-projectors\/projektors-epson-eb-l210sw\/","title":{"rendered":"Projektors Epson EB-L210SW"},"content":{"rendered":"<div class=\"buy-box__key-features\">\n<div class=\"blockdown description\">\n<ul class=\"features\">\n<li><strong>Scalable, portable HD display<\/strong> 53-120&#8243; ST display for unrestricted viewing without reflections<\/li>\n<li><strong>Bright and energy efficient laser<\/strong> 4,000lm CLO with 3LCD technology for brighter colours at only 201W<\/li>\n<li><strong>Effortless connectivity options<\/strong> Auto-on, wired \/ wireless display with USB 2A output for smart sticks<\/li>\n<li><strong>Simple to use and built to last<\/strong> Virtually maintenance free with 5-year, 12,000hr warranty<\/li>\n<li><strong>Document camera compatibility<\/strong> Create and record a live, totally immersive lesson or presentation<\/li>\n<\/ul>\n<p>The EB-L210SW&#8217;s short throw lens allows close positioning of the projector to the display, ideal for small rooms and reducing the risk of shadows cast onto the display.<\/p>\n<p>The EB-L210SW can be portable, and there is no glass flat panel to create disruptive, reflected blind spots at certain angles.<\/p>\n<p>Unlike some other brand projectors, EB-L210SW features 3LCD technology, enabling 4,000 lumens Colour and White Light Output levels for a bright and vibrant display. The experience is immersive and user-friendly.<\/p>\n<p>Versatile wired and wireless connectivity options, including Miracast&#x2122; screen mirroring, ensures effortless, multi-device content sharing, and with a connected optional Epson visualiser, documents, presentations or 3D objects can be projected in incredible detail to the whole room. With USB 2A power output, HDMI streaming sticks can also be connected to open futher possibilities.<\/p>\n<p>Scalable from 53-120&#8243;, display sizes can be optimised for each room with one product and at a fixed cost, and produce a large display up-to 125&#8243;, clearly visible from all angles and at a distance.<\/p>\n<\/div>\n<\/div>\n","protected":false},"excerpt":{"rendered":"<p>Tehnolo\u0123ija 3LCD, L\u0101zers, iz\u0161\u0137irtsp\u0113ja 1280 x 800, 16:10, kontrasts 5000000:1, gaismas jauda 4000 AL<\/p>\n","protected":false},"featured_media":45976,"template":"","meta":{"_acf_changed":false},"product_cat":[7429],"product_tag":[10748,8458],"acf":[],"yoast_head":"<!-- This site is optimized with the Yoast SEO plugin v23.5 - https:\/\/yoast.com\/wordpress\/plugins\/seo\/ -->\n<title>Projektors Epson EB-L210SW &#8226; BBT<\/title>\n<meta name=\"robots\" content=\"index, follow, max-snippet:-1, max-image-preview:large, max-video-preview:-1\" \/>\n<link rel=\"canonical\" href=\"https:\/\/www.bbt.lv\/en\/produktu-katalogs\/projectors\/short-throw-projectors\/projektors-epson-eb-l210sw\/\" \/>\n<meta property=\"og:locale\" content=\"en_US\" \/>\n<meta property=\"og:type\" content=\"article\" \/>\n<meta property=\"og:title\" content=\"Projektors Epson EB-L210SW &#8226; BBT\" \/>\n<meta property=\"og:description\" content=\"Tehnolo\u0123ija 3LCD, L\u0101zers, iz\u0161\u0137irtsp\u0113ja 1280 x 800, 16:10, kontrasts 5000000:1, gaismas jauda 4000 AL\" \/>\n<meta property=\"og:url\" content=\"https:\/\/www.bbt.lv\/en\/produktu-katalogs\/projectors\/short-throw-projectors\/projektors-epson-eb-l210sw\/\" \/>\n<meta property=\"og:site_name\" content=\"BBT\" \/>\n<meta property=\"article:publisher\" content=\"https:\/\/www.facebook.com\/lvbbt\/\" \/>\n<meta property=\"article:modified_time\" content=\"2026-04-12T16:52:22+00:00\" \/>\n<meta property=\"og:image\" content=\"https:\/\/www.bbt.lv\/wp-content\/uploads\/Store\/Projektori\/EB-L210\/Epson-EB-L210-002.png\" \/>\n\t<meta property=\"og:image:width\" content=\"3500\" \/>\n\t<meta property=\"og:image:height\" content=\"2335\" \/>\n\t<meta property=\"og:image:type\" content=\"image\/png\" \/>\n<meta name=\"twitter:card\" content=\"summary_large_image\" \/>\n<meta name=\"twitter:label1\" content=\"Est. reading time\" \/>\n\t<meta name=\"twitter:data1\" content=\"2 minutes\" \/>\n<script type=\"application\/ld+json\" class=\"yoast-schema-graph\">{\"@context\":\"https:\/\/schema.org\",\"@graph\":[{\"@type\":\"WebPage\",\"@id\":\"https:\/\/www.bbt.lv\/en\/produktu-katalogs\/projectors\/short-throw-projectors\/projektors-epson-eb-l210sw\/\",\"url\":\"https:\/\/www.bbt.lv\/en\/produktu-katalogs\/projectors\/short-throw-projectors\/projektors-epson-eb-l210sw\/\",\"name\":\"Projektors Epson EB-L210SW &#8226; BBT\",\"isPartOf\":{\"@id\":\"https:\/\/www.bbt.lv\/en\/#website\"},\"primaryImageOfPage\":{\"@id\":\"https:\/\/www.bbt.lv\/en\/produktu-katalogs\/projectors\/short-throw-projectors\/projektors-epson-eb-l210sw\/#primaryimage\"},\"image\":{\"@id\":\"https:\/\/www.bbt.lv\/en\/produktu-katalogs\/projectors\/short-throw-projectors\/projektors-epson-eb-l210sw\/#primaryimage\"},\"thumbnailUrl\":\"https:\/\/www.bbt.lv\/wp-content\/uploads\/Store\/Projektori\/EB-L210\/Epson-EB-L210-002.png\",\"datePublished\":\"2024-05-20T13:30:04+00:00\",\"dateModified\":\"2026-04-12T16:52:22+00:00\",\"breadcrumb\":{\"@id\":\"https:\/\/www.bbt.lv\/en\/produktu-katalogs\/projectors\/short-throw-projectors\/projektors-epson-eb-l210sw\/#breadcrumb\"},\"inLanguage\":\"en-US\",\"potentialAction\":[{\"@type\":\"ReadAction\",\"target\":[\"https:\/\/www.bbt.lv\/en\/produktu-katalogs\/projectors\/short-throw-projectors\/projektors-epson-eb-l210sw\/\"]}]},{\"@type\":\"ImageObject\",\"inLanguage\":\"en-US\",\"@id\":\"https:\/\/www.bbt.lv\/en\/produktu-katalogs\/projectors\/short-throw-projectors\/projektors-epson-eb-l210sw\/#primaryimage\",\"url\":\"https:\/\/www.bbt.lv\/wp-content\/uploads\/Store\/Projektori\/EB-L210\/Epson-EB-L210-002.png\",\"contentUrl\":\"https:\/\/www.bbt.lv\/wp-content\/uploads\/Store\/Projektori\/EB-L210\/Epson-EB-L210-002.png\",\"width\":3500,\"height\":2335},{\"@type\":\"BreadcrumbList\",\"@id\":\"https:\/\/www.bbt.lv\/en\/produktu-katalogs\/projectors\/short-throw-projectors\/projektors-epson-eb-l210sw\/#breadcrumb\",\"itemListElement\":[{\"@type\":\"ListItem\",\"position\":1,\"name\":\"Home\",\"item\":\"https:\/\/www.bbt.lv\/en\/\"},{\"@type\":\"ListItem\",\"position\":2,\"name\":\"Catalogue\",\"item\":\"https:\/\/www.bbt.lv\/en\/catalogue\/\"},{\"@type\":\"ListItem\",\"position\":3,\"name\":\"Projektors Epson EB-L210SW\"}]},{\"@type\":\"WebSite\",\"@id\":\"https:\/\/www.bbt.lv\/en\/#website\",\"url\":\"https:\/\/www.bbt.lv\/en\/\",\"name\":\"BBT\",\"description\":\"Baltijas Biroju tehnolo\u0123ijas\",\"publisher\":{\"@id\":\"https:\/\/www.bbt.lv\/en\/#organization\"},\"alternateName\":\"bbt.lv\",\"potentialAction\":[{\"@type\":\"SearchAction\",\"target\":{\"@type\":\"EntryPoint\",\"urlTemplate\":\"https:\/\/www.bbt.lv\/en\/?s={search_term_string}\"},\"query-input\":{\"@type\":\"PropertyValueSpecification\",\"valueRequired\":true,\"valueName\":\"search_term_string\"}}],\"inLanguage\":\"en-US\"},{\"@type\":\"Organization\",\"@id\":\"https:\/\/www.bbt.lv\/en\/#organization\",\"name\":\"Baltijas Biroju Tehnolo\u0123ijas\",\"url\":\"https:\/\/www.bbt.lv\/en\/\",\"logo\":{\"@type\":\"ImageObject\",\"inLanguage\":\"en-US\",\"@id\":\"https:\/\/www.bbt.lv\/en\/#\/schema\/logo\/image\/\",\"url\":\"https:\/\/www.bbt.lv\/wp-content\/uploads\/2019\/03\/BBT-logo-full-rgb.png\",\"contentUrl\":\"https:\/\/www.bbt.lv\/wp-content\/uploads\/2019\/03\/BBT-logo-full-rgb.png\",\"width\":802,\"height\":205,\"caption\":\"Baltijas Biroju Tehnolo\u0123ijas\"},\"image\":{\"@id\":\"https:\/\/www.bbt.lv\/en\/#\/schema\/logo\/image\/\"},\"sameAs\":[\"https:\/\/www.facebook.com\/lvbbt\/\",\"https:\/\/www.instagram.com\/bbt_lv\/\",\"https:\/\/www.linkedin.com\/company\/baltijas-biroju-tehnologijas-sia-bbt-\/\",\"https:\/\/www.youtube.com\/channel\/UCwNElYO6MpFUzK-v8ZSf4nw\"]}]}<\/script>\n<!-- \/ Yoast SEO plugin. -->","yoast_head_json":{"title":"Projektors Epson EB-L210SW &#8226; BBT","robots":{"index":"index","follow":"follow","max-snippet":"max-snippet:-1","max-image-preview":"max-image-preview:large","max-video-preview":"max-video-preview:-1"},"canonical":"https:\/\/www.bbt.lv\/en\/produktu-katalogs\/projectors\/short-throw-projectors\/projektors-epson-eb-l210sw\/","og_locale":"en_US","og_type":"article","og_title":"Projektors Epson EB-L210SW &#8226; BBT","og_description":"Tehnolo\u0123ija 3LCD, L\u0101zers, iz\u0161\u0137irtsp\u0113ja 1280 x 800, 16:10, kontrasts 5000000:1, gaismas jauda 4000 AL","og_url":"https:\/\/www.bbt.lv\/en\/produktu-katalogs\/projectors\/short-throw-projectors\/projektors-epson-eb-l210sw\/","og_site_name":"BBT","article_publisher":"https:\/\/www.facebook.com\/lvbbt\/","article_modified_time":"2026-04-12T16:52:22+00:00","og_image":[{"width":3500,"height":2335,"url":"https:\/\/www.bbt.lv\/wp-content\/uploads\/Store\/Projektori\/EB-L210\/Epson-EB-L210-002.png","type":"image\/png"}],"twitter_card":"summary_large_image","twitter_misc":{"Est. reading time":"2 minutes"},"schema":{"@context":"https:\/\/schema.org","@graph":[{"@type":"WebPage","@id":"https:\/\/www.bbt.lv\/en\/produktu-katalogs\/projectors\/short-throw-projectors\/projektors-epson-eb-l210sw\/","url":"https:\/\/www.bbt.lv\/en\/produktu-katalogs\/projectors\/short-throw-projectors\/projektors-epson-eb-l210sw\/","name":"Projektors Epson EB-L210SW &#8226; BBT","isPartOf":{"@id":"https:\/\/www.bbt.lv\/en\/#website"},"primaryImageOfPage":{"@id":"https:\/\/www.bbt.lv\/en\/produktu-katalogs\/projectors\/short-throw-projectors\/projektors-epson-eb-l210sw\/#primaryimage"},"image":{"@id":"https:\/\/www.bbt.lv\/en\/produktu-katalogs\/projectors\/short-throw-projectors\/projektors-epson-eb-l210sw\/#primaryimage"},"thumbnailUrl":"https:\/\/www.bbt.lv\/wp-content\/uploads\/Store\/Projektori\/EB-L210\/Epson-EB-L210-002.png","datePublished":"2024-05-20T13:30:04+00:00","dateModified":"2026-04-12T16:52:22+00:00","breadcrumb":{"@id":"https:\/\/www.bbt.lv\/en\/produktu-katalogs\/projectors\/short-throw-projectors\/projektors-epson-eb-l210sw\/#breadcrumb"},"inLanguage":"en-US","potentialAction":[{"@type":"ReadAction","target":["https:\/\/www.bbt.lv\/en\/produktu-katalogs\/projectors\/short-throw-projectors\/projektors-epson-eb-l210sw\/"]}]},{"@type":"ImageObject","inLanguage":"en-US","@id":"https:\/\/www.bbt.lv\/en\/produktu-katalogs\/projectors\/short-throw-projectors\/projektors-epson-eb-l210sw\/#primaryimage","url":"https:\/\/www.bbt.lv\/wp-content\/uploads\/Store\/Projektori\/EB-L210\/Epson-EB-L210-002.png","contentUrl":"https:\/\/www.bbt.lv\/wp-content\/uploads\/Store\/Projektori\/EB-L210\/Epson-EB-L210-002.png","width":3500,"height":2335},{"@type":"BreadcrumbList","@id":"https:\/\/www.bbt.lv\/en\/produktu-katalogs\/projectors\/short-throw-projectors\/projektors-epson-eb-l210sw\/#breadcrumb","itemListElement":[{"@type":"ListItem","position":1,"name":"Home","item":"https:\/\/www.bbt.lv\/en\/"},{"@type":"ListItem","position":2,"name":"Catalogue","item":"https:\/\/www.bbt.lv\/en\/catalogue\/"},{"@type":"ListItem","position":3,"name":"Projektors Epson EB-L210SW"}]},{"@type":"WebSite","@id":"https:\/\/www.bbt.lv\/en\/#website","url":"https:\/\/www.bbt.lv\/en\/","name":"BBT","description":"Baltijas Biroju tehnolo\u0123ijas","publisher":{"@id":"https:\/\/www.bbt.lv\/en\/#organization"},"alternateName":"bbt.lv","potentialAction":[{"@type":"SearchAction","target":{"@type":"EntryPoint","urlTemplate":"https:\/\/www.bbt.lv\/en\/?s={search_term_string}"},"query-input":{"@type":"PropertyValueSpecification","valueRequired":true,"valueName":"search_term_string"}}],"inLanguage":"en-US"},{"@type":"Organization","@id":"https:\/\/www.bbt.lv\/en\/#organization","name":"Baltijas Biroju Tehnolo\u0123ijas","url":"https:\/\/www.bbt.lv\/en\/","logo":{"@type":"ImageObject","inLanguage":"en-US","@id":"https:\/\/www.bbt.lv\/en\/#\/schema\/logo\/image\/","url":"https:\/\/www.bbt.lv\/wp-content\/uploads\/2019\/03\/BBT-logo-full-rgb.png","contentUrl":"https:\/\/www.bbt.lv\/wp-content\/uploads\/2019\/03\/BBT-logo-full-rgb.png","width":802,"height":205,"caption":"Baltijas Biroju Tehnolo\u0123ijas"},"image":{"@id":"https:\/\/www.bbt.lv\/en\/#\/schema\/logo\/image\/"},"sameAs":["https:\/\/www.facebook.com\/lvbbt\/","https:\/\/www.instagram.com\/bbt_lv\/","https:\/\/www.linkedin.com\/company\/baltijas-biroju-tehnologijas-sia-bbt-\/","https:\/\/www.youtube.com\/channel\/UCwNElYO6MpFUzK-v8ZSf4nw"]}]}},"_links":{"self":[{"href":"https:\/\/www.bbt.lv\/en\/wp-json\/wp\/v2\/product\/46002"}],"collection":[{"href":"https:\/\/www.bbt.lv\/en\/wp-json\/wp\/v2\/product"}],"about":[{"href":"https:\/\/www.bbt.lv\/en\/wp-json\/wp\/v2\/types\/product"}],"wp:featuredmedia":[{"embeddable":true,"href":"https:\/\/www.bbt.lv\/en\/wp-json\/wp\/v2\/media\/45976"}],"wp:attachment":[{"href":"https:\/\/www.bbt.lv\/en\/wp-json\/wp\/v2\/media?parent=46002"}],"wp:term":[{"taxonomy":"product_cat","embeddable":true,"href":"https:\/\/www.bbt.lv\/en\/wp-json\/wp\/v2\/product_cat?post=46002"},{"taxonomy":"product_tag","embeddable":true,"href":"https:\/\/www.bbt.lv\/en\/wp-json\/wp\/v2\/product_tag?post=46002"}],"curies":[{"name":"wp","href":"https:\/\/api.w.org\/{rel}","templated":true}]}}