{"id":46005,"date":"2024-05-20T15:30:06","date_gmt":"2024-05-20T12:30:06","guid":{"rendered":"https:\/\/www.bbt.lv\/produktu-katalogs\/uncategorized\/projektors-epson-eb-770f\/"},"modified":"2026-04-16T15:29:27","modified_gmt":"2026-04-16T12:29:27","slug":"projektors-epson-eb-770f","status":"publish","type":"product","link":"https:\/\/www.bbt.lv\/en\/produktu-katalogs\/projectors\/short-throw-projectors\/projektors-epson-eb-770f\/","title":{"rendered":"Projektors Epson EB-770F"},"content":{"rendered":"<div class=\"buy-box__key-features\">\n<div class=\"blockdown description\">\n<ul class=\"features\">\n<li><strong>Scalable FHD display for any room<\/strong> 49-150&#8243; UST display for unrestricted viewing (no shadows\/reflections)<\/li>\n<li><strong>Bright and energy efficient laser<\/strong> 4,100lm CLO with 3LCD technology for brighter colours at only 205W<\/li>\n<li><strong>Effortless connectivity options<\/strong> Auto-on, wired \/ wireless display with USB 2A output for smart sticks<\/li>\n<li><strong>Simple to use and built to last<\/strong> Virtually maintenance free with 5-year, 12,000hr warranty<\/li>\n<li><strong>Document camera compatibility<\/strong> Create and record a live, totally immersive lesson or presentation<\/li>\n<\/ul>\n<p>The EB-770F&#8217;s ultra short throw lens allows safe, discreet positioning close to the display, enabling presenters free access to perform without casting shadows.<\/p>\n<p>Versatile wired and wireless connectivity options, including Miracast&#x2122; screen mirroring, ensures effortless, multi-device content sharing, and with a connected optional Epson visualiser, documents, presentations or 3D objects can be projected in incredible detail to the whole room.<\/p>\n<p>With 4,100 lumens CLO and 3LCD technology, the display is bright and vibrant up to 150&#8243;, clearly visible from all angles and at a distance. The experience is immersive and user-friendly.<\/p>\n<p>Unlike a flat-panel display, there is no heavy, breakable, glass panel to create disruptive, reflected blind spots at certain angles, and teachers are not subjected to LCD panel direct blue light radiation, believed to damage eyes. Paired with a hygenic, antibacterial whiteboard, teachers can annotate presentations with dry-wipe pens, or to save energy, simply use the whiteboard with the display turned off.<\/p>\n<p>Scalable from 49-150&#8243;, display sizes can be optimised for each room with one product and a fixed cost, and the EB-770F supports multi-projection edge-blending for a low cost, large, seamless, energy efficient 3780x1080p image.<\/p>\n<\/div>\n<\/div>\n","protected":false},"excerpt":{"rendered":"<p>Tehnolo\u0123ija 3LCD, L\u0101zers, iz\u0161\u0137irtsp\u0113ja 1280 x 800, 16:10, kontrasts 5000000:1, gaismas jauda 4100 AL<\/p>\n","protected":false},"featured_media":45959,"template":"","meta":{"_acf_changed":false},"product_cat":[7429],"product_tag":[10748,8458],"acf":[],"yoast_head":"<!-- This site is optimized with the Yoast SEO plugin v23.5 - https:\/\/yoast.com\/wordpress\/plugins\/seo\/ -->\n<title>Projektors Epson EB-770F &#8226; BBT<\/title>\n<meta name=\"robots\" content=\"index, follow, max-snippet:-1, max-image-preview:large, max-video-preview:-1\" \/>\n<link rel=\"canonical\" href=\"https:\/\/www.bbt.lv\/en\/produktu-katalogs\/projectors\/short-throw-projectors\/projektors-epson-eb-770f\/\" \/>\n<meta property=\"og:locale\" content=\"en_US\" \/>\n<meta property=\"og:type\" content=\"article\" \/>\n<meta property=\"og:title\" content=\"Projektors Epson EB-770F &#8226; BBT\" \/>\n<meta property=\"og:description\" content=\"Tehnolo\u0123ija 3LCD, L\u0101zers, iz\u0161\u0137irtsp\u0113ja 1280 x 800, 16:10, kontrasts 5000000:1, gaismas jauda 4100 AL\" \/>\n<meta property=\"og:url\" content=\"https:\/\/www.bbt.lv\/en\/produktu-katalogs\/projectors\/short-throw-projectors\/projektors-epson-eb-770f\/\" \/>\n<meta property=\"og:site_name\" content=\"BBT\" \/>\n<meta property=\"article:publisher\" content=\"https:\/\/www.facebook.com\/lvbbt\/\" \/>\n<meta property=\"article:modified_time\" content=\"2026-04-16T12:29:27+00:00\" \/>\n<meta property=\"og:image\" content=\"https:\/\/www.bbt.lv\/wp-content\/uploads\/Store\/Projektori\/EB-760W-770F\/Epson-EB-760W-003.png\" \/>\n\t<meta property=\"og:image:width\" content=\"1280\" \/>\n\t<meta property=\"og:image:height\" content=\"854\" \/>\n\t<meta property=\"og:image:type\" content=\"image\/png\" \/>\n<meta name=\"twitter:card\" content=\"summary_large_image\" \/>\n<meta name=\"twitter:label1\" content=\"Est. reading time\" \/>\n\t<meta name=\"twitter:data1\" content=\"1 minute\" \/>\n<script type=\"application\/ld+json\" class=\"yoast-schema-graph\">{\"@context\":\"https:\/\/schema.org\",\"@graph\":[{\"@type\":\"WebPage\",\"@id\":\"https:\/\/www.bbt.lv\/en\/produktu-katalogs\/projectors\/short-throw-projectors\/projektors-epson-eb-770f\/\",\"url\":\"https:\/\/www.bbt.lv\/en\/produktu-katalogs\/projectors\/short-throw-projectors\/projektors-epson-eb-770f\/\",\"name\":\"Projektors Epson EB-770F &#8226; BBT\",\"isPartOf\":{\"@id\":\"https:\/\/www.bbt.lv\/en\/#website\"},\"primaryImageOfPage\":{\"@id\":\"https:\/\/www.bbt.lv\/en\/produktu-katalogs\/projectors\/short-throw-projectors\/projektors-epson-eb-770f\/#primaryimage\"},\"image\":{\"@id\":\"https:\/\/www.bbt.lv\/en\/produktu-katalogs\/projectors\/short-throw-projectors\/projektors-epson-eb-770f\/#primaryimage\"},\"thumbnailUrl\":\"https:\/\/www.bbt.lv\/wp-content\/uploads\/Store\/Projektori\/EB-760W-770F\/Epson-EB-760W-003.png\",\"datePublished\":\"2024-05-20T12:30:06+00:00\",\"dateModified\":\"2026-04-16T12:29:27+00:00\",\"breadcrumb\":{\"@id\":\"https:\/\/www.bbt.lv\/en\/produktu-katalogs\/projectors\/short-throw-projectors\/projektors-epson-eb-770f\/#breadcrumb\"},\"inLanguage\":\"en-US\",\"potentialAction\":[{\"@type\":\"ReadAction\",\"target\":[\"https:\/\/www.bbt.lv\/en\/produktu-katalogs\/projectors\/short-throw-projectors\/projektors-epson-eb-770f\/\"]}]},{\"@type\":\"ImageObject\",\"inLanguage\":\"en-US\",\"@id\":\"https:\/\/www.bbt.lv\/en\/produktu-katalogs\/projectors\/short-throw-projectors\/projektors-epson-eb-770f\/#primaryimage\",\"url\":\"https:\/\/www.bbt.lv\/wp-content\/uploads\/Store\/Projektori\/EB-760W-770F\/Epson-EB-760W-003.png\",\"contentUrl\":\"https:\/\/www.bbt.lv\/wp-content\/uploads\/Store\/Projektori\/EB-760W-770F\/Epson-EB-760W-003.png\",\"width\":1280,\"height\":854},{\"@type\":\"BreadcrumbList\",\"@id\":\"https:\/\/www.bbt.lv\/en\/produktu-katalogs\/projectors\/short-throw-projectors\/projektors-epson-eb-770f\/#breadcrumb\",\"itemListElement\":[{\"@type\":\"ListItem\",\"position\":1,\"name\":\"Home\",\"item\":\"https:\/\/www.bbt.lv\/en\/\"},{\"@type\":\"ListItem\",\"position\":2,\"name\":\"Catalogue\",\"item\":\"https:\/\/www.bbt.lv\/en\/catalogue\/\"},{\"@type\":\"ListItem\",\"position\":3,\"name\":\"Projektors Epson EB-770F\"}]},{\"@type\":\"WebSite\",\"@id\":\"https:\/\/www.bbt.lv\/en\/#website\",\"url\":\"https:\/\/www.bbt.lv\/en\/\",\"name\":\"BBT\",\"description\":\"Baltijas Biroju tehnolo\u0123ijas\",\"publisher\":{\"@id\":\"https:\/\/www.bbt.lv\/en\/#organization\"},\"alternateName\":\"bbt.lv\",\"potentialAction\":[{\"@type\":\"SearchAction\",\"target\":{\"@type\":\"EntryPoint\",\"urlTemplate\":\"https:\/\/www.bbt.lv\/en\/?s={search_term_string}\"},\"query-input\":{\"@type\":\"PropertyValueSpecification\",\"valueRequired\":true,\"valueName\":\"search_term_string\"}}],\"inLanguage\":\"en-US\"},{\"@type\":\"Organization\",\"@id\":\"https:\/\/www.bbt.lv\/en\/#organization\",\"name\":\"Baltijas Biroju Tehnolo\u0123ijas\",\"url\":\"https:\/\/www.bbt.lv\/en\/\",\"logo\":{\"@type\":\"ImageObject\",\"inLanguage\":\"en-US\",\"@id\":\"https:\/\/www.bbt.lv\/en\/#\/schema\/logo\/image\/\",\"url\":\"https:\/\/www.bbt.lv\/wp-content\/uploads\/2019\/03\/BBT-logo-full-rgb.png\",\"contentUrl\":\"https:\/\/www.bbt.lv\/wp-content\/uploads\/2019\/03\/BBT-logo-full-rgb.png\",\"width\":802,\"height\":205,\"caption\":\"Baltijas Biroju Tehnolo\u0123ijas\"},\"image\":{\"@id\":\"https:\/\/www.bbt.lv\/en\/#\/schema\/logo\/image\/\"},\"sameAs\":[\"https:\/\/www.facebook.com\/lvbbt\/\",\"https:\/\/www.instagram.com\/bbt_lv\/\",\"https:\/\/www.linkedin.com\/company\/baltijas-biroju-tehnologijas-sia-bbt-\/\",\"https:\/\/www.youtube.com\/channel\/UCwNElYO6MpFUzK-v8ZSf4nw\"]}]}<\/script>\n<!-- \/ Yoast SEO plugin. -->","yoast_head_json":{"title":"Projektors Epson EB-770F &#8226; BBT","robots":{"index":"index","follow":"follow","max-snippet":"max-snippet:-1","max-image-preview":"max-image-preview:large","max-video-preview":"max-video-preview:-1"},"canonical":"https:\/\/www.bbt.lv\/en\/produktu-katalogs\/projectors\/short-throw-projectors\/projektors-epson-eb-770f\/","og_locale":"en_US","og_type":"article","og_title":"Projektors Epson EB-770F &#8226; BBT","og_description":"Tehnolo\u0123ija 3LCD, L\u0101zers, iz\u0161\u0137irtsp\u0113ja 1280 x 800, 16:10, kontrasts 5000000:1, gaismas jauda 4100 AL","og_url":"https:\/\/www.bbt.lv\/en\/produktu-katalogs\/projectors\/short-throw-projectors\/projektors-epson-eb-770f\/","og_site_name":"BBT","article_publisher":"https:\/\/www.facebook.com\/lvbbt\/","article_modified_time":"2026-04-16T12:29:27+00:00","og_image":[{"width":1280,"height":854,"url":"https:\/\/www.bbt.lv\/wp-content\/uploads\/Store\/Projektori\/EB-760W-770F\/Epson-EB-760W-003.png","type":"image\/png"}],"twitter_card":"summary_large_image","twitter_misc":{"Est. reading time":"1 minute"},"schema":{"@context":"https:\/\/schema.org","@graph":[{"@type":"WebPage","@id":"https:\/\/www.bbt.lv\/en\/produktu-katalogs\/projectors\/short-throw-projectors\/projektors-epson-eb-770f\/","url":"https:\/\/www.bbt.lv\/en\/produktu-katalogs\/projectors\/short-throw-projectors\/projektors-epson-eb-770f\/","name":"Projektors Epson EB-770F &#8226; BBT","isPartOf":{"@id":"https:\/\/www.bbt.lv\/en\/#website"},"primaryImageOfPage":{"@id":"https:\/\/www.bbt.lv\/en\/produktu-katalogs\/projectors\/short-throw-projectors\/projektors-epson-eb-770f\/#primaryimage"},"image":{"@id":"https:\/\/www.bbt.lv\/en\/produktu-katalogs\/projectors\/short-throw-projectors\/projektors-epson-eb-770f\/#primaryimage"},"thumbnailUrl":"https:\/\/www.bbt.lv\/wp-content\/uploads\/Store\/Projektori\/EB-760W-770F\/Epson-EB-760W-003.png","datePublished":"2024-05-20T12:30:06+00:00","dateModified":"2026-04-16T12:29:27+00:00","breadcrumb":{"@id":"https:\/\/www.bbt.lv\/en\/produktu-katalogs\/projectors\/short-throw-projectors\/projektors-epson-eb-770f\/#breadcrumb"},"inLanguage":"en-US","potentialAction":[{"@type":"ReadAction","target":["https:\/\/www.bbt.lv\/en\/produktu-katalogs\/projectors\/short-throw-projectors\/projektors-epson-eb-770f\/"]}]},{"@type":"ImageObject","inLanguage":"en-US","@id":"https:\/\/www.bbt.lv\/en\/produktu-katalogs\/projectors\/short-throw-projectors\/projektors-epson-eb-770f\/#primaryimage","url":"https:\/\/www.bbt.lv\/wp-content\/uploads\/Store\/Projektori\/EB-760W-770F\/Epson-EB-760W-003.png","contentUrl":"https:\/\/www.bbt.lv\/wp-content\/uploads\/Store\/Projektori\/EB-760W-770F\/Epson-EB-760W-003.png","width":1280,"height":854},{"@type":"BreadcrumbList","@id":"https:\/\/www.bbt.lv\/en\/produktu-katalogs\/projectors\/short-throw-projectors\/projektors-epson-eb-770f\/#breadcrumb","itemListElement":[{"@type":"ListItem","position":1,"name":"Home","item":"https:\/\/www.bbt.lv\/en\/"},{"@type":"ListItem","position":2,"name":"Catalogue","item":"https:\/\/www.bbt.lv\/en\/catalogue\/"},{"@type":"ListItem","position":3,"name":"Projektors Epson EB-770F"}]},{"@type":"WebSite","@id":"https:\/\/www.bbt.lv\/en\/#website","url":"https:\/\/www.bbt.lv\/en\/","name":"BBT","description":"Baltijas Biroju tehnolo\u0123ijas","publisher":{"@id":"https:\/\/www.bbt.lv\/en\/#organization"},"alternateName":"bbt.lv","potentialAction":[{"@type":"SearchAction","target":{"@type":"EntryPoint","urlTemplate":"https:\/\/www.bbt.lv\/en\/?s={search_term_string}"},"query-input":{"@type":"PropertyValueSpecification","valueRequired":true,"valueName":"search_term_string"}}],"inLanguage":"en-US"},{"@type":"Organization","@id":"https:\/\/www.bbt.lv\/en\/#organization","name":"Baltijas Biroju Tehnolo\u0123ijas","url":"https:\/\/www.bbt.lv\/en\/","logo":{"@type":"ImageObject","inLanguage":"en-US","@id":"https:\/\/www.bbt.lv\/en\/#\/schema\/logo\/image\/","url":"https:\/\/www.bbt.lv\/wp-content\/uploads\/2019\/03\/BBT-logo-full-rgb.png","contentUrl":"https:\/\/www.bbt.lv\/wp-content\/uploads\/2019\/03\/BBT-logo-full-rgb.png","width":802,"height":205,"caption":"Baltijas Biroju Tehnolo\u0123ijas"},"image":{"@id":"https:\/\/www.bbt.lv\/en\/#\/schema\/logo\/image\/"},"sameAs":["https:\/\/www.facebook.com\/lvbbt\/","https:\/\/www.instagram.com\/bbt_lv\/","https:\/\/www.linkedin.com\/company\/baltijas-biroju-tehnologijas-sia-bbt-\/","https:\/\/www.youtube.com\/channel\/UCwNElYO6MpFUzK-v8ZSf4nw"]}]}},"_links":{"self":[{"href":"https:\/\/www.bbt.lv\/en\/wp-json\/wp\/v2\/product\/46005"}],"collection":[{"href":"https:\/\/www.bbt.lv\/en\/wp-json\/wp\/v2\/product"}],"about":[{"href":"https:\/\/www.bbt.lv\/en\/wp-json\/wp\/v2\/types\/product"}],"wp:featuredmedia":[{"embeddable":true,"href":"https:\/\/www.bbt.lv\/en\/wp-json\/wp\/v2\/media\/45959"}],"wp:attachment":[{"href":"https:\/\/www.bbt.lv\/en\/wp-json\/wp\/v2\/media?parent=46005"}],"wp:term":[{"taxonomy":"product_cat","embeddable":true,"href":"https:\/\/www.bbt.lv\/en\/wp-json\/wp\/v2\/product_cat?post=46005"},{"taxonomy":"product_tag","embeddable":true,"href":"https:\/\/www.bbt.lv\/en\/wp-json\/wp\/v2\/product_tag?post=46005"}],"curies":[{"name":"wp","href":"https:\/\/api.w.org\/{rel}","templated":true}]}}