{"id":46105,"date":"2024-06-06T14:18:24","date_gmt":"2024-06-06T11:18:24","guid":{"rendered":"https:\/\/www.bbt.lv\/produktu-katalogs\/uncategorized\/papildmikrofons-sistemai-ms-10s\/"},"modified":"2026-05-01T12:02:27","modified_gmt":"2026-05-01T09:02:27","slug":"papildmikrofons-sistemai-ms-10s","status":"publish","type":"product","link":"https:\/\/www.bbt.lv\/en\/produktu-katalogs\/videoconferencing-equipment\/videokonferencu-aprikojums-videokonferencu-aprikojums-en\/papildmikrofons-sistemai-ms-10s\/","title":{"rendered":"Papildmikrofons sist\u0113mai MS-10S"},"content":{"rendered":"<p><strong>Expansion Microphone for MS-10S.<\/strong><\/p>\n<ul>\n<li>Expansion distance up to 10 meter through Cat5 cable.<\/li>\n<li>3 meter pickup distance.<\/li>\n<li>Daisy chain design, up to 2 expansion Microphone Pod<\/li>\n<\/ul>\n<p><img loading=\"lazy\" decoding=\"async\" class=\"alignnone size-medium wp-image-46101\" src=\"https:\/\/www.bbt.lv\/wp-content\/uploads\/Store\/PTZ\/MS-EM1\/0202306281124551947-500x482.jpg\" alt=\"MS-EM1 - 0202306281124551947\" width=\"500\" height=\"482\" srcset=\"https:\/\/www.bbt.lv\/wp-content\/uploads\/Store\/PTZ\/MS-EM1\/0202306281124551947-500x482.jpg 500w, https:\/\/www.bbt.lv\/wp-content\/uploads\/Store\/PTZ\/MS-EM1\/0202306281124551947-374x360.jpg 374w, https:\/\/www.bbt.lv\/wp-content\/uploads\/Store\/PTZ\/MS-EM1\/0202306281124551947-62x60.jpg 62w, https:\/\/www.bbt.lv\/wp-content\/uploads\/Store\/PTZ\/MS-EM1\/0202306281124551947-20x20.jpg 20w, https:\/\/www.bbt.lv\/wp-content\/uploads\/Store\/PTZ\/MS-EM1\/0202306281124551947-30x30.jpg 30w, https:\/\/www.bbt.lv\/wp-content\/uploads\/Store\/PTZ\/MS-EM1\/0202306281124551947-40x40.jpg 40w, https:\/\/www.bbt.lv\/wp-content\/uploads\/Store\/PTZ\/MS-EM1\/0202306281124551947-300x289.jpg 300w, https:\/\/www.bbt.lv\/wp-content\/uploads\/Store\/PTZ\/MS-EM1\/0202306281124551947-64x62.jpg 64w, https:\/\/www.bbt.lv\/wp-content\/uploads\/Store\/PTZ\/MS-EM1\/0202306281124551947.jpg 600w\" sizes=\"(max-width: 500px) 100vw, 500px\" \/><\/p>\n<p><img loading=\"lazy\" decoding=\"async\" class=\"alignnone size-medium wp-image-46099\" src=\"https:\/\/www.bbt.lv\/wp-content\/uploads\/Store\/PTZ\/MS-EM1\/0202306281125272321-500x482.jpg\" alt=\"MS-EM1 - 0202306281125272321\" width=\"500\" height=\"482\" srcset=\"https:\/\/www.bbt.lv\/wp-content\/uploads\/Store\/PTZ\/MS-EM1\/0202306281125272321-500x482.jpg 500w, https:\/\/www.bbt.lv\/wp-content\/uploads\/Store\/PTZ\/MS-EM1\/0202306281125272321-374x360.jpg 374w, https:\/\/www.bbt.lv\/wp-content\/uploads\/Store\/PTZ\/MS-EM1\/0202306281125272321-62x60.jpg 62w, https:\/\/www.bbt.lv\/wp-content\/uploads\/Store\/PTZ\/MS-EM1\/0202306281125272321-20x20.jpg 20w, https:\/\/www.bbt.lv\/wp-content\/uploads\/Store\/PTZ\/MS-EM1\/0202306281125272321-30x30.jpg 30w, https:\/\/www.bbt.lv\/wp-content\/uploads\/Store\/PTZ\/MS-EM1\/0202306281125272321-40x40.jpg 40w, https:\/\/www.bbt.lv\/wp-content\/uploads\/Store\/PTZ\/MS-EM1\/0202306281125272321-300x289.jpg 300w, https:\/\/www.bbt.lv\/wp-content\/uploads\/Store\/PTZ\/MS-EM1\/0202306281125272321-64x62.jpg 64w, https:\/\/www.bbt.lv\/wp-content\/uploads\/Store\/PTZ\/MS-EM1\/0202306281125272321.jpg 600w\" sizes=\"(max-width: 500px) 100vw, 500px\" \/><\/p>\n<p><img loading=\"lazy\" decoding=\"async\" class=\"alignnone size-medium wp-image-46097\" src=\"https:\/\/www.bbt.lv\/wp-content\/uploads\/Store\/PTZ\/MS-EM1\/0202306281126306470-500x251.jpg\" alt=\"MS-EM1 - 0202306281126306470\" width=\"500\" height=\"251\" srcset=\"https:\/\/www.bbt.lv\/wp-content\/uploads\/Store\/PTZ\/MS-EM1\/0202306281126306470-500x251.jpg 500w, https:\/\/www.bbt.lv\/wp-content\/uploads\/Store\/PTZ\/MS-EM1\/0202306281126306470-768x385.jpg 768w, https:\/\/www.bbt.lv\/wp-content\/uploads\/Store\/PTZ\/MS-EM1\/0202306281126306470-540x271.jpg 540w, https:\/\/www.bbt.lv\/wp-content\/uploads\/Store\/PTZ\/MS-EM1\/0202306281126306470-90x45.jpg 90w, https:\/\/www.bbt.lv\/wp-content\/uploads\/Store\/PTZ\/MS-EM1\/0202306281126306470-300x150.jpg 300w, https:\/\/www.bbt.lv\/wp-content\/uploads\/Store\/PTZ\/MS-EM1\/0202306281126306470-600x301.jpg 600w, https:\/\/www.bbt.lv\/wp-content\/uploads\/Store\/PTZ\/MS-EM1\/0202306281126306470-64x32.jpg 64w, https:\/\/www.bbt.lv\/wp-content\/uploads\/Store\/PTZ\/MS-EM1\/0202306281126306470.jpg 1153w\" sizes=\"(max-width: 500px) 100vw, 500px\" \/><\/p>\n","protected":false},"excerpt":{"rendered":"<p>\u013bauj novietot papildu mikrofonu l\u012bdz 10m att\u0101lumam, izmantojot Cat5 kabeli<\/p>\n","protected":false},"featured_media":46096,"template":"","meta":{"_acf_changed":false},"product_cat":[9026],"product_tag":[9465],"acf":[],"yoast_head":"<!-- This site is optimized with the Yoast SEO plugin v23.5 - https:\/\/yoast.com\/wordpress\/plugins\/seo\/ -->\n<title>Papildmikrofons sist\u0113mai MS-10S &#8226; BBT<\/title>\n<meta name=\"robots\" content=\"index, follow, max-snippet:-1, max-image-preview:large, max-video-preview:-1\" \/>\n<link rel=\"canonical\" href=\"https:\/\/www.bbt.lv\/en\/produktu-katalogs\/videoconferencing-equipment\/videokonferencu-aprikojums-videokonferencu-aprikojums-en\/papildmikrofons-sistemai-ms-10s\/\" \/>\n<meta property=\"og:locale\" content=\"en_US\" \/>\n<meta property=\"og:type\" content=\"article\" \/>\n<meta property=\"og:title\" content=\"Papildmikrofons sist\u0113mai MS-10S &#8226; BBT\" \/>\n<meta property=\"og:description\" content=\"\u013bauj novietot papildu mikrofonu l\u012bdz 10m att\u0101lumam, izmantojot Cat5 kabeli\" \/>\n<meta property=\"og:url\" content=\"https:\/\/www.bbt.lv\/en\/produktu-katalogs\/videoconferencing-equipment\/videokonferencu-aprikojums-videokonferencu-aprikojums-en\/papildmikrofons-sistemai-ms-10s\/\" \/>\n<meta property=\"og:site_name\" content=\"BBT\" \/>\n<meta property=\"article:publisher\" content=\"https:\/\/www.facebook.com\/lvbbt\/\" \/>\n<meta property=\"article:modified_time\" content=\"2026-05-01T09:02:27+00:00\" \/>\n<meta property=\"og:image\" content=\"https:\/\/www.bbt.lv\/wp-content\/uploads\/Store\/PTZ\/MS-EM1\/MS-EM1-001.png\" \/>\n\t<meta property=\"og:image:width\" content=\"460\" \/>\n\t<meta property=\"og:image:height\" content=\"345\" \/>\n\t<meta property=\"og:image:type\" content=\"image\/png\" \/>\n<meta name=\"twitter:card\" content=\"summary_large_image\" \/>\n<meta name=\"twitter:label1\" content=\"Est. reading time\" \/>\n\t<meta name=\"twitter:data1\" content=\"1 minute\" \/>\n<script type=\"application\/ld+json\" class=\"yoast-schema-graph\">{\"@context\":\"https:\/\/schema.org\",\"@graph\":[{\"@type\":\"WebPage\",\"@id\":\"https:\/\/www.bbt.lv\/en\/produktu-katalogs\/videoconferencing-equipment\/videokonferencu-aprikojums-videokonferencu-aprikojums-en\/papildmikrofons-sistemai-ms-10s\/\",\"url\":\"https:\/\/www.bbt.lv\/en\/produktu-katalogs\/videoconferencing-equipment\/videokonferencu-aprikojums-videokonferencu-aprikojums-en\/papildmikrofons-sistemai-ms-10s\/\",\"name\":\"Papildmikrofons sist\u0113mai MS-10S &#8226; BBT\",\"isPartOf\":{\"@id\":\"https:\/\/www.bbt.lv\/en\/#website\"},\"primaryImageOfPage\":{\"@id\":\"https:\/\/www.bbt.lv\/en\/produktu-katalogs\/videoconferencing-equipment\/videokonferencu-aprikojums-videokonferencu-aprikojums-en\/papildmikrofons-sistemai-ms-10s\/#primaryimage\"},\"image\":{\"@id\":\"https:\/\/www.bbt.lv\/en\/produktu-katalogs\/videoconferencing-equipment\/videokonferencu-aprikojums-videokonferencu-aprikojums-en\/papildmikrofons-sistemai-ms-10s\/#primaryimage\"},\"thumbnailUrl\":\"https:\/\/www.bbt.lv\/wp-content\/uploads\/Store\/PTZ\/MS-EM1\/MS-EM1-001.png\",\"datePublished\":\"2024-06-06T11:18:24+00:00\",\"dateModified\":\"2026-05-01T09:02:27+00:00\",\"breadcrumb\":{\"@id\":\"https:\/\/www.bbt.lv\/en\/produktu-katalogs\/videoconferencing-equipment\/videokonferencu-aprikojums-videokonferencu-aprikojums-en\/papildmikrofons-sistemai-ms-10s\/#breadcrumb\"},\"inLanguage\":\"en-US\",\"potentialAction\":[{\"@type\":\"ReadAction\",\"target\":[\"https:\/\/www.bbt.lv\/en\/produktu-katalogs\/videoconferencing-equipment\/videokonferencu-aprikojums-videokonferencu-aprikojums-en\/papildmikrofons-sistemai-ms-10s\/\"]}]},{\"@type\":\"ImageObject\",\"inLanguage\":\"en-US\",\"@id\":\"https:\/\/www.bbt.lv\/en\/produktu-katalogs\/videoconferencing-equipment\/videokonferencu-aprikojums-videokonferencu-aprikojums-en\/papildmikrofons-sistemai-ms-10s\/#primaryimage\",\"url\":\"https:\/\/www.bbt.lv\/wp-content\/uploads\/Store\/PTZ\/MS-EM1\/MS-EM1-001.png\",\"contentUrl\":\"https:\/\/www.bbt.lv\/wp-content\/uploads\/Store\/PTZ\/MS-EM1\/MS-EM1-001.png\",\"width\":460,\"height\":345},{\"@type\":\"BreadcrumbList\",\"@id\":\"https:\/\/www.bbt.lv\/en\/produktu-katalogs\/videoconferencing-equipment\/videokonferencu-aprikojums-videokonferencu-aprikojums-en\/papildmikrofons-sistemai-ms-10s\/#breadcrumb\",\"itemListElement\":[{\"@type\":\"ListItem\",\"position\":1,\"name\":\"Home\",\"item\":\"https:\/\/www.bbt.lv\/en\/\"},{\"@type\":\"ListItem\",\"position\":2,\"name\":\"Catalogue\",\"item\":\"https:\/\/www.bbt.lv\/en\/catalogue\/\"},{\"@type\":\"ListItem\",\"position\":3,\"name\":\"Papildmikrofons sist\u0113mai MS-10S\"}]},{\"@type\":\"WebSite\",\"@id\":\"https:\/\/www.bbt.lv\/en\/#website\",\"url\":\"https:\/\/www.bbt.lv\/en\/\",\"name\":\"BBT\",\"description\":\"Baltijas Biroju tehnolo\u0123ijas\",\"publisher\":{\"@id\":\"https:\/\/www.bbt.lv\/en\/#organization\"},\"alternateName\":\"bbt.lv\",\"potentialAction\":[{\"@type\":\"SearchAction\",\"target\":{\"@type\":\"EntryPoint\",\"urlTemplate\":\"https:\/\/www.bbt.lv\/en\/?s={search_term_string}\"},\"query-input\":{\"@type\":\"PropertyValueSpecification\",\"valueRequired\":true,\"valueName\":\"search_term_string\"}}],\"inLanguage\":\"en-US\"},{\"@type\":\"Organization\",\"@id\":\"https:\/\/www.bbt.lv\/en\/#organization\",\"name\":\"Baltijas Biroju Tehnolo\u0123ijas\",\"url\":\"https:\/\/www.bbt.lv\/en\/\",\"logo\":{\"@type\":\"ImageObject\",\"inLanguage\":\"en-US\",\"@id\":\"https:\/\/www.bbt.lv\/en\/#\/schema\/logo\/image\/\",\"url\":\"https:\/\/www.bbt.lv\/wp-content\/uploads\/2019\/03\/BBT-logo-full-rgb.png\",\"contentUrl\":\"https:\/\/www.bbt.lv\/wp-content\/uploads\/2019\/03\/BBT-logo-full-rgb.png\",\"width\":802,\"height\":205,\"caption\":\"Baltijas Biroju Tehnolo\u0123ijas\"},\"image\":{\"@id\":\"https:\/\/www.bbt.lv\/en\/#\/schema\/logo\/image\/\"},\"sameAs\":[\"https:\/\/www.facebook.com\/lvbbt\/\",\"https:\/\/www.instagram.com\/bbt_lv\/\",\"https:\/\/www.linkedin.com\/company\/baltijas-biroju-tehnologijas-sia-bbt-\/\",\"https:\/\/www.youtube.com\/channel\/UCwNElYO6MpFUzK-v8ZSf4nw\"]}]}<\/script>\n<!-- \/ Yoast SEO plugin. -->","yoast_head_json":{"title":"Papildmikrofons sist\u0113mai MS-10S &#8226; BBT","robots":{"index":"index","follow":"follow","max-snippet":"max-snippet:-1","max-image-preview":"max-image-preview:large","max-video-preview":"max-video-preview:-1"},"canonical":"https:\/\/www.bbt.lv\/en\/produktu-katalogs\/videoconferencing-equipment\/videokonferencu-aprikojums-videokonferencu-aprikojums-en\/papildmikrofons-sistemai-ms-10s\/","og_locale":"en_US","og_type":"article","og_title":"Papildmikrofons sist\u0113mai MS-10S &#8226; BBT","og_description":"\u013bauj novietot papildu mikrofonu l\u012bdz 10m att\u0101lumam, izmantojot Cat5 kabeli","og_url":"https:\/\/www.bbt.lv\/en\/produktu-katalogs\/videoconferencing-equipment\/videokonferencu-aprikojums-videokonferencu-aprikojums-en\/papildmikrofons-sistemai-ms-10s\/","og_site_name":"BBT","article_publisher":"https:\/\/www.facebook.com\/lvbbt\/","article_modified_time":"2026-05-01T09:02:27+00:00","og_image":[{"width":460,"height":345,"url":"https:\/\/www.bbt.lv\/wp-content\/uploads\/Store\/PTZ\/MS-EM1\/MS-EM1-001.png","type":"image\/png"}],"twitter_card":"summary_large_image","twitter_misc":{"Est. reading time":"1 minute"},"schema":{"@context":"https:\/\/schema.org","@graph":[{"@type":"WebPage","@id":"https:\/\/www.bbt.lv\/en\/produktu-katalogs\/videoconferencing-equipment\/videokonferencu-aprikojums-videokonferencu-aprikojums-en\/papildmikrofons-sistemai-ms-10s\/","url":"https:\/\/www.bbt.lv\/en\/produktu-katalogs\/videoconferencing-equipment\/videokonferencu-aprikojums-videokonferencu-aprikojums-en\/papildmikrofons-sistemai-ms-10s\/","name":"Papildmikrofons sist\u0113mai MS-10S &#8226; BBT","isPartOf":{"@id":"https:\/\/www.bbt.lv\/en\/#website"},"primaryImageOfPage":{"@id":"https:\/\/www.bbt.lv\/en\/produktu-katalogs\/videoconferencing-equipment\/videokonferencu-aprikojums-videokonferencu-aprikojums-en\/papildmikrofons-sistemai-ms-10s\/#primaryimage"},"image":{"@id":"https:\/\/www.bbt.lv\/en\/produktu-katalogs\/videoconferencing-equipment\/videokonferencu-aprikojums-videokonferencu-aprikojums-en\/papildmikrofons-sistemai-ms-10s\/#primaryimage"},"thumbnailUrl":"https:\/\/www.bbt.lv\/wp-content\/uploads\/Store\/PTZ\/MS-EM1\/MS-EM1-001.png","datePublished":"2024-06-06T11:18:24+00:00","dateModified":"2026-05-01T09:02:27+00:00","breadcrumb":{"@id":"https:\/\/www.bbt.lv\/en\/produktu-katalogs\/videoconferencing-equipment\/videokonferencu-aprikojums-videokonferencu-aprikojums-en\/papildmikrofons-sistemai-ms-10s\/#breadcrumb"},"inLanguage":"en-US","potentialAction":[{"@type":"ReadAction","target":["https:\/\/www.bbt.lv\/en\/produktu-katalogs\/videoconferencing-equipment\/videokonferencu-aprikojums-videokonferencu-aprikojums-en\/papildmikrofons-sistemai-ms-10s\/"]}]},{"@type":"ImageObject","inLanguage":"en-US","@id":"https:\/\/www.bbt.lv\/en\/produktu-katalogs\/videoconferencing-equipment\/videokonferencu-aprikojums-videokonferencu-aprikojums-en\/papildmikrofons-sistemai-ms-10s\/#primaryimage","url":"https:\/\/www.bbt.lv\/wp-content\/uploads\/Store\/PTZ\/MS-EM1\/MS-EM1-001.png","contentUrl":"https:\/\/www.bbt.lv\/wp-content\/uploads\/Store\/PTZ\/MS-EM1\/MS-EM1-001.png","width":460,"height":345},{"@type":"BreadcrumbList","@id":"https:\/\/www.bbt.lv\/en\/produktu-katalogs\/videoconferencing-equipment\/videokonferencu-aprikojums-videokonferencu-aprikojums-en\/papildmikrofons-sistemai-ms-10s\/#breadcrumb","itemListElement":[{"@type":"ListItem","position":1,"name":"Home","item":"https:\/\/www.bbt.lv\/en\/"},{"@type":"ListItem","position":2,"name":"Catalogue","item":"https:\/\/www.bbt.lv\/en\/catalogue\/"},{"@type":"ListItem","position":3,"name":"Papildmikrofons sist\u0113mai MS-10S"}]},{"@type":"WebSite","@id":"https:\/\/www.bbt.lv\/en\/#website","url":"https:\/\/www.bbt.lv\/en\/","name":"BBT","description":"Baltijas Biroju tehnolo\u0123ijas","publisher":{"@id":"https:\/\/www.bbt.lv\/en\/#organization"},"alternateName":"bbt.lv","potentialAction":[{"@type":"SearchAction","target":{"@type":"EntryPoint","urlTemplate":"https:\/\/www.bbt.lv\/en\/?s={search_term_string}"},"query-input":{"@type":"PropertyValueSpecification","valueRequired":true,"valueName":"search_term_string"}}],"inLanguage":"en-US"},{"@type":"Organization","@id":"https:\/\/www.bbt.lv\/en\/#organization","name":"Baltijas Biroju Tehnolo\u0123ijas","url":"https:\/\/www.bbt.lv\/en\/","logo":{"@type":"ImageObject","inLanguage":"en-US","@id":"https:\/\/www.bbt.lv\/en\/#\/schema\/logo\/image\/","url":"https:\/\/www.bbt.lv\/wp-content\/uploads\/2019\/03\/BBT-logo-full-rgb.png","contentUrl":"https:\/\/www.bbt.lv\/wp-content\/uploads\/2019\/03\/BBT-logo-full-rgb.png","width":802,"height":205,"caption":"Baltijas Biroju Tehnolo\u0123ijas"},"image":{"@id":"https:\/\/www.bbt.lv\/en\/#\/schema\/logo\/image\/"},"sameAs":["https:\/\/www.facebook.com\/lvbbt\/","https:\/\/www.instagram.com\/bbt_lv\/","https:\/\/www.linkedin.com\/company\/baltijas-biroju-tehnologijas-sia-bbt-\/","https:\/\/www.youtube.com\/channel\/UCwNElYO6MpFUzK-v8ZSf4nw"]}]}},"_links":{"self":[{"href":"https:\/\/www.bbt.lv\/en\/wp-json\/wp\/v2\/product\/46105"}],"collection":[{"href":"https:\/\/www.bbt.lv\/en\/wp-json\/wp\/v2\/product"}],"about":[{"href":"https:\/\/www.bbt.lv\/en\/wp-json\/wp\/v2\/types\/product"}],"wp:featuredmedia":[{"embeddable":true,"href":"https:\/\/www.bbt.lv\/en\/wp-json\/wp\/v2\/media\/46096"}],"wp:attachment":[{"href":"https:\/\/www.bbt.lv\/en\/wp-json\/wp\/v2\/media?parent=46105"}],"wp:term":[{"taxonomy":"product_cat","embeddable":true,"href":"https:\/\/www.bbt.lv\/en\/wp-json\/wp\/v2\/product_cat?post=46105"},{"taxonomy":"product_tag","embeddable":true,"href":"https:\/\/www.bbt.lv\/en\/wp-json\/wp\/v2\/product_tag?post=46105"}],"curies":[{"name":"wp","href":"https:\/\/api.w.org\/{rel}","templated":true}]}}