{"id":46106,"date":"2024-06-06T13:27:22","date_gmt":"2024-06-06T10:27:22","guid":{"rendered":"https:\/\/www.bbt.lv\/produktu-katalogs\/uncategorized\/lumens-ms-10s-4k-video-soundbar-ar-balss-sekosanas-un-framing-funkciju\/"},"modified":"2026-04-14T22:25:03","modified_gmt":"2026-04-14T19:25:03","slug":"lumens-ms-10s-4k-video-soundbar-ar-balss-sekosanas-un-framing-funkciju","status":"publish","type":"product","link":"https:\/\/www.bbt.lv\/en\/produktu-katalogs\/videoconferencing-equipment\/videokonferencu-aprikojums-videokonferencu-aprikojums-en\/lumens-ms-10s-4k-video-soundbar-ar-balss-sekosanas-un-framing-funkciju\/","title":{"rendered":"Lumens MS-10S\/4K Video konferences ska\u0146as un mikrofonu sist\u0113ma-Video Soundbar ar balss seko\u0161anas un framing funkciju"},"content":{"rendered":"<ul>\n<li>4K UHD Wide-Angle Camera with Auto Framing<\/li>\n<li>Integrated voice tracking with built-in beam-forming microphones<\/li>\n<li>Optional Expansion Microphone Pod<\/li>\n<li>Voice, Audio, and Ethernet over USB<\/li>\n<\/ul>\n<section class=\"product-detail\">\n<div class=\"container\">\n<div class=\"row\">\n<div class=\"col-md-6 col-sm-6 hidden-xs\"><img loading=\"lazy\" decoding=\"async\" class=\"alignnone size-medium wp-image-46063\" src=\"https:\/\/www.bbt.lv\/wp-content\/uploads\/Store\/PTZ\/MS-10S\/0202306270847143483-500x375.png\" alt=\"MS-10S - 0202306270847143483\" width=\"500\" height=\"375\" srcset=\"https:\/\/www.bbt.lv\/wp-content\/uploads\/Store\/PTZ\/MS-10S\/0202306270847143483-500x375.png 500w, https:\/\/www.bbt.lv\/wp-content\/uploads\/Store\/PTZ\/MS-10S\/0202306270847143483-768x576.png 768w, https:\/\/www.bbt.lv\/wp-content\/uploads\/Store\/PTZ\/MS-10S\/0202306270847143483-480x360.png 480w, https:\/\/www.bbt.lv\/wp-content\/uploads\/Store\/PTZ\/MS-10S\/0202306270847143483-80x60.png 80w, https:\/\/www.bbt.lv\/wp-content\/uploads\/Store\/PTZ\/MS-10S\/0202306270847143483-120x90.png 120w, https:\/\/www.bbt.lv\/wp-content\/uploads\/Store\/PTZ\/MS-10S\/0202306270847143483-240x180.png 240w, https:\/\/www.bbt.lv\/wp-content\/uploads\/Store\/PTZ\/MS-10S\/0202306270847143483-159x120.png 159w, https:\/\/www.bbt.lv\/wp-content\/uploads\/Store\/PTZ\/MS-10S\/0202306270847143483-300x225.png 300w, https:\/\/www.bbt.lv\/wp-content\/uploads\/Store\/PTZ\/MS-10S\/0202306270847143483-600x450.png 600w, https:\/\/www.bbt.lv\/wp-content\/uploads\/Store\/PTZ\/MS-10S\/0202306270847143483-64x48.png 64w, https:\/\/www.bbt.lv\/wp-content\/uploads\/Store\/PTZ\/MS-10S\/0202306270847143483.png 800w\" sizes=\"(max-width: 500px) 100vw, 500px\" \/><\/div>\n<div class=\"col-md-6 col-sm-6 col-xs-12\">\n<h4>Voice-Tracking<\/h4>\n<p>The MS-10S features directional microphones which identify the position of participants in the room and intelligently adjust the camera to zoom onto the active speaker. This helps remote guests focus on discussions in the room.<\/p>\n<\/div>\n<div><\/div>\n<div><img loading=\"lazy\" decoding=\"async\" class=\"alignnone size-medium wp-image-46065\" src=\"https:\/\/www.bbt.lv\/wp-content\/uploads\/Store\/PTZ\/MS-10S\/0202306270847448757-500x358.png\" alt=\"MS-10S - 0202306270847448757\" width=\"500\" height=\"358\" srcset=\"https:\/\/www.bbt.lv\/wp-content\/uploads\/Store\/PTZ\/MS-10S\/0202306270847448757-500x358.png 500w, https:\/\/www.bbt.lv\/wp-content\/uploads\/Store\/PTZ\/MS-10S\/0202306270847448757-768x549.png 768w, https:\/\/www.bbt.lv\/wp-content\/uploads\/Store\/PTZ\/MS-10S\/0202306270847448757-503x360.png 503w, https:\/\/www.bbt.lv\/wp-content\/uploads\/Store\/PTZ\/MS-10S\/0202306270847448757-84x60.png 84w, https:\/\/www.bbt.lv\/wp-content\/uploads\/Store\/PTZ\/MS-10S\/0202306270847448757-300x215.png 300w, https:\/\/www.bbt.lv\/wp-content\/uploads\/Store\/PTZ\/MS-10S\/0202306270847448757-600x429.png 600w, https:\/\/www.bbt.lv\/wp-content\/uploads\/Store\/PTZ\/MS-10S\/0202306270847448757-64x46.png 64w, https:\/\/www.bbt.lv\/wp-content\/uploads\/Store\/PTZ\/MS-10S\/0202306270847448757.png 839w\" sizes=\"(max-width: 500px) 100vw, 500px\" \/><\/div>\n<\/div>\n<\/div>\n<\/section>\n<section class=\"product-detail\">\n<div class=\"container\">\n<div class=\"row\">\n<div class=\"col-md-6 col-sm-6 col-xs-12\">\n<h4>Auto-Framing<\/h4>\n<p>The camera&#8217;s auto-framing technology recognizes the area occupied within the room and adjusts the zoom angle to incorporate every guest. With a 120\u00b0 field of view and the ability to zoom in 8x, the camera delivers superb HD or 4K output at all zoom settings.<\/p>\n<\/div>\n<div class=\"col-md-6 col-sm-6 hidden-xs\"><\/div>\n<\/div>\n<\/div>\n<\/section>\n<section class=\"product-detail\">\n<div class=\"container\">\n<div class=\"row\">\n<div class=\"col-md-6 col-sm-6 hidden-xs\"><img loading=\"lazy\" decoding=\"async\" class=\"alignnone size-medium wp-image-46067\" src=\"https:\/\/www.bbt.lv\/wp-content\/uploads\/Store\/PTZ\/MS-10S\/0202306270848121921-500x375.png\" alt=\"MS-10S - 0202306270848121921\" width=\"500\" height=\"375\" srcset=\"https:\/\/www.bbt.lv\/wp-content\/uploads\/Store\/PTZ\/MS-10S\/0202306270848121921-500x375.png 500w, https:\/\/www.bbt.lv\/wp-content\/uploads\/Store\/PTZ\/MS-10S\/0202306270848121921-768x576.png 768w, https:\/\/www.bbt.lv\/wp-content\/uploads\/Store\/PTZ\/MS-10S\/0202306270848121921-480x360.png 480w, https:\/\/www.bbt.lv\/wp-content\/uploads\/Store\/PTZ\/MS-10S\/0202306270848121921-80x60.png 80w, https:\/\/www.bbt.lv\/wp-content\/uploads\/Store\/PTZ\/MS-10S\/0202306270848121921-120x90.png 120w, https:\/\/www.bbt.lv\/wp-content\/uploads\/Store\/PTZ\/MS-10S\/0202306270848121921-240x180.png 240w, https:\/\/www.bbt.lv\/wp-content\/uploads\/Store\/PTZ\/MS-10S\/0202306270848121921-159x120.png 159w, https:\/\/www.bbt.lv\/wp-content\/uploads\/Store\/PTZ\/MS-10S\/0202306270848121921-300x225.png 300w, https:\/\/www.bbt.lv\/wp-content\/uploads\/Store\/PTZ\/MS-10S\/0202306270848121921-600x450.png 600w, https:\/\/www.bbt.lv\/wp-content\/uploads\/Store\/PTZ\/MS-10S\/0202306270848121921-64x48.png 64w, https:\/\/www.bbt.lv\/wp-content\/uploads\/Store\/PTZ\/MS-10S\/0202306270848121921.png 800w\" sizes=\"(max-width: 500px) 100vw, 500px\" \/><\/div>\n<div class=\"col-md-6 col-sm-6 col-xs-12\">\n<h4>Beamforming Microphones<\/h4>\n<p>MS-10S&#8217; four omnidirectional microphones have echo cancellation and noise suppression to capture every participant&#8217;s voice clearly. The optional MS-EM1 expansion microphone is an ideal accessory for larger rooms. The MS-EM1 has a 3m pick-up range and is connected to the MS-10S by a 5m cable. A second expansion microphone can be added if required.<\/p>\n<\/div>\n<\/div>\n<\/div>\n<\/section>\n<div><\/div>\n<div><img loading=\"lazy\" decoding=\"async\" class=\"alignnone size-medium wp-image-46069\" src=\"https:\/\/www.bbt.lv\/wp-content\/uploads\/Store\/PTZ\/MS-10S\/0202306270848513210-500x375.png\" alt=\"MS-10S - 0202306270848513210\" width=\"500\" height=\"375\" srcset=\"https:\/\/www.bbt.lv\/wp-content\/uploads\/Store\/PTZ\/MS-10S\/0202306270848513210-500x375.png 500w, https:\/\/www.bbt.lv\/wp-content\/uploads\/Store\/PTZ\/MS-10S\/0202306270848513210-768x576.png 768w, https:\/\/www.bbt.lv\/wp-content\/uploads\/Store\/PTZ\/MS-10S\/0202306270848513210-480x360.png 480w, https:\/\/www.bbt.lv\/wp-content\/uploads\/Store\/PTZ\/MS-10S\/0202306270848513210-80x60.png 80w, https:\/\/www.bbt.lv\/wp-content\/uploads\/Store\/PTZ\/MS-10S\/0202306270848513210-120x90.png 120w, https:\/\/www.bbt.lv\/wp-content\/uploads\/Store\/PTZ\/MS-10S\/0202306270848513210-240x180.png 240w, https:\/\/www.bbt.lv\/wp-content\/uploads\/Store\/PTZ\/MS-10S\/0202306270848513210-159x120.png 159w, https:\/\/www.bbt.lv\/wp-content\/uploads\/Store\/PTZ\/MS-10S\/0202306270848513210-300x225.png 300w, https:\/\/www.bbt.lv\/wp-content\/uploads\/Store\/PTZ\/MS-10S\/0202306270848513210-600x450.png 600w, https:\/\/www.bbt.lv\/wp-content\/uploads\/Store\/PTZ\/MS-10S\/0202306270848513210-64x48.png 64w, https:\/\/www.bbt.lv\/wp-content\/uploads\/Store\/PTZ\/MS-10S\/0202306270848513210.png 800w\" sizes=\"(max-width: 500px) 100vw, 500px\" \/><\/div>\n<section class=\"product-detail\">\n<div class=\"container\">\n<div class=\"row\">\n<div class=\"col-md-6 col-sm-6 col-xs-12\">\n<h4>Clear Voice Speaker<\/h4>\n<p>MS-10S incorporates a 20W speaker with passive diaphragm to deliver sound output that can fill small and medium sized meeting rooms. Distortion is very well controlled at higher volumes, providing clear and natural voice communications.<\/p>\n<\/div>\n<div class=\"col-md-6 col-sm-6 hidden-xs\"><\/div>\n<\/div>\n<\/div>\n<\/section>\n<section class=\"product-detail\">\n<div class=\"container\">\n<div class=\"row\">\n<div class=\"col-md-6 col-sm-6 hidden-xs\"><img loading=\"lazy\" decoding=\"async\" class=\"alignnone size-medium wp-image-46071\" src=\"https:\/\/www.bbt.lv\/wp-content\/uploads\/Store\/PTZ\/MS-10S\/0202306270849200983-500x375.png\" alt=\"MS-10S - 0202306270849200983\" width=\"500\" height=\"375\" srcset=\"https:\/\/www.bbt.lv\/wp-content\/uploads\/Store\/PTZ\/MS-10S\/0202306270849200983-500x375.png 500w, https:\/\/www.bbt.lv\/wp-content\/uploads\/Store\/PTZ\/MS-10S\/0202306270849200983-768x576.png 768w, https:\/\/www.bbt.lv\/wp-content\/uploads\/Store\/PTZ\/MS-10S\/0202306270849200983-480x360.png 480w, https:\/\/www.bbt.lv\/wp-content\/uploads\/Store\/PTZ\/MS-10S\/0202306270849200983-80x60.png 80w, https:\/\/www.bbt.lv\/wp-content\/uploads\/Store\/PTZ\/MS-10S\/0202306270849200983-120x90.png 120w, https:\/\/www.bbt.lv\/wp-content\/uploads\/Store\/PTZ\/MS-10S\/0202306270849200983-240x180.png 240w, https:\/\/www.bbt.lv\/wp-content\/uploads\/Store\/PTZ\/MS-10S\/0202306270849200983-159x120.png 159w, https:\/\/www.bbt.lv\/wp-content\/uploads\/Store\/PTZ\/MS-10S\/0202306270849200983-300x225.png 300w, https:\/\/www.bbt.lv\/wp-content\/uploads\/Store\/PTZ\/MS-10S\/0202306270849200983-600x450.png 600w, https:\/\/www.bbt.lv\/wp-content\/uploads\/Store\/PTZ\/MS-10S\/0202306270849200983-64x48.png 64w, https:\/\/www.bbt.lv\/wp-content\/uploads\/Store\/PTZ\/MS-10S\/0202306270849200983.png 800w\" sizes=\"(max-width: 500px) 100vw, 500px\" \/><\/div>\n<div class=\"col-md-6 col-sm-6 col-xs-12\">\n<h4>Data Bridging<\/h4>\n<p>MS-10S has a network port which enables it to act as a bridge to deliver Internet connectivity to the host laptop over USB. This means that the PC or Mac running the video conferencing software is no longer reliant on WiFi for streaming. All connectivity (video, audio, control and network data) is routed thru a single USB port to the MS-10S.<\/p>\n<\/div>\n<\/div>\n<\/div>\n<\/section>\n<section class=\"product-detail\">\n<div class=\"container\">\n<div class=\"row\">\n<div class=\"col-md-6 col-sm-6 col-xs-12\"><\/div>\n<div class=\"col-md-6 col-sm-6 hidden-xs\"><\/div>\n<\/div>\n<\/div>\n<\/section>\n","protected":false},"excerpt":{"rendered":"<p>4K UHD Wide-Angle Camera with Auto Framing Integrated voice tracking with built-in beam-forming microphones Optional Expansion Microphone Pod Voice, Audio,&#8230;<\/p>\n","protected":false},"featured_media":46076,"template":"","meta":{"_acf_changed":false},"product_cat":[9026],"product_tag":[9465,11394],"acf":[],"yoast_head":"<!-- This site is optimized with the Yoast SEO plugin v23.5 - https:\/\/yoast.com\/wordpress\/plugins\/seo\/ -->\n<title>Lumens MS-10S\/4K Video konferences ska\u0146as un mikrofonu sist\u0113ma-Video Soundbar ar balss seko\u0161anas un framing funkciju &#8226; BBT<\/title>\n<meta name=\"robots\" content=\"index, follow, max-snippet:-1, max-image-preview:large, max-video-preview:-1\" \/>\n<link rel=\"canonical\" href=\"https:\/\/www.bbt.lv\/en\/produktu-katalogs\/videoconferencing-equipment\/videokonferencu-aprikojums-videokonferencu-aprikojums-en\/lumens-ms-10s-4k-video-soundbar-ar-balss-sekosanas-un-framing-funkciju\/\" \/>\n<meta property=\"og:locale\" content=\"en_US\" \/>\n<meta property=\"og:type\" content=\"article\" \/>\n<meta property=\"og:title\" content=\"Lumens MS-10S\/4K Video konferences ska\u0146as un mikrofonu sist\u0113ma-Video Soundbar ar balss seko\u0161anas un framing funkciju &#8226; BBT\" \/>\n<meta property=\"og:description\" content=\"4K UHD Wide-Angle Camera with Auto Framing Integrated voice tracking with built-in beam-forming microphones Optional Expansion Microphone Pod Voice, Audio,...\" \/>\n<meta property=\"og:url\" content=\"https:\/\/www.bbt.lv\/en\/produktu-katalogs\/videoconferencing-equipment\/videokonferencu-aprikojums-videokonferencu-aprikojums-en\/lumens-ms-10s-4k-video-soundbar-ar-balss-sekosanas-un-framing-funkciju\/\" \/>\n<meta property=\"og:site_name\" content=\"BBT\" \/>\n<meta property=\"article:publisher\" content=\"https:\/\/www.facebook.com\/lvbbt\/\" \/>\n<meta property=\"article:modified_time\" content=\"2026-04-14T19:25:03+00:00\" \/>\n<meta property=\"og:image\" content=\"https:\/\/www.bbt.lv\/wp-content\/uploads\/Store\/PTZ\/MS-10S\/Lumens-MS-10S-001.png\" \/>\n\t<meta property=\"og:image:width\" content=\"460\" \/>\n\t<meta property=\"og:image:height\" content=\"345\" \/>\n\t<meta property=\"og:image:type\" content=\"image\/png\" \/>\n<meta name=\"twitter:card\" content=\"summary_large_image\" \/>\n<meta name=\"twitter:label1\" content=\"Est. reading time\" \/>\n\t<meta name=\"twitter:data1\" content=\"1 minute\" \/>\n<script type=\"application\/ld+json\" class=\"yoast-schema-graph\">{\"@context\":\"https:\/\/schema.org\",\"@graph\":[{\"@type\":\"WebPage\",\"@id\":\"https:\/\/www.bbt.lv\/en\/produktu-katalogs\/videoconferencing-equipment\/videokonferencu-aprikojums-videokonferencu-aprikojums-en\/lumens-ms-10s-4k-video-soundbar-ar-balss-sekosanas-un-framing-funkciju\/\",\"url\":\"https:\/\/www.bbt.lv\/en\/produktu-katalogs\/videoconferencing-equipment\/videokonferencu-aprikojums-videokonferencu-aprikojums-en\/lumens-ms-10s-4k-video-soundbar-ar-balss-sekosanas-un-framing-funkciju\/\",\"name\":\"Lumens MS-10S\/4K Video konferences ska\u0146as un mikrofonu sist\u0113ma-Video Soundbar ar balss seko\u0161anas un framing funkciju &#8226; BBT\",\"isPartOf\":{\"@id\":\"https:\/\/www.bbt.lv\/en\/#website\"},\"primaryImageOfPage\":{\"@id\":\"https:\/\/www.bbt.lv\/en\/produktu-katalogs\/videoconferencing-equipment\/videokonferencu-aprikojums-videokonferencu-aprikojums-en\/lumens-ms-10s-4k-video-soundbar-ar-balss-sekosanas-un-framing-funkciju\/#primaryimage\"},\"image\":{\"@id\":\"https:\/\/www.bbt.lv\/en\/produktu-katalogs\/videoconferencing-equipment\/videokonferencu-aprikojums-videokonferencu-aprikojums-en\/lumens-ms-10s-4k-video-soundbar-ar-balss-sekosanas-un-framing-funkciju\/#primaryimage\"},\"thumbnailUrl\":\"https:\/\/www.bbt.lv\/wp-content\/uploads\/Store\/PTZ\/MS-10S\/Lumens-MS-10S-001.png\",\"datePublished\":\"2024-06-06T10:27:22+00:00\",\"dateModified\":\"2026-04-14T19:25:03+00:00\",\"breadcrumb\":{\"@id\":\"https:\/\/www.bbt.lv\/en\/produktu-katalogs\/videoconferencing-equipment\/videokonferencu-aprikojums-videokonferencu-aprikojums-en\/lumens-ms-10s-4k-video-soundbar-ar-balss-sekosanas-un-framing-funkciju\/#breadcrumb\"},\"inLanguage\":\"en-US\",\"potentialAction\":[{\"@type\":\"ReadAction\",\"target\":[\"https:\/\/www.bbt.lv\/en\/produktu-katalogs\/videoconferencing-equipment\/videokonferencu-aprikojums-videokonferencu-aprikojums-en\/lumens-ms-10s-4k-video-soundbar-ar-balss-sekosanas-un-framing-funkciju\/\"]}]},{\"@type\":\"ImageObject\",\"inLanguage\":\"en-US\",\"@id\":\"https:\/\/www.bbt.lv\/en\/produktu-katalogs\/videoconferencing-equipment\/videokonferencu-aprikojums-videokonferencu-aprikojums-en\/lumens-ms-10s-4k-video-soundbar-ar-balss-sekosanas-un-framing-funkciju\/#primaryimage\",\"url\":\"https:\/\/www.bbt.lv\/wp-content\/uploads\/Store\/PTZ\/MS-10S\/Lumens-MS-10S-001.png\",\"contentUrl\":\"https:\/\/www.bbt.lv\/wp-content\/uploads\/Store\/PTZ\/MS-10S\/Lumens-MS-10S-001.png\",\"width\":460,\"height\":345},{\"@type\":\"BreadcrumbList\",\"@id\":\"https:\/\/www.bbt.lv\/en\/produktu-katalogs\/videoconferencing-equipment\/videokonferencu-aprikojums-videokonferencu-aprikojums-en\/lumens-ms-10s-4k-video-soundbar-ar-balss-sekosanas-un-framing-funkciju\/#breadcrumb\",\"itemListElement\":[{\"@type\":\"ListItem\",\"position\":1,\"name\":\"Home\",\"item\":\"https:\/\/www.bbt.lv\/en\/\"},{\"@type\":\"ListItem\",\"position\":2,\"name\":\"Catalogue\",\"item\":\"https:\/\/www.bbt.lv\/en\/catalogue\/\"},{\"@type\":\"ListItem\",\"position\":3,\"name\":\"Lumens MS-10S\/4K Video konferences ska\u0146as un mikrofonu sist\u0113ma-Video Soundbar ar balss seko\u0161anas un framing funkciju\"}]},{\"@type\":\"WebSite\",\"@id\":\"https:\/\/www.bbt.lv\/en\/#website\",\"url\":\"https:\/\/www.bbt.lv\/en\/\",\"name\":\"BBT\",\"description\":\"Baltijas Biroju tehnolo\u0123ijas\",\"publisher\":{\"@id\":\"https:\/\/www.bbt.lv\/en\/#organization\"},\"alternateName\":\"bbt.lv\",\"potentialAction\":[{\"@type\":\"SearchAction\",\"target\":{\"@type\":\"EntryPoint\",\"urlTemplate\":\"https:\/\/www.bbt.lv\/en\/?s={search_term_string}\"},\"query-input\":{\"@type\":\"PropertyValueSpecification\",\"valueRequired\":true,\"valueName\":\"search_term_string\"}}],\"inLanguage\":\"en-US\"},{\"@type\":\"Organization\",\"@id\":\"https:\/\/www.bbt.lv\/en\/#organization\",\"name\":\"Baltijas Biroju Tehnolo\u0123ijas\",\"url\":\"https:\/\/www.bbt.lv\/en\/\",\"logo\":{\"@type\":\"ImageObject\",\"inLanguage\":\"en-US\",\"@id\":\"https:\/\/www.bbt.lv\/en\/#\/schema\/logo\/image\/\",\"url\":\"https:\/\/www.bbt.lv\/wp-content\/uploads\/2019\/03\/BBT-logo-full-rgb.png\",\"contentUrl\":\"https:\/\/www.bbt.lv\/wp-content\/uploads\/2019\/03\/BBT-logo-full-rgb.png\",\"width\":802,\"height\":205,\"caption\":\"Baltijas Biroju Tehnolo\u0123ijas\"},\"image\":{\"@id\":\"https:\/\/www.bbt.lv\/en\/#\/schema\/logo\/image\/\"},\"sameAs\":[\"https:\/\/www.facebook.com\/lvbbt\/\",\"https:\/\/www.instagram.com\/bbt_lv\/\",\"https:\/\/www.linkedin.com\/company\/baltijas-biroju-tehnologijas-sia-bbt-\/\",\"https:\/\/www.youtube.com\/channel\/UCwNElYO6MpFUzK-v8ZSf4nw\"]}]}<\/script>\n<!-- \/ Yoast SEO plugin. -->","yoast_head_json":{"title":"Lumens MS-10S\/4K Video konferences ska\u0146as un mikrofonu sist\u0113ma-Video Soundbar ar balss seko\u0161anas un framing funkciju &#8226; BBT","robots":{"index":"index","follow":"follow","max-snippet":"max-snippet:-1","max-image-preview":"max-image-preview:large","max-video-preview":"max-video-preview:-1"},"canonical":"https:\/\/www.bbt.lv\/en\/produktu-katalogs\/videoconferencing-equipment\/videokonferencu-aprikojums-videokonferencu-aprikojums-en\/lumens-ms-10s-4k-video-soundbar-ar-balss-sekosanas-un-framing-funkciju\/","og_locale":"en_US","og_type":"article","og_title":"Lumens MS-10S\/4K Video konferences ska\u0146as un mikrofonu sist\u0113ma-Video Soundbar ar balss seko\u0161anas un framing funkciju &#8226; BBT","og_description":"4K UHD Wide-Angle Camera with Auto Framing Integrated voice tracking with built-in beam-forming microphones Optional Expansion Microphone Pod Voice, Audio,...","og_url":"https:\/\/www.bbt.lv\/en\/produktu-katalogs\/videoconferencing-equipment\/videokonferencu-aprikojums-videokonferencu-aprikojums-en\/lumens-ms-10s-4k-video-soundbar-ar-balss-sekosanas-un-framing-funkciju\/","og_site_name":"BBT","article_publisher":"https:\/\/www.facebook.com\/lvbbt\/","article_modified_time":"2026-04-14T19:25:03+00:00","og_image":[{"width":460,"height":345,"url":"https:\/\/www.bbt.lv\/wp-content\/uploads\/Store\/PTZ\/MS-10S\/Lumens-MS-10S-001.png","type":"image\/png"}],"twitter_card":"summary_large_image","twitter_misc":{"Est. reading time":"1 minute"},"schema":{"@context":"https:\/\/schema.org","@graph":[{"@type":"WebPage","@id":"https:\/\/www.bbt.lv\/en\/produktu-katalogs\/videoconferencing-equipment\/videokonferencu-aprikojums-videokonferencu-aprikojums-en\/lumens-ms-10s-4k-video-soundbar-ar-balss-sekosanas-un-framing-funkciju\/","url":"https:\/\/www.bbt.lv\/en\/produktu-katalogs\/videoconferencing-equipment\/videokonferencu-aprikojums-videokonferencu-aprikojums-en\/lumens-ms-10s-4k-video-soundbar-ar-balss-sekosanas-un-framing-funkciju\/","name":"Lumens MS-10S\/4K Video konferences ska\u0146as un mikrofonu sist\u0113ma-Video Soundbar ar balss seko\u0161anas un framing funkciju &#8226; BBT","isPartOf":{"@id":"https:\/\/www.bbt.lv\/en\/#website"},"primaryImageOfPage":{"@id":"https:\/\/www.bbt.lv\/en\/produktu-katalogs\/videoconferencing-equipment\/videokonferencu-aprikojums-videokonferencu-aprikojums-en\/lumens-ms-10s-4k-video-soundbar-ar-balss-sekosanas-un-framing-funkciju\/#primaryimage"},"image":{"@id":"https:\/\/www.bbt.lv\/en\/produktu-katalogs\/videoconferencing-equipment\/videokonferencu-aprikojums-videokonferencu-aprikojums-en\/lumens-ms-10s-4k-video-soundbar-ar-balss-sekosanas-un-framing-funkciju\/#primaryimage"},"thumbnailUrl":"https:\/\/www.bbt.lv\/wp-content\/uploads\/Store\/PTZ\/MS-10S\/Lumens-MS-10S-001.png","datePublished":"2024-06-06T10:27:22+00:00","dateModified":"2026-04-14T19:25:03+00:00","breadcrumb":{"@id":"https:\/\/www.bbt.lv\/en\/produktu-katalogs\/videoconferencing-equipment\/videokonferencu-aprikojums-videokonferencu-aprikojums-en\/lumens-ms-10s-4k-video-soundbar-ar-balss-sekosanas-un-framing-funkciju\/#breadcrumb"},"inLanguage":"en-US","potentialAction":[{"@type":"ReadAction","target":["https:\/\/www.bbt.lv\/en\/produktu-katalogs\/videoconferencing-equipment\/videokonferencu-aprikojums-videokonferencu-aprikojums-en\/lumens-ms-10s-4k-video-soundbar-ar-balss-sekosanas-un-framing-funkciju\/"]}]},{"@type":"ImageObject","inLanguage":"en-US","@id":"https:\/\/www.bbt.lv\/en\/produktu-katalogs\/videoconferencing-equipment\/videokonferencu-aprikojums-videokonferencu-aprikojums-en\/lumens-ms-10s-4k-video-soundbar-ar-balss-sekosanas-un-framing-funkciju\/#primaryimage","url":"https:\/\/www.bbt.lv\/wp-content\/uploads\/Store\/PTZ\/MS-10S\/Lumens-MS-10S-001.png","contentUrl":"https:\/\/www.bbt.lv\/wp-content\/uploads\/Store\/PTZ\/MS-10S\/Lumens-MS-10S-001.png","width":460,"height":345},{"@type":"BreadcrumbList","@id":"https:\/\/www.bbt.lv\/en\/produktu-katalogs\/videoconferencing-equipment\/videokonferencu-aprikojums-videokonferencu-aprikojums-en\/lumens-ms-10s-4k-video-soundbar-ar-balss-sekosanas-un-framing-funkciju\/#breadcrumb","itemListElement":[{"@type":"ListItem","position":1,"name":"Home","item":"https:\/\/www.bbt.lv\/en\/"},{"@type":"ListItem","position":2,"name":"Catalogue","item":"https:\/\/www.bbt.lv\/en\/catalogue\/"},{"@type":"ListItem","position":3,"name":"Lumens MS-10S\/4K Video konferences ska\u0146as un mikrofonu sist\u0113ma-Video Soundbar ar balss seko\u0161anas un framing funkciju"}]},{"@type":"WebSite","@id":"https:\/\/www.bbt.lv\/en\/#website","url":"https:\/\/www.bbt.lv\/en\/","name":"BBT","description":"Baltijas Biroju tehnolo\u0123ijas","publisher":{"@id":"https:\/\/www.bbt.lv\/en\/#organization"},"alternateName":"bbt.lv","potentialAction":[{"@type":"SearchAction","target":{"@type":"EntryPoint","urlTemplate":"https:\/\/www.bbt.lv\/en\/?s={search_term_string}"},"query-input":{"@type":"PropertyValueSpecification","valueRequired":true,"valueName":"search_term_string"}}],"inLanguage":"en-US"},{"@type":"Organization","@id":"https:\/\/www.bbt.lv\/en\/#organization","name":"Baltijas Biroju Tehnolo\u0123ijas","url":"https:\/\/www.bbt.lv\/en\/","logo":{"@type":"ImageObject","inLanguage":"en-US","@id":"https:\/\/www.bbt.lv\/en\/#\/schema\/logo\/image\/","url":"https:\/\/www.bbt.lv\/wp-content\/uploads\/2019\/03\/BBT-logo-full-rgb.png","contentUrl":"https:\/\/www.bbt.lv\/wp-content\/uploads\/2019\/03\/BBT-logo-full-rgb.png","width":802,"height":205,"caption":"Baltijas Biroju Tehnolo\u0123ijas"},"image":{"@id":"https:\/\/www.bbt.lv\/en\/#\/schema\/logo\/image\/"},"sameAs":["https:\/\/www.facebook.com\/lvbbt\/","https:\/\/www.instagram.com\/bbt_lv\/","https:\/\/www.linkedin.com\/company\/baltijas-biroju-tehnologijas-sia-bbt-\/","https:\/\/www.youtube.com\/channel\/UCwNElYO6MpFUzK-v8ZSf4nw"]}]}},"_links":{"self":[{"href":"https:\/\/www.bbt.lv\/en\/wp-json\/wp\/v2\/product\/46106"}],"collection":[{"href":"https:\/\/www.bbt.lv\/en\/wp-json\/wp\/v2\/product"}],"about":[{"href":"https:\/\/www.bbt.lv\/en\/wp-json\/wp\/v2\/types\/product"}],"wp:featuredmedia":[{"embeddable":true,"href":"https:\/\/www.bbt.lv\/en\/wp-json\/wp\/v2\/media\/46076"}],"wp:attachment":[{"href":"https:\/\/www.bbt.lv\/en\/wp-json\/wp\/v2\/media?parent=46106"}],"wp:term":[{"taxonomy":"product_cat","embeddable":true,"href":"https:\/\/www.bbt.lv\/en\/wp-json\/wp\/v2\/product_cat?post=46106"},{"taxonomy":"product_tag","embeddable":true,"href":"https:\/\/www.bbt.lv\/en\/wp-json\/wp\/v2\/product_tag?post=46106"}],"curies":[{"name":"wp","href":"https:\/\/api.w.org\/{rel}","templated":true}]}}