{"id":46251,"date":"2024-09-18T15:29:04","date_gmt":"2024-09-18T12:29:04","guid":{"rendered":"https:\/\/www.bbt.lv\/produktu-katalogs\/uncategorized\/lego-education-bricq-motion-primeplk-skolnieku-individuala-darba-komplekts\/"},"modified":"2026-04-15T04:14:27","modified_gmt":"2026-04-15T01:14:27","slug":"lego-education-bricq-motion-primeplk-skolnieku-individuala-darba-komplekts","status":"publish","type":"product","link":"https:\/\/www.bbt.lv\/en\/produktu-katalogs\/lego-en\/lego-education-en\/lego-education-bricq-motion-primeplk-skolnieku-individuala-darba-komplekts\/","title":{"rendered":"LEGO\u00ae Education Prime PLK skolnieku individu\u0101l\u0101 darba komplekts"},"content":{"rendered":"<p><span class=\"HwtZe\" lang=\"lv\"><span class=\"jCAhz ChMk0b\"><span class=\"ryNqvb\">110 deta\u013cas, 10+ gadi, <\/span><\/span><\/span>LEGO Education Prime Personal Learning Kit ir \u00a0LEGO\u00a0 SPIKET&#x2122; risin\u0101jumu papla\u0161in\u0101jumu komplekti, kurus var izmantot m\u0101c\u012bbu procesa aktivit\u0101t\u0113s kl\u0101tien\u0113 vai att\u0101lin\u0101ta m\u0101c\u012bbu procesa nodro\u0161in\u0101\u0161anai.<br \/>\n<span class=\"HwtZe\" lang=\"lv\"><span class=\"jCAhz ChMk0b\"><span class=\"ryNqvb\">\u0160\u012b papildu STEAM m\u0101c\u012bbu pieredze ir paredz\u0113ta darbam kop\u0101 ar klases komplektiem, un taj\u0101 ir iek\u013cauti papildu m\u0101c\u012bbu resursi un studentu darblapas, kas padzi\u013cina skol\u0113na izpratni par stund\u0101 apg\u016bto, lai ieg\u016btu patiesu hibr\u012bdm\u0101c\u012bbu pieredzi.<\/span><\/span><\/span><\/p>\n<p><span class=\"HwtZe\" lang=\"lv\"><span class=\"jCAhz ChMk0b\"><span class=\"ryNqvb\">\u00a0<\/span><\/span><\/span><\/p>\n","protected":false},"excerpt":{"rendered":"<p>110 deta\u013cas, 10+ gadi, LEGO Education Prime Personal Learning Kit ir \u00a0LEGO\u00a0 SPIKET&#x2122; risin\u0101jumu papla\u0161in\u0101jumu komplekti, kurus var izmantot m\u0101c\u012bbu&#8230;<\/p>\n","protected":false},"featured_media":46250,"template":"","meta":{"_acf_changed":false},"product_cat":[6543],"product_tag":[],"acf":[],"yoast_head":"<!-- This site is optimized with the Yoast SEO plugin v23.5 - https:\/\/yoast.com\/wordpress\/plugins\/seo\/ -->\n<title>LEGO\u00ae Education Prime PLK skolnieku individu\u0101l\u0101 darba komplekts &#8226; BBT<\/title>\n<meta name=\"robots\" content=\"index, follow, max-snippet:-1, max-image-preview:large, max-video-preview:-1\" \/>\n<link rel=\"canonical\" href=\"https:\/\/www.bbt.lv\/en\/produktu-katalogs\/lego-en\/lego-education-en\/lego-education-bricq-motion-primeplk-skolnieku-individuala-darba-komplekts\/\" \/>\n<meta property=\"og:locale\" content=\"en_US\" \/>\n<meta property=\"og:type\" content=\"article\" \/>\n<meta property=\"og:title\" content=\"LEGO\u00ae Education Prime PLK skolnieku individu\u0101l\u0101 darba komplekts &#8226; BBT\" \/>\n<meta property=\"og:description\" content=\"110 deta\u013cas, 10+ gadi, LEGO Education Prime Personal Learning Kit ir \u00a0LEGO\u00a0 SPIKET&#x2122; risin\u0101jumu papla\u0161in\u0101jumu komplekti, kurus var izmantot m\u0101c\u012bbu...\" \/>\n<meta property=\"og:url\" content=\"https:\/\/www.bbt.lv\/en\/produktu-katalogs\/lego-en\/lego-education-en\/lego-education-bricq-motion-primeplk-skolnieku-individuala-darba-komplekts\/\" \/>\n<meta property=\"og:site_name\" content=\"BBT\" \/>\n<meta property=\"article:publisher\" content=\"https:\/\/www.facebook.com\/lvbbt\/\" \/>\n<meta property=\"article:modified_time\" content=\"2026-04-15T01:14:27+00:00\" \/>\n<meta property=\"og:image\" content=\"https:\/\/www.bbt.lv\/wp-content\/uploads\/2000480_PLK-001.png\" \/>\n\t<meta property=\"og:image:width\" content=\"2400\" \/>\n\t<meta property=\"og:image:height\" content=\"1800\" \/>\n\t<meta property=\"og:image:type\" content=\"image\/png\" \/>\n<meta name=\"twitter:card\" content=\"summary_large_image\" \/>\n<meta name=\"twitter:label1\" content=\"Est. reading time\" \/>\n\t<meta name=\"twitter:data1\" content=\"1 minute\" \/>\n<script type=\"application\/ld+json\" class=\"yoast-schema-graph\">{\"@context\":\"https:\/\/schema.org\",\"@graph\":[{\"@type\":\"WebPage\",\"@id\":\"https:\/\/www.bbt.lv\/en\/produktu-katalogs\/lego-en\/lego-education-en\/lego-education-bricq-motion-primeplk-skolnieku-individuala-darba-komplekts\/\",\"url\":\"https:\/\/www.bbt.lv\/en\/produktu-katalogs\/lego-en\/lego-education-en\/lego-education-bricq-motion-primeplk-skolnieku-individuala-darba-komplekts\/\",\"name\":\"LEGO\u00ae Education Prime PLK skolnieku individu\u0101l\u0101 darba komplekts &#8226; BBT\",\"isPartOf\":{\"@id\":\"https:\/\/www.bbt.lv\/en\/#website\"},\"primaryImageOfPage\":{\"@id\":\"https:\/\/www.bbt.lv\/en\/produktu-katalogs\/lego-en\/lego-education-en\/lego-education-bricq-motion-primeplk-skolnieku-individuala-darba-komplekts\/#primaryimage\"},\"image\":{\"@id\":\"https:\/\/www.bbt.lv\/en\/produktu-katalogs\/lego-en\/lego-education-en\/lego-education-bricq-motion-primeplk-skolnieku-individuala-darba-komplekts\/#primaryimage\"},\"thumbnailUrl\":\"https:\/\/www.bbt.lv\/wp-content\/uploads\/2000480_PLK-001.png\",\"datePublished\":\"2024-09-18T12:29:04+00:00\",\"dateModified\":\"2026-04-15T01:14:27+00:00\",\"breadcrumb\":{\"@id\":\"https:\/\/www.bbt.lv\/en\/produktu-katalogs\/lego-en\/lego-education-en\/lego-education-bricq-motion-primeplk-skolnieku-individuala-darba-komplekts\/#breadcrumb\"},\"inLanguage\":\"en-US\",\"potentialAction\":[{\"@type\":\"ReadAction\",\"target\":[\"https:\/\/www.bbt.lv\/en\/produktu-katalogs\/lego-en\/lego-education-en\/lego-education-bricq-motion-primeplk-skolnieku-individuala-darba-komplekts\/\"]}]},{\"@type\":\"ImageObject\",\"inLanguage\":\"en-US\",\"@id\":\"https:\/\/www.bbt.lv\/en\/produktu-katalogs\/lego-en\/lego-education-en\/lego-education-bricq-motion-primeplk-skolnieku-individuala-darba-komplekts\/#primaryimage\",\"url\":\"https:\/\/www.bbt.lv\/wp-content\/uploads\/2000480_PLK-001.png\",\"contentUrl\":\"https:\/\/www.bbt.lv\/wp-content\/uploads\/2000480_PLK-001.png\",\"width\":2400,\"height\":1800},{\"@type\":\"BreadcrumbList\",\"@id\":\"https:\/\/www.bbt.lv\/en\/produktu-katalogs\/lego-en\/lego-education-en\/lego-education-bricq-motion-primeplk-skolnieku-individuala-darba-komplekts\/#breadcrumb\",\"itemListElement\":[{\"@type\":\"ListItem\",\"position\":1,\"name\":\"Home\",\"item\":\"https:\/\/www.bbt.lv\/en\/\"},{\"@type\":\"ListItem\",\"position\":2,\"name\":\"Catalogue\",\"item\":\"https:\/\/www.bbt.lv\/en\/catalogue\/\"},{\"@type\":\"ListItem\",\"position\":3,\"name\":\"LEGO\u00ae Education Prime PLK skolnieku individu\u0101l\u0101 darba komplekts\"}]},{\"@type\":\"WebSite\",\"@id\":\"https:\/\/www.bbt.lv\/en\/#website\",\"url\":\"https:\/\/www.bbt.lv\/en\/\",\"name\":\"BBT\",\"description\":\"Baltijas Biroju tehnolo\u0123ijas\",\"publisher\":{\"@id\":\"https:\/\/www.bbt.lv\/en\/#organization\"},\"alternateName\":\"bbt.lv\",\"potentialAction\":[{\"@type\":\"SearchAction\",\"target\":{\"@type\":\"EntryPoint\",\"urlTemplate\":\"https:\/\/www.bbt.lv\/en\/?s={search_term_string}\"},\"query-input\":{\"@type\":\"PropertyValueSpecification\",\"valueRequired\":true,\"valueName\":\"search_term_string\"}}],\"inLanguage\":\"en-US\"},{\"@type\":\"Organization\",\"@id\":\"https:\/\/www.bbt.lv\/en\/#organization\",\"name\":\"Baltijas Biroju Tehnolo\u0123ijas\",\"url\":\"https:\/\/www.bbt.lv\/en\/\",\"logo\":{\"@type\":\"ImageObject\",\"inLanguage\":\"en-US\",\"@id\":\"https:\/\/www.bbt.lv\/en\/#\/schema\/logo\/image\/\",\"url\":\"https:\/\/www.bbt.lv\/wp-content\/uploads\/2019\/03\/BBT-logo-full-rgb.png\",\"contentUrl\":\"https:\/\/www.bbt.lv\/wp-content\/uploads\/2019\/03\/BBT-logo-full-rgb.png\",\"width\":802,\"height\":205,\"caption\":\"Baltijas Biroju Tehnolo\u0123ijas\"},\"image\":{\"@id\":\"https:\/\/www.bbt.lv\/en\/#\/schema\/logo\/image\/\"},\"sameAs\":[\"https:\/\/www.facebook.com\/lvbbt\/\",\"https:\/\/www.instagram.com\/bbt_lv\/\",\"https:\/\/www.linkedin.com\/company\/baltijas-biroju-tehnologijas-sia-bbt-\/\",\"https:\/\/www.youtube.com\/channel\/UCwNElYO6MpFUzK-v8ZSf4nw\"]}]}<\/script>\n<!-- \/ Yoast SEO plugin. -->","yoast_head_json":{"title":"LEGO\u00ae Education Prime PLK skolnieku individu\u0101l\u0101 darba komplekts &#8226; BBT","robots":{"index":"index","follow":"follow","max-snippet":"max-snippet:-1","max-image-preview":"max-image-preview:large","max-video-preview":"max-video-preview:-1"},"canonical":"https:\/\/www.bbt.lv\/en\/produktu-katalogs\/lego-en\/lego-education-en\/lego-education-bricq-motion-primeplk-skolnieku-individuala-darba-komplekts\/","og_locale":"en_US","og_type":"article","og_title":"LEGO\u00ae Education Prime PLK skolnieku individu\u0101l\u0101 darba komplekts &#8226; BBT","og_description":"110 deta\u013cas, 10+ gadi, LEGO Education Prime Personal Learning Kit ir \u00a0LEGO\u00a0 SPIKET&#x2122; risin\u0101jumu papla\u0161in\u0101jumu komplekti, kurus var izmantot m\u0101c\u012bbu...","og_url":"https:\/\/www.bbt.lv\/en\/produktu-katalogs\/lego-en\/lego-education-en\/lego-education-bricq-motion-primeplk-skolnieku-individuala-darba-komplekts\/","og_site_name":"BBT","article_publisher":"https:\/\/www.facebook.com\/lvbbt\/","article_modified_time":"2026-04-15T01:14:27+00:00","og_image":[{"width":2400,"height":1800,"url":"https:\/\/www.bbt.lv\/wp-content\/uploads\/2000480_PLK-001.png","type":"image\/png"}],"twitter_card":"summary_large_image","twitter_misc":{"Est. reading time":"1 minute"},"schema":{"@context":"https:\/\/schema.org","@graph":[{"@type":"WebPage","@id":"https:\/\/www.bbt.lv\/en\/produktu-katalogs\/lego-en\/lego-education-en\/lego-education-bricq-motion-primeplk-skolnieku-individuala-darba-komplekts\/","url":"https:\/\/www.bbt.lv\/en\/produktu-katalogs\/lego-en\/lego-education-en\/lego-education-bricq-motion-primeplk-skolnieku-individuala-darba-komplekts\/","name":"LEGO\u00ae Education Prime PLK skolnieku individu\u0101l\u0101 darba komplekts &#8226; BBT","isPartOf":{"@id":"https:\/\/www.bbt.lv\/en\/#website"},"primaryImageOfPage":{"@id":"https:\/\/www.bbt.lv\/en\/produktu-katalogs\/lego-en\/lego-education-en\/lego-education-bricq-motion-primeplk-skolnieku-individuala-darba-komplekts\/#primaryimage"},"image":{"@id":"https:\/\/www.bbt.lv\/en\/produktu-katalogs\/lego-en\/lego-education-en\/lego-education-bricq-motion-primeplk-skolnieku-individuala-darba-komplekts\/#primaryimage"},"thumbnailUrl":"https:\/\/www.bbt.lv\/wp-content\/uploads\/2000480_PLK-001.png","datePublished":"2024-09-18T12:29:04+00:00","dateModified":"2026-04-15T01:14:27+00:00","breadcrumb":{"@id":"https:\/\/www.bbt.lv\/en\/produktu-katalogs\/lego-en\/lego-education-en\/lego-education-bricq-motion-primeplk-skolnieku-individuala-darba-komplekts\/#breadcrumb"},"inLanguage":"en-US","potentialAction":[{"@type":"ReadAction","target":["https:\/\/www.bbt.lv\/en\/produktu-katalogs\/lego-en\/lego-education-en\/lego-education-bricq-motion-primeplk-skolnieku-individuala-darba-komplekts\/"]}]},{"@type":"ImageObject","inLanguage":"en-US","@id":"https:\/\/www.bbt.lv\/en\/produktu-katalogs\/lego-en\/lego-education-en\/lego-education-bricq-motion-primeplk-skolnieku-individuala-darba-komplekts\/#primaryimage","url":"https:\/\/www.bbt.lv\/wp-content\/uploads\/2000480_PLK-001.png","contentUrl":"https:\/\/www.bbt.lv\/wp-content\/uploads\/2000480_PLK-001.png","width":2400,"height":1800},{"@type":"BreadcrumbList","@id":"https:\/\/www.bbt.lv\/en\/produktu-katalogs\/lego-en\/lego-education-en\/lego-education-bricq-motion-primeplk-skolnieku-individuala-darba-komplekts\/#breadcrumb","itemListElement":[{"@type":"ListItem","position":1,"name":"Home","item":"https:\/\/www.bbt.lv\/en\/"},{"@type":"ListItem","position":2,"name":"Catalogue","item":"https:\/\/www.bbt.lv\/en\/catalogue\/"},{"@type":"ListItem","position":3,"name":"LEGO\u00ae Education Prime PLK skolnieku individu\u0101l\u0101 darba komplekts"}]},{"@type":"WebSite","@id":"https:\/\/www.bbt.lv\/en\/#website","url":"https:\/\/www.bbt.lv\/en\/","name":"BBT","description":"Baltijas Biroju tehnolo\u0123ijas","publisher":{"@id":"https:\/\/www.bbt.lv\/en\/#organization"},"alternateName":"bbt.lv","potentialAction":[{"@type":"SearchAction","target":{"@type":"EntryPoint","urlTemplate":"https:\/\/www.bbt.lv\/en\/?s={search_term_string}"},"query-input":{"@type":"PropertyValueSpecification","valueRequired":true,"valueName":"search_term_string"}}],"inLanguage":"en-US"},{"@type":"Organization","@id":"https:\/\/www.bbt.lv\/en\/#organization","name":"Baltijas Biroju Tehnolo\u0123ijas","url":"https:\/\/www.bbt.lv\/en\/","logo":{"@type":"ImageObject","inLanguage":"en-US","@id":"https:\/\/www.bbt.lv\/en\/#\/schema\/logo\/image\/","url":"https:\/\/www.bbt.lv\/wp-content\/uploads\/2019\/03\/BBT-logo-full-rgb.png","contentUrl":"https:\/\/www.bbt.lv\/wp-content\/uploads\/2019\/03\/BBT-logo-full-rgb.png","width":802,"height":205,"caption":"Baltijas Biroju Tehnolo\u0123ijas"},"image":{"@id":"https:\/\/www.bbt.lv\/en\/#\/schema\/logo\/image\/"},"sameAs":["https:\/\/www.facebook.com\/lvbbt\/","https:\/\/www.instagram.com\/bbt_lv\/","https:\/\/www.linkedin.com\/company\/baltijas-biroju-tehnologijas-sia-bbt-\/","https:\/\/www.youtube.com\/channel\/UCwNElYO6MpFUzK-v8ZSf4nw"]}]}},"_links":{"self":[{"href":"https:\/\/www.bbt.lv\/en\/wp-json\/wp\/v2\/product\/46251"}],"collection":[{"href":"https:\/\/www.bbt.lv\/en\/wp-json\/wp\/v2\/product"}],"about":[{"href":"https:\/\/www.bbt.lv\/en\/wp-json\/wp\/v2\/types\/product"}],"wp:featuredmedia":[{"embeddable":true,"href":"https:\/\/www.bbt.lv\/en\/wp-json\/wp\/v2\/media\/46250"}],"wp:attachment":[{"href":"https:\/\/www.bbt.lv\/en\/wp-json\/wp\/v2\/media?parent=46251"}],"wp:term":[{"taxonomy":"product_cat","embeddable":true,"href":"https:\/\/www.bbt.lv\/en\/wp-json\/wp\/v2\/product_cat?post=46251"},{"taxonomy":"product_tag","embeddable":true,"href":"https:\/\/www.bbt.lv\/en\/wp-json\/wp\/v2\/product_tag?post=46251"}],"curies":[{"name":"wp","href":"https:\/\/api.w.org\/{rel}","templated":true}]}}