{"id":46331,"date":"2024-11-05T00:01:02","date_gmt":"2024-11-04T22:01:02","guid":{"rendered":"https:\/\/www.bbt.lv\/produktu-katalogs\/uncategorized\/lego-education-spike-essential-komplekts-ieteicamais-vecums-6-gadi-1-5-klase\/"},"modified":"2026-04-17T06:32:37","modified_gmt":"2026-04-17T03:32:37","slug":"lego-education-spike-essential-komplekts-ieteicamais-vecums-6-gadi-1-5-klase","status":"publish","type":"product","link":"https:\/\/www.bbt.lv\/en\/produktu-katalogs\/lego-en\/lego-education-en\/lego-education-spike-essential-komplekts-ieteicamais-vecums-6-gadi-1-5-klase\/","title":{"rendered":"LEGO\u00ae Education SPIKE&#x2122; Essential komplekts. Ieteicamais vecums: 6+ gadi,  1.- 5. klase"},"content":{"rendered":"<p>449 deta\u013cas . 6+, Paredz\u0113ts 1.- 5. klases. Praktiskai STEAM j\u0113dzienu un prasmju apguvei ,izmantojot ikdieni\u0161\u0137us elementus.<br \/>\nVeicina las\u012btprasmes, matem\u0101tikas un soci\u0101lo emocion\u0101lo att\u012bst\u012bbu .40 stundu lekciju pl\u0101ni. Komplekts 2 skol\u0113niem.<\/p>\n<p>LEGO \u00ae Education SPIKE &#x2122; Essential ir starpskolu STEM risin\u0101jums pamatizgl\u012bt\u012bbai. SPIKE Essential iesaista STEM pamatu izp\u0113t\u0113, vienlaikus veicinot rakstprat\u012bbu, matem\u0101tiku un soci\u0101li emocion\u0101lo att\u012bst\u012bbu. \u00a0\u00a0\u00a0\u00a0\u00a0\u00a0\u00a0\u00a0\u00a0\u00a0\u00a0 \u00a0Standartiz\u0113ti apm\u0101c\u012bbu bloki izmanto ikdienas tematiku, atbilsto\u0161as \u00a0mini fig\u016bri\u0146as ar da\u017e\u0101d\u0101m person\u012bb\u0101m un paz\u012bstamus LEGO \u00ae veido\u0161anas elementus, lai ar st\u0101st\u012bjumu pal\u012bdz\u012bbu atrisin\u0101tu uzdevumu.<\/p>\n<p>SPIKE Essential sast\u0101v no galven\u0101 kluc\u012b\u0161u komplekta ar pla\u0161u LEGO \u00ae elementu un inteli\u0123ent\u0101s aparat\u016bras kl\u0101stu, k\u0101 ar\u012b intuit\u012bvo SPIKE &#x2122; App, un to visu papildina m\u0101c\u012bbu pl\u0101nu izv\u0113le un visaptvero\u0161s tie\u0161saistes un aplik\u0101ciju atbalsts.<\/p>\n<p>SPIKE Essential aizrauj skol\u0113nus un nodro\u0161ina sp\u0113c\u012bgus STEAM m\u0101c\u012bbu rezult\u0101tus, att\u012bstot zin\u0101\u0161anas un praksi par STEAM, k\u0101 ar\u012b 21. gadsimta prasmes.<\/p>\n<p>LEGO \u00ae Education SPIKE &#x2122; Essential ir da\u013ca no LEGO \u00ae m\u0101c\u012bbu sist\u0113mas, un t\u0101 nodro\u0161ina sec\u012bgu m\u0101c\u012bbu att\u012bst\u012bbu, s\u0101kot ar zem\u0101kaj\u0101m pak\u0101p\u0113m un virzoties uz augst\u0101kaj\u0101m prim\u0101raj\u0101m pak\u0101p\u0113m. Konsekvent\u0101 vien\u012bbas strukt\u016bra veido sp\u0113c\u012bgu pamatu vienk\u0101r\u0161ai virz\u012bbai uz vid\u0113jo izgl\u012bt\u012bbu un progres\u012bv\u0101k\u0101m m\u0101c\u012bbu iesp\u0113j\u0101m ar SPIKE &#x2122; Prime.<\/p>\n<p>LEGO \u00ae m\u0101c\u012bbu sist\u0113ma ir intuit\u012bva, iek\u013caujo\u0161a un viegli piel\u0101gojama \u201cm\u0101c\u012bties darot\u201d m\u0101c\u012bbu sist\u0113ma. Tas ir dro\u0161s pamats skol\u0113nu n\u0101kotnes prasm\u0113m un mudina t\u0101s apg\u016bt visa m\u016b\u017ea garum\u0101, sniedzot vi\u0146iem neierobe\u017eotas iesp\u0113jas STEAM apm\u0101c\u012bb\u0101s.<\/p>\n<p><img loading=\"lazy\" decoding=\"async\" class=\"alignnone wp-image-40043\" src=\"https:\/\/www.bbt.lv\/wp-content\/uploads\/Store\/Lego\/Spike-Essential-set\/LEG-learning-scheme.jpg\" alt=\"Spike-Essential-set - LEG-learning-scheme\" width=\"900\" height=\"653\" srcset=\"https:\/\/www.bbt.lv\/wp-content\/uploads\/Store\/Lego\/Spike-Essential-set\/LEG-learning-scheme.jpg 1038w, https:\/\/www.bbt.lv\/wp-content\/uploads\/Store\/Lego\/Spike-Essential-set\/LEG-learning-scheme-500x363.jpg 500w, https:\/\/www.bbt.lv\/wp-content\/uploads\/Store\/Lego\/Spike-Essential-set\/LEG-learning-scheme-768x557.jpg 768w, https:\/\/www.bbt.lv\/wp-content\/uploads\/Store\/Lego\/Spike-Essential-set\/LEG-learning-scheme-496x360.jpg 496w, https:\/\/www.bbt.lv\/wp-content\/uploads\/Store\/Lego\/Spike-Essential-set\/LEG-learning-scheme-83x60.jpg 83w, https:\/\/www.bbt.lv\/wp-content\/uploads\/Store\/Lego\/Spike-Essential-set\/LEG-learning-scheme-300x218.jpg 300w, https:\/\/www.bbt.lv\/wp-content\/uploads\/Store\/Lego\/Spike-Essential-set\/LEG-learning-scheme-600x435.jpg 600w, https:\/\/www.bbt.lv\/wp-content\/uploads\/Store\/Lego\/Spike-Essential-set\/LEG-learning-scheme-64x46.jpg 64w\" sizes=\"(max-width: 900px) 100vw, 900px\" \/><\/p>\n","protected":false},"excerpt":{"rendered":"<p>449 deta\u013cas . 6+, Paredz\u0113ts 1.- 5. klases. Praktiskai STEAM j\u0113dzienu un prasmju apguvei ,izmantojot ikdieni\u0161\u0137us elementus. Veicina las\u012btprasmes, matem\u0101tikas&#8230;<\/p>\n","protected":false},"featured_media":40046,"template":"","meta":{"_acf_changed":false},"product_cat":[6543],"product_tag":[9574,8854,10173],"acf":[],"yoast_head":"<!-- This site is optimized with the Yoast SEO plugin v23.5 - https:\/\/yoast.com\/wordpress\/plugins\/seo\/ -->\n<title>LEGO\u00ae Education SPIKE&#x2122; Essential komplekts. Ieteicamais vecums: 6+ gadi, 1.- 5. klase &#8226; BBT<\/title>\n<meta name=\"robots\" content=\"index, follow, max-snippet:-1, max-image-preview:large, max-video-preview:-1\" \/>\n<link rel=\"canonical\" href=\"https:\/\/www.bbt.lv\/en\/produktu-katalogs\/lego-en\/lego-education-en\/lego-education-spike-essential-komplekts-ieteicamais-vecums-6-gadi-1-5-klase\/\" \/>\n<meta property=\"og:locale\" content=\"en_US\" \/>\n<meta property=\"og:type\" content=\"article\" \/>\n<meta property=\"og:title\" content=\"LEGO\u00ae Education SPIKE&#x2122; Essential komplekts. Ieteicamais vecums: 6+ gadi, 1.- 5. klase &#8226; BBT\" \/>\n<meta property=\"og:description\" content=\"449 deta\u013cas . 6+, Paredz\u0113ts 1.- 5. klases. Praktiskai STEAM j\u0113dzienu un prasmju apguvei ,izmantojot ikdieni\u0161\u0137us elementus. Veicina las\u012btprasmes, matem\u0101tikas...\" \/>\n<meta property=\"og:url\" content=\"https:\/\/www.bbt.lv\/en\/produktu-katalogs\/lego-en\/lego-education-en\/lego-education-spike-essential-komplekts-ieteicamais-vecums-6-gadi-1-5-klase\/\" \/>\n<meta property=\"og:site_name\" content=\"BBT\" \/>\n<meta property=\"article:publisher\" content=\"https:\/\/www.facebook.com\/lvbbt\/\" \/>\n<meta property=\"article:modified_time\" content=\"2026-04-17T03:32:37+00:00\" \/>\n<meta property=\"og:image\" content=\"https:\/\/www.bbt.lv\/wp-content\/uploads\/Store\/Lego\/Spike-Essential-set\/SPIKE_Essential_set.jpg\" \/>\n\t<meta property=\"og:image:width\" content=\"1600\" \/>\n\t<meta property=\"og:image:height\" content=\"1067\" \/>\n\t<meta property=\"og:image:type\" content=\"image\/jpeg\" \/>\n<meta name=\"twitter:card\" content=\"summary_large_image\" \/>\n<meta name=\"twitter:label1\" content=\"Est. reading time\" \/>\n\t<meta name=\"twitter:data1\" content=\"2 minutes\" \/>\n<script type=\"application\/ld+json\" class=\"yoast-schema-graph\">{\"@context\":\"https:\/\/schema.org\",\"@graph\":[{\"@type\":\"WebPage\",\"@id\":\"https:\/\/www.bbt.lv\/en\/produktu-katalogs\/lego-en\/lego-education-en\/lego-education-spike-essential-komplekts-ieteicamais-vecums-6-gadi-1-5-klase\/\",\"url\":\"https:\/\/www.bbt.lv\/en\/produktu-katalogs\/lego-en\/lego-education-en\/lego-education-spike-essential-komplekts-ieteicamais-vecums-6-gadi-1-5-klase\/\",\"name\":\"LEGO\u00ae Education SPIKE&#x2122; Essential komplekts. Ieteicamais vecums: 6+ gadi, 1.- 5. klase &#8226; BBT\",\"isPartOf\":{\"@id\":\"https:\/\/www.bbt.lv\/en\/#website\"},\"primaryImageOfPage\":{\"@id\":\"https:\/\/www.bbt.lv\/en\/produktu-katalogs\/lego-en\/lego-education-en\/lego-education-spike-essential-komplekts-ieteicamais-vecums-6-gadi-1-5-klase\/#primaryimage\"},\"image\":{\"@id\":\"https:\/\/www.bbt.lv\/en\/produktu-katalogs\/lego-en\/lego-education-en\/lego-education-spike-essential-komplekts-ieteicamais-vecums-6-gadi-1-5-klase\/#primaryimage\"},\"thumbnailUrl\":\"https:\/\/www.bbt.lv\/wp-content\/uploads\/Store\/Lego\/Spike-Essential-set\/SPIKE_Essential_set.jpg\",\"datePublished\":\"2024-11-04T22:01:02+00:00\",\"dateModified\":\"2026-04-17T03:32:37+00:00\",\"breadcrumb\":{\"@id\":\"https:\/\/www.bbt.lv\/en\/produktu-katalogs\/lego-en\/lego-education-en\/lego-education-spike-essential-komplekts-ieteicamais-vecums-6-gadi-1-5-klase\/#breadcrumb\"},\"inLanguage\":\"en-US\",\"potentialAction\":[{\"@type\":\"ReadAction\",\"target\":[\"https:\/\/www.bbt.lv\/en\/produktu-katalogs\/lego-en\/lego-education-en\/lego-education-spike-essential-komplekts-ieteicamais-vecums-6-gadi-1-5-klase\/\"]}]},{\"@type\":\"ImageObject\",\"inLanguage\":\"en-US\",\"@id\":\"https:\/\/www.bbt.lv\/en\/produktu-katalogs\/lego-en\/lego-education-en\/lego-education-spike-essential-komplekts-ieteicamais-vecums-6-gadi-1-5-klase\/#primaryimage\",\"url\":\"https:\/\/www.bbt.lv\/wp-content\/uploads\/Store\/Lego\/Spike-Essential-set\/SPIKE_Essential_set.jpg\",\"contentUrl\":\"https:\/\/www.bbt.lv\/wp-content\/uploads\/Store\/Lego\/Spike-Essential-set\/SPIKE_Essential_set.jpg\",\"width\":1600,\"height\":1067},{\"@type\":\"BreadcrumbList\",\"@id\":\"https:\/\/www.bbt.lv\/en\/produktu-katalogs\/lego-en\/lego-education-en\/lego-education-spike-essential-komplekts-ieteicamais-vecums-6-gadi-1-5-klase\/#breadcrumb\",\"itemListElement\":[{\"@type\":\"ListItem\",\"position\":1,\"name\":\"Home\",\"item\":\"https:\/\/www.bbt.lv\/en\/\"},{\"@type\":\"ListItem\",\"position\":2,\"name\":\"Catalogue\",\"item\":\"https:\/\/www.bbt.lv\/en\/catalogue\/\"},{\"@type\":\"ListItem\",\"position\":3,\"name\":\"LEGO\u00ae Education SPIKE&#x2122; Essential komplekts. Ieteicamais vecums: 6+ gadi, 1.- 5. klase\"}]},{\"@type\":\"WebSite\",\"@id\":\"https:\/\/www.bbt.lv\/en\/#website\",\"url\":\"https:\/\/www.bbt.lv\/en\/\",\"name\":\"BBT\",\"description\":\"Baltijas Biroju tehnolo\u0123ijas\",\"publisher\":{\"@id\":\"https:\/\/www.bbt.lv\/en\/#organization\"},\"alternateName\":\"bbt.lv\",\"potentialAction\":[{\"@type\":\"SearchAction\",\"target\":{\"@type\":\"EntryPoint\",\"urlTemplate\":\"https:\/\/www.bbt.lv\/en\/?s={search_term_string}\"},\"query-input\":{\"@type\":\"PropertyValueSpecification\",\"valueRequired\":true,\"valueName\":\"search_term_string\"}}],\"inLanguage\":\"en-US\"},{\"@type\":\"Organization\",\"@id\":\"https:\/\/www.bbt.lv\/en\/#organization\",\"name\":\"Baltijas Biroju Tehnolo\u0123ijas\",\"url\":\"https:\/\/www.bbt.lv\/en\/\",\"logo\":{\"@type\":\"ImageObject\",\"inLanguage\":\"en-US\",\"@id\":\"https:\/\/www.bbt.lv\/en\/#\/schema\/logo\/image\/\",\"url\":\"https:\/\/www.bbt.lv\/wp-content\/uploads\/2019\/03\/BBT-logo-full-rgb.png\",\"contentUrl\":\"https:\/\/www.bbt.lv\/wp-content\/uploads\/2019\/03\/BBT-logo-full-rgb.png\",\"width\":802,\"height\":205,\"caption\":\"Baltijas Biroju Tehnolo\u0123ijas\"},\"image\":{\"@id\":\"https:\/\/www.bbt.lv\/en\/#\/schema\/logo\/image\/\"},\"sameAs\":[\"https:\/\/www.facebook.com\/lvbbt\/\",\"https:\/\/www.instagram.com\/bbt_lv\/\",\"https:\/\/www.linkedin.com\/company\/baltijas-biroju-tehnologijas-sia-bbt-\/\",\"https:\/\/www.youtube.com\/channel\/UCwNElYO6MpFUzK-v8ZSf4nw\"]}]}<\/script>\n<!-- \/ Yoast SEO plugin. -->","yoast_head_json":{"title":"LEGO\u00ae Education SPIKE&#x2122; Essential komplekts. Ieteicamais vecums: 6+ gadi, 1.- 5. klase &#8226; BBT","robots":{"index":"index","follow":"follow","max-snippet":"max-snippet:-1","max-image-preview":"max-image-preview:large","max-video-preview":"max-video-preview:-1"},"canonical":"https:\/\/www.bbt.lv\/en\/produktu-katalogs\/lego-en\/lego-education-en\/lego-education-spike-essential-komplekts-ieteicamais-vecums-6-gadi-1-5-klase\/","og_locale":"en_US","og_type":"article","og_title":"LEGO\u00ae Education SPIKE&#x2122; Essential komplekts. Ieteicamais vecums: 6+ gadi, 1.- 5. klase &#8226; BBT","og_description":"449 deta\u013cas . 6+, Paredz\u0113ts 1.- 5. klases. Praktiskai STEAM j\u0113dzienu un prasmju apguvei ,izmantojot ikdieni\u0161\u0137us elementus. Veicina las\u012btprasmes, matem\u0101tikas...","og_url":"https:\/\/www.bbt.lv\/en\/produktu-katalogs\/lego-en\/lego-education-en\/lego-education-spike-essential-komplekts-ieteicamais-vecums-6-gadi-1-5-klase\/","og_site_name":"BBT","article_publisher":"https:\/\/www.facebook.com\/lvbbt\/","article_modified_time":"2026-04-17T03:32:37+00:00","og_image":[{"width":1600,"height":1067,"url":"https:\/\/www.bbt.lv\/wp-content\/uploads\/Store\/Lego\/Spike-Essential-set\/SPIKE_Essential_set.jpg","type":"image\/jpeg"}],"twitter_card":"summary_large_image","twitter_misc":{"Est. reading time":"2 minutes"},"schema":{"@context":"https:\/\/schema.org","@graph":[{"@type":"WebPage","@id":"https:\/\/www.bbt.lv\/en\/produktu-katalogs\/lego-en\/lego-education-en\/lego-education-spike-essential-komplekts-ieteicamais-vecums-6-gadi-1-5-klase\/","url":"https:\/\/www.bbt.lv\/en\/produktu-katalogs\/lego-en\/lego-education-en\/lego-education-spike-essential-komplekts-ieteicamais-vecums-6-gadi-1-5-klase\/","name":"LEGO\u00ae Education SPIKE&#x2122; Essential komplekts. Ieteicamais vecums: 6+ gadi, 1.- 5. klase &#8226; BBT","isPartOf":{"@id":"https:\/\/www.bbt.lv\/en\/#website"},"primaryImageOfPage":{"@id":"https:\/\/www.bbt.lv\/en\/produktu-katalogs\/lego-en\/lego-education-en\/lego-education-spike-essential-komplekts-ieteicamais-vecums-6-gadi-1-5-klase\/#primaryimage"},"image":{"@id":"https:\/\/www.bbt.lv\/en\/produktu-katalogs\/lego-en\/lego-education-en\/lego-education-spike-essential-komplekts-ieteicamais-vecums-6-gadi-1-5-klase\/#primaryimage"},"thumbnailUrl":"https:\/\/www.bbt.lv\/wp-content\/uploads\/Store\/Lego\/Spike-Essential-set\/SPIKE_Essential_set.jpg","datePublished":"2024-11-04T22:01:02+00:00","dateModified":"2026-04-17T03:32:37+00:00","breadcrumb":{"@id":"https:\/\/www.bbt.lv\/en\/produktu-katalogs\/lego-en\/lego-education-en\/lego-education-spike-essential-komplekts-ieteicamais-vecums-6-gadi-1-5-klase\/#breadcrumb"},"inLanguage":"en-US","potentialAction":[{"@type":"ReadAction","target":["https:\/\/www.bbt.lv\/en\/produktu-katalogs\/lego-en\/lego-education-en\/lego-education-spike-essential-komplekts-ieteicamais-vecums-6-gadi-1-5-klase\/"]}]},{"@type":"ImageObject","inLanguage":"en-US","@id":"https:\/\/www.bbt.lv\/en\/produktu-katalogs\/lego-en\/lego-education-en\/lego-education-spike-essential-komplekts-ieteicamais-vecums-6-gadi-1-5-klase\/#primaryimage","url":"https:\/\/www.bbt.lv\/wp-content\/uploads\/Store\/Lego\/Spike-Essential-set\/SPIKE_Essential_set.jpg","contentUrl":"https:\/\/www.bbt.lv\/wp-content\/uploads\/Store\/Lego\/Spike-Essential-set\/SPIKE_Essential_set.jpg","width":1600,"height":1067},{"@type":"BreadcrumbList","@id":"https:\/\/www.bbt.lv\/en\/produktu-katalogs\/lego-en\/lego-education-en\/lego-education-spike-essential-komplekts-ieteicamais-vecums-6-gadi-1-5-klase\/#breadcrumb","itemListElement":[{"@type":"ListItem","position":1,"name":"Home","item":"https:\/\/www.bbt.lv\/en\/"},{"@type":"ListItem","position":2,"name":"Catalogue","item":"https:\/\/www.bbt.lv\/en\/catalogue\/"},{"@type":"ListItem","position":3,"name":"LEGO\u00ae Education SPIKE&#x2122; Essential komplekts. Ieteicamais vecums: 6+ gadi, 1.- 5. klase"}]},{"@type":"WebSite","@id":"https:\/\/www.bbt.lv\/en\/#website","url":"https:\/\/www.bbt.lv\/en\/","name":"BBT","description":"Baltijas Biroju tehnolo\u0123ijas","publisher":{"@id":"https:\/\/www.bbt.lv\/en\/#organization"},"alternateName":"bbt.lv","potentialAction":[{"@type":"SearchAction","target":{"@type":"EntryPoint","urlTemplate":"https:\/\/www.bbt.lv\/en\/?s={search_term_string}"},"query-input":{"@type":"PropertyValueSpecification","valueRequired":true,"valueName":"search_term_string"}}],"inLanguage":"en-US"},{"@type":"Organization","@id":"https:\/\/www.bbt.lv\/en\/#organization","name":"Baltijas Biroju Tehnolo\u0123ijas","url":"https:\/\/www.bbt.lv\/en\/","logo":{"@type":"ImageObject","inLanguage":"en-US","@id":"https:\/\/www.bbt.lv\/en\/#\/schema\/logo\/image\/","url":"https:\/\/www.bbt.lv\/wp-content\/uploads\/2019\/03\/BBT-logo-full-rgb.png","contentUrl":"https:\/\/www.bbt.lv\/wp-content\/uploads\/2019\/03\/BBT-logo-full-rgb.png","width":802,"height":205,"caption":"Baltijas Biroju Tehnolo\u0123ijas"},"image":{"@id":"https:\/\/www.bbt.lv\/en\/#\/schema\/logo\/image\/"},"sameAs":["https:\/\/www.facebook.com\/lvbbt\/","https:\/\/www.instagram.com\/bbt_lv\/","https:\/\/www.linkedin.com\/company\/baltijas-biroju-tehnologijas-sia-bbt-\/","https:\/\/www.youtube.com\/channel\/UCwNElYO6MpFUzK-v8ZSf4nw"]}]}},"_links":{"self":[{"href":"https:\/\/www.bbt.lv\/en\/wp-json\/wp\/v2\/product\/46331"}],"collection":[{"href":"https:\/\/www.bbt.lv\/en\/wp-json\/wp\/v2\/product"}],"about":[{"href":"https:\/\/www.bbt.lv\/en\/wp-json\/wp\/v2\/types\/product"}],"wp:featuredmedia":[{"embeddable":true,"href":"https:\/\/www.bbt.lv\/en\/wp-json\/wp\/v2\/media\/40046"}],"wp:attachment":[{"href":"https:\/\/www.bbt.lv\/en\/wp-json\/wp\/v2\/media?parent=46331"}],"wp:term":[{"taxonomy":"product_cat","embeddable":true,"href":"https:\/\/www.bbt.lv\/en\/wp-json\/wp\/v2\/product_cat?post=46331"},{"taxonomy":"product_tag","embeddable":true,"href":"https:\/\/www.bbt.lv\/en\/wp-json\/wp\/v2\/product_tag?post=46331"}],"curies":[{"name":"wp","href":"https:\/\/api.w.org\/{rel}","templated":true}]}}