{"id":47214,"date":"2025-03-15T16:30:16","date_gmt":"2025-03-15T14:30:16","guid":{"rendered":"https:\/\/www.bbt.lv\/produktu-katalogs\/uncategorized\/nec-multisync-e438-43-profesionals-displejs\/"},"modified":"2026-05-01T17:09:57","modified_gmt":"2026-05-01T14:09:57","slug":"nec-multisync-e438-43-profesionals-displejs","status":"publish","type":"product","link":"https:\/\/www.bbt.lv\/en\/produktu-katalogs\/large-screen-displays-en\/e-series-professional-displays\/nec-multisync-e438-43-profesionals-displejs\/","title":{"rendered":"NEC MultiSync E438\/ 43&#8243; profesion\u0101ls displejs"},"content":{"rendered":"<section id=\"overview\" class=\"row\">\n<div class=\"columns medium-6\">\n<h2>NEC MultiSync E438<\/h2>\n<h3>Description<\/h3>\n<p><b>Functionality you need, at the price you want<\/b><\/p>\n<p>A professional solution for low-budget applications, the E series forestalls the lure of domestic TVs which are not fit-for-purpose. Designed for the rigours of commercial usage, the E Series delivers the functionality and reliability you need, at the price you want.<\/p>\n<p>An integrated MediaPlayer supports native UHD resolution and High Dynamic Range (HDR) for deep contrasts and natural looking content playback with auto-play function. Requiring no additional cables, external devices or signage software, the USB MediaPlayer enables a simple seamless professional signage solution. Meanwhile, a 10W USB interface supports connection of external devices should additional computing power be required.<\/p>\n<p>For instant start-up in meeting spaces, inputs are detected automatically with easy switching between HDMI sources. Facilities managers will welcome the ability to remotely control their digital estate via the network thanks to the integrated LAN and NEC\u2019s NaviSet Administrator 2 functionality making the E Series the perfect choice for corporate meeting rooms and entry level digital signage.<\/p>\n<\/div>\n<div class=\"columns medium-6\">\n<h3>Benefits<\/h3>\n<ul>\n<li><b>Reduced Installation and Operating Costs <\/b> \u2013 highly energy efficient LED backlit display ensures low power consumption, longer backlight lifetime and lighter design for easy transportation, mounting and integration.<\/li>\n<li><b>Slim Design and Integrated Speakers <\/b> \u2013 the aesthetic design is pleasing to the eye and enables easy, low cost installation.<\/li>\n<li><b>Effortless content playback<\/b> \u2013 the integrated USB media player supports various image video file formats for effortless and standalone content playback.<\/li>\n<li><b>Future Ready Connectivity <\/b> \u2013 featuring multiple industry standard digital and analogue signal inputs for flexible integration into AV infrastructures.<\/li>\n<li><b>Standalone operation<\/b> \u2013 the display is designed for straightforward standalone operation due to integrated USB media player, speakers and scheduling functionality.<\/li>\n<\/ul>\n<\/div>\n<\/section>\n","protected":false},"excerpt":{"rendered":"<p>43&#8243;, pane\u013ca tehnolo\u0123ija IPS. Iz\u0161\u0137irtsp\u0113ja 3840&#215;2160. Spilgtums 400 cd \/m2. Izmanto\u0161anas re\u017e\u012bms 16\/7<\/p>\n","protected":false},"featured_media":45083,"template":"","meta":{"_acf_changed":false},"product_cat":[6596],"product_tag":[9841,11534,9613],"acf":[],"yoast_head":"<!-- This site is optimized with the Yoast SEO plugin v23.5 - https:\/\/yoast.com\/wordpress\/plugins\/seo\/ -->\n<title>NEC MultiSync E438\/ 43&quot; profesion\u0101ls displejs &#8226; BBT<\/title>\n<meta name=\"robots\" content=\"index, follow, max-snippet:-1, max-image-preview:large, max-video-preview:-1\" \/>\n<link rel=\"canonical\" href=\"https:\/\/www.bbt.lv\/en\/produktu-katalogs\/large-screen-displays-en\/e-series-professional-displays\/nec-multisync-e438-43-profesionals-displejs\/\" \/>\n<meta property=\"og:locale\" content=\"en_US\" \/>\n<meta property=\"og:type\" content=\"article\" \/>\n<meta property=\"og:title\" content=\"NEC MultiSync E438\/ 43&quot; profesion\u0101ls displejs &#8226; BBT\" \/>\n<meta property=\"og:description\" content=\"43&quot;, pane\u013ca tehnolo\u0123ija IPS. Iz\u0161\u0137irtsp\u0113ja 3840x2160. Spilgtums 400 cd \/m2. Izmanto\u0161anas re\u017e\u012bms 16\/7\" \/>\n<meta property=\"og:url\" content=\"https:\/\/www.bbt.lv\/en\/produktu-katalogs\/large-screen-displays-en\/e-series-professional-displays\/nec-multisync-e438-43-profesionals-displejs\/\" \/>\n<meta property=\"og:site_name\" content=\"BBT\" \/>\n<meta property=\"article:publisher\" content=\"https:\/\/www.facebook.com\/lvbbt\/\" \/>\n<meta property=\"article:modified_time\" content=\"2026-05-01T14:09:57+00:00\" \/>\n<meta property=\"og:image\" content=\"https:\/\/www.bbt.lv\/wp-content\/uploads\/Store\/Displeji\/Exx8\/NEC_Exx8_Angle_Left_content.jpg\" \/>\n\t<meta property=\"og:image:width\" content=\"1600\" \/>\n\t<meta property=\"og:image:height\" content=\"1200\" \/>\n\t<meta property=\"og:image:type\" content=\"image\/jpeg\" \/>\n<meta name=\"twitter:card\" content=\"summary_large_image\" \/>\n<meta name=\"twitter:label1\" content=\"Est. reading time\" \/>\n\t<meta name=\"twitter:data1\" content=\"1 minute\" \/>\n<script type=\"application\/ld+json\" class=\"yoast-schema-graph\">{\"@context\":\"https:\/\/schema.org\",\"@graph\":[{\"@type\":\"WebPage\",\"@id\":\"https:\/\/www.bbt.lv\/en\/produktu-katalogs\/large-screen-displays-en\/e-series-professional-displays\/nec-multisync-e438-43-profesionals-displejs\/\",\"url\":\"https:\/\/www.bbt.lv\/en\/produktu-katalogs\/large-screen-displays-en\/e-series-professional-displays\/nec-multisync-e438-43-profesionals-displejs\/\",\"name\":\"NEC MultiSync E438\/ 43\\\" profesion\u0101ls displejs &#8226; BBT\",\"isPartOf\":{\"@id\":\"https:\/\/www.bbt.lv\/en\/#website\"},\"primaryImageOfPage\":{\"@id\":\"https:\/\/www.bbt.lv\/en\/produktu-katalogs\/large-screen-displays-en\/e-series-professional-displays\/nec-multisync-e438-43-profesionals-displejs\/#primaryimage\"},\"image\":{\"@id\":\"https:\/\/www.bbt.lv\/en\/produktu-katalogs\/large-screen-displays-en\/e-series-professional-displays\/nec-multisync-e438-43-profesionals-displejs\/#primaryimage\"},\"thumbnailUrl\":\"https:\/\/www.bbt.lv\/wp-content\/uploads\/Store\/Displeji\/Exx8\/NEC_Exx8_Angle_Left_content.jpg\",\"datePublished\":\"2025-03-15T14:30:16+00:00\",\"dateModified\":\"2026-05-01T14:09:57+00:00\",\"breadcrumb\":{\"@id\":\"https:\/\/www.bbt.lv\/en\/produktu-katalogs\/large-screen-displays-en\/e-series-professional-displays\/nec-multisync-e438-43-profesionals-displejs\/#breadcrumb\"},\"inLanguage\":\"en-US\",\"potentialAction\":[{\"@type\":\"ReadAction\",\"target\":[\"https:\/\/www.bbt.lv\/en\/produktu-katalogs\/large-screen-displays-en\/e-series-professional-displays\/nec-multisync-e438-43-profesionals-displejs\/\"]}]},{\"@type\":\"ImageObject\",\"inLanguage\":\"en-US\",\"@id\":\"https:\/\/www.bbt.lv\/en\/produktu-katalogs\/large-screen-displays-en\/e-series-professional-displays\/nec-multisync-e438-43-profesionals-displejs\/#primaryimage\",\"url\":\"https:\/\/www.bbt.lv\/wp-content\/uploads\/Store\/Displeji\/Exx8\/NEC_Exx8_Angle_Left_content.jpg\",\"contentUrl\":\"https:\/\/www.bbt.lv\/wp-content\/uploads\/Store\/Displeji\/Exx8\/NEC_Exx8_Angle_Left_content.jpg\",\"width\":1600,\"height\":1200},{\"@type\":\"BreadcrumbList\",\"@id\":\"https:\/\/www.bbt.lv\/en\/produktu-katalogs\/large-screen-displays-en\/e-series-professional-displays\/nec-multisync-e438-43-profesionals-displejs\/#breadcrumb\",\"itemListElement\":[{\"@type\":\"ListItem\",\"position\":1,\"name\":\"Home\",\"item\":\"https:\/\/www.bbt.lv\/en\/\"},{\"@type\":\"ListItem\",\"position\":2,\"name\":\"Catalogue\",\"item\":\"https:\/\/www.bbt.lv\/en\/catalogue\/\"},{\"@type\":\"ListItem\",\"position\":3,\"name\":\"NEC MultiSync E438\/ 43&#8243; profesion\u0101ls displejs\"}]},{\"@type\":\"WebSite\",\"@id\":\"https:\/\/www.bbt.lv\/en\/#website\",\"url\":\"https:\/\/www.bbt.lv\/en\/\",\"name\":\"BBT\",\"description\":\"Baltijas Biroju tehnolo\u0123ijas\",\"publisher\":{\"@id\":\"https:\/\/www.bbt.lv\/en\/#organization\"},\"alternateName\":\"bbt.lv\",\"potentialAction\":[{\"@type\":\"SearchAction\",\"target\":{\"@type\":\"EntryPoint\",\"urlTemplate\":\"https:\/\/www.bbt.lv\/en\/?s={search_term_string}\"},\"query-input\":{\"@type\":\"PropertyValueSpecification\",\"valueRequired\":true,\"valueName\":\"search_term_string\"}}],\"inLanguage\":\"en-US\"},{\"@type\":\"Organization\",\"@id\":\"https:\/\/www.bbt.lv\/en\/#organization\",\"name\":\"Baltijas Biroju Tehnolo\u0123ijas\",\"url\":\"https:\/\/www.bbt.lv\/en\/\",\"logo\":{\"@type\":\"ImageObject\",\"inLanguage\":\"en-US\",\"@id\":\"https:\/\/www.bbt.lv\/en\/#\/schema\/logo\/image\/\",\"url\":\"https:\/\/www.bbt.lv\/wp-content\/uploads\/2019\/03\/BBT-logo-full-rgb.png\",\"contentUrl\":\"https:\/\/www.bbt.lv\/wp-content\/uploads\/2019\/03\/BBT-logo-full-rgb.png\",\"width\":802,\"height\":205,\"caption\":\"Baltijas Biroju Tehnolo\u0123ijas\"},\"image\":{\"@id\":\"https:\/\/www.bbt.lv\/en\/#\/schema\/logo\/image\/\"},\"sameAs\":[\"https:\/\/www.facebook.com\/lvbbt\/\",\"https:\/\/www.instagram.com\/bbt_lv\/\",\"https:\/\/www.linkedin.com\/company\/baltijas-biroju-tehnologijas-sia-bbt-\/\",\"https:\/\/www.youtube.com\/channel\/UCwNElYO6MpFUzK-v8ZSf4nw\"]}]}<\/script>\n<!-- \/ Yoast SEO plugin. -->","yoast_head_json":{"title":"NEC MultiSync E438\/ 43\" profesion\u0101ls displejs &#8226; BBT","robots":{"index":"index","follow":"follow","max-snippet":"max-snippet:-1","max-image-preview":"max-image-preview:large","max-video-preview":"max-video-preview:-1"},"canonical":"https:\/\/www.bbt.lv\/en\/produktu-katalogs\/large-screen-displays-en\/e-series-professional-displays\/nec-multisync-e438-43-profesionals-displejs\/","og_locale":"en_US","og_type":"article","og_title":"NEC MultiSync E438\/ 43\" profesion\u0101ls displejs &#8226; BBT","og_description":"43\", pane\u013ca tehnolo\u0123ija IPS. Iz\u0161\u0137irtsp\u0113ja 3840x2160. Spilgtums 400 cd \/m2. Izmanto\u0161anas re\u017e\u012bms 16\/7","og_url":"https:\/\/www.bbt.lv\/en\/produktu-katalogs\/large-screen-displays-en\/e-series-professional-displays\/nec-multisync-e438-43-profesionals-displejs\/","og_site_name":"BBT","article_publisher":"https:\/\/www.facebook.com\/lvbbt\/","article_modified_time":"2026-05-01T14:09:57+00:00","og_image":[{"width":1600,"height":1200,"url":"https:\/\/www.bbt.lv\/wp-content\/uploads\/Store\/Displeji\/Exx8\/NEC_Exx8_Angle_Left_content.jpg","type":"image\/jpeg"}],"twitter_card":"summary_large_image","twitter_misc":{"Est. reading time":"1 minute"},"schema":{"@context":"https:\/\/schema.org","@graph":[{"@type":"WebPage","@id":"https:\/\/www.bbt.lv\/en\/produktu-katalogs\/large-screen-displays-en\/e-series-professional-displays\/nec-multisync-e438-43-profesionals-displejs\/","url":"https:\/\/www.bbt.lv\/en\/produktu-katalogs\/large-screen-displays-en\/e-series-professional-displays\/nec-multisync-e438-43-profesionals-displejs\/","name":"NEC MultiSync E438\/ 43\" profesion\u0101ls displejs &#8226; BBT","isPartOf":{"@id":"https:\/\/www.bbt.lv\/en\/#website"},"primaryImageOfPage":{"@id":"https:\/\/www.bbt.lv\/en\/produktu-katalogs\/large-screen-displays-en\/e-series-professional-displays\/nec-multisync-e438-43-profesionals-displejs\/#primaryimage"},"image":{"@id":"https:\/\/www.bbt.lv\/en\/produktu-katalogs\/large-screen-displays-en\/e-series-professional-displays\/nec-multisync-e438-43-profesionals-displejs\/#primaryimage"},"thumbnailUrl":"https:\/\/www.bbt.lv\/wp-content\/uploads\/Store\/Displeji\/Exx8\/NEC_Exx8_Angle_Left_content.jpg","datePublished":"2025-03-15T14:30:16+00:00","dateModified":"2026-05-01T14:09:57+00:00","breadcrumb":{"@id":"https:\/\/www.bbt.lv\/en\/produktu-katalogs\/large-screen-displays-en\/e-series-professional-displays\/nec-multisync-e438-43-profesionals-displejs\/#breadcrumb"},"inLanguage":"en-US","potentialAction":[{"@type":"ReadAction","target":["https:\/\/www.bbt.lv\/en\/produktu-katalogs\/large-screen-displays-en\/e-series-professional-displays\/nec-multisync-e438-43-profesionals-displejs\/"]}]},{"@type":"ImageObject","inLanguage":"en-US","@id":"https:\/\/www.bbt.lv\/en\/produktu-katalogs\/large-screen-displays-en\/e-series-professional-displays\/nec-multisync-e438-43-profesionals-displejs\/#primaryimage","url":"https:\/\/www.bbt.lv\/wp-content\/uploads\/Store\/Displeji\/Exx8\/NEC_Exx8_Angle_Left_content.jpg","contentUrl":"https:\/\/www.bbt.lv\/wp-content\/uploads\/Store\/Displeji\/Exx8\/NEC_Exx8_Angle_Left_content.jpg","width":1600,"height":1200},{"@type":"BreadcrumbList","@id":"https:\/\/www.bbt.lv\/en\/produktu-katalogs\/large-screen-displays-en\/e-series-professional-displays\/nec-multisync-e438-43-profesionals-displejs\/#breadcrumb","itemListElement":[{"@type":"ListItem","position":1,"name":"Home","item":"https:\/\/www.bbt.lv\/en\/"},{"@type":"ListItem","position":2,"name":"Catalogue","item":"https:\/\/www.bbt.lv\/en\/catalogue\/"},{"@type":"ListItem","position":3,"name":"NEC MultiSync E438\/ 43&#8243; profesion\u0101ls displejs"}]},{"@type":"WebSite","@id":"https:\/\/www.bbt.lv\/en\/#website","url":"https:\/\/www.bbt.lv\/en\/","name":"BBT","description":"Baltijas Biroju tehnolo\u0123ijas","publisher":{"@id":"https:\/\/www.bbt.lv\/en\/#organization"},"alternateName":"bbt.lv","potentialAction":[{"@type":"SearchAction","target":{"@type":"EntryPoint","urlTemplate":"https:\/\/www.bbt.lv\/en\/?s={search_term_string}"},"query-input":{"@type":"PropertyValueSpecification","valueRequired":true,"valueName":"search_term_string"}}],"inLanguage":"en-US"},{"@type":"Organization","@id":"https:\/\/www.bbt.lv\/en\/#organization","name":"Baltijas Biroju Tehnolo\u0123ijas","url":"https:\/\/www.bbt.lv\/en\/","logo":{"@type":"ImageObject","inLanguage":"en-US","@id":"https:\/\/www.bbt.lv\/en\/#\/schema\/logo\/image\/","url":"https:\/\/www.bbt.lv\/wp-content\/uploads\/2019\/03\/BBT-logo-full-rgb.png","contentUrl":"https:\/\/www.bbt.lv\/wp-content\/uploads\/2019\/03\/BBT-logo-full-rgb.png","width":802,"height":205,"caption":"Baltijas Biroju Tehnolo\u0123ijas"},"image":{"@id":"https:\/\/www.bbt.lv\/en\/#\/schema\/logo\/image\/"},"sameAs":["https:\/\/www.facebook.com\/lvbbt\/","https:\/\/www.instagram.com\/bbt_lv\/","https:\/\/www.linkedin.com\/company\/baltijas-biroju-tehnologijas-sia-bbt-\/","https:\/\/www.youtube.com\/channel\/UCwNElYO6MpFUzK-v8ZSf4nw"]}]}},"_links":{"self":[{"href":"https:\/\/www.bbt.lv\/en\/wp-json\/wp\/v2\/product\/47214"}],"collection":[{"href":"https:\/\/www.bbt.lv\/en\/wp-json\/wp\/v2\/product"}],"about":[{"href":"https:\/\/www.bbt.lv\/en\/wp-json\/wp\/v2\/types\/product"}],"wp:featuredmedia":[{"embeddable":true,"href":"https:\/\/www.bbt.lv\/en\/wp-json\/wp\/v2\/media\/45083"}],"wp:attachment":[{"href":"https:\/\/www.bbt.lv\/en\/wp-json\/wp\/v2\/media?parent=47214"}],"wp:term":[{"taxonomy":"product_cat","embeddable":true,"href":"https:\/\/www.bbt.lv\/en\/wp-json\/wp\/v2\/product_cat?post=47214"},{"taxonomy":"product_tag","embeddable":true,"href":"https:\/\/www.bbt.lv\/en\/wp-json\/wp\/v2\/product_tag?post=47214"}],"curies":[{"name":"wp","href":"https:\/\/api.w.org\/{rel}","templated":true}]}}