{"id":47325,"date":"2025-03-16T21:30:20","date_gmt":"2025-03-16T19:30:20","guid":{"rendered":"https:\/\/www.bbt.lv\/produktu-katalogs\/uncategorized\/nec-multisync-m551-55-profesionals-displejs-24-7\/"},"modified":"2026-04-10T21:59:42","modified_gmt":"2026-04-10T18:59:42","slug":"nec-multisync-m551-55-profesionals-displejs-24-7","status":"publish","type":"product","link":"https:\/\/www.bbt.lv\/en\/produktu-katalogs\/m-serijas-pro-displeji-en\/nec-multisync-m551-55-profesionals-displejs-24-7\/","title":{"rendered":"NEC MultiSync M551\/ 55&#8243; profesion\u0101ls displejs 24\/7"},"content":{"rendered":"<h2>NEC MultiSync M551<\/h2>\n<p>&nbsp;<\/p>\n<h3>Description<\/h3>\n<p><b>Intuitive professional content delivery<\/b><\/p>\n<p>Great first impressions can make all the difference; presenting your business in the best possible way will boost your brand. With slim, modern styling, 24\/7 operation and high haze panel to reduce reflections when ambient light is high, the M series is the professional way to deliver your message, yet at an attractive price point.<\/p>\n<p>With the optional NEC MediaPlayer or the more powerful Intel\u00ae Smart Display Module (Intel\u00ae SDM) computing device, you are primed and ready for intuitive signage creation delivering real-time media playback for exceptional visual experiences. For advertising, infotainment and meeting room applications, the M Series provides powerful, upgradable functionality and all the aesthetic appeal to effortlessly reflect your brand credentials.<\/p>\n<h3>Benefits<\/h3>\n<ul>\n<li><b>Modern and slim design<\/b> \u2013 robust yet elegant allowing for an unobtrusive integration into any application and environment.<\/li>\n<li><b>Secure remote management <\/b> \u2013 control your devices remotely and securely using NEC NaviSet Administrator 2; proactively manage maintenance requirements saving time and resources<\/li>\n<li><b>Unhindered readability<\/b> \u2013 no reflections from windows or other light sources means no disruption to the visibility of signage content or meeting room presentation<\/li>\n<li><b>Mission-critical 24\/7 ready operation <\/b> \u2013 the meticulous selection of industrial-grade components and careful design focused on demanding usage scenarios accompany an impressive and continuous viewer experience.<\/li>\n<li><b>Future Ready Connectivity <\/b> \u2013 featuring multiple industry standard digital and analogue signal inputs for flexible integration into AV infrastructures.<\/li>\n<\/ul>\n","protected":false},"excerpt":{"rendered":"<p>55&#8243;, pane\u013ca tehnolo\u0123ija IPS. Iz\u0161\u0137irtsp\u0113ja 3840 x 2160 Spilgtums 500 cd\/m2 . Izmanto\u0161anas re\u017e\u012bms 24\/7<\/p>\n","protected":false},"featured_media":36281,"template":"","meta":{"_acf_changed":false},"product_cat":[12188],"product_tag":[9841,11534,9613],"acf":[],"yoast_head":"<!-- This site is optimized with the Yoast SEO plugin v23.5 - https:\/\/yoast.com\/wordpress\/plugins\/seo\/ -->\n<title>NEC MultiSync M551\/ 55&quot; profesion\u0101ls displejs 24\/7 &#8226; BBT<\/title>\n<meta name=\"robots\" content=\"index, follow, max-snippet:-1, max-image-preview:large, max-video-preview:-1\" \/>\n<link rel=\"canonical\" href=\"https:\/\/www.bbt.lv\/en\/produktu-katalogs\/m-serijas-pro-displeji-en\/nec-multisync-m551-55-profesionals-displejs-24-7\/\" \/>\n<meta property=\"og:locale\" content=\"en_US\" \/>\n<meta property=\"og:type\" content=\"article\" \/>\n<meta property=\"og:title\" content=\"NEC MultiSync M551\/ 55&quot; profesion\u0101ls displejs 24\/7 &#8226; BBT\" \/>\n<meta property=\"og:description\" content=\"55&quot;, pane\u013ca tehnolo\u0123ija IPS. Iz\u0161\u0137irtsp\u0113ja 3840 x 2160 Spilgtums 500 cd\/m2 . Izmanto\u0161anas re\u017e\u012bms 24\/7\" \/>\n<meta property=\"og:url\" content=\"https:\/\/www.bbt.lv\/en\/produktu-katalogs\/m-serijas-pro-displeji-en\/nec-multisync-m551-55-profesionals-displejs-24-7\/\" \/>\n<meta property=\"og:site_name\" content=\"BBT\" \/>\n<meta property=\"article:publisher\" content=\"https:\/\/www.facebook.com\/lvbbt\/\" \/>\n<meta property=\"article:modified_time\" content=\"2026-04-10T18:59:42+00:00\" \/>\n<meta property=\"og:image\" content=\"https:\/\/www.bbt.lv\/wp-content\/uploads\/Store\/Displeji\/M-serija\/NEC_M-Series_Angle_Left_content.jpg\" \/>\n\t<meta property=\"og:image:width\" content=\"1600\" \/>\n\t<meta property=\"og:image:height\" content=\"1200\" \/>\n\t<meta property=\"og:image:type\" content=\"image\/jpeg\" \/>\n<meta name=\"twitter:card\" content=\"summary_large_image\" \/>\n<meta name=\"twitter:label1\" content=\"Est. reading time\" \/>\n\t<meta name=\"twitter:data1\" content=\"1 minute\" \/>\n<script type=\"application\/ld+json\" class=\"yoast-schema-graph\">{\"@context\":\"https:\/\/schema.org\",\"@graph\":[{\"@type\":\"WebPage\",\"@id\":\"https:\/\/www.bbt.lv\/en\/produktu-katalogs\/m-serijas-pro-displeji-en\/nec-multisync-m551-55-profesionals-displejs-24-7\/\",\"url\":\"https:\/\/www.bbt.lv\/en\/produktu-katalogs\/m-serijas-pro-displeji-en\/nec-multisync-m551-55-profesionals-displejs-24-7\/\",\"name\":\"NEC MultiSync M551\/ 55\\\" profesion\u0101ls displejs 24\/7 &#8226; BBT\",\"isPartOf\":{\"@id\":\"https:\/\/www.bbt.lv\/en\/#website\"},\"primaryImageOfPage\":{\"@id\":\"https:\/\/www.bbt.lv\/en\/produktu-katalogs\/m-serijas-pro-displeji-en\/nec-multisync-m551-55-profesionals-displejs-24-7\/#primaryimage\"},\"image\":{\"@id\":\"https:\/\/www.bbt.lv\/en\/produktu-katalogs\/m-serijas-pro-displeji-en\/nec-multisync-m551-55-profesionals-displejs-24-7\/#primaryimage\"},\"thumbnailUrl\":\"https:\/\/www.bbt.lv\/wp-content\/uploads\/Store\/Displeji\/M-serija\/NEC_M-Series_Angle_Left_content.jpg\",\"datePublished\":\"2025-03-16T19:30:20+00:00\",\"dateModified\":\"2026-04-10T18:59:42+00:00\",\"breadcrumb\":{\"@id\":\"https:\/\/www.bbt.lv\/en\/produktu-katalogs\/m-serijas-pro-displeji-en\/nec-multisync-m551-55-profesionals-displejs-24-7\/#breadcrumb\"},\"inLanguage\":\"en-US\",\"potentialAction\":[{\"@type\":\"ReadAction\",\"target\":[\"https:\/\/www.bbt.lv\/en\/produktu-katalogs\/m-serijas-pro-displeji-en\/nec-multisync-m551-55-profesionals-displejs-24-7\/\"]}]},{\"@type\":\"ImageObject\",\"inLanguage\":\"en-US\",\"@id\":\"https:\/\/www.bbt.lv\/en\/produktu-katalogs\/m-serijas-pro-displeji-en\/nec-multisync-m551-55-profesionals-displejs-24-7\/#primaryimage\",\"url\":\"https:\/\/www.bbt.lv\/wp-content\/uploads\/Store\/Displeji\/M-serija\/NEC_M-Series_Angle_Left_content.jpg\",\"contentUrl\":\"https:\/\/www.bbt.lv\/wp-content\/uploads\/Store\/Displeji\/M-serija\/NEC_M-Series_Angle_Left_content.jpg\",\"width\":1600,\"height\":1200},{\"@type\":\"BreadcrumbList\",\"@id\":\"https:\/\/www.bbt.lv\/en\/produktu-katalogs\/m-serijas-pro-displeji-en\/nec-multisync-m551-55-profesionals-displejs-24-7\/#breadcrumb\",\"itemListElement\":[{\"@type\":\"ListItem\",\"position\":1,\"name\":\"Home\",\"item\":\"https:\/\/www.bbt.lv\/en\/\"},{\"@type\":\"ListItem\",\"position\":2,\"name\":\"Catalogue\",\"item\":\"https:\/\/www.bbt.lv\/en\/catalogue\/\"},{\"@type\":\"ListItem\",\"position\":3,\"name\":\"NEC MultiSync M551\/ 55&#8243; profesion\u0101ls displejs 24\/7\"}]},{\"@type\":\"WebSite\",\"@id\":\"https:\/\/www.bbt.lv\/en\/#website\",\"url\":\"https:\/\/www.bbt.lv\/en\/\",\"name\":\"BBT\",\"description\":\"Baltijas Biroju tehnolo\u0123ijas\",\"publisher\":{\"@id\":\"https:\/\/www.bbt.lv\/en\/#organization\"},\"alternateName\":\"bbt.lv\",\"potentialAction\":[{\"@type\":\"SearchAction\",\"target\":{\"@type\":\"EntryPoint\",\"urlTemplate\":\"https:\/\/www.bbt.lv\/en\/?s={search_term_string}\"},\"query-input\":{\"@type\":\"PropertyValueSpecification\",\"valueRequired\":true,\"valueName\":\"search_term_string\"}}],\"inLanguage\":\"en-US\"},{\"@type\":\"Organization\",\"@id\":\"https:\/\/www.bbt.lv\/en\/#organization\",\"name\":\"Baltijas Biroju Tehnolo\u0123ijas\",\"url\":\"https:\/\/www.bbt.lv\/en\/\",\"logo\":{\"@type\":\"ImageObject\",\"inLanguage\":\"en-US\",\"@id\":\"https:\/\/www.bbt.lv\/en\/#\/schema\/logo\/image\/\",\"url\":\"https:\/\/www.bbt.lv\/wp-content\/uploads\/2019\/03\/BBT-logo-full-rgb.png\",\"contentUrl\":\"https:\/\/www.bbt.lv\/wp-content\/uploads\/2019\/03\/BBT-logo-full-rgb.png\",\"width\":802,\"height\":205,\"caption\":\"Baltijas Biroju Tehnolo\u0123ijas\"},\"image\":{\"@id\":\"https:\/\/www.bbt.lv\/en\/#\/schema\/logo\/image\/\"},\"sameAs\":[\"https:\/\/www.facebook.com\/lvbbt\/\",\"https:\/\/www.instagram.com\/bbt_lv\/\",\"https:\/\/www.linkedin.com\/company\/baltijas-biroju-tehnologijas-sia-bbt-\/\",\"https:\/\/www.youtube.com\/channel\/UCwNElYO6MpFUzK-v8ZSf4nw\"]}]}<\/script>\n<!-- \/ Yoast SEO plugin. -->","yoast_head_json":{"title":"NEC MultiSync M551\/ 55\" profesion\u0101ls displejs 24\/7 &#8226; BBT","robots":{"index":"index","follow":"follow","max-snippet":"max-snippet:-1","max-image-preview":"max-image-preview:large","max-video-preview":"max-video-preview:-1"},"canonical":"https:\/\/www.bbt.lv\/en\/produktu-katalogs\/m-serijas-pro-displeji-en\/nec-multisync-m551-55-profesionals-displejs-24-7\/","og_locale":"en_US","og_type":"article","og_title":"NEC MultiSync M551\/ 55\" profesion\u0101ls displejs 24\/7 &#8226; BBT","og_description":"55\", pane\u013ca tehnolo\u0123ija IPS. Iz\u0161\u0137irtsp\u0113ja 3840 x 2160 Spilgtums 500 cd\/m2 . Izmanto\u0161anas re\u017e\u012bms 24\/7","og_url":"https:\/\/www.bbt.lv\/en\/produktu-katalogs\/m-serijas-pro-displeji-en\/nec-multisync-m551-55-profesionals-displejs-24-7\/","og_site_name":"BBT","article_publisher":"https:\/\/www.facebook.com\/lvbbt\/","article_modified_time":"2026-04-10T18:59:42+00:00","og_image":[{"width":1600,"height":1200,"url":"https:\/\/www.bbt.lv\/wp-content\/uploads\/Store\/Displeji\/M-serija\/NEC_M-Series_Angle_Left_content.jpg","type":"image\/jpeg"}],"twitter_card":"summary_large_image","twitter_misc":{"Est. reading time":"1 minute"},"schema":{"@context":"https:\/\/schema.org","@graph":[{"@type":"WebPage","@id":"https:\/\/www.bbt.lv\/en\/produktu-katalogs\/m-serijas-pro-displeji-en\/nec-multisync-m551-55-profesionals-displejs-24-7\/","url":"https:\/\/www.bbt.lv\/en\/produktu-katalogs\/m-serijas-pro-displeji-en\/nec-multisync-m551-55-profesionals-displejs-24-7\/","name":"NEC MultiSync M551\/ 55\" profesion\u0101ls displejs 24\/7 &#8226; BBT","isPartOf":{"@id":"https:\/\/www.bbt.lv\/en\/#website"},"primaryImageOfPage":{"@id":"https:\/\/www.bbt.lv\/en\/produktu-katalogs\/m-serijas-pro-displeji-en\/nec-multisync-m551-55-profesionals-displejs-24-7\/#primaryimage"},"image":{"@id":"https:\/\/www.bbt.lv\/en\/produktu-katalogs\/m-serijas-pro-displeji-en\/nec-multisync-m551-55-profesionals-displejs-24-7\/#primaryimage"},"thumbnailUrl":"https:\/\/www.bbt.lv\/wp-content\/uploads\/Store\/Displeji\/M-serija\/NEC_M-Series_Angle_Left_content.jpg","datePublished":"2025-03-16T19:30:20+00:00","dateModified":"2026-04-10T18:59:42+00:00","breadcrumb":{"@id":"https:\/\/www.bbt.lv\/en\/produktu-katalogs\/m-serijas-pro-displeji-en\/nec-multisync-m551-55-profesionals-displejs-24-7\/#breadcrumb"},"inLanguage":"en-US","potentialAction":[{"@type":"ReadAction","target":["https:\/\/www.bbt.lv\/en\/produktu-katalogs\/m-serijas-pro-displeji-en\/nec-multisync-m551-55-profesionals-displejs-24-7\/"]}]},{"@type":"ImageObject","inLanguage":"en-US","@id":"https:\/\/www.bbt.lv\/en\/produktu-katalogs\/m-serijas-pro-displeji-en\/nec-multisync-m551-55-profesionals-displejs-24-7\/#primaryimage","url":"https:\/\/www.bbt.lv\/wp-content\/uploads\/Store\/Displeji\/M-serija\/NEC_M-Series_Angle_Left_content.jpg","contentUrl":"https:\/\/www.bbt.lv\/wp-content\/uploads\/Store\/Displeji\/M-serija\/NEC_M-Series_Angle_Left_content.jpg","width":1600,"height":1200},{"@type":"BreadcrumbList","@id":"https:\/\/www.bbt.lv\/en\/produktu-katalogs\/m-serijas-pro-displeji-en\/nec-multisync-m551-55-profesionals-displejs-24-7\/#breadcrumb","itemListElement":[{"@type":"ListItem","position":1,"name":"Home","item":"https:\/\/www.bbt.lv\/en\/"},{"@type":"ListItem","position":2,"name":"Catalogue","item":"https:\/\/www.bbt.lv\/en\/catalogue\/"},{"@type":"ListItem","position":3,"name":"NEC MultiSync M551\/ 55&#8243; profesion\u0101ls displejs 24\/7"}]},{"@type":"WebSite","@id":"https:\/\/www.bbt.lv\/en\/#website","url":"https:\/\/www.bbt.lv\/en\/","name":"BBT","description":"Baltijas Biroju tehnolo\u0123ijas","publisher":{"@id":"https:\/\/www.bbt.lv\/en\/#organization"},"alternateName":"bbt.lv","potentialAction":[{"@type":"SearchAction","target":{"@type":"EntryPoint","urlTemplate":"https:\/\/www.bbt.lv\/en\/?s={search_term_string}"},"query-input":{"@type":"PropertyValueSpecification","valueRequired":true,"valueName":"search_term_string"}}],"inLanguage":"en-US"},{"@type":"Organization","@id":"https:\/\/www.bbt.lv\/en\/#organization","name":"Baltijas Biroju Tehnolo\u0123ijas","url":"https:\/\/www.bbt.lv\/en\/","logo":{"@type":"ImageObject","inLanguage":"en-US","@id":"https:\/\/www.bbt.lv\/en\/#\/schema\/logo\/image\/","url":"https:\/\/www.bbt.lv\/wp-content\/uploads\/2019\/03\/BBT-logo-full-rgb.png","contentUrl":"https:\/\/www.bbt.lv\/wp-content\/uploads\/2019\/03\/BBT-logo-full-rgb.png","width":802,"height":205,"caption":"Baltijas Biroju Tehnolo\u0123ijas"},"image":{"@id":"https:\/\/www.bbt.lv\/en\/#\/schema\/logo\/image\/"},"sameAs":["https:\/\/www.facebook.com\/lvbbt\/","https:\/\/www.instagram.com\/bbt_lv\/","https:\/\/www.linkedin.com\/company\/baltijas-biroju-tehnologijas-sia-bbt-\/","https:\/\/www.youtube.com\/channel\/UCwNElYO6MpFUzK-v8ZSf4nw"]}]}},"_links":{"self":[{"href":"https:\/\/www.bbt.lv\/en\/wp-json\/wp\/v2\/product\/47325"}],"collection":[{"href":"https:\/\/www.bbt.lv\/en\/wp-json\/wp\/v2\/product"}],"about":[{"href":"https:\/\/www.bbt.lv\/en\/wp-json\/wp\/v2\/types\/product"}],"wp:featuredmedia":[{"embeddable":true,"href":"https:\/\/www.bbt.lv\/en\/wp-json\/wp\/v2\/media\/36281"}],"wp:attachment":[{"href":"https:\/\/www.bbt.lv\/en\/wp-json\/wp\/v2\/media?parent=47325"}],"wp:term":[{"taxonomy":"product_cat","embeddable":true,"href":"https:\/\/www.bbt.lv\/en\/wp-json\/wp\/v2\/product_cat?post=47325"},{"taxonomy":"product_tag","embeddable":true,"href":"https:\/\/www.bbt.lv\/en\/wp-json\/wp\/v2\/product_tag?post=47325"}],"curies":[{"name":"wp","href":"https:\/\/api.w.org\/{rel}","templated":true}]}}