{"id":47335,"date":"2025-03-16T21:30:17","date_gmt":"2025-03-16T19:30:17","guid":{"rendered":"https:\/\/www.bbt.lv\/produktu-katalogs\/uncategorized\/nec-multisync-me432-43-profesionals-displejs-integrets-soc-ar-android\/"},"modified":"2026-04-10T22:33:11","modified_gmt":"2026-04-10T19:33:11","slug":"nec-multisync-me432-43-profesionals-displejs-integrets-soc-ar-android","status":"publish","type":"product","link":"https:\/\/www.bbt.lv\/en\/produktu-katalogs\/me-serijas-pro-displeji-ar-android-en\/nec-multisync-me432-43-profesionals-displejs-integrets-soc-ar-android\/","title":{"rendered":"NEC MultiSync ME432\/ 43&#8243; profesion\u0101ls displejs integr\u0113ts SoC ar Android"},"content":{"rendered":"<section id=\"overview\" class=\"row\">\n<div class=\"columns medium-6\">\n<h3>Description<\/h3>\n<p><b>Class-leading performance and value<\/b><\/p>\n<p>For best-in-class visual performance and value, the second generation ME series commands feature-rich professional capabilities for meeting rooms and signage applications. The multi-functional Sharp MultiSync\u00ae displays with high haze panel, native USB-C connectivity, and quick input detection appeals to Enterprise users for Bring Your Own Device simplicity, supporting hybrid workflows and spontaneous meetings.<\/p>\n<p>An integrated System on Chip (SoC) with Android 13 CTS-compliant Operating System brings the most up to date features and security, powering signage applications and commanding high compatibility with CMS partners, making the multi-purpose Sharp MultiSync\u00ae ME series suitable for cost sensitive retail signage applications. Experience seamless access to Android apps and install apps directly on the display using the integrated browser, without the hassle and expense of an additional external media player.<\/p>\n<p>Trusted long-life reliability is assured through Japanese engineering standards and high-quality components. The Sharp MultiSync\u00ae ME series is a class-leading solution for today\u2019s workplace challenges, bringing value and professional performance, without compromise.<\/p>\n<\/div>\n<div class=\"columns medium-6\">\n<h3>Benefits<\/h3>\n<ul>\n<li><b>Seamless connectivity<\/b> \u2013 native USB-C supports Bring Your Own Device workflows, safeguarding inclusion and boosting productivity, with a single cable connection between notebook and display.<\/li>\n<li><b>Best readability<\/b> \u2013 aiding high productivity in well-lit meeting spaces, a high haze filter eliminates glare and reflections from windows and other light sources.<\/li>\n<li><b>Quick input detection <\/b> \u2013 removing potential frustration and smoothing the way to productive meeting outcomes, the display responds immediately when a device is connected.<\/li>\n<li><b>Third-party compatibility <\/b> \u2013 not simply a display, but an out-of-the-box solution, compatible with popular workplace and content management systems through the integrated SoC platform.<\/li>\n<li><b>New feature-ready <\/b> \u2013 regular OTA Android OS updates ensure availability of the latest features and system security.<\/li>\n<\/ul>\n<\/div>\n<\/section>\n","protected":false},"excerpt":{"rendered":"<p>43&#8243;, Android 13. Iz\u0161\u0137irtsp\u0113ja 3840&#215;2160. Spilgtums 400 cd\/m2 . Izmanto\u0161anas re\u017e\u012bms 18\/7<\/p>\n","protected":false},"featured_media":47311,"template":"","meta":{"_acf_changed":false},"product_cat":[12219],"product_tag":[12220,9841,11534,9613],"acf":[],"yoast_head":"<!-- This site is optimized with the Yoast SEO plugin v23.5 - https:\/\/yoast.com\/wordpress\/plugins\/seo\/ -->\n<title>NEC MultiSync ME432\/ 43&quot; profesion\u0101ls displejs integr\u0113ts SoC ar Android &#8226; BBT<\/title>\n<meta name=\"robots\" content=\"index, follow, max-snippet:-1, max-image-preview:large, max-video-preview:-1\" \/>\n<link rel=\"canonical\" href=\"https:\/\/www.bbt.lv\/en\/produktu-katalogs\/me-serijas-pro-displeji-ar-android-en\/nec-multisync-me432-43-profesionals-displejs-integrets-soc-ar-android\/\" \/>\n<meta property=\"og:locale\" content=\"en_US\" \/>\n<meta property=\"og:type\" content=\"article\" \/>\n<meta property=\"og:title\" content=\"NEC MultiSync ME432\/ 43&quot; profesion\u0101ls displejs integr\u0113ts SoC ar Android &#8226; BBT\" \/>\n<meta property=\"og:description\" content=\"43&quot;, Android 13. Iz\u0161\u0137irtsp\u0113ja 3840x2160. Spilgtums 400 cd\/m2 . Izmanto\u0161anas re\u017e\u012bms 18\/7\" \/>\n<meta property=\"og:url\" content=\"https:\/\/www.bbt.lv\/en\/produktu-katalogs\/me-serijas-pro-displeji-ar-android-en\/nec-multisync-me432-43-profesionals-displejs-integrets-soc-ar-android\/\" \/>\n<meta property=\"og:site_name\" content=\"BBT\" \/>\n<meta property=\"article:publisher\" content=\"https:\/\/www.facebook.com\/lvbbt\/\" \/>\n<meta property=\"article:modified_time\" content=\"2026-04-10T19:33:11+00:00\" \/>\n<meta property=\"og:image\" content=\"https:\/\/www.bbt.lv\/wp-content\/uploads\/Store\/Displeji\/ME-2-serija\/SharpNEC-ME2-Series_Front-Landscape_AndroidLogo.jpg\" \/>\n\t<meta property=\"og:image:width\" content=\"1600\" \/>\n\t<meta property=\"og:image:height\" content=\"1200\" \/>\n\t<meta property=\"og:image:type\" content=\"image\/jpeg\" \/>\n<meta name=\"twitter:card\" content=\"summary_large_image\" \/>\n<meta name=\"twitter:label1\" content=\"Est. reading time\" \/>\n\t<meta name=\"twitter:data1\" content=\"1 minute\" \/>\n<script type=\"application\/ld+json\" class=\"yoast-schema-graph\">{\"@context\":\"https:\/\/schema.org\",\"@graph\":[{\"@type\":\"WebPage\",\"@id\":\"https:\/\/www.bbt.lv\/en\/produktu-katalogs\/me-serijas-pro-displeji-ar-android-en\/nec-multisync-me432-43-profesionals-displejs-integrets-soc-ar-android\/\",\"url\":\"https:\/\/www.bbt.lv\/en\/produktu-katalogs\/me-serijas-pro-displeji-ar-android-en\/nec-multisync-me432-43-profesionals-displejs-integrets-soc-ar-android\/\",\"name\":\"NEC MultiSync ME432\/ 43\\\" profesion\u0101ls displejs integr\u0113ts SoC ar Android &#8226; BBT\",\"isPartOf\":{\"@id\":\"https:\/\/www.bbt.lv\/en\/#website\"},\"primaryImageOfPage\":{\"@id\":\"https:\/\/www.bbt.lv\/en\/produktu-katalogs\/me-serijas-pro-displeji-ar-android-en\/nec-multisync-me432-43-profesionals-displejs-integrets-soc-ar-android\/#primaryimage\"},\"image\":{\"@id\":\"https:\/\/www.bbt.lv\/en\/produktu-katalogs\/me-serijas-pro-displeji-ar-android-en\/nec-multisync-me432-43-profesionals-displejs-integrets-soc-ar-android\/#primaryimage\"},\"thumbnailUrl\":\"https:\/\/www.bbt.lv\/wp-content\/uploads\/Store\/Displeji\/ME-2-serija\/SharpNEC-ME2-Series_Front-Landscape_AndroidLogo.jpg\",\"datePublished\":\"2025-03-16T19:30:17+00:00\",\"dateModified\":\"2026-04-10T19:33:11+00:00\",\"breadcrumb\":{\"@id\":\"https:\/\/www.bbt.lv\/en\/produktu-katalogs\/me-serijas-pro-displeji-ar-android-en\/nec-multisync-me432-43-profesionals-displejs-integrets-soc-ar-android\/#breadcrumb\"},\"inLanguage\":\"en-US\",\"potentialAction\":[{\"@type\":\"ReadAction\",\"target\":[\"https:\/\/www.bbt.lv\/en\/produktu-katalogs\/me-serijas-pro-displeji-ar-android-en\/nec-multisync-me432-43-profesionals-displejs-integrets-soc-ar-android\/\"]}]},{\"@type\":\"ImageObject\",\"inLanguage\":\"en-US\",\"@id\":\"https:\/\/www.bbt.lv\/en\/produktu-katalogs\/me-serijas-pro-displeji-ar-android-en\/nec-multisync-me432-43-profesionals-displejs-integrets-soc-ar-android\/#primaryimage\",\"url\":\"https:\/\/www.bbt.lv\/wp-content\/uploads\/Store\/Displeji\/ME-2-serija\/SharpNEC-ME2-Series_Front-Landscape_AndroidLogo.jpg\",\"contentUrl\":\"https:\/\/www.bbt.lv\/wp-content\/uploads\/Store\/Displeji\/ME-2-serija\/SharpNEC-ME2-Series_Front-Landscape_AndroidLogo.jpg\",\"width\":1600,\"height\":1200},{\"@type\":\"BreadcrumbList\",\"@id\":\"https:\/\/www.bbt.lv\/en\/produktu-katalogs\/me-serijas-pro-displeji-ar-android-en\/nec-multisync-me432-43-profesionals-displejs-integrets-soc-ar-android\/#breadcrumb\",\"itemListElement\":[{\"@type\":\"ListItem\",\"position\":1,\"name\":\"Home\",\"item\":\"https:\/\/www.bbt.lv\/en\/\"},{\"@type\":\"ListItem\",\"position\":2,\"name\":\"Catalogue\",\"item\":\"https:\/\/www.bbt.lv\/en\/catalogue\/\"},{\"@type\":\"ListItem\",\"position\":3,\"name\":\"NEC MultiSync ME432\/ 43&#8243; profesion\u0101ls displejs integr\u0113ts SoC ar Android\"}]},{\"@type\":\"WebSite\",\"@id\":\"https:\/\/www.bbt.lv\/en\/#website\",\"url\":\"https:\/\/www.bbt.lv\/en\/\",\"name\":\"BBT\",\"description\":\"Baltijas Biroju tehnolo\u0123ijas\",\"publisher\":{\"@id\":\"https:\/\/www.bbt.lv\/en\/#organization\"},\"alternateName\":\"bbt.lv\",\"potentialAction\":[{\"@type\":\"SearchAction\",\"target\":{\"@type\":\"EntryPoint\",\"urlTemplate\":\"https:\/\/www.bbt.lv\/en\/?s={search_term_string}\"},\"query-input\":{\"@type\":\"PropertyValueSpecification\",\"valueRequired\":true,\"valueName\":\"search_term_string\"}}],\"inLanguage\":\"en-US\"},{\"@type\":\"Organization\",\"@id\":\"https:\/\/www.bbt.lv\/en\/#organization\",\"name\":\"Baltijas Biroju Tehnolo\u0123ijas\",\"url\":\"https:\/\/www.bbt.lv\/en\/\",\"logo\":{\"@type\":\"ImageObject\",\"inLanguage\":\"en-US\",\"@id\":\"https:\/\/www.bbt.lv\/en\/#\/schema\/logo\/image\/\",\"url\":\"https:\/\/www.bbt.lv\/wp-content\/uploads\/2019\/03\/BBT-logo-full-rgb.png\",\"contentUrl\":\"https:\/\/www.bbt.lv\/wp-content\/uploads\/2019\/03\/BBT-logo-full-rgb.png\",\"width\":802,\"height\":205,\"caption\":\"Baltijas Biroju Tehnolo\u0123ijas\"},\"image\":{\"@id\":\"https:\/\/www.bbt.lv\/en\/#\/schema\/logo\/image\/\"},\"sameAs\":[\"https:\/\/www.facebook.com\/lvbbt\/\",\"https:\/\/www.instagram.com\/bbt_lv\/\",\"https:\/\/www.linkedin.com\/company\/baltijas-biroju-tehnologijas-sia-bbt-\/\",\"https:\/\/www.youtube.com\/channel\/UCwNElYO6MpFUzK-v8ZSf4nw\"]}]}<\/script>\n<!-- \/ Yoast SEO plugin. -->","yoast_head_json":{"title":"NEC MultiSync ME432\/ 43\" profesion\u0101ls displejs integr\u0113ts SoC ar Android &#8226; BBT","robots":{"index":"index","follow":"follow","max-snippet":"max-snippet:-1","max-image-preview":"max-image-preview:large","max-video-preview":"max-video-preview:-1"},"canonical":"https:\/\/www.bbt.lv\/en\/produktu-katalogs\/me-serijas-pro-displeji-ar-android-en\/nec-multisync-me432-43-profesionals-displejs-integrets-soc-ar-android\/","og_locale":"en_US","og_type":"article","og_title":"NEC MultiSync ME432\/ 43\" profesion\u0101ls displejs integr\u0113ts SoC ar Android &#8226; BBT","og_description":"43\", Android 13. Iz\u0161\u0137irtsp\u0113ja 3840x2160. Spilgtums 400 cd\/m2 . Izmanto\u0161anas re\u017e\u012bms 18\/7","og_url":"https:\/\/www.bbt.lv\/en\/produktu-katalogs\/me-serijas-pro-displeji-ar-android-en\/nec-multisync-me432-43-profesionals-displejs-integrets-soc-ar-android\/","og_site_name":"BBT","article_publisher":"https:\/\/www.facebook.com\/lvbbt\/","article_modified_time":"2026-04-10T19:33:11+00:00","og_image":[{"width":1600,"height":1200,"url":"https:\/\/www.bbt.lv\/wp-content\/uploads\/Store\/Displeji\/ME-2-serija\/SharpNEC-ME2-Series_Front-Landscape_AndroidLogo.jpg","type":"image\/jpeg"}],"twitter_card":"summary_large_image","twitter_misc":{"Est. reading time":"1 minute"},"schema":{"@context":"https:\/\/schema.org","@graph":[{"@type":"WebPage","@id":"https:\/\/www.bbt.lv\/en\/produktu-katalogs\/me-serijas-pro-displeji-ar-android-en\/nec-multisync-me432-43-profesionals-displejs-integrets-soc-ar-android\/","url":"https:\/\/www.bbt.lv\/en\/produktu-katalogs\/me-serijas-pro-displeji-ar-android-en\/nec-multisync-me432-43-profesionals-displejs-integrets-soc-ar-android\/","name":"NEC MultiSync ME432\/ 43\" profesion\u0101ls displejs integr\u0113ts SoC ar Android &#8226; BBT","isPartOf":{"@id":"https:\/\/www.bbt.lv\/en\/#website"},"primaryImageOfPage":{"@id":"https:\/\/www.bbt.lv\/en\/produktu-katalogs\/me-serijas-pro-displeji-ar-android-en\/nec-multisync-me432-43-profesionals-displejs-integrets-soc-ar-android\/#primaryimage"},"image":{"@id":"https:\/\/www.bbt.lv\/en\/produktu-katalogs\/me-serijas-pro-displeji-ar-android-en\/nec-multisync-me432-43-profesionals-displejs-integrets-soc-ar-android\/#primaryimage"},"thumbnailUrl":"https:\/\/www.bbt.lv\/wp-content\/uploads\/Store\/Displeji\/ME-2-serija\/SharpNEC-ME2-Series_Front-Landscape_AndroidLogo.jpg","datePublished":"2025-03-16T19:30:17+00:00","dateModified":"2026-04-10T19:33:11+00:00","breadcrumb":{"@id":"https:\/\/www.bbt.lv\/en\/produktu-katalogs\/me-serijas-pro-displeji-ar-android-en\/nec-multisync-me432-43-profesionals-displejs-integrets-soc-ar-android\/#breadcrumb"},"inLanguage":"en-US","potentialAction":[{"@type":"ReadAction","target":["https:\/\/www.bbt.lv\/en\/produktu-katalogs\/me-serijas-pro-displeji-ar-android-en\/nec-multisync-me432-43-profesionals-displejs-integrets-soc-ar-android\/"]}]},{"@type":"ImageObject","inLanguage":"en-US","@id":"https:\/\/www.bbt.lv\/en\/produktu-katalogs\/me-serijas-pro-displeji-ar-android-en\/nec-multisync-me432-43-profesionals-displejs-integrets-soc-ar-android\/#primaryimage","url":"https:\/\/www.bbt.lv\/wp-content\/uploads\/Store\/Displeji\/ME-2-serija\/SharpNEC-ME2-Series_Front-Landscape_AndroidLogo.jpg","contentUrl":"https:\/\/www.bbt.lv\/wp-content\/uploads\/Store\/Displeji\/ME-2-serija\/SharpNEC-ME2-Series_Front-Landscape_AndroidLogo.jpg","width":1600,"height":1200},{"@type":"BreadcrumbList","@id":"https:\/\/www.bbt.lv\/en\/produktu-katalogs\/me-serijas-pro-displeji-ar-android-en\/nec-multisync-me432-43-profesionals-displejs-integrets-soc-ar-android\/#breadcrumb","itemListElement":[{"@type":"ListItem","position":1,"name":"Home","item":"https:\/\/www.bbt.lv\/en\/"},{"@type":"ListItem","position":2,"name":"Catalogue","item":"https:\/\/www.bbt.lv\/en\/catalogue\/"},{"@type":"ListItem","position":3,"name":"NEC MultiSync ME432\/ 43&#8243; profesion\u0101ls displejs integr\u0113ts SoC ar Android"}]},{"@type":"WebSite","@id":"https:\/\/www.bbt.lv\/en\/#website","url":"https:\/\/www.bbt.lv\/en\/","name":"BBT","description":"Baltijas Biroju tehnolo\u0123ijas","publisher":{"@id":"https:\/\/www.bbt.lv\/en\/#organization"},"alternateName":"bbt.lv","potentialAction":[{"@type":"SearchAction","target":{"@type":"EntryPoint","urlTemplate":"https:\/\/www.bbt.lv\/en\/?s={search_term_string}"},"query-input":{"@type":"PropertyValueSpecification","valueRequired":true,"valueName":"search_term_string"}}],"inLanguage":"en-US"},{"@type":"Organization","@id":"https:\/\/www.bbt.lv\/en\/#organization","name":"Baltijas Biroju Tehnolo\u0123ijas","url":"https:\/\/www.bbt.lv\/en\/","logo":{"@type":"ImageObject","inLanguage":"en-US","@id":"https:\/\/www.bbt.lv\/en\/#\/schema\/logo\/image\/","url":"https:\/\/www.bbt.lv\/wp-content\/uploads\/2019\/03\/BBT-logo-full-rgb.png","contentUrl":"https:\/\/www.bbt.lv\/wp-content\/uploads\/2019\/03\/BBT-logo-full-rgb.png","width":802,"height":205,"caption":"Baltijas Biroju Tehnolo\u0123ijas"},"image":{"@id":"https:\/\/www.bbt.lv\/en\/#\/schema\/logo\/image\/"},"sameAs":["https:\/\/www.facebook.com\/lvbbt\/","https:\/\/www.instagram.com\/bbt_lv\/","https:\/\/www.linkedin.com\/company\/baltijas-biroju-tehnologijas-sia-bbt-\/","https:\/\/www.youtube.com\/channel\/UCwNElYO6MpFUzK-v8ZSf4nw"]}]}},"_links":{"self":[{"href":"https:\/\/www.bbt.lv\/en\/wp-json\/wp\/v2\/product\/47335"}],"collection":[{"href":"https:\/\/www.bbt.lv\/en\/wp-json\/wp\/v2\/product"}],"about":[{"href":"https:\/\/www.bbt.lv\/en\/wp-json\/wp\/v2\/types\/product"}],"wp:featuredmedia":[{"embeddable":true,"href":"https:\/\/www.bbt.lv\/en\/wp-json\/wp\/v2\/media\/47311"}],"wp:attachment":[{"href":"https:\/\/www.bbt.lv\/en\/wp-json\/wp\/v2\/media?parent=47335"}],"wp:term":[{"taxonomy":"product_cat","embeddable":true,"href":"https:\/\/www.bbt.lv\/en\/wp-json\/wp\/v2\/product_cat?post=47335"},{"taxonomy":"product_tag","embeddable":true,"href":"https:\/\/www.bbt.lv\/en\/wp-json\/wp\/v2\/product_tag?post=47335"}],"curies":[{"name":"wp","href":"https:\/\/api.w.org\/{rel}","templated":true}]}}