{"id":47365,"date":"2025-03-17T17:30:18","date_gmt":"2025-03-17T15:30:18","guid":{"rendered":"https:\/\/www.bbt.lv\/produktu-katalogs\/uncategorized\/nec-multisync-m981-airserver-98-profesionals-displejs-24-7\/"},"modified":"2026-04-10T20:07:52","modified_gmt":"2026-04-10T17:07:52","slug":"nec-multisync-m981-airserver-98-profesionals-displejs-24-7","status":"publish","type":"product","link":"https:\/\/www.bbt.lv\/en\/produktu-katalogs\/m-serijas-pro-displeji-ar-airserver-en\/nec-multisync-m981-airserver-98-profesionals-displejs-24-7\/","title":{"rendered":"NEC MultiSync M981 AirServer\/ 98&#8243; profesion\u0101ls displejs 24\/7"},"content":{"rendered":"<section id=\"overview\" class=\"row\">\n<div class=\"columns medium-6\">\n<h2>NEC MultiSync M981 AirServer<\/h2>\n<h3>Description<\/h3>\n<p><b>Content sharing made simple with native wireless screen mirroring<\/b><\/p>\n<p>Initiating effective collaboration in meeting rooms has never been easier to plan, install and operate. Simply share content from your personal device to the large meeting room display.<\/p>\n<p>The MultiSync\u00ae ME\/M series AirServer models provide a sleek combination of intuitive screen sharing with professional display technology for meeting rooms and huddle spaces.<\/p>\n<p>Future-proof and upgradable, AirServer software is powered by a pre-installed modular SoC Raspberry Pi module which transforms the Sharp\/NEC M and ME series large format display into a universal screen mirroring receiver. With AirServer enabled on the Sharp\/NEC large format display, users can wirelessly mirror the content on their personal screen (Mac or PC, iPhone, iPad, Android or Chromebook) to the meeting room display, instantly turning the room into a collaborative space.<\/p>\n<\/div>\n<div class=\"columns medium-6\">\n<h3>Benefits<\/h3>\n<ul>\n<li><b>Unhindered readability<\/b> \u2013 no reflections from windows or other light sources means no disruption to the visibility of signage content or meeting room presentation<\/li>\n<li><b>Enhanced imaging performance <\/b> \u2013 advanced settings of all relevant visual parameters allow full control of brightness, colour, gamma and uniformity via the SpectraView Engine for precise, natural images.<\/li>\n<li><b>Secure remote management <\/b> \u2013 control your devices remotely and securely using NEC NaviSet Administrator 2; proactively manage maintenance requirements saving time and resources<\/li>\n<li><b>Mission-critical 24\/7 ready operation <\/b> \u2013 the meticulous selection of industrial-grade components and careful design focused on demanding usage scenarios accompany an impressive and continuous viewer experience.<\/li>\n<li><b>Future Ready Connectivity <\/b> \u2013 featuring multiple industry standard digital and analogue signal inputs for flexible integration into AV infrastructures.<\/li>\n<\/ul>\n<\/div>\n<\/section>\n","protected":false},"excerpt":{"rendered":"<p>98&#8243;, AirServer atspogu\u013co\u0161anas risin\u0101jums. Iz\u0161\u0137irtsp\u0113ja 3840 x 2160 Spilgtums 500 cd\/m2 . Izmanto\u0161anas re\u017e\u012bms 24\/7<\/p>\n","protected":false},"featured_media":47353,"template":"","meta":{"_acf_changed":false},"product_cat":[12294],"product_tag":[12295,9841,11534,9613],"acf":[],"yoast_head":"<!-- This site is optimized with the Yoast SEO plugin v23.5 - https:\/\/yoast.com\/wordpress\/plugins\/seo\/ -->\n<title>NEC MultiSync M981 AirServer\/ 98&quot; profesion\u0101ls displejs 24\/7 &#8226; BBT<\/title>\n<meta name=\"robots\" content=\"index, follow, max-snippet:-1, max-image-preview:large, max-video-preview:-1\" \/>\n<link rel=\"canonical\" href=\"https:\/\/www.bbt.lv\/en\/produktu-katalogs\/m-serijas-pro-displeji-ar-airserver-en\/nec-multisync-m981-airserver-98-profesionals-displejs-24-7\/\" \/>\n<meta property=\"og:locale\" content=\"en_US\" \/>\n<meta property=\"og:type\" content=\"article\" \/>\n<meta property=\"og:title\" content=\"NEC MultiSync M981 AirServer\/ 98&quot; profesion\u0101ls displejs 24\/7 &#8226; BBT\" \/>\n<meta property=\"og:description\" content=\"98&quot;, AirServer atspogu\u013co\u0161anas risin\u0101jums. Iz\u0161\u0137irtsp\u0113ja 3840 x 2160 Spilgtums 500 cd\/m2 . Izmanto\u0161anas re\u017e\u012bms 24\/7\" \/>\n<meta property=\"og:url\" content=\"https:\/\/www.bbt.lv\/en\/produktu-katalogs\/m-serijas-pro-displeji-ar-airserver-en\/nec-multisync-m981-airserver-98-profesionals-displejs-24-7\/\" \/>\n<meta property=\"og:site_name\" content=\"BBT\" \/>\n<meta property=\"article:publisher\" content=\"https:\/\/www.facebook.com\/lvbbt\/\" \/>\n<meta property=\"article:modified_time\" content=\"2026-04-10T17:07:52+00:00\" \/>\n<meta property=\"og:image\" content=\"https:\/\/www.bbt.lv\/wp-content\/uploads\/Store\/Displeji\/M1-serija-Airserver\/ME_Front_AirServer_quick-setup_1600x1200px.jpg\" \/>\n\t<meta property=\"og:image:width\" content=\"1600\" \/>\n\t<meta property=\"og:image:height\" content=\"1200\" \/>\n\t<meta property=\"og:image:type\" content=\"image\/jpeg\" \/>\n<meta name=\"twitter:card\" content=\"summary_large_image\" \/>\n<meta name=\"twitter:label1\" content=\"Est. reading time\" \/>\n\t<meta name=\"twitter:data1\" content=\"1 minute\" \/>\n<script type=\"application\/ld+json\" class=\"yoast-schema-graph\">{\"@context\":\"https:\/\/schema.org\",\"@graph\":[{\"@type\":\"WebPage\",\"@id\":\"https:\/\/www.bbt.lv\/en\/produktu-katalogs\/m-serijas-pro-displeji-ar-airserver-en\/nec-multisync-m981-airserver-98-profesionals-displejs-24-7\/\",\"url\":\"https:\/\/www.bbt.lv\/en\/produktu-katalogs\/m-serijas-pro-displeji-ar-airserver-en\/nec-multisync-m981-airserver-98-profesionals-displejs-24-7\/\",\"name\":\"NEC MultiSync M981 AirServer\/ 98\\\" profesion\u0101ls displejs 24\/7 &#8226; BBT\",\"isPartOf\":{\"@id\":\"https:\/\/www.bbt.lv\/en\/#website\"},\"primaryImageOfPage\":{\"@id\":\"https:\/\/www.bbt.lv\/en\/produktu-katalogs\/m-serijas-pro-displeji-ar-airserver-en\/nec-multisync-m981-airserver-98-profesionals-displejs-24-7\/#primaryimage\"},\"image\":{\"@id\":\"https:\/\/www.bbt.lv\/en\/produktu-katalogs\/m-serijas-pro-displeji-ar-airserver-en\/nec-multisync-m981-airserver-98-profesionals-displejs-24-7\/#primaryimage\"},\"thumbnailUrl\":\"https:\/\/www.bbt.lv\/wp-content\/uploads\/Store\/Displeji\/M1-serija-Airserver\/ME_Front_AirServer_quick-setup_1600x1200px.jpg\",\"datePublished\":\"2025-03-17T15:30:18+00:00\",\"dateModified\":\"2026-04-10T17:07:52+00:00\",\"breadcrumb\":{\"@id\":\"https:\/\/www.bbt.lv\/en\/produktu-katalogs\/m-serijas-pro-displeji-ar-airserver-en\/nec-multisync-m981-airserver-98-profesionals-displejs-24-7\/#breadcrumb\"},\"inLanguage\":\"en-US\",\"potentialAction\":[{\"@type\":\"ReadAction\",\"target\":[\"https:\/\/www.bbt.lv\/en\/produktu-katalogs\/m-serijas-pro-displeji-ar-airserver-en\/nec-multisync-m981-airserver-98-profesionals-displejs-24-7\/\"]}]},{\"@type\":\"ImageObject\",\"inLanguage\":\"en-US\",\"@id\":\"https:\/\/www.bbt.lv\/en\/produktu-katalogs\/m-serijas-pro-displeji-ar-airserver-en\/nec-multisync-m981-airserver-98-profesionals-displejs-24-7\/#primaryimage\",\"url\":\"https:\/\/www.bbt.lv\/wp-content\/uploads\/Store\/Displeji\/M1-serija-Airserver\/ME_Front_AirServer_quick-setup_1600x1200px.jpg\",\"contentUrl\":\"https:\/\/www.bbt.lv\/wp-content\/uploads\/Store\/Displeji\/M1-serija-Airserver\/ME_Front_AirServer_quick-setup_1600x1200px.jpg\",\"width\":1600,\"height\":1200},{\"@type\":\"BreadcrumbList\",\"@id\":\"https:\/\/www.bbt.lv\/en\/produktu-katalogs\/m-serijas-pro-displeji-ar-airserver-en\/nec-multisync-m981-airserver-98-profesionals-displejs-24-7\/#breadcrumb\",\"itemListElement\":[{\"@type\":\"ListItem\",\"position\":1,\"name\":\"Home\",\"item\":\"https:\/\/www.bbt.lv\/en\/\"},{\"@type\":\"ListItem\",\"position\":2,\"name\":\"Catalogue\",\"item\":\"https:\/\/www.bbt.lv\/en\/catalogue\/\"},{\"@type\":\"ListItem\",\"position\":3,\"name\":\"NEC MultiSync M981 AirServer\/ 98&#8243; profesion\u0101ls displejs 24\/7\"}]},{\"@type\":\"WebSite\",\"@id\":\"https:\/\/www.bbt.lv\/en\/#website\",\"url\":\"https:\/\/www.bbt.lv\/en\/\",\"name\":\"BBT\",\"description\":\"Baltijas Biroju tehnolo\u0123ijas\",\"publisher\":{\"@id\":\"https:\/\/www.bbt.lv\/en\/#organization\"},\"alternateName\":\"bbt.lv\",\"potentialAction\":[{\"@type\":\"SearchAction\",\"target\":{\"@type\":\"EntryPoint\",\"urlTemplate\":\"https:\/\/www.bbt.lv\/en\/?s={search_term_string}\"},\"query-input\":{\"@type\":\"PropertyValueSpecification\",\"valueRequired\":true,\"valueName\":\"search_term_string\"}}],\"inLanguage\":\"en-US\"},{\"@type\":\"Organization\",\"@id\":\"https:\/\/www.bbt.lv\/en\/#organization\",\"name\":\"Baltijas Biroju Tehnolo\u0123ijas\",\"url\":\"https:\/\/www.bbt.lv\/en\/\",\"logo\":{\"@type\":\"ImageObject\",\"inLanguage\":\"en-US\",\"@id\":\"https:\/\/www.bbt.lv\/en\/#\/schema\/logo\/image\/\",\"url\":\"https:\/\/www.bbt.lv\/wp-content\/uploads\/2019\/03\/BBT-logo-full-rgb.png\",\"contentUrl\":\"https:\/\/www.bbt.lv\/wp-content\/uploads\/2019\/03\/BBT-logo-full-rgb.png\",\"width\":802,\"height\":205,\"caption\":\"Baltijas Biroju Tehnolo\u0123ijas\"},\"image\":{\"@id\":\"https:\/\/www.bbt.lv\/en\/#\/schema\/logo\/image\/\"},\"sameAs\":[\"https:\/\/www.facebook.com\/lvbbt\/\",\"https:\/\/www.instagram.com\/bbt_lv\/\",\"https:\/\/www.linkedin.com\/company\/baltijas-biroju-tehnologijas-sia-bbt-\/\",\"https:\/\/www.youtube.com\/channel\/UCwNElYO6MpFUzK-v8ZSf4nw\"]}]}<\/script>\n<!-- \/ Yoast SEO plugin. -->","yoast_head_json":{"title":"NEC MultiSync M981 AirServer\/ 98\" profesion\u0101ls displejs 24\/7 &#8226; BBT","robots":{"index":"index","follow":"follow","max-snippet":"max-snippet:-1","max-image-preview":"max-image-preview:large","max-video-preview":"max-video-preview:-1"},"canonical":"https:\/\/www.bbt.lv\/en\/produktu-katalogs\/m-serijas-pro-displeji-ar-airserver-en\/nec-multisync-m981-airserver-98-profesionals-displejs-24-7\/","og_locale":"en_US","og_type":"article","og_title":"NEC MultiSync M981 AirServer\/ 98\" profesion\u0101ls displejs 24\/7 &#8226; BBT","og_description":"98\", AirServer atspogu\u013co\u0161anas risin\u0101jums. Iz\u0161\u0137irtsp\u0113ja 3840 x 2160 Spilgtums 500 cd\/m2 . Izmanto\u0161anas re\u017e\u012bms 24\/7","og_url":"https:\/\/www.bbt.lv\/en\/produktu-katalogs\/m-serijas-pro-displeji-ar-airserver-en\/nec-multisync-m981-airserver-98-profesionals-displejs-24-7\/","og_site_name":"BBT","article_publisher":"https:\/\/www.facebook.com\/lvbbt\/","article_modified_time":"2026-04-10T17:07:52+00:00","og_image":[{"width":1600,"height":1200,"url":"https:\/\/www.bbt.lv\/wp-content\/uploads\/Store\/Displeji\/M1-serija-Airserver\/ME_Front_AirServer_quick-setup_1600x1200px.jpg","type":"image\/jpeg"}],"twitter_card":"summary_large_image","twitter_misc":{"Est. reading time":"1 minute"},"schema":{"@context":"https:\/\/schema.org","@graph":[{"@type":"WebPage","@id":"https:\/\/www.bbt.lv\/en\/produktu-katalogs\/m-serijas-pro-displeji-ar-airserver-en\/nec-multisync-m981-airserver-98-profesionals-displejs-24-7\/","url":"https:\/\/www.bbt.lv\/en\/produktu-katalogs\/m-serijas-pro-displeji-ar-airserver-en\/nec-multisync-m981-airserver-98-profesionals-displejs-24-7\/","name":"NEC MultiSync M981 AirServer\/ 98\" profesion\u0101ls displejs 24\/7 &#8226; BBT","isPartOf":{"@id":"https:\/\/www.bbt.lv\/en\/#website"},"primaryImageOfPage":{"@id":"https:\/\/www.bbt.lv\/en\/produktu-katalogs\/m-serijas-pro-displeji-ar-airserver-en\/nec-multisync-m981-airserver-98-profesionals-displejs-24-7\/#primaryimage"},"image":{"@id":"https:\/\/www.bbt.lv\/en\/produktu-katalogs\/m-serijas-pro-displeji-ar-airserver-en\/nec-multisync-m981-airserver-98-profesionals-displejs-24-7\/#primaryimage"},"thumbnailUrl":"https:\/\/www.bbt.lv\/wp-content\/uploads\/Store\/Displeji\/M1-serija-Airserver\/ME_Front_AirServer_quick-setup_1600x1200px.jpg","datePublished":"2025-03-17T15:30:18+00:00","dateModified":"2026-04-10T17:07:52+00:00","breadcrumb":{"@id":"https:\/\/www.bbt.lv\/en\/produktu-katalogs\/m-serijas-pro-displeji-ar-airserver-en\/nec-multisync-m981-airserver-98-profesionals-displejs-24-7\/#breadcrumb"},"inLanguage":"en-US","potentialAction":[{"@type":"ReadAction","target":["https:\/\/www.bbt.lv\/en\/produktu-katalogs\/m-serijas-pro-displeji-ar-airserver-en\/nec-multisync-m981-airserver-98-profesionals-displejs-24-7\/"]}]},{"@type":"ImageObject","inLanguage":"en-US","@id":"https:\/\/www.bbt.lv\/en\/produktu-katalogs\/m-serijas-pro-displeji-ar-airserver-en\/nec-multisync-m981-airserver-98-profesionals-displejs-24-7\/#primaryimage","url":"https:\/\/www.bbt.lv\/wp-content\/uploads\/Store\/Displeji\/M1-serija-Airserver\/ME_Front_AirServer_quick-setup_1600x1200px.jpg","contentUrl":"https:\/\/www.bbt.lv\/wp-content\/uploads\/Store\/Displeji\/M1-serija-Airserver\/ME_Front_AirServer_quick-setup_1600x1200px.jpg","width":1600,"height":1200},{"@type":"BreadcrumbList","@id":"https:\/\/www.bbt.lv\/en\/produktu-katalogs\/m-serijas-pro-displeji-ar-airserver-en\/nec-multisync-m981-airserver-98-profesionals-displejs-24-7\/#breadcrumb","itemListElement":[{"@type":"ListItem","position":1,"name":"Home","item":"https:\/\/www.bbt.lv\/en\/"},{"@type":"ListItem","position":2,"name":"Catalogue","item":"https:\/\/www.bbt.lv\/en\/catalogue\/"},{"@type":"ListItem","position":3,"name":"NEC MultiSync M981 AirServer\/ 98&#8243; profesion\u0101ls displejs 24\/7"}]},{"@type":"WebSite","@id":"https:\/\/www.bbt.lv\/en\/#website","url":"https:\/\/www.bbt.lv\/en\/","name":"BBT","description":"Baltijas Biroju tehnolo\u0123ijas","publisher":{"@id":"https:\/\/www.bbt.lv\/en\/#organization"},"alternateName":"bbt.lv","potentialAction":[{"@type":"SearchAction","target":{"@type":"EntryPoint","urlTemplate":"https:\/\/www.bbt.lv\/en\/?s={search_term_string}"},"query-input":{"@type":"PropertyValueSpecification","valueRequired":true,"valueName":"search_term_string"}}],"inLanguage":"en-US"},{"@type":"Organization","@id":"https:\/\/www.bbt.lv\/en\/#organization","name":"Baltijas Biroju Tehnolo\u0123ijas","url":"https:\/\/www.bbt.lv\/en\/","logo":{"@type":"ImageObject","inLanguage":"en-US","@id":"https:\/\/www.bbt.lv\/en\/#\/schema\/logo\/image\/","url":"https:\/\/www.bbt.lv\/wp-content\/uploads\/2019\/03\/BBT-logo-full-rgb.png","contentUrl":"https:\/\/www.bbt.lv\/wp-content\/uploads\/2019\/03\/BBT-logo-full-rgb.png","width":802,"height":205,"caption":"Baltijas Biroju Tehnolo\u0123ijas"},"image":{"@id":"https:\/\/www.bbt.lv\/en\/#\/schema\/logo\/image\/"},"sameAs":["https:\/\/www.facebook.com\/lvbbt\/","https:\/\/www.instagram.com\/bbt_lv\/","https:\/\/www.linkedin.com\/company\/baltijas-biroju-tehnologijas-sia-bbt-\/","https:\/\/www.youtube.com\/channel\/UCwNElYO6MpFUzK-v8ZSf4nw"]}]}},"_links":{"self":[{"href":"https:\/\/www.bbt.lv\/en\/wp-json\/wp\/v2\/product\/47365"}],"collection":[{"href":"https:\/\/www.bbt.lv\/en\/wp-json\/wp\/v2\/product"}],"about":[{"href":"https:\/\/www.bbt.lv\/en\/wp-json\/wp\/v2\/types\/product"}],"wp:featuredmedia":[{"embeddable":true,"href":"https:\/\/www.bbt.lv\/en\/wp-json\/wp\/v2\/media\/47353"}],"wp:attachment":[{"href":"https:\/\/www.bbt.lv\/en\/wp-json\/wp\/v2\/media?parent=47365"}],"wp:term":[{"taxonomy":"product_cat","embeddable":true,"href":"https:\/\/www.bbt.lv\/en\/wp-json\/wp\/v2\/product_cat?post=47365"},{"taxonomy":"product_tag","embeddable":true,"href":"https:\/\/www.bbt.lv\/en\/wp-json\/wp\/v2\/product_tag?post=47365"}],"curies":[{"name":"wp","href":"https:\/\/api.w.org\/{rel}","templated":true}]}}