{"id":48281,"date":"2025-01-14T19:30:41","date_gmt":"2025-01-14T17:30:41","guid":{"rendered":"https:\/\/www.bbt.lv\/produktu-katalogs\/uncategorized\/3d-drukas-materials-azurefilm-pla-silk-rainbow-candy-1-75mm-1-kg-kveldiegs-divkrasu\/"},"modified":"2026-04-25T17:43:10","modified_gmt":"2026-04-25T14:43:10","slug":"3d-drukas-materials-azurefilm-pla-silk-rainbow-candy-1-75mm-1-kg-kveldiegs-divkrasu-4","status":"publish","type":"product","link":"https:\/\/www.bbt.lv\/en\/produktu-katalogs\/uncategorized\/3d-drukas-materials-azurefilm-pla-silk-rainbow-candy-1-75mm-1-kg-kveldiegs-divkrasu-4\/","title":{"rendered":"3D drukas materi\u0101ls Azurefilm PLA Silk Rainbow Candy &#8211; 1.75mm &#8211; 1 kg &#8211; kv\u0113ldiegs &#8211; divkr\u0101su"},"content":{"rendered":"<h2><b>PLA Silk<\/b><\/h2>\n<p>PLA Silk filaments have particular additions to the classic PLA filaments that give the appearance of a <b>shiny, slightly translucent and silky surface<\/b>. Moreover, this material <b>helps conceal the transitions between layers<\/b> when printing. PLA Silk filaments feature all traditional PLA characteristics and give <b>consistent results<\/b>. They are the best choice for 3D printing of decorative elements like vases, figurines, accessories, home gadgets and much more.<\/p>\n<h2><b>PLA Silk Rainbow<\/b><\/h2>\n<p>Meet our PLA Silk Rainbow collection, an expansion of our Silk filament range. Building upon the foundation of our Silk filaments known for their glossy, translucent, and silky finish, this collection <b>introduces a beautiful transition between an array of different colours<\/b>. Silk Rainbow filaments deliver natural colour transitions every few meters on the spool. Dive into the world of rainbows!<\/p>\n<h2><strong>PLA Silk filament Rainbow Harmony<\/strong><\/h2>\n<p>Bring serenity into your life with PLA Silk filament Rainbow Harmony. The rainbow consists of gold, pistachio green and red. <b>The colours change every 10 metres of filament<\/b>, creating dynamic and ever-changing colour combinations in your 3D projects.<\/p>\n<h3><strong>Printing recommendations:<\/strong><\/h3>\n<ul>\n<li>For the best results, print at 220\u2013240\u00b0C.<\/li>\n<li>Recommended printing table temperature is 80\u00b0C.<\/li>\n<li>Use a glass bed, PEI sheet, Kapton, or Blue tape for the build platform with 3Dlac spray.<\/li>\n<\/ul>\n","protected":false},"excerpt":{"rendered":"<p>SILK &#8211; 1 kg &#8211; 1.75 mm &#8211; refill &#8211; Ra\u017eots Eirop\u0101<\/p>\n","protected":false},"featured_media":0,"template":"","meta":{"_acf_changed":false},"product_cat":[],"product_tag":[],"acf":[],"yoast_head":"<!-- This site is optimized with the Yoast SEO plugin v23.5 - https:\/\/yoast.com\/wordpress\/plugins\/seo\/ -->\n<title>3D drukas materi\u0101ls Azurefilm PLA Silk Rainbow Candy - 1.75mm - 1 kg - kv\u0113ldiegs - divkr\u0101su &#8226; BBT<\/title>\n<meta name=\"robots\" content=\"index, follow, max-snippet:-1, max-image-preview:large, max-video-preview:-1\" \/>\n<link rel=\"canonical\" href=\"https:\/\/www.bbt.lv\/en\/produktu-katalogs\/uncategorized\/3d-drukas-materials-azurefilm-pla-silk-rainbow-candy-1-75mm-1-kg-kveldiegs-divkrasu-4\/\" \/>\n<meta property=\"og:locale\" content=\"en_US\" \/>\n<meta property=\"og:type\" content=\"article\" \/>\n<meta property=\"og:title\" content=\"3D drukas materi\u0101ls Azurefilm PLA Silk Rainbow Candy - 1.75mm - 1 kg - kv\u0113ldiegs - divkr\u0101su &#8226; BBT\" \/>\n<meta property=\"og:description\" content=\"SILK - 1 kg - 1.75 mm - refill - Ra\u017eots Eirop\u0101\" \/>\n<meta property=\"og:url\" content=\"https:\/\/www.bbt.lv\/en\/produktu-katalogs\/uncategorized\/3d-drukas-materials-azurefilm-pla-silk-rainbow-candy-1-75mm-1-kg-kveldiegs-divkrasu-4\/\" \/>\n<meta property=\"og:site_name\" content=\"BBT\" \/>\n<meta property=\"article:publisher\" content=\"https:\/\/www.facebook.com\/lvbbt\/\" \/>\n<meta property=\"article:modified_time\" content=\"2026-04-25T14:43:10+00:00\" \/>\n<meta name=\"twitter:card\" content=\"summary_large_image\" \/>\n<meta name=\"twitter:label1\" content=\"Est. reading time\" \/>\n\t<meta name=\"twitter:data1\" content=\"1 minute\" \/>\n<script type=\"application\/ld+json\" class=\"yoast-schema-graph\">{\"@context\":\"https:\/\/schema.org\",\"@graph\":[{\"@type\":\"WebPage\",\"@id\":\"https:\/\/www.bbt.lv\/en\/produktu-katalogs\/uncategorized\/3d-drukas-materials-azurefilm-pla-silk-rainbow-candy-1-75mm-1-kg-kveldiegs-divkrasu-4\/\",\"url\":\"https:\/\/www.bbt.lv\/en\/produktu-katalogs\/uncategorized\/3d-drukas-materials-azurefilm-pla-silk-rainbow-candy-1-75mm-1-kg-kveldiegs-divkrasu-4\/\",\"name\":\"3D drukas materi\u0101ls Azurefilm PLA Silk Rainbow Candy - 1.75mm - 1 kg - kv\u0113ldiegs - divkr\u0101su &#8226; BBT\",\"isPartOf\":{\"@id\":\"https:\/\/www.bbt.lv\/en\/#website\"},\"datePublished\":\"2025-01-14T17:30:41+00:00\",\"dateModified\":\"2026-04-25T14:43:10+00:00\",\"breadcrumb\":{\"@id\":\"https:\/\/www.bbt.lv\/en\/produktu-katalogs\/uncategorized\/3d-drukas-materials-azurefilm-pla-silk-rainbow-candy-1-75mm-1-kg-kveldiegs-divkrasu-4\/#breadcrumb\"},\"inLanguage\":\"en-US\",\"potentialAction\":[{\"@type\":\"ReadAction\",\"target\":[\"https:\/\/www.bbt.lv\/en\/produktu-katalogs\/uncategorized\/3d-drukas-materials-azurefilm-pla-silk-rainbow-candy-1-75mm-1-kg-kveldiegs-divkrasu-4\/\"]}]},{\"@type\":\"BreadcrumbList\",\"@id\":\"https:\/\/www.bbt.lv\/en\/produktu-katalogs\/uncategorized\/3d-drukas-materials-azurefilm-pla-silk-rainbow-candy-1-75mm-1-kg-kveldiegs-divkrasu-4\/#breadcrumb\",\"itemListElement\":[{\"@type\":\"ListItem\",\"position\":1,\"name\":\"Home\",\"item\":\"https:\/\/www.bbt.lv\/en\/\"},{\"@type\":\"ListItem\",\"position\":2,\"name\":\"Catalogue\",\"item\":\"https:\/\/www.bbt.lv\/en\/catalogue\/\"},{\"@type\":\"ListItem\",\"position\":3,\"name\":\"3D drukas materi\u0101ls Azurefilm PLA Silk Rainbow Candy &#8211; 1.75mm &#8211; 1 kg &#8211; kv\u0113ldiegs &#8211; divkr\u0101su\"}]},{\"@type\":\"WebSite\",\"@id\":\"https:\/\/www.bbt.lv\/en\/#website\",\"url\":\"https:\/\/www.bbt.lv\/en\/\",\"name\":\"BBT\",\"description\":\"Baltijas Biroju tehnolo\u0123ijas\",\"publisher\":{\"@id\":\"https:\/\/www.bbt.lv\/en\/#organization\"},\"alternateName\":\"bbt.lv\",\"potentialAction\":[{\"@type\":\"SearchAction\",\"target\":{\"@type\":\"EntryPoint\",\"urlTemplate\":\"https:\/\/www.bbt.lv\/en\/?s={search_term_string}\"},\"query-input\":{\"@type\":\"PropertyValueSpecification\",\"valueRequired\":true,\"valueName\":\"search_term_string\"}}],\"inLanguage\":\"en-US\"},{\"@type\":\"Organization\",\"@id\":\"https:\/\/www.bbt.lv\/en\/#organization\",\"name\":\"Baltijas Biroju Tehnolo\u0123ijas\",\"url\":\"https:\/\/www.bbt.lv\/en\/\",\"logo\":{\"@type\":\"ImageObject\",\"inLanguage\":\"en-US\",\"@id\":\"https:\/\/www.bbt.lv\/en\/#\/schema\/logo\/image\/\",\"url\":\"https:\/\/www.bbt.lv\/wp-content\/uploads\/2019\/03\/BBT-logo-full-rgb.png\",\"contentUrl\":\"https:\/\/www.bbt.lv\/wp-content\/uploads\/2019\/03\/BBT-logo-full-rgb.png\",\"width\":802,\"height\":205,\"caption\":\"Baltijas Biroju Tehnolo\u0123ijas\"},\"image\":{\"@id\":\"https:\/\/www.bbt.lv\/en\/#\/schema\/logo\/image\/\"},\"sameAs\":[\"https:\/\/www.facebook.com\/lvbbt\/\",\"https:\/\/www.instagram.com\/bbt_lv\/\",\"https:\/\/www.linkedin.com\/company\/baltijas-biroju-tehnologijas-sia-bbt-\/\",\"https:\/\/www.youtube.com\/channel\/UCwNElYO6MpFUzK-v8ZSf4nw\"]}]}<\/script>\n<!-- \/ Yoast SEO plugin. -->","yoast_head_json":{"title":"3D drukas materi\u0101ls Azurefilm PLA Silk Rainbow Candy - 1.75mm - 1 kg - kv\u0113ldiegs - divkr\u0101su &#8226; BBT","robots":{"index":"index","follow":"follow","max-snippet":"max-snippet:-1","max-image-preview":"max-image-preview:large","max-video-preview":"max-video-preview:-1"},"canonical":"https:\/\/www.bbt.lv\/en\/produktu-katalogs\/uncategorized\/3d-drukas-materials-azurefilm-pla-silk-rainbow-candy-1-75mm-1-kg-kveldiegs-divkrasu-4\/","og_locale":"en_US","og_type":"article","og_title":"3D drukas materi\u0101ls Azurefilm PLA Silk Rainbow Candy - 1.75mm - 1 kg - kv\u0113ldiegs - divkr\u0101su &#8226; BBT","og_description":"SILK - 1 kg - 1.75 mm - refill - Ra\u017eots Eirop\u0101","og_url":"https:\/\/www.bbt.lv\/en\/produktu-katalogs\/uncategorized\/3d-drukas-materials-azurefilm-pla-silk-rainbow-candy-1-75mm-1-kg-kveldiegs-divkrasu-4\/","og_site_name":"BBT","article_publisher":"https:\/\/www.facebook.com\/lvbbt\/","article_modified_time":"2026-04-25T14:43:10+00:00","twitter_card":"summary_large_image","twitter_misc":{"Est. reading time":"1 minute"},"schema":{"@context":"https:\/\/schema.org","@graph":[{"@type":"WebPage","@id":"https:\/\/www.bbt.lv\/en\/produktu-katalogs\/uncategorized\/3d-drukas-materials-azurefilm-pla-silk-rainbow-candy-1-75mm-1-kg-kveldiegs-divkrasu-4\/","url":"https:\/\/www.bbt.lv\/en\/produktu-katalogs\/uncategorized\/3d-drukas-materials-azurefilm-pla-silk-rainbow-candy-1-75mm-1-kg-kveldiegs-divkrasu-4\/","name":"3D drukas materi\u0101ls Azurefilm PLA Silk Rainbow Candy - 1.75mm - 1 kg - kv\u0113ldiegs - divkr\u0101su &#8226; BBT","isPartOf":{"@id":"https:\/\/www.bbt.lv\/en\/#website"},"datePublished":"2025-01-14T17:30:41+00:00","dateModified":"2026-04-25T14:43:10+00:00","breadcrumb":{"@id":"https:\/\/www.bbt.lv\/en\/produktu-katalogs\/uncategorized\/3d-drukas-materials-azurefilm-pla-silk-rainbow-candy-1-75mm-1-kg-kveldiegs-divkrasu-4\/#breadcrumb"},"inLanguage":"en-US","potentialAction":[{"@type":"ReadAction","target":["https:\/\/www.bbt.lv\/en\/produktu-katalogs\/uncategorized\/3d-drukas-materials-azurefilm-pla-silk-rainbow-candy-1-75mm-1-kg-kveldiegs-divkrasu-4\/"]}]},{"@type":"BreadcrumbList","@id":"https:\/\/www.bbt.lv\/en\/produktu-katalogs\/uncategorized\/3d-drukas-materials-azurefilm-pla-silk-rainbow-candy-1-75mm-1-kg-kveldiegs-divkrasu-4\/#breadcrumb","itemListElement":[{"@type":"ListItem","position":1,"name":"Home","item":"https:\/\/www.bbt.lv\/en\/"},{"@type":"ListItem","position":2,"name":"Catalogue","item":"https:\/\/www.bbt.lv\/en\/catalogue\/"},{"@type":"ListItem","position":3,"name":"3D drukas materi\u0101ls Azurefilm PLA Silk Rainbow Candy &#8211; 1.75mm &#8211; 1 kg &#8211; kv\u0113ldiegs &#8211; divkr\u0101su"}]},{"@type":"WebSite","@id":"https:\/\/www.bbt.lv\/en\/#website","url":"https:\/\/www.bbt.lv\/en\/","name":"BBT","description":"Baltijas Biroju tehnolo\u0123ijas","publisher":{"@id":"https:\/\/www.bbt.lv\/en\/#organization"},"alternateName":"bbt.lv","potentialAction":[{"@type":"SearchAction","target":{"@type":"EntryPoint","urlTemplate":"https:\/\/www.bbt.lv\/en\/?s={search_term_string}"},"query-input":{"@type":"PropertyValueSpecification","valueRequired":true,"valueName":"search_term_string"}}],"inLanguage":"en-US"},{"@type":"Organization","@id":"https:\/\/www.bbt.lv\/en\/#organization","name":"Baltijas Biroju Tehnolo\u0123ijas","url":"https:\/\/www.bbt.lv\/en\/","logo":{"@type":"ImageObject","inLanguage":"en-US","@id":"https:\/\/www.bbt.lv\/en\/#\/schema\/logo\/image\/","url":"https:\/\/www.bbt.lv\/wp-content\/uploads\/2019\/03\/BBT-logo-full-rgb.png","contentUrl":"https:\/\/www.bbt.lv\/wp-content\/uploads\/2019\/03\/BBT-logo-full-rgb.png","width":802,"height":205,"caption":"Baltijas Biroju Tehnolo\u0123ijas"},"image":{"@id":"https:\/\/www.bbt.lv\/en\/#\/schema\/logo\/image\/"},"sameAs":["https:\/\/www.facebook.com\/lvbbt\/","https:\/\/www.instagram.com\/bbt_lv\/","https:\/\/www.linkedin.com\/company\/baltijas-biroju-tehnologijas-sia-bbt-\/","https:\/\/www.youtube.com\/channel\/UCwNElYO6MpFUzK-v8ZSf4nw"]}]}},"_links":{"self":[{"href":"https:\/\/www.bbt.lv\/en\/wp-json\/wp\/v2\/product\/48281"}],"collection":[{"href":"https:\/\/www.bbt.lv\/en\/wp-json\/wp\/v2\/product"}],"about":[{"href":"https:\/\/www.bbt.lv\/en\/wp-json\/wp\/v2\/types\/product"}],"wp:attachment":[{"href":"https:\/\/www.bbt.lv\/en\/wp-json\/wp\/v2\/media?parent=48281"}],"wp:term":[{"taxonomy":"product_cat","embeddable":true,"href":"https:\/\/www.bbt.lv\/en\/wp-json\/wp\/v2\/product_cat?post=48281"},{"taxonomy":"product_tag","embeddable":true,"href":"https:\/\/www.bbt.lv\/en\/wp-json\/wp\/v2\/product_tag?post=48281"}],"curies":[{"name":"wp","href":"https:\/\/api.w.org\/{rel}","templated":true}]}}