{"id":48283,"date":"2026-02-11T20:30:28","date_gmt":"2026-02-11T18:30:28","guid":{"rendered":"https:\/\/www.bbt.lv\/produktu-katalogs\/uncategorized\/3d-drukas-materials-azurefilm-pla-refill-silk-rainbow-candy-1-75mm-1-kg-kveldiegs-divkrasu\/"},"modified":"2026-04-04T08:24:28","modified_gmt":"2026-04-04T05:24:28","slug":"3d-drukas-materials-azurefilm-pla-refill-silk-rainbow-candy-1-75mm-1-kg-kveldiegs-divkrasu","status":"publish","type":"product","link":"https:\/\/www.bbt.lv\/en\/produktu-katalogs\/3d-printers\/3d-printeru-izejmateriali-en\/3d-drukas-materials-azurefilm-pla-refill-silk-rainbow-candy-1-75mm-1-kg-kveldiegs-divkrasu\/","title":{"rendered":"Azurefilm PLA Refill Silk Rainbow Candy &#8211; 1.75mm &#8211; 1 kg &#8211; kv\u0113ldiegs &#8211; divkr\u0101su"},"content":{"rendered":"<h2><b>Refill PLA Silk Rainbow<\/b><\/h2>\n<p>Refill PLA Silk Rainbow filaments offer the exact same properties as our PLA Silk Rainbow.\u00a0 They give the appearance of a <b>shiny, slightly translucent, silky surface<\/b>, as well as a <b>beautiful transition between different colours<\/b>. The colour transitions every few meters of the filament. Moreover, this material helps <b>conceal the transitions between layers<\/b> when printing.<\/p>\n<p>Refill PLA Silk Rainbow is <b>easy to print<\/b> and available in many different colour options. These filaments are an <b>eco-friendly choice<\/b> that offers reliable performance and consistent results. Furthermore, our Refill PLA Silk Rainbow filaments are<b> great for beginners<\/b>.<\/p>\n<h3><strong>What is new?<\/strong><\/h3>\n<ul>\n<li>We removed the plastic zip ties and replaced them with a better option to make unpacking easier.<\/li>\n<li>The filament tail is now completely straight. That prevents it from getting stuck in the spool and ruining your print when the filament runs out.<\/li>\n<li><b>Perfect compatibility with AzureFilm and Bambu Lab spools.<\/b><\/li>\n<\/ul>\n<h3><strong>Printing recommendations:<\/strong><\/h3>\n<ul>\n<li>Print at 200\u2013230\u00b0C temperature for best results.*<\/li>\n<li>You do not need a heated bed however, we recommend preheating your printing table to 50\u201360\u00b0C.<\/li>\n<li>Use a glass bed, PEI sheet, Kapton, or Blue tape for the build platform with 3Dlac spray.<\/li>\n<\/ul>\n<p>Our Refill PLA filaments are perfectly compatible with the <strong>AzureFilm Master Spool<\/strong> \u2013 <b>the only spool you\u2019ll ever need<\/b>. By using this reusable spool, you can join us in reducing waste and minimising environmental impact.<br \/>\nAlso perfectly compatible with BambuLab Master Spool<\/p>\n<p>AzureFilm Master Spool is our <b>reusable spool<\/b>, which provides a <b>sustainable and cost-effective<\/b> solution for 3D printing. The spool is a <b>set of two reusable, injection-molded discs<\/b>. This ensures the high durability and precision of the spool.<\/p>\n<p>By purchasing and reusing our Master Spool you contribute to a cleaner environment while enjoying a reliable and easy-to-use product, compatible with most 3D printers.<\/p>\n","protected":false},"excerpt":{"rendered":"<p>SILK &#8211; 1 kg &#8211; 1.75 mm &#8211; refill &#8211; Ra\u017eots Eirop\u0101<\/p>\n","protected":false},"featured_media":48264,"template":"","meta":{"_acf_changed":false},"product_cat":[9362],"product_tag":[9400,9926,9934],"acf":[],"yoast_head":"<!-- This site is optimized with the Yoast SEO plugin v23.5 - https:\/\/yoast.com\/wordpress\/plugins\/seo\/ -->\n<title>Azurefilm PLA Refill Silk Rainbow Candy - 1.75mm - 1 kg - kv\u0113ldiegs - divkr\u0101su &#8226; BBT<\/title>\n<meta name=\"robots\" content=\"index, follow, max-snippet:-1, max-image-preview:large, max-video-preview:-1\" \/>\n<link rel=\"canonical\" href=\"https:\/\/www.bbt.lv\/en\/produktu-katalogs\/3d-printers\/3d-printeru-izejmateriali-en\/3d-drukas-materials-azurefilm-pla-refill-silk-rainbow-candy-1-75mm-1-kg-kveldiegs-divkrasu\/\" \/>\n<meta property=\"og:locale\" content=\"en_US\" \/>\n<meta property=\"og:type\" content=\"article\" \/>\n<meta property=\"og:title\" content=\"Azurefilm PLA Refill Silk Rainbow Candy - 1.75mm - 1 kg - kv\u0113ldiegs - divkr\u0101su &#8226; BBT\" \/>\n<meta property=\"og:description\" content=\"SILK - 1 kg - 1.75 mm - refill - Ra\u017eots Eirop\u0101\" \/>\n<meta property=\"og:url\" content=\"https:\/\/www.bbt.lv\/en\/produktu-katalogs\/3d-printers\/3d-printeru-izejmateriali-en\/3d-drukas-materials-azurefilm-pla-refill-silk-rainbow-candy-1-75mm-1-kg-kveldiegs-divkrasu\/\" \/>\n<meta property=\"og:site_name\" content=\"BBT\" \/>\n<meta property=\"article:publisher\" content=\"https:\/\/www.facebook.com\/lvbbt\/\" \/>\n<meta property=\"article:modified_time\" content=\"2026-04-04T05:24:28+00:00\" \/>\n<meta property=\"og:image\" content=\"https:\/\/www.bbt.lv\/wp-content\/uploads\/Store\/3Dmateriali\/Refill\/SILK\/Azure-PLA-Refill-Rainbow-Candy\/3d-printing-high-quality-filament-refill-pla-silk-rainbow-candy.jpg\" \/>\n\t<meta property=\"og:image:width\" content=\"1200\" \/>\n\t<meta property=\"og:image:height\" content=\"1200\" \/>\n\t<meta property=\"og:image:type\" content=\"image\/jpeg\" \/>\n<meta name=\"twitter:card\" content=\"summary_large_image\" \/>\n<meta name=\"twitter:label1\" content=\"Est. reading time\" \/>\n\t<meta name=\"twitter:data1\" content=\"1 minute\" \/>\n<script type=\"application\/ld+json\" class=\"yoast-schema-graph\">{\"@context\":\"https:\/\/schema.org\",\"@graph\":[{\"@type\":\"WebPage\",\"@id\":\"https:\/\/www.bbt.lv\/en\/produktu-katalogs\/3d-printers\/3d-printeru-izejmateriali-en\/3d-drukas-materials-azurefilm-pla-refill-silk-rainbow-candy-1-75mm-1-kg-kveldiegs-divkrasu\/\",\"url\":\"https:\/\/www.bbt.lv\/en\/produktu-katalogs\/3d-printers\/3d-printeru-izejmateriali-en\/3d-drukas-materials-azurefilm-pla-refill-silk-rainbow-candy-1-75mm-1-kg-kveldiegs-divkrasu\/\",\"name\":\"Azurefilm PLA Refill Silk Rainbow Candy - 1.75mm - 1 kg - kv\u0113ldiegs - divkr\u0101su &#8226; BBT\",\"isPartOf\":{\"@id\":\"https:\/\/www.bbt.lv\/en\/#website\"},\"primaryImageOfPage\":{\"@id\":\"https:\/\/www.bbt.lv\/en\/produktu-katalogs\/3d-printers\/3d-printeru-izejmateriali-en\/3d-drukas-materials-azurefilm-pla-refill-silk-rainbow-candy-1-75mm-1-kg-kveldiegs-divkrasu\/#primaryimage\"},\"image\":{\"@id\":\"https:\/\/www.bbt.lv\/en\/produktu-katalogs\/3d-printers\/3d-printeru-izejmateriali-en\/3d-drukas-materials-azurefilm-pla-refill-silk-rainbow-candy-1-75mm-1-kg-kveldiegs-divkrasu\/#primaryimage\"},\"thumbnailUrl\":\"https:\/\/www.bbt.lv\/wp-content\/uploads\/Store\/3Dmateriali\/Refill\/SILK\/Azure-PLA-Refill-Rainbow-Candy\/3d-printing-high-quality-filament-refill-pla-silk-rainbow-candy.jpg\",\"datePublished\":\"2026-02-11T18:30:28+00:00\",\"dateModified\":\"2026-04-04T05:24:28+00:00\",\"breadcrumb\":{\"@id\":\"https:\/\/www.bbt.lv\/en\/produktu-katalogs\/3d-printers\/3d-printeru-izejmateriali-en\/3d-drukas-materials-azurefilm-pla-refill-silk-rainbow-candy-1-75mm-1-kg-kveldiegs-divkrasu\/#breadcrumb\"},\"inLanguage\":\"en-US\",\"potentialAction\":[{\"@type\":\"ReadAction\",\"target\":[\"https:\/\/www.bbt.lv\/en\/produktu-katalogs\/3d-printers\/3d-printeru-izejmateriali-en\/3d-drukas-materials-azurefilm-pla-refill-silk-rainbow-candy-1-75mm-1-kg-kveldiegs-divkrasu\/\"]}]},{\"@type\":\"ImageObject\",\"inLanguage\":\"en-US\",\"@id\":\"https:\/\/www.bbt.lv\/en\/produktu-katalogs\/3d-printers\/3d-printeru-izejmateriali-en\/3d-drukas-materials-azurefilm-pla-refill-silk-rainbow-candy-1-75mm-1-kg-kveldiegs-divkrasu\/#primaryimage\",\"url\":\"https:\/\/www.bbt.lv\/wp-content\/uploads\/Store\/3Dmateriali\/Refill\/SILK\/Azure-PLA-Refill-Rainbow-Candy\/3d-printing-high-quality-filament-refill-pla-silk-rainbow-candy.jpg\",\"contentUrl\":\"https:\/\/www.bbt.lv\/wp-content\/uploads\/Store\/3Dmateriali\/Refill\/SILK\/Azure-PLA-Refill-Rainbow-Candy\/3d-printing-high-quality-filament-refill-pla-silk-rainbow-candy.jpg\",\"width\":1200,\"height\":1200},{\"@type\":\"BreadcrumbList\",\"@id\":\"https:\/\/www.bbt.lv\/en\/produktu-katalogs\/3d-printers\/3d-printeru-izejmateriali-en\/3d-drukas-materials-azurefilm-pla-refill-silk-rainbow-candy-1-75mm-1-kg-kveldiegs-divkrasu\/#breadcrumb\",\"itemListElement\":[{\"@type\":\"ListItem\",\"position\":1,\"name\":\"Home\",\"item\":\"https:\/\/www.bbt.lv\/en\/\"},{\"@type\":\"ListItem\",\"position\":2,\"name\":\"Catalogue\",\"item\":\"https:\/\/www.bbt.lv\/en\/catalogue\/\"},{\"@type\":\"ListItem\",\"position\":3,\"name\":\"Azurefilm PLA Refill Silk Rainbow Candy &#8211; 1.75mm &#8211; 1 kg &#8211; kv\u0113ldiegs &#8211; divkr\u0101su\"}]},{\"@type\":\"WebSite\",\"@id\":\"https:\/\/www.bbt.lv\/en\/#website\",\"url\":\"https:\/\/www.bbt.lv\/en\/\",\"name\":\"BBT\",\"description\":\"Baltijas Biroju tehnolo\u0123ijas\",\"publisher\":{\"@id\":\"https:\/\/www.bbt.lv\/en\/#organization\"},\"alternateName\":\"bbt.lv\",\"potentialAction\":[{\"@type\":\"SearchAction\",\"target\":{\"@type\":\"EntryPoint\",\"urlTemplate\":\"https:\/\/www.bbt.lv\/en\/?s={search_term_string}\"},\"query-input\":{\"@type\":\"PropertyValueSpecification\",\"valueRequired\":true,\"valueName\":\"search_term_string\"}}],\"inLanguage\":\"en-US\"},{\"@type\":\"Organization\",\"@id\":\"https:\/\/www.bbt.lv\/en\/#organization\",\"name\":\"Baltijas Biroju Tehnolo\u0123ijas\",\"url\":\"https:\/\/www.bbt.lv\/en\/\",\"logo\":{\"@type\":\"ImageObject\",\"inLanguage\":\"en-US\",\"@id\":\"https:\/\/www.bbt.lv\/en\/#\/schema\/logo\/image\/\",\"url\":\"https:\/\/www.bbt.lv\/wp-content\/uploads\/2019\/03\/BBT-logo-full-rgb.png\",\"contentUrl\":\"https:\/\/www.bbt.lv\/wp-content\/uploads\/2019\/03\/BBT-logo-full-rgb.png\",\"width\":802,\"height\":205,\"caption\":\"Baltijas Biroju Tehnolo\u0123ijas\"},\"image\":{\"@id\":\"https:\/\/www.bbt.lv\/en\/#\/schema\/logo\/image\/\"},\"sameAs\":[\"https:\/\/www.facebook.com\/lvbbt\/\",\"https:\/\/www.instagram.com\/bbt_lv\/\",\"https:\/\/www.linkedin.com\/company\/baltijas-biroju-tehnologijas-sia-bbt-\/\",\"https:\/\/www.youtube.com\/channel\/UCwNElYO6MpFUzK-v8ZSf4nw\"]}]}<\/script>\n<!-- \/ Yoast SEO plugin. -->","yoast_head_json":{"title":"Azurefilm PLA Refill Silk Rainbow Candy - 1.75mm - 1 kg - kv\u0113ldiegs - divkr\u0101su &#8226; BBT","robots":{"index":"index","follow":"follow","max-snippet":"max-snippet:-1","max-image-preview":"max-image-preview:large","max-video-preview":"max-video-preview:-1"},"canonical":"https:\/\/www.bbt.lv\/en\/produktu-katalogs\/3d-printers\/3d-printeru-izejmateriali-en\/3d-drukas-materials-azurefilm-pla-refill-silk-rainbow-candy-1-75mm-1-kg-kveldiegs-divkrasu\/","og_locale":"en_US","og_type":"article","og_title":"Azurefilm PLA Refill Silk Rainbow Candy - 1.75mm - 1 kg - kv\u0113ldiegs - divkr\u0101su &#8226; BBT","og_description":"SILK - 1 kg - 1.75 mm - refill - Ra\u017eots Eirop\u0101","og_url":"https:\/\/www.bbt.lv\/en\/produktu-katalogs\/3d-printers\/3d-printeru-izejmateriali-en\/3d-drukas-materials-azurefilm-pla-refill-silk-rainbow-candy-1-75mm-1-kg-kveldiegs-divkrasu\/","og_site_name":"BBT","article_publisher":"https:\/\/www.facebook.com\/lvbbt\/","article_modified_time":"2026-04-04T05:24:28+00:00","og_image":[{"width":1200,"height":1200,"url":"https:\/\/www.bbt.lv\/wp-content\/uploads\/Store\/3Dmateriali\/Refill\/SILK\/Azure-PLA-Refill-Rainbow-Candy\/3d-printing-high-quality-filament-refill-pla-silk-rainbow-candy.jpg","type":"image\/jpeg"}],"twitter_card":"summary_large_image","twitter_misc":{"Est. reading time":"1 minute"},"schema":{"@context":"https:\/\/schema.org","@graph":[{"@type":"WebPage","@id":"https:\/\/www.bbt.lv\/en\/produktu-katalogs\/3d-printers\/3d-printeru-izejmateriali-en\/3d-drukas-materials-azurefilm-pla-refill-silk-rainbow-candy-1-75mm-1-kg-kveldiegs-divkrasu\/","url":"https:\/\/www.bbt.lv\/en\/produktu-katalogs\/3d-printers\/3d-printeru-izejmateriali-en\/3d-drukas-materials-azurefilm-pla-refill-silk-rainbow-candy-1-75mm-1-kg-kveldiegs-divkrasu\/","name":"Azurefilm PLA Refill Silk Rainbow Candy - 1.75mm - 1 kg - kv\u0113ldiegs - divkr\u0101su &#8226; BBT","isPartOf":{"@id":"https:\/\/www.bbt.lv\/en\/#website"},"primaryImageOfPage":{"@id":"https:\/\/www.bbt.lv\/en\/produktu-katalogs\/3d-printers\/3d-printeru-izejmateriali-en\/3d-drukas-materials-azurefilm-pla-refill-silk-rainbow-candy-1-75mm-1-kg-kveldiegs-divkrasu\/#primaryimage"},"image":{"@id":"https:\/\/www.bbt.lv\/en\/produktu-katalogs\/3d-printers\/3d-printeru-izejmateriali-en\/3d-drukas-materials-azurefilm-pla-refill-silk-rainbow-candy-1-75mm-1-kg-kveldiegs-divkrasu\/#primaryimage"},"thumbnailUrl":"https:\/\/www.bbt.lv\/wp-content\/uploads\/Store\/3Dmateriali\/Refill\/SILK\/Azure-PLA-Refill-Rainbow-Candy\/3d-printing-high-quality-filament-refill-pla-silk-rainbow-candy.jpg","datePublished":"2026-02-11T18:30:28+00:00","dateModified":"2026-04-04T05:24:28+00:00","breadcrumb":{"@id":"https:\/\/www.bbt.lv\/en\/produktu-katalogs\/3d-printers\/3d-printeru-izejmateriali-en\/3d-drukas-materials-azurefilm-pla-refill-silk-rainbow-candy-1-75mm-1-kg-kveldiegs-divkrasu\/#breadcrumb"},"inLanguage":"en-US","potentialAction":[{"@type":"ReadAction","target":["https:\/\/www.bbt.lv\/en\/produktu-katalogs\/3d-printers\/3d-printeru-izejmateriali-en\/3d-drukas-materials-azurefilm-pla-refill-silk-rainbow-candy-1-75mm-1-kg-kveldiegs-divkrasu\/"]}]},{"@type":"ImageObject","inLanguage":"en-US","@id":"https:\/\/www.bbt.lv\/en\/produktu-katalogs\/3d-printers\/3d-printeru-izejmateriali-en\/3d-drukas-materials-azurefilm-pla-refill-silk-rainbow-candy-1-75mm-1-kg-kveldiegs-divkrasu\/#primaryimage","url":"https:\/\/www.bbt.lv\/wp-content\/uploads\/Store\/3Dmateriali\/Refill\/SILK\/Azure-PLA-Refill-Rainbow-Candy\/3d-printing-high-quality-filament-refill-pla-silk-rainbow-candy.jpg","contentUrl":"https:\/\/www.bbt.lv\/wp-content\/uploads\/Store\/3Dmateriali\/Refill\/SILK\/Azure-PLA-Refill-Rainbow-Candy\/3d-printing-high-quality-filament-refill-pla-silk-rainbow-candy.jpg","width":1200,"height":1200},{"@type":"BreadcrumbList","@id":"https:\/\/www.bbt.lv\/en\/produktu-katalogs\/3d-printers\/3d-printeru-izejmateriali-en\/3d-drukas-materials-azurefilm-pla-refill-silk-rainbow-candy-1-75mm-1-kg-kveldiegs-divkrasu\/#breadcrumb","itemListElement":[{"@type":"ListItem","position":1,"name":"Home","item":"https:\/\/www.bbt.lv\/en\/"},{"@type":"ListItem","position":2,"name":"Catalogue","item":"https:\/\/www.bbt.lv\/en\/catalogue\/"},{"@type":"ListItem","position":3,"name":"Azurefilm PLA Refill Silk Rainbow Candy &#8211; 1.75mm &#8211; 1 kg &#8211; kv\u0113ldiegs &#8211; divkr\u0101su"}]},{"@type":"WebSite","@id":"https:\/\/www.bbt.lv\/en\/#website","url":"https:\/\/www.bbt.lv\/en\/","name":"BBT","description":"Baltijas Biroju tehnolo\u0123ijas","publisher":{"@id":"https:\/\/www.bbt.lv\/en\/#organization"},"alternateName":"bbt.lv","potentialAction":[{"@type":"SearchAction","target":{"@type":"EntryPoint","urlTemplate":"https:\/\/www.bbt.lv\/en\/?s={search_term_string}"},"query-input":{"@type":"PropertyValueSpecification","valueRequired":true,"valueName":"search_term_string"}}],"inLanguage":"en-US"},{"@type":"Organization","@id":"https:\/\/www.bbt.lv\/en\/#organization","name":"Baltijas Biroju Tehnolo\u0123ijas","url":"https:\/\/www.bbt.lv\/en\/","logo":{"@type":"ImageObject","inLanguage":"en-US","@id":"https:\/\/www.bbt.lv\/en\/#\/schema\/logo\/image\/","url":"https:\/\/www.bbt.lv\/wp-content\/uploads\/2019\/03\/BBT-logo-full-rgb.png","contentUrl":"https:\/\/www.bbt.lv\/wp-content\/uploads\/2019\/03\/BBT-logo-full-rgb.png","width":802,"height":205,"caption":"Baltijas Biroju Tehnolo\u0123ijas"},"image":{"@id":"https:\/\/www.bbt.lv\/en\/#\/schema\/logo\/image\/"},"sameAs":["https:\/\/www.facebook.com\/lvbbt\/","https:\/\/www.instagram.com\/bbt_lv\/","https:\/\/www.linkedin.com\/company\/baltijas-biroju-tehnologijas-sia-bbt-\/","https:\/\/www.youtube.com\/channel\/UCwNElYO6MpFUzK-v8ZSf4nw"]}]}},"_links":{"self":[{"href":"https:\/\/www.bbt.lv\/en\/wp-json\/wp\/v2\/product\/48283"}],"collection":[{"href":"https:\/\/www.bbt.lv\/en\/wp-json\/wp\/v2\/product"}],"about":[{"href":"https:\/\/www.bbt.lv\/en\/wp-json\/wp\/v2\/types\/product"}],"wp:featuredmedia":[{"embeddable":true,"href":"https:\/\/www.bbt.lv\/en\/wp-json\/wp\/v2\/media\/48264"}],"wp:attachment":[{"href":"https:\/\/www.bbt.lv\/en\/wp-json\/wp\/v2\/media?parent=48283"}],"wp:term":[{"taxonomy":"product_cat","embeddable":true,"href":"https:\/\/www.bbt.lv\/en\/wp-json\/wp\/v2\/product_cat?post=48283"},{"taxonomy":"product_tag","embeddable":true,"href":"https:\/\/www.bbt.lv\/en\/wp-json\/wp\/v2\/product_tag?post=48283"}],"curies":[{"name":"wp","href":"https:\/\/api.w.org\/{rel}","templated":true}]}}